{"id":103,"date":"2022-07-20T15:02:47","date_gmt":"2022-07-20T13:02:47","guid":{"rendered":"http:\/\/127.0.0.1\/wordpress\/?page_id=103"},"modified":"2022-09-16T07:47:56","modified_gmt":"2022-09-16T07:47:56","slug":"strona-glowna","status":"publish","type":"page","link":"http:\/\/new.szpitalplonsk.pl\/","title":{"rendered":"Strona g\u0142\u00f3wna"},"content":{"rendered":"\n<figure class=\"wp-block-image size-large\"><img loading=\"lazy\" decoding=\"async\" width=\"1024\" height=\"298\" src=\"http:\/\/new.szpitalplonsk.pl\/wp-content\/uploads\/2022\/09\/img-slider-01n-1024x298.jpg\" alt=\"\" class=\"wp-image-767\" srcset=\"http:\/\/new.szpitalplonsk.pl\/wp-content\/uploads\/2022\/09\/img-slider-01n-1024x298.jpg 1024w, http:\/\/new.szpitalplonsk.pl\/wp-content\/uploads\/2022\/09\/img-slider-01n-300x87.jpg 300w, http:\/\/new.szpitalplonsk.pl\/wp-content\/uploads\/2022\/09\/img-slider-01n-768x224.jpg 768w, http:\/\/new.szpitalplonsk.pl\/wp-content\/uploads\/2022\/09\/img-slider-01n-1536x447.jpg 1536w, http:\/\/new.szpitalplonsk.pl\/wp-content\/uploads\/2022\/09\/img-slider-01n.jpg 1920w\" sizes=\"auto, (max-width: 1024px) 100vw, 1024px\" \/><\/figure>\n\n\n\n<p class=\"has-text-align-center has-vivid-cyan-blue-color has-text-color has-large-font-size\"><strong>O nas<\/strong><\/p>\n\n\n\n<div class=\"wp-block-columns is-layout-flex wp-container-core-columns-is-layout-9d6595d7 wp-block-columns-is-layout-flex\">\n<div class=\"wp-block-column is-layout-flow wp-block-column-is-layout-flow\">\n<figure class=\"wp-block-image size-full\"><img loading=\"lazy\" decoding=\"async\" width=\"535\" height=\"325\" src=\"http:\/\/new.szpitalplonsk.pl\/wp-content\/uploads\/2022\/09\/img-onas.jpg\" alt=\"\" class=\"wp-image-771\" srcset=\"http:\/\/new.szpitalplonsk.pl\/wp-content\/uploads\/2022\/09\/img-onas.jpg 535w, http:\/\/new.szpitalplonsk.pl\/wp-content\/uploads\/2022\/09\/img-onas-300x182.jpg 300w\" sizes=\"auto, (max-width: 535px) 100vw, 535px\" \/><\/figure>\n<\/div>\n\n\n\n<div class=\"wp-block-column is-layout-flow wp-block-column-is-layout-flow\">\n<p class=\"has-white-background-color has-background\" style=\"font-size:14px\">Serdecznie witam w internetowym serwisie Samodzielnego Publicznego Zespo\u0142u Zak\u0142ad\u00f3w Opieki Zdrowotnej im. Marsza\u0142ka J\u00f3zefa Pi\u0142sudskiego w P\u0142o\u0144sku. Na naszych stronach przedstawiamy Pa\u0144stwu struktur\u0119 organizacyjn\u0105 oraz mo\u017cliwo\u015bci diagnostyczne i lecznicze. SPZZOZ im. Marsza\u0142ka J\u00f3zefa Pi\u0142sudskiego w P\u0142o\u0144sku \u015bwiadczy us\u0142ugi zdrowotne s\u0142u\u017c\u0105ce zachowaniu, ratowaniu, przywracaniu i poprawie zdrowia; zapobieganiu powstawaniu uraz\u00f3w i chor\u00f3b poprzez dzia\u0142ania profilaktyczne; terapii; zapobieganiu niesprawno\u015bci i jej ograniczeniu; obj\u0119ciu opiek\u0105 os\u00f3b nie wymagaj\u0105cych hospitalizacji, kt\u00f3re ze wzgl\u0119du na z\u0142y stan zdrowia i trudn\u0105 sytuacj\u0119 rodzinn\u0105 nie mog\u0105 przebywa\u0107 w swoim \u015brodowisku domowym. Zapewniamy wysoki poziom \u015bwiadczonych przez nas us\u0142ug dzi\u0119ki wykwalifikowanej, do\u015bwiadczonej i \u017cyczliwej kadrze medycznej.<\/p>\n\n\n\n<p style=\"font-size:15px\"><\/p>\n<\/div>\n<\/div>\n\n\n\n<div class=\"wp-block-columns is-layout-flex wp-container-core-columns-is-layout-9d6595d7 wp-block-columns-is-layout-flex\">\n<div class=\"wp-block-column is-layout-flow wp-block-column-is-layout-flow\">\n<figure class=\"wp-block-image size-full\"><a href=\"http:\/\/new.szpitalplonsk.pl\/index.php\/uslugi-szpitalne\/uslugi-komercyjne\/\"><img loading=\"lazy\" decoding=\"async\" width=\"593\" height=\"299\" src=\"http:\/\/new.szpitalplonsk.pl\/wp-content\/uploads\/2022\/09\/Screenshot-2022-09-08-at-09-59-04-SPZ-ZOZ-Plonsk.png\" alt=\"\" class=\"wp-image-773\" srcset=\"http:\/\/new.szpitalplonsk.pl\/wp-content\/uploads\/2022\/09\/Screenshot-2022-09-08-at-09-59-04-SPZ-ZOZ-Plonsk.png 593w, http:\/\/new.szpitalplonsk.pl\/wp-content\/uploads\/2022\/09\/Screenshot-2022-09-08-at-09-59-04-SPZ-ZOZ-Plonsk-300x151.png 300w\" sizes=\"auto, (max-width: 593px) 100vw, 593px\" \/><\/a><\/figure>\n<\/div>\n\n\n\n<div class=\"wp-block-column is-layout-flow wp-block-column-is-layout-flow\">\n<figure class=\"wp-block-image size-full\"><a href=\"http:\/\/new.szpitalplonsk.pl\/index.php\/uslugi-szpitalne\/nfz\/\"><img loading=\"lazy\" decoding=\"async\" width=\"593\" height=\"299\" src=\"http:\/\/new.szpitalplonsk.pl\/wp-content\/uploads\/2022\/09\/Screenshot-2022-09-08-at-09-59-35-SPZ-ZOZ-Plonsk.png\" alt=\"\" class=\"wp-image-775\" srcset=\"http:\/\/new.szpitalplonsk.pl\/wp-content\/uploads\/2022\/09\/Screenshot-2022-09-08-at-09-59-35-SPZ-ZOZ-Plonsk.png 593w, http:\/\/new.szpitalplonsk.pl\/wp-content\/uploads\/2022\/09\/Screenshot-2022-09-08-at-09-59-35-SPZ-ZOZ-Plonsk-300x151.png 300w\" sizes=\"auto, (max-width: 593px) 100vw, 593px\" \/><\/a><\/figure>\n<\/div>\n<\/div>\n\n\n\n<p class=\"has-text-align-center has-vivid-cyan-blue-color has-text-color has-large-font-size\"><strong>Us\u0142ugi Szpitalne<\/strong><\/p>\n\n\n\n<div class=\"wp-block-columns is-layout-flex wp-container-core-columns-is-layout-9d6595d7 wp-block-columns-is-layout-flex\">\n<div class=\"wp-block-column is-vertically-aligned-top is-layout-flow wp-block-column-is-layout-flow\">\n<figure class=\"wp-block-image size-full\"><a href=\"http:\/\/new.szpitalplonsk.pl\/index.php\/uslugi-szpitalne\/szpitalny-oddzial-ratunkowy\/\"><img loading=\"lazy\" decoding=\"async\" width=\"300\" height=\"300\" src=\"http:\/\/new.szpitalplonsk.pl\/wp-content\/uploads\/2022\/09\/Screenshot-2022-09-08-at-10-01-12-SPZ-ZOZ-Plonsk.png\" alt=\"\" class=\"wp-image-777\" srcset=\"http:\/\/new.szpitalplonsk.pl\/wp-content\/uploads\/2022\/09\/Screenshot-2022-09-08-at-10-01-12-SPZ-ZOZ-Plonsk.png 300w, http:\/\/new.szpitalplonsk.pl\/wp-content\/uploads\/2022\/09\/Screenshot-2022-09-08-at-10-01-12-SPZ-ZOZ-Plonsk-150x150.png 150w, http:\/\/new.szpitalplonsk.pl\/wp-content\/uploads\/2022\/09\/Screenshot-2022-09-08-at-10-01-12-SPZ-ZOZ-Plonsk-100x100.png 100w\" sizes=\"auto, (max-width: 300px) 100vw, 300px\" \/><\/a><\/figure>\n<\/div>\n\n\n\n<div class=\"wp-block-column is-layout-flow wp-block-column-is-layout-flow\">\n<figure class=\"wp-block-image size-full\"><a href=\"http:\/\/new.szpitalplonsk.pl\/index.php\/uslugi-szpitalne\/oddzialy\/\"><img loading=\"lazy\" decoding=\"async\" width=\"300\" height=\"300\" src=\"http:\/\/new.szpitalplonsk.pl\/wp-content\/uploads\/2022\/09\/Screenshot-2022-09-08-at-10-01-51-SPZ-ZOZ-Plonsk.png\" alt=\"\" class=\"wp-image-778\" srcset=\"http:\/\/new.szpitalplonsk.pl\/wp-content\/uploads\/2022\/09\/Screenshot-2022-09-08-at-10-01-51-SPZ-ZOZ-Plonsk.png 300w, http:\/\/new.szpitalplonsk.pl\/wp-content\/uploads\/2022\/09\/Screenshot-2022-09-08-at-10-01-51-SPZ-ZOZ-Plonsk-150x150.png 150w, http:\/\/new.szpitalplonsk.pl\/wp-content\/uploads\/2022\/09\/Screenshot-2022-09-08-at-10-01-51-SPZ-ZOZ-Plonsk-100x100.png 100w\" sizes=\"auto, (max-width: 300px) 100vw, 300px\" \/><\/a><\/figure>\n<\/div>\n\n\n\n<div class=\"wp-block-column is-layout-flow wp-block-column-is-layout-flow\">\n<figure class=\"wp-block-image size-full\"><a href=\"http:\/\/new.szpitalplonsk.pl\/index.php\/uslugi-szpitalne\/poradnie\/\"><img loading=\"lazy\" decoding=\"async\" width=\"300\" height=\"300\" src=\"http:\/\/new.szpitalplonsk.pl\/wp-content\/uploads\/2022\/09\/Screenshot-2022-09-08-at-10-02-13-SPZ-ZOZ-Plonsk.png\" alt=\"\" class=\"wp-image-779\" srcset=\"http:\/\/new.szpitalplonsk.pl\/wp-content\/uploads\/2022\/09\/Screenshot-2022-09-08-at-10-02-13-SPZ-ZOZ-Plonsk.png 300w, http:\/\/new.szpitalplonsk.pl\/wp-content\/uploads\/2022\/09\/Screenshot-2022-09-08-at-10-02-13-SPZ-ZOZ-Plonsk-150x150.png 150w, http:\/\/new.szpitalplonsk.pl\/wp-content\/uploads\/2022\/09\/Screenshot-2022-09-08-at-10-02-13-SPZ-ZOZ-Plonsk-100x100.png 100w\" sizes=\"auto, (max-width: 300px) 100vw, 300px\" \/><\/a><\/figure>\n<\/div>\n<\/div>\n\n\n\n<div class=\"wp-block-columns is-layout-flex wp-container-core-columns-is-layout-9d6595d7 wp-block-columns-is-layout-flex\">\n<div class=\"wp-block-column is-layout-flow wp-block-column-is-layout-flow\">\n<figure class=\"wp-block-image size-full\"><a href=\"http:\/\/new.szpitalplonsk.pl\/index.php\/uslugi-szpitalne\/pracownie-diagnostyczne\/\"><img loading=\"lazy\" decoding=\"async\" width=\"300\" height=\"300\" src=\"http:\/\/new.szpitalplonsk.pl\/wp-content\/uploads\/2022\/09\/Screenshot-2022-09-13-at-09-32-37-SPZ-ZOZ-Plonsk.png\" alt=\"\" class=\"wp-image-895\" srcset=\"http:\/\/new.szpitalplonsk.pl\/wp-content\/uploads\/2022\/09\/Screenshot-2022-09-13-at-09-32-37-SPZ-ZOZ-Plonsk.png 300w, http:\/\/new.szpitalplonsk.pl\/wp-content\/uploads\/2022\/09\/Screenshot-2022-09-13-at-09-32-37-SPZ-ZOZ-Plonsk-150x150.png 150w, http:\/\/new.szpitalplonsk.pl\/wp-content\/uploads\/2022\/09\/Screenshot-2022-09-13-at-09-32-37-SPZ-ZOZ-Plonsk-100x100.png 100w\" sizes=\"auto, (max-width: 300px) 100vw, 300px\" \/><\/a><\/figure>\n<\/div>\n\n\n\n<div class=\"wp-block-column is-layout-flow wp-block-column-is-layout-flow\">\n<figure class=\"wp-block-image size-full\"><a href=\"http:\/\/new.szpitalplonsk.pl\/index.php\/uslugi-szpitalne\/medyczne-laboratorium-diagnostyczne\/\"><img loading=\"lazy\" decoding=\"async\" width=\"300\" height=\"300\" src=\"http:\/\/new.szpitalplonsk.pl\/wp-content\/uploads\/2022\/09\/Screenshot-2022-09-13-at-10-04-40-SPZ-ZOZ-Plonsk.png\" alt=\"\" class=\"wp-image-917\" srcset=\"http:\/\/new.szpitalplonsk.pl\/wp-content\/uploads\/2022\/09\/Screenshot-2022-09-13-at-10-04-40-SPZ-ZOZ-Plonsk.png 300w, http:\/\/new.szpitalplonsk.pl\/wp-content\/uploads\/2022\/09\/Screenshot-2022-09-13-at-10-04-40-SPZ-ZOZ-Plonsk-150x150.png 150w, http:\/\/new.szpitalplonsk.pl\/wp-content\/uploads\/2022\/09\/Screenshot-2022-09-13-at-10-04-40-SPZ-ZOZ-Plonsk-100x100.png 100w\" sizes=\"auto, (max-width: 300px) 100vw, 300px\" \/><\/a><\/figure>\n<\/div>\n\n\n\n<div class=\"wp-block-column is-layout-flow wp-block-column-is-layout-flow\">\n<figure class=\"wp-block-image size-full\"><a href=\"http:\/\/new.szpitalplonsk.pl\/index.php\/uslugi-szpitalne\/zaklad-diagnostyki-obrazowej\/\"><img loading=\"lazy\" decoding=\"async\" width=\"300\" height=\"300\" src=\"http:\/\/new.szpitalplonsk.pl\/wp-content\/uploads\/2022\/09\/Screenshot-2022-09-13-at-10-36-36-SPZ-ZOZ-Plonsk.png\" alt=\"\" class=\"wp-image-922\" srcset=\"http:\/\/new.szpitalplonsk.pl\/wp-content\/uploads\/2022\/09\/Screenshot-2022-09-13-at-10-36-36-SPZ-ZOZ-Plonsk.png 300w, http:\/\/new.szpitalplonsk.pl\/wp-content\/uploads\/2022\/09\/Screenshot-2022-09-13-at-10-36-36-SPZ-ZOZ-Plonsk-150x150.png 150w, http:\/\/new.szpitalplonsk.pl\/wp-content\/uploads\/2022\/09\/Screenshot-2022-09-13-at-10-36-36-SPZ-ZOZ-Plonsk-100x100.png 100w\" sizes=\"auto, (max-width: 300px) 100vw, 300px\" \/><\/a><\/figure>\n<\/div>\n<\/div>\n\n\n\n<div class=\"wp-block-columns is-layout-flex wp-container-core-columns-is-layout-9d6595d7 wp-block-columns-is-layout-flex\">\n<div class=\"wp-block-column is-layout-flow wp-block-column-is-layout-flow\">\n<figure class=\"wp-block-image size-full\"><a href=\"http:\/\/new.szpitalplonsk.pl\/index.php\/uslugi-szpitalne\/zaklad-opiekunczo-leczniczy\/\"><img loading=\"lazy\" decoding=\"async\" width=\"300\" height=\"300\" src=\"http:\/\/new.szpitalplonsk.pl\/wp-content\/uploads\/2022\/09\/Screenshot-2022-09-13-at-10-38-54-SPZ-ZOZ-Plonsk.png\" alt=\"\" class=\"wp-image-926\" srcset=\"http:\/\/new.szpitalplonsk.pl\/wp-content\/uploads\/2022\/09\/Screenshot-2022-09-13-at-10-38-54-SPZ-ZOZ-Plonsk.png 300w, http:\/\/new.szpitalplonsk.pl\/wp-content\/uploads\/2022\/09\/Screenshot-2022-09-13-at-10-38-54-SPZ-ZOZ-Plonsk-150x150.png 150w, http:\/\/new.szpitalplonsk.pl\/wp-content\/uploads\/2022\/09\/Screenshot-2022-09-13-at-10-38-54-SPZ-ZOZ-Plonsk-100x100.png 100w\" sizes=\"auto, (max-width: 300px) 100vw, 300px\" \/><\/a><\/figure>\n<\/div>\n\n\n\n<div class=\"wp-block-column is-layout-flow wp-block-column-is-layout-flow\">\n<figure class=\"wp-block-image size-full\"><a href=\"http:\/\/new.szpitalplonsk.pl\/index.php\/uslugi-szpitalne\/dzial-pomocy-doraznej\/\"><img loading=\"lazy\" decoding=\"async\" width=\"300\" height=\"300\" src=\"http:\/\/new.szpitalplonsk.pl\/wp-content\/uploads\/2022\/09\/Screenshot-2022-09-13-at-10-41-35-SPZ-ZOZ-Plonsk.png\" alt=\"\" class=\"wp-image-934\" srcset=\"http:\/\/new.szpitalplonsk.pl\/wp-content\/uploads\/2022\/09\/Screenshot-2022-09-13-at-10-41-35-SPZ-ZOZ-Plonsk.png 300w, http:\/\/new.szpitalplonsk.pl\/wp-content\/uploads\/2022\/09\/Screenshot-2022-09-13-at-10-41-35-SPZ-ZOZ-Plonsk-150x150.png 150w, http:\/\/new.szpitalplonsk.pl\/wp-content\/uploads\/2022\/09\/Screenshot-2022-09-13-at-10-41-35-SPZ-ZOZ-Plonsk-100x100.png 100w\" sizes=\"auto, (max-width: 300px) 100vw, 300px\" \/><\/a><\/figure>\n<\/div>\n\n\n\n<div class=\"wp-block-column is-layout-flow wp-block-column-is-layout-flow\"><\/div>\n<\/div>\n\n\n\n<p class=\"has-text-align-center has-vivid-cyan-blue-color has-text-color has-large-font-size\"><strong>Projekty i Certyfikaty<\/strong><\/p>\n\n\n\n<div class=\"wp-block-columns is-layout-flex wp-container-core-columns-is-layout-9d6595d7 wp-block-columns-is-layout-flex\">\n<div class=\"wp-block-column is-layout-flow wp-block-column-is-layout-flow\"><div class=\"wp-block-image\">\n<figure class=\"aligncenter size-full is-resized\"><a href=\"http:\/\/new.szpitalplonsk.pl\/index.php\/o-nas\/iso-90019015\/\"><img loading=\"lazy\" decoding=\"async\" src=\"http:\/\/new.szpitalplonsk.pl\/wp-content\/uploads\/2022\/09\/Screenshot-2022-09-13-at-10-45-53-SPZ-ZOZ-Plonsk.png\" alt=\"\" class=\"wp-image-939\" width=\"350\" height=\"150\"\/><\/a><figcaption><strong><a href=\"http:\/\/new.szpitalplonsk.pl\/index.php\/o-nas\/iso-90019015\/\" data-type=\"URL\" data-id=\"http:\/\/new.szpitalplonsk.pl\/index.php\/o-nas\/iso-90019015\/\">ISO 9001:9015<\/a><\/strong><\/figcaption><\/figure>\n<\/div><\/div>\n\n\n\n<div class=\"wp-block-column is-layout-flow wp-block-column-is-layout-flow\"><div class=\"wp-block-image\">\n<figure class=\"aligncenter size-full is-resized\"><a href=\"http:\/\/new.szpitalplonsk.pl\/index.php\/bip\/\"><img loading=\"lazy\" decoding=\"async\" src=\"http:\/\/new.szpitalplonsk.pl\/wp-content\/uploads\/2022\/09\/Screenshot-2022-09-13-at-10-47-27-SPZ-ZOZ-Plonsk.png\" alt=\"\" class=\"wp-image-941\" width=\"110\" height=\"150\"\/><\/a><figcaption><strong><a href=\"http:\/\/new.szpitalplonsk.pl\/index.php\/bip\/\">Biuletyn informacji publicznej<\/a><\/strong><\/figcaption><\/figure>\n<\/div><\/div>\n<\/div>\n\n\n\n<div class=\"wp-block-columns is-layout-flex wp-container-core-columns-is-layout-9d6595d7 wp-block-columns-is-layout-flex\">\n<div class=\"wp-block-column is-layout-flow wp-block-column-is-layout-flow\"><div class=\"wp-block-image\">\n<figure class=\"aligncenter size-full\"><a href=\"http:\/\/new.szpitalplonsk.pl\/index.php\/projekt-covid\/\"><img loading=\"lazy\" decoding=\"async\" width=\"360\" height=\"184\" src=\"http:\/\/new.szpitalplonsk.pl\/wp-content\/uploads\/2022\/09\/Screenshot-2022-09-13-at-10-53-18-SPZ-ZOZ-Plonsk.png\" alt=\"\" class=\"wp-image-944\" srcset=\"http:\/\/new.szpitalplonsk.pl\/wp-content\/uploads\/2022\/09\/Screenshot-2022-09-13-at-10-53-18-SPZ-ZOZ-Plonsk.png 360w, http:\/\/new.szpitalplonsk.pl\/wp-content\/uploads\/2022\/09\/Screenshot-2022-09-13-at-10-53-18-SPZ-ZOZ-Plonsk-300x153.png 300w\" sizes=\"auto, (max-width: 360px) 100vw, 360px\" \/><\/a><figcaption><strong><a href=\"http:\/\/new.szpitalplonsk.pl\/index.php\/projekt-covid\/\" data-type=\"URL\" data-id=\"http:\/\/new.szpitalplonsk.pl\/index.php\/projekt-covid\/\">Projekt Covid<\/a><\/strong><\/figcaption><\/figure>\n<\/div><\/div>\n\n\n\n<div class=\"wp-block-column is-vertically-aligned-center is-layout-flow wp-block-column-is-layout-flow\"><div class=\"wp-block-image\">\n<figure class=\"aligncenter size-full is-resized\"><a href=\"http:\/\/new.szpitalplonsk.pl\/index.php\/zakup-ambulansu\/\"><img loading=\"lazy\" decoding=\"async\" src=\"http:\/\/new.szpitalplonsk.pl\/wp-content\/uploads\/2022\/09\/Screenshot-2022-09-13-at-10-54-03-SPZ-ZOZ-Plonsk.png\" alt=\"\" class=\"wp-image-946\" width=\"360\" height=\"35\" srcset=\"http:\/\/new.szpitalplonsk.pl\/wp-content\/uploads\/2022\/09\/Screenshot-2022-09-13-at-10-54-03-SPZ-ZOZ-Plonsk.png 360w, http:\/\/new.szpitalplonsk.pl\/wp-content\/uploads\/2022\/09\/Screenshot-2022-09-13-at-10-54-03-SPZ-ZOZ-Plonsk-300x29.png 300w\" sizes=\"auto, (max-width: 360px) 100vw, 360px\" \/><\/a><figcaption><strong><a href=\"http:\/\/new.szpitalplonsk.pl\/index.php\/zakup-ambulansu\/\" data-type=\"URL\" data-id=\"http:\/\/new.szpitalplonsk.pl\/index.php\/zakup-ambulansu\/\">Zakup Ambulansu<\/a><\/strong><\/figcaption><\/figure>\n<\/div><\/div>\n<\/div>\n\n\n\n<div class=\"wp-block-columns is-layout-flex wp-container-core-columns-is-layout-9d6595d7 wp-block-columns-is-layout-flex\">\n<div class=\"wp-block-column is-layout-flow wp-block-column-is-layout-flow\"><div class=\"wp-block-image\">\n<figure class=\"aligncenter size-full is-resized\"><a href=\"http:\/\/new.szpitalplonsk.pl\/index.php\/gleboka-modernizacja\/\"><img loading=\"lazy\" decoding=\"async\" src=\"http:\/\/new.szpitalplonsk.pl\/wp-content\/uploads\/2022\/09\/Screenshot-2022-09-13-at-10-54-03-SPZ-ZOZ-Plonsk.png\" alt=\"\" class=\"wp-image-946\" width=\"360\" height=\"35\" srcset=\"http:\/\/new.szpitalplonsk.pl\/wp-content\/uploads\/2022\/09\/Screenshot-2022-09-13-at-10-54-03-SPZ-ZOZ-Plonsk.png 360w, http:\/\/new.szpitalplonsk.pl\/wp-content\/uploads\/2022\/09\/Screenshot-2022-09-13-at-10-54-03-SPZ-ZOZ-Plonsk-300x29.png 300w\" sizes=\"auto, (max-width: 360px) 100vw, 360px\" \/><\/a><figcaption><strong><a href=\"http:\/\/new.szpitalplonsk.pl\/index.php\/gleboka-modernizacja\/\" data-type=\"URL\" data-id=\"http:\/\/new.szpitalplonsk.pl\/index.php\/gleboka-modernizacja\/\">G\u0142\u0119boka modernizacja<\/a><\/strong><\/figcaption><\/figure>\n<\/div><\/div>\n\n\n\n<div class=\"wp-block-column is-layout-flow wp-block-column-is-layout-flow\"><\/div>\n<\/div>\n","protected":false},"excerpt":{"rendered":"<p>O nas Serdecznie witam w internetowym serwisie Samodzielnego Publicznego Zespo\u0142u Zak\u0142ad\u00f3w Opieki Zdrowotnej im. Marsza\u0142ka J\u00f3zefa Pi\u0142sudskiego w P\u0142o\u0144sku. Na naszych stronach przedstawiamy Pa\u0144stwu struktur\u0119 organizacyjn\u0105 oraz mo\u017cliwo\u015bci diagnostyczne i lecznicze. SPZZOZ im. Marsza\u0142ka J\u00f3zefa Pi\u0142sudskiego w P\u0142o\u0144sku \u015bwiadczy us\u0142ugi zdrowotne s\u0142u\u017c\u0105ce zachowaniu, ratowaniu, przywracaniu i poprawie zdrowia; zapobieganiu powstawaniu uraz\u00f3w i chor\u00f3b poprzez dzia\u0142ania&hellip;&nbsp;<a href=\"http:\/\/new.szpitalplonsk.pl\/\" class=\"\" rel=\"bookmark\">Czytaj dalej &raquo;<span class=\"screen-reader-text\">Strona g\u0142\u00f3wna<\/span><\/a><\/p>\n","protected":false},"author":1,"featured_media":0,"parent":0,"menu_order":0,"comment_status":"closed","ping_status":"closed","template":"","meta":{"neve_meta_sidebar":"","neve_meta_container":"","neve_meta_enable_content_width":"","neve_meta_content_width":0,"neve_meta_title_alignment":"","neve_meta_author_avatar":"","neve_post_elements_order":"","neve_meta_disable_header":"","neve_meta_disable_footer":"","neve_meta_disable_title":"","footnotes":""},"class_list":["post-103","page","type-page","status-publish","hentry"],"_links":{"self":[{"href":"http:\/\/new.szpitalplonsk.pl\/index.php\/wp-json\/wp\/v2\/pages\/103","targetHints":{"allow":["GET"]}}],"collection":[{"href":"http:\/\/new.szpitalplonsk.pl\/index.php\/wp-json\/wp\/v2\/pages"}],"about":[{"href":"http:\/\/new.szpitalplonsk.pl\/index.php\/wp-json\/wp\/v2\/types\/page"}],"author":[{"embeddable":true,"href":"http:\/\/new.szpitalplonsk.pl\/index.php\/wp-json\/wp\/v2\/users\/1"}],"replies":[{"embeddable":true,"href":"http:\/\/new.szpitalplonsk.pl\/index.php\/wp-json\/wp\/v2\/comments?post=103"}],"version-history":[{"count":42,"href":"http:\/\/new.szpitalplonsk.pl\/index.php\/wp-json\/wp\/v2\/pages\/103\/revisions"}],"predecessor-version":[{"id":1684,"href":"http:\/\/new.szpitalplonsk.pl\/index.php\/wp-json\/wp\/v2\/pages\/103\/revisions\/1684"}],"wp:attachment":[{"href":"http:\/\/new.szpitalplonsk.pl\/index.php\/wp-json\/wp\/v2\/media?parent=103"}],"curies":[{"name":"wp","href":"https:\/\/api.w.org\/{rel}","templated":true}]}}