{"id":1080,"date":"2022-09-14T06:12:23","date_gmt":"2022-09-14T06:12:23","guid":{"rendered":"http:\/\/new.szpitalplonsk.pl\/?page_id=1080"},"modified":"2022-09-16T07:38:24","modified_gmt":"2022-09-16T07:38:24","slug":"zakup-ambulansu","status":"publish","type":"page","link":"http:\/\/new.szpitalplonsk.pl\/index.php\/zakup-ambulansu\/","title":{"rendered":"Zakup Ambulansu"},"content":{"rendered":"\n<figure class=\"wp-block-image size-full\"><img loading=\"lazy\" decoding=\"async\" width=\"1024\" height=\"100\" src=\"http:\/\/new.szpitalplonsk.pl\/wp-content\/uploads\/2022\/09\/funfusz-1024x100-1.png\" alt=\"\" class=\"wp-image-1081\" srcset=\"http:\/\/new.szpitalplonsk.pl\/wp-content\/uploads\/2022\/09\/funfusz-1024x100-1.png 1024w, http:\/\/new.szpitalplonsk.pl\/wp-content\/uploads\/2022\/09\/funfusz-1024x100-1-300x29.png 300w, http:\/\/new.szpitalplonsk.pl\/wp-content\/uploads\/2022\/09\/funfusz-1024x100-1-768x75.png 768w\" sizes=\"auto, (max-width: 1024px) 100vw, 1024px\" \/><\/figure>\n\n\n\n<p><strong>Informacja na stron\u0119 internetow\u0105 SPZZOZ w P\u0142o\u0144sku dot. Realizacji projektu pn. \u201eZakup ambulansu oraz \u015brodk\u00f3w do ochrony indywidualnej zespo\u0142\u00f3w ratownictwa medycznego Samodzielnego Publicznego Zespo\u0142u Zak\u0142ad\u00f3w Opieki Zdrowotnej w P\u0142o\u0144sku\u201d.<\/strong><\/p>\n\n\n\n<p>W kwietniu 2021 r. Samodzielny Publiczny Zesp\u00f3\u0142 Zak\u0142ad\u00f3w Opieki Zdrowotnej im. Marsza\u0142ka J\u00f3zefa Pi\u0142sudskiego w P\u0142o\u0144sku podpisa\u0142 z Ministerstwem Zdrowia (MZ) umow\u0119 o dofinansowanie projektu pn. \u201eZakup ambulansu oraz \u015brodk\u00f3w do ochrony indywidualnej dla zespo\u0142\u00f3w ratownictwa medycznego SPZZOZ w P\u0142o\u0144sku\u201d <strong>na kwot\u0119 520&nbsp;000,00 z\u0142.<\/strong><\/p>\n\n\n\n<p>W ramach dofinansowania zakupiony zosta\u0142 ambulans typu \u201eC\u201d. Pojazd wyposa\u017cony jest w sprz\u0119t najwy\u017cszej klasy, tj. kardiomonitor i defibrylator oraz urz\u0105dzenie do progresji klatki piersiowej, kt\u00f3re jest w stanie zast\u0105pi\u0107 ratownika medycznego podczas masa\u017cu serca.<br>\u0141\u0105czna kwota przeznaczona na zakup karetk\u0119 wynios\u0142a <strong>505&nbsp;000,00 z\u0142.<\/strong> Karetka trafi\u0142a do podstacji pogotowia w Raci\u0105\u017cu.<\/p>\n\n\n\n<p>Pozosta\u0142a cz\u0119\u015b\u0107 dofinansowania, otrzymana od MZ, przeznaczona zosta\u0142a na zakup 1050 sztuk kombinezon\u00f3w ochronnych dla pracownik\u00f3w zespo\u0142\u00f3w ratownictwa medycznego SPZZOZ.<\/p>\n\n\n\n<figure class=\"wp-block-gallery aligncenter has-nested-images columns-2 is-cropped wp-block-gallery-1 is-layout-flex wp-block-gallery-is-layout-flex\">\n<figure class=\"wp-block-image size-full\"><img loading=\"lazy\" decoding=\"async\" width=\"1024\" height=\"568\" data-id=\"1082\" src=\"http:\/\/new.szpitalplonsk.pl\/wp-content\/uploads\/2022\/09\/ambulans-1-1024x568-1.jpg\" alt=\"\" class=\"wp-image-1082\" srcset=\"http:\/\/new.szpitalplonsk.pl\/wp-content\/uploads\/2022\/09\/ambulans-1-1024x568-1.jpg 1024w, http:\/\/new.szpitalplonsk.pl\/wp-content\/uploads\/2022\/09\/ambulans-1-1024x568-1-300x166.jpg 300w, http:\/\/new.szpitalplonsk.pl\/wp-content\/uploads\/2022\/09\/ambulans-1-1024x568-1-768x426.jpg 768w\" sizes=\"auto, (max-width: 1024px) 100vw, 1024px\" \/><\/figure>\n\n\n\n<figure class=\"wp-block-image size-full\"><img loading=\"lazy\" decoding=\"async\" width=\"1024\" height=\"768\" data-id=\"1083\" src=\"http:\/\/new.szpitalplonsk.pl\/wp-content\/uploads\/2022\/09\/20211029_130001-1024x768-1.jpg\" alt=\"\" class=\"wp-image-1083\" srcset=\"http:\/\/new.szpitalplonsk.pl\/wp-content\/uploads\/2022\/09\/20211029_130001-1024x768-1.jpg 1024w, http:\/\/new.szpitalplonsk.pl\/wp-content\/uploads\/2022\/09\/20211029_130001-1024x768-1-300x225.jpg 300w, http:\/\/new.szpitalplonsk.pl\/wp-content\/uploads\/2022\/09\/20211029_130001-1024x768-1-768x576.jpg 768w\" sizes=\"auto, (max-width: 1024px) 100vw, 1024px\" \/><\/figure>\n\n\n\n<figure class=\"wp-block-image size-full\"><img loading=\"lazy\" decoding=\"async\" width=\"1024\" height=\"768\" data-id=\"1084\" src=\"http:\/\/new.szpitalplonsk.pl\/wp-content\/uploads\/2022\/09\/20211029_123828-1024x768-1.jpg\" alt=\"\" class=\"wp-image-1084\" srcset=\"http:\/\/new.szpitalplonsk.pl\/wp-content\/uploads\/2022\/09\/20211029_123828-1024x768-1.jpg 1024w, http:\/\/new.szpitalplonsk.pl\/wp-content\/uploads\/2022\/09\/20211029_123828-1024x768-1-300x225.jpg 300w, http:\/\/new.szpitalplonsk.pl\/wp-content\/uploads\/2022\/09\/20211029_123828-1024x768-1-768x576.jpg 768w\" sizes=\"auto, (max-width: 1024px) 100vw, 1024px\" \/><\/figure>\n\n\n\n<figure class=\"wp-block-image size-full\"><img loading=\"lazy\" decoding=\"async\" width=\"1024\" height=\"768\" data-id=\"1085\" src=\"http:\/\/new.szpitalplonsk.pl\/wp-content\/uploads\/2022\/09\/20211029_122321-1024x768-1.jpg\" alt=\"\" class=\"wp-image-1085\" srcset=\"http:\/\/new.szpitalplonsk.pl\/wp-content\/uploads\/2022\/09\/20211029_122321-1024x768-1.jpg 1024w, http:\/\/new.szpitalplonsk.pl\/wp-content\/uploads\/2022\/09\/20211029_122321-1024x768-1-300x225.jpg 300w, http:\/\/new.szpitalplonsk.pl\/wp-content\/uploads\/2022\/09\/20211029_122321-1024x768-1-768x576.jpg 768w\" sizes=\"auto, (max-width: 1024px) 100vw, 1024px\" \/><\/figure>\n<\/figure>\n\n\n\n<p>SPZZOZ w P\u0142o\u0144sku&nbsp;informuje, i\u017c zgodnie z zapisami umowy o dofinansowanie projektu, pn. \u201e<strong>Zakup ambulansu oraz \u015brodk\u00f3w do ochrony indywidualnej zespo\u0142\u00f3w ratownictwa medycznego Samodzielnego Publicznego Zespo\u0142u Zak\u0142ad\u00f3w Opieki Zdrowotnej w P\u0142o\u0144sku\u201d,<\/strong> w \u00a7 4 ust. 17:<\/p>\n\n\n\n<p>\u201eBeneficjent zobowi\u0105zuje si\u0119 upubliczni\u0107, co najmniej na swojej stronie internetowej, informacje o funkcjonowaniu mechanizmu umo\u017cliwiaj\u0105cego sygnalizowanie o potencjalnych nieprawid\u0142owo\u015bciach lub nadu\u017cyciach finansowych, tj. opracowanego i udost\u0119pnionego przez IZ narz\u0119dzia informatycznego umo\u017cliwiaj\u0105cego przekazanie informacji o podejrzeniu wyst\u0105pienia nieprawid\u0142owo\u015bci lub nadu\u017cycia finansowego w szczeg\u00f3lno\u015bci poprzez:<br>a)&nbsp; specjalny adres e-mail lub<br>b)&nbsp; elektroniczny system zg\u0142osze\u0144 za po\u015brednictwem dedykowanej strony internetowej.\u201d<\/p>\n\n\n\n<p>Sygnalizacj\u0119 potencjalnych nieprawid\u0142owo\u015bci lub nadu\u017cy\u0107 finansowych mo\u017cna zg\u0142asza\u0107 za po\u015brednictwem specjalnego, udost\u0119pnionego przez Ministerstwo Funduszy i Polityki Regionalnej adresu e-mail:&nbsp;<a href=\"mailto:naduzycia.POIS@mfipr.gov.pl\">naduzycia.POIS@mfipr.gov.pl<\/a> lub za po\u015brednictwem formularza dost\u0119pnego na stronie internetowej&nbsp;<a href=\"https:\/\/www.pois.gov.pl\/strony\/zglaszanie-nieprawidlowosci\/\">https:\/\/www.pois.gov.pl\/strony\/zglaszanie-nieprawidlowosci\/.<\/a><\/p>\n\n\n\n<p class=\"has-vivid-cyan-blue-color has-text-color has-medium-font-size\"><strong>Galeria zdj\u0119\u0107:<\/strong><\/p>\n\n\n\n<figure class=\"wp-block-gallery has-nested-images columns-default is-cropped wp-block-gallery-2 is-layout-flex wp-block-gallery-is-layout-flex\">\n<figure class=\"wp-block-image size-large\"><img loading=\"lazy\" decoding=\"async\" width=\"544\" height=\"414\" data-id=\"1086\" src=\"http:\/\/new.szpitalplonsk.pl\/wp-content\/uploads\/2022\/09\/TABLICA-INOFRMACYJNA.jpg\" alt=\"\" class=\"wp-image-1086\" srcset=\"http:\/\/new.szpitalplonsk.pl\/wp-content\/uploads\/2022\/09\/TABLICA-INOFRMACYJNA.jpg 544w, http:\/\/new.szpitalplonsk.pl\/wp-content\/uploads\/2022\/09\/TABLICA-INOFRMACYJNA-300x228.jpg 300w\" sizes=\"auto, (max-width: 544px) 100vw, 544px\" \/><\/figure>\n\n\n\n<figure class=\"wp-block-image size-large\"><img loading=\"lazy\" decoding=\"async\" width=\"744\" height=\"992\" data-id=\"1087\" src=\"http:\/\/new.szpitalplonsk.pl\/wp-content\/uploads\/2022\/09\/Zdj-caly-budynek.jpg\" alt=\"\" class=\"wp-image-1087\" srcset=\"http:\/\/new.szpitalplonsk.pl\/wp-content\/uploads\/2022\/09\/Zdj-caly-budynek.jpg 744w, http:\/\/new.szpitalplonsk.pl\/wp-content\/uploads\/2022\/09\/Zdj-caly-budynek-225x300.jpg 225w\" sizes=\"auto, (max-width: 744px) 100vw, 744px\" \/><\/figure>\n<\/figure>\n\n\n\n<div class=\"wp-block-buttons is-content-justification-right is-layout-flex wp-container-core-buttons-is-layout-765c4724 wp-block-buttons-is-layout-flex\">\n<div class=\"wp-block-button has-custom-width wp-block-button__width-100 is-style-primary\"><a class=\"wp-block-button__link\" href=\"http:\/\/new.szpitalplonsk.pl\/\">Wr\u00f3\u0107<\/a><\/div>\n<\/div>\n\n\n\n<div style=\"height:100px\" aria-hidden=\"true\" class=\"wp-block-spacer\"><\/div>\n","protected":false},"excerpt":{"rendered":"<p>Informacja na stron\u0119 internetow\u0105 SPZZOZ w P\u0142o\u0144sku dot. Realizacji projektu pn. \u201eZakup ambulansu oraz \u015brodk\u00f3w do ochrony indywidualnej zespo\u0142\u00f3w ratownictwa medycznego Samodzielnego Publicznego Zespo\u0142u Zak\u0142ad\u00f3w Opieki Zdrowotnej w P\u0142o\u0144sku\u201d. W kwietniu 2021 r. Samodzielny Publiczny Zesp\u00f3\u0142 Zak\u0142ad\u00f3w Opieki Zdrowotnej im. Marsza\u0142ka J\u00f3zefa Pi\u0142sudskiego w P\u0142o\u0144sku podpisa\u0142 z Ministerstwem Zdrowia (MZ) umow\u0119 o dofinansowanie projektu pn.&hellip;&nbsp;<a href=\"http:\/\/new.szpitalplonsk.pl\/index.php\/zakup-ambulansu\/\" class=\"\" rel=\"bookmark\">Czytaj dalej &raquo;<span class=\"screen-reader-text\">Zakup Ambulansu<\/span><\/a><\/p>\n","protected":false},"author":1,"featured_media":0,"parent":0,"menu_order":0,"comment_status":"closed","ping_status":"closed","template":"","meta":{"neve_meta_sidebar":"","neve_meta_container":"","neve_meta_enable_content_width":"","neve_meta_content_width":0,"neve_meta_title_alignment":"","neve_meta_author_avatar":"","neve_post_elements_order":"","neve_meta_disable_header":"","neve_meta_disable_footer":"","neve_meta_disable_title":"","footnotes":""},"class_list":["post-1080","page","type-page","status-publish","hentry"],"_links":{"self":[{"href":"http:\/\/new.szpitalplonsk.pl\/index.php\/wp-json\/wp\/v2\/pages\/1080","targetHints":{"allow":["GET"]}}],"collection":[{"href":"http:\/\/new.szpitalplonsk.pl\/index.php\/wp-json\/wp\/v2\/pages"}],"about":[{"href":"http:\/\/new.szpitalplonsk.pl\/index.php\/wp-json\/wp\/v2\/types\/page"}],"author":[{"embeddable":true,"href":"http:\/\/new.szpitalplonsk.pl\/index.php\/wp-json\/wp\/v2\/users\/1"}],"replies":[{"embeddable":true,"href":"http:\/\/new.szpitalplonsk.pl\/index.php\/wp-json\/wp\/v2\/comments?post=1080"}],"version-history":[{"count":2,"href":"http:\/\/new.szpitalplonsk.pl\/index.php\/wp-json\/wp\/v2\/pages\/1080\/revisions"}],"predecessor-version":[{"id":1680,"href":"http:\/\/new.szpitalplonsk.pl\/index.php\/wp-json\/wp\/v2\/pages\/1080\/revisions\/1680"}],"wp:attachment":[{"href":"http:\/\/new.szpitalplonsk.pl\/index.php\/wp-json\/wp\/v2\/media?parent=1080"}],"curies":[{"name":"wp","href":"https:\/\/api.w.org\/{rel}","templated":true}]}}