{"id":1384,"date":"2022-09-15T06:28:24","date_gmt":"2022-09-15T06:28:24","guid":{"rendered":"http:\/\/new.szpitalplonsk.pl\/?page_id=1384"},"modified":"2022-09-16T06:46:24","modified_gmt":"2022-09-16T06:46:24","slug":"dostepnosc","status":"publish","type":"page","link":"http:\/\/new.szpitalplonsk.pl\/index.php\/informacje-dla-pacjentow\/dostepnosc\/","title":{"rendered":"Dost\u0119pno\u015b\u0107"},"content":{"rendered":"\n<p><strong>Deklaracja dost\u0119pno\u015bci<\/strong><\/p>\n\n\n\n<p>Samodzielny Publiczny Zesp\u00f3\u0142 Zak\u0142ad\u00f3w Opieki Zdrowotnej im. Marsza\u0142ka J\u00f3zefa Pi\u0142sudskiego w P\u0142o\u0144sku zobowi\u0105zuje si\u0119 zapewni\u0107 dost\u0119pno\u015b\u0107 swojej strony internetowej zgodnie z Ustaw\u0105 z dnia 4 kwietnia 2019 r. o dost\u0119pno\u015bci cyfrowej stron internetowych i aplikacji mobilnych podmiot\u00f3w publicznych. O\u015bwiadczenie w sprawie dost\u0119pno\u015bci ma zastosowanie do strony internetowej: <strong><u><a href=\"http:\/\/www.szpitalplonsk.pl\">www.szpitalplonsk.pl<\/a><\/u><\/strong> i<strong><u> <a href=\"http:\/\/www.szpitalplonsk\/bip\">www.szpitalplonsk\/bip<\/a><\/u><\/strong><\/p>\n\n\n\n<p><strong>Status pod wzgl\u0119dem zgodno\u015bci<\/strong><\/p>\n\n\n\n<p>Strona internetowa jest cz\u0119\u015bciowo zgodna z ustaw\u0105 z dnia 4 kwietnia 2019 r. o dost\u0119pno\u015bci cyfrowej stron internetowych i aplikacji mobilnych podmiot\u00f3w publicznych.<\/p>\n\n\n\n<p><strong>Przygotowanie o\u015bwiadczenia w sprawie dost\u0119pno\u015bci<\/strong><\/p>\n\n\n\n<p>Niniejsze o\u015bwiadczenie sporz\u0105dzono dnia: 2021-03-31<\/p>\n\n\n\n<p><strong>Metoda przygotowania o\u015bwiadczenia:<\/strong><\/p>\n\n\n\n<p>Deklaracj\u0119 sporz\u0105dzono na podstawie samooceny przeprowadzonej przez podmiot publiczny.<\/p>\n\n\n\n<p><strong>Informacje zwrotne i dane kontaktowe<\/strong><\/p>\n\n\n\n<p>W przypadku problem\u00f3w z dost\u0119pno\u015bci\u0105 strony internetowej prosimy o kontakt z Koordynatorem ds. dost\u0119pno\u015bci e-mail: iso@szpitalplonsk.pl. Kontaktowa\u0107 mo\u017cna si\u0119 tak\u017ce dzwoni\u0105c na numer telefonu 23&nbsp;661 34 00 w. 404. T\u0105 sam\u0105 drog\u0105 mo\u017cna sk\u0142ada\u0107 wnioski o udost\u0119pnienie informacji niedost\u0119pnej oraz sk\u0142ada\u0107 skargi na brak zapewnienia dost\u0119pno\u015bci.<\/p>\n\n\n\n<p><strong>Informacje na temat procedury<\/strong><\/p>\n\n\n\n<p>Ka\u017cdy ma prawo do wyst\u0105pienia z \u017c\u0105daniem zapewnienia dost\u0119pno\u015bci cyfrowej strony internetowej, aplikacji mobilnej lub jakiego\u015b ich elementu. Mo\u017cna tak\u017ce za\u017c\u0105da\u0107 udost\u0119pnienia informacji za pomoc\u0105 alternatywnego sposobu dost\u0119pu, na przyk\u0142ad przez odczytanie niedost\u0119pnego cyfrowo dokumentu, opisanie zawarto\u015bci filmu bez audiodeskrypcji itp. \u017b\u0105danie powinno zawiera\u0107 dane osoby zg\u0142aszaj\u0105cej \u017c\u0105danie, wskazanie, o kt\u00f3r\u0105 stron\u0119 internetow\u0105 lub aplikacj\u0119 mobiln\u0105 chodzi oraz spos\u00f3b kontaktu. Je\u017celi osoba \u017c\u0105daj\u0105ca zg\u0142asza potrzeb\u0119 otrzymania informacji za pomoc\u0105 alternatywnego sposobu dost\u0119pu, powinna tak\u017ce okre\u015bli\u0107 dogodny dla niej spos\u00f3b przedstawienia tej informacji. Podmiot publiczny powinien zrealizowa\u0107 \u017c\u0105danie niezw\u0142ocznie, nie p\u00f3\u017aniej ni\u017c w ci\u0105gu 7 dni od dnia wyst\u0105pienia z \u017c\u0105daniem. Je\u017celi dotrzymanie tego terminu nie jest mo\u017cliwe, podmiot publiczny niezw\u0142ocznie informuje o tym wnosz\u0105cego \u017c\u0105danie, kiedy realizacja \u017c\u0105dania b\u0119dzie mo\u017cliwa, przy czym termin ten nie mo\u017ce by\u0107 d\u0142u\u017cszy ni\u017c 2 miesi\u0105ce od dnia wyst\u0105pienia z \u017c\u0105daniem. Je\u017celi zapewnienie dost\u0119pno\u015bci cyfrowej nie jest mo\u017cliwe, podmiot publiczny mo\u017ce zaproponowa\u0107 alternatywny spos\u00f3b dost\u0119pu do informacji. W przypadku, gdy podmiot publiczny odm\u00f3wi realizacji \u017c\u0105dania zapewnienia dost\u0119pno\u015bci lub alternatywnego sposobu dost\u0119pu do informacji, wnosz\u0105cy \u017c\u0105danie mo\u017cne z\u0142o\u017cy\u0107 skarg\u0119 w sprawie zapewniana dost\u0119pno\u015bci cyfrowej strony internetowej, aplikacji mobilnej lub elementu strony internetowej, lub aplikacji mobilnej. Po wyczerpaniu wskazanej wy\u017cej procedury mo\u017cna tak\u017ce z\u0142o\u017cy\u0107 wniosek do Rzecznika Praw Obywatelskich.<\/p>\n\n\n\n<p><strong>Strona internetowa Rzecznika Praw Obywatelskich:<\/strong><\/p>\n\n\n\n<p><a href=\"https:\/\/www.rpo.gov.pl\/\">https:\/\/www.rpo.gov.pl\/<\/a><\/p>\n\n\n\n<p><strong>Informacje uzupe\u0142niaj\u0105ce<\/strong><\/p>\n\n\n\n<p>Data publikacji strony internetowej: 26.06.2013r.<\/p>\n\n\n\n<p>Data ostatniej istotnej aktualizacji: 30.03.2021r.<\/p>\n\n\n\n<p><strong>Dane teleadresowe podmiotu publicznego:<\/strong><\/p>\n\n\n\n<p>Ul. Henryka Sienkiewicza 7<br>09-100 P\u0142o\u0144sk<\/p>\n\n\n\n<p>G\u0142\u00f3wny numer szpitala: 23&nbsp;662 39 00<\/p>\n\n\n\n<p>E-mail: sekretariat@szpitalplonsk.pl<\/p>\n\n\n\n<p>Strona internetowa: <a href=\"https:\/\/www.szpitalplonsk.pl\/\">https:\/\/www.szpitalplonsk.pl\/<\/a><\/p>\n\n\n\n<p><strong>Strona posiada nast\u0119puj\u0105ce u\u0142atwienia dla os\u00f3b z niepe\u0142nosprawno\u015bciami:<\/strong><\/p>\n\n\n\n<ul class=\"wp-block-list\"><li>podwy\u017cszony kontrast (czarne t\u0142o, \u017c\u00f3\u0142te i&nbsp;zielone litery),<\/li><li>mo\u017cliwo\u015b\u0107 powi\u0119kszenia wielko\u015bci liter na stronie.<\/li><\/ul>\n\n\n\n<p><strong><u>Dost\u0119pno\u015b\u0107 architektoniczna<\/u><\/strong><\/p>\n\n\n\n<p><strong>Budynek G\u0142\u00f3wny Szpitala \u201eA i B\u201d<\/strong><\/p>\n\n\n\n<ol class=\"wp-block-list\"><li>Do budynku prowadzi wej\u015bcie od ul. H. Sienkiewicza 7, oznaczone liter\u0105 \u201eA\u201d. Do wej\u015bcia prowadz\u0105 schody. Przy schodach po prawej stornie do wej\u015bcia \u201eA\u201d znajduje si\u0119 podjazd dla w\u00f3zk\u00f3w.<\/li><li>Po wej\u015bciu do Budynku \u201eA\u201d po prawej stronie znajduje si\u0119 winda.<\/li><li>Toaleta dla os\u00f3b niepe\u0142nosprawnych znajduje si\u0119 w niskim parterze po prawej stronie oraz&nbsp;w Zak\u0142adzie Diagnostyki Obrazowej.<\/li><li>Za Budynkiem \u201eA\u201d wyznaczono 8 miejsca parkingowych dla os\u00f3b niepe\u0142nosprawnych.<\/li><li>W budynku nie ma oznacze\u0144 w alfabecie brajla ani oznacze\u0144 kontrastowych lub w druku powi\u0119kszonym dla os\u00f3b niewidomych i s\u0142abowidz\u0105cych.<\/li><li>Do budynku i wszystkich jego pomieszcze\u0144 nie mo\u017cna wej\u015b\u0107 z psem asystuj\u0105cym i psem przewodnikiem.<\/li><\/ol>\n\n\n\n<p><strong>Budynek SOR oznaczony \u201eC\u201d<\/strong><\/p>\n\n\n\n<ol class=\"wp-block-list\"><li>Wej\u015bcie do budynku bezkolizyjne z kontrol\u0105 dost\u0119pu.<\/li><li>Komunikacja w budynku dost\u0119pna korytarzami, schodami i wind\u0105.<\/li><li>Brak informacji g\u0142osowych, brak p\u0119tli indukcyjnej.<\/li><li>W budynku nie ma oznacze\u0144 w alfabecie brajla ani oznacze\u0144 kontrastowych lub w druku powi\u0119kszonym dla os\u00f3b niewidomych i s\u0142abowidz\u0105cych.<\/li><li>Do budynku i wszystkich jego pomieszcze\u0144 nie mo\u017cna wej\u015b\u0107 z psem asystuj\u0105cym i psem przewodnikiem.<\/li><\/ol>\n\n\n\n<p><strong>Budynek oznaczony \u201eE\u201d<\/strong><\/p>\n\n\n\n<ol class=\"wp-block-list\"><li>Wej\u015bcie g\u0142\u00f3wne do budynku schodami.<\/li><li>Komunikacja w budynku dost\u0119pna korytarzami i schodami.<\/li><li>Brak informacji g\u0142osowych, brak p\u0119tli indukcyjnej.<\/li><li>W budynku nie ma oznacze\u0144 w alfabecie brajla ani oznacze\u0144 kontrastowych lub w druku powi\u0119kszonym dla os\u00f3b niewidomych i s\u0142abowidz\u0105cych.<\/li><li>Do budynku i wszystkich jego pomieszcze\u0144 nie mo\u017cna wej\u015b\u0107 z psem asystuj\u0105cym i psem przewodnikiem.<\/li><\/ol>\n\n\n\n<p><strong>Budynek Zespo\u0142u Poradni Specjalistycznych i Ambulatorium Og\u00f3lne \u201eF\u201d<\/strong><\/p>\n\n\n\n<ol class=\"wp-block-list\"><li>Wej\u015bcie g\u0142\u00f3wne do budynku schodami i pochylni\u0105.<\/li><li>Komunikacja w budynku dost\u0119pna korytarzami, schodami, wind\u0105.<\/li><li>Brak informacji g\u0142osowych, brak p\u0119tli indukcyjnej.<\/li><li>W budynku nie ma oznacze\u0144 w alfabecie brajla ani oznacze\u0144 kontrastowych lub w druku powi\u0119kszonym dla os\u00f3b niewidomych i s\u0142abowidz\u0105cych.<\/li><li>Przy budynku wyznaczone dwa miejsca parkingowe dla os\u00f3b niepe\u0142nosprawnych.<\/li><li>Do budynku i wszystkich jego pomieszcze\u0144 mo\u017cna wej\u015b\u0107 z psem asystuj\u0105cym i psem przewodnikiem.<\/li><\/ol>\n\n\n\n<p><strong>Budynek Zak\u0142adu Opieku\u0144czo \u2013 Leczniczego<\/strong><\/p>\n\n\n\n<ol class=\"wp-block-list\"><li>Wej\u015bcie g\u0142\u00f3wne do budynku schodami i pochylni\u0105.<\/li><li>Komunikacja w budynku dost\u0119pna schodami i wind\u0105.<\/li><li>Brak informacji g\u0142osowych, brak p\u0119tli indukcyjnej.<\/li><li>W budynku nie ma oznacze\u0144 w alfabecie brajla ani oznacze\u0144 kontrastowych lub w druku powi\u0119kszonym dla os\u00f3b niewidomych i s\u0142abowidz\u0105cych.<\/li><li>Brak wyznaczonych miejsc parkingowych dla os\u00f3b niepe\u0142nosprawnych.<\/li><li>Do budynku i wszystkich jego pomieszcze\u0144 nie mo\u017cna wej\u015b\u0107 z psem asystuj\u0105cym i psem przewodnikiem.<\/li><\/ol>\n\n\n\n<p><strong>Budynek Administracji oznaczony \u201eP\u201d<\/strong><\/p>\n\n\n\n<ol class=\"wp-block-list\"><li>Wej\u015bcie g\u0142\u00f3wne do budynku schodami.<\/li><li>Komunikacja w budynku dost\u0119pna schodami.<\/li><li>Brak informacji g\u0142osowych, brak p\u0119tli indukcyjnej.<\/li><li>W budynku nie ma oznacze\u0144 w alfabecie brajla ani oznacze\u0144 kontrastowych lub w druku powi\u0119kszonym dla os\u00f3b niewidomych i s\u0142abowidz\u0105cych.<\/li><li>Brak wyznaczonych miejsc parkingowych dla os\u00f3b niepe\u0142nosprawnych.<\/li><li>Do budynku i wszystkich jego pomieszcze\u0144 mo\u017cna wej\u015b\u0107 z psem asystuj\u0105cym i psem przewodnikiem.<\/li><\/ol>\n\n\n\n<p><strong>Informacja o dost\u0119pno\u015bci t\u0142umacza j\u0119zyka migowego<\/strong><\/p>\n\n\n\n<p>Na miejscu nie ma mo\u017cliwo\u015bci skorzystania z t\u0142umacza j\u0119zyka migowego.<\/p>\n\n\n\n<p class=\"has-vivid-green-cyan-color has-text-color has-medium-font-size\"><strong>Pliki do pobrania:<\/strong><\/p>\n\n\n\n<div class=\"wp-block-file\"><a id=\"wp-block-file--media-928f4592-a5ef-47c4-9544-3093fec5d514\" href=\"http:\/\/new.szpitalplonsk.pl\/wp-content\/uploads\/2022\/09\/Raport-o-stanie-zapewniania-dostepnosci-podmiotu-publicznego.pdf\" target=\"_blank\" rel=\"noreferrer noopener\">Raport o stanie zapewniania dost\u0119pno\u015bci podmiotu publicznego<\/a><\/div>\n\n\n\n<div class=\"wp-block-file\"><a id=\"wp-block-file--media-40bd6582-55cd-4541-87c7-af6b7409bdf0\" href=\"http:\/\/new.szpitalplonsk.pl\/wp-content\/uploads\/2022\/09\/Zarzadzenie-w-sprawie-wyznaczenia-Koordynatora-ds.-dostepnosci.pdf\" target=\"_blank\" rel=\"noreferrer noopener\">Zarzadzenie w sprawie wyznaczenia Koordynatora ds. dost\u0119pno\u015bci<\/a><\/div>\n\n\n\n<div class=\"wp-block-buttons is-content-justification-right is-layout-flex wp-container-core-buttons-is-layout-765c4724 wp-block-buttons-is-layout-flex\">\n<div class=\"wp-block-button has-custom-width wp-block-button__width-100 is-style-primary\"><a class=\"wp-block-button__link\" href=\"http:\/\/new.szpitalplonsk.pl\/index.php\/informacje-dla-pacjentow\/\">Wr\u00f3\u0107<\/a><\/div>\n<\/div>\n\n\n\n<div style=\"height:100px\" aria-hidden=\"true\" class=\"wp-block-spacer\"><\/div>\n","protected":false},"excerpt":{"rendered":"<p>Deklaracja dost\u0119pno\u015bci Samodzielny Publiczny Zesp\u00f3\u0142 Zak\u0142ad\u00f3w Opieki Zdrowotnej im. Marsza\u0142ka J\u00f3zefa Pi\u0142sudskiego w P\u0142o\u0144sku zobowi\u0105zuje si\u0119 zapewni\u0107 dost\u0119pno\u015b\u0107 swojej strony internetowej zgodnie z Ustaw\u0105 z dnia 4 kwietnia 2019 r. o dost\u0119pno\u015bci cyfrowej stron internetowych i aplikacji mobilnych podmiot\u00f3w publicznych. O\u015bwiadczenie w sprawie dost\u0119pno\u015bci ma zastosowanie do strony internetowej: www.szpitalplonsk.pl i www.szpitalplonsk\/bip Status pod wzgl\u0119dem&hellip;&nbsp;<a href=\"http:\/\/new.szpitalplonsk.pl\/index.php\/informacje-dla-pacjentow\/dostepnosc\/\" class=\"\" rel=\"bookmark\">Czytaj dalej &raquo;<span class=\"screen-reader-text\">Dost\u0119pno\u015b\u0107<\/span><\/a><\/p>\n","protected":false},"author":1,"featured_media":0,"parent":60,"menu_order":0,"comment_status":"closed","ping_status":"closed","template":"","meta":{"neve_meta_sidebar":"","neve_meta_container":"","neve_meta_enable_content_width":"","neve_meta_content_width":0,"neve_meta_title_alignment":"","neve_meta_author_avatar":"","neve_post_elements_order":"","neve_meta_disable_header":"","neve_meta_disable_footer":"","neve_meta_disable_title":"","footnotes":""},"class_list":["post-1384","page","type-page","status-publish","hentry"],"_links":{"self":[{"href":"http:\/\/new.szpitalplonsk.pl\/index.php\/wp-json\/wp\/v2\/pages\/1384","targetHints":{"allow":["GET"]}}],"collection":[{"href":"http:\/\/new.szpitalplonsk.pl\/index.php\/wp-json\/wp\/v2\/pages"}],"about":[{"href":"http:\/\/new.szpitalplonsk.pl\/index.php\/wp-json\/wp\/v2\/types\/page"}],"author":[{"embeddable":true,"href":"http:\/\/new.szpitalplonsk.pl\/index.php\/wp-json\/wp\/v2\/users\/1"}],"replies":[{"embeddable":true,"href":"http:\/\/new.szpitalplonsk.pl\/index.php\/wp-json\/wp\/v2\/comments?post=1384"}],"version-history":[{"count":3,"href":"http:\/\/new.szpitalplonsk.pl\/index.php\/wp-json\/wp\/v2\/pages\/1384\/revisions"}],"predecessor-version":[{"id":1577,"href":"http:\/\/new.szpitalplonsk.pl\/index.php\/wp-json\/wp\/v2\/pages\/1384\/revisions\/1577"}],"up":[{"embeddable":true,"href":"http:\/\/new.szpitalplonsk.pl\/index.php\/wp-json\/wp\/v2\/pages\/60"}],"wp:attachment":[{"href":"http:\/\/new.szpitalplonsk.pl\/index.php\/wp-json\/wp\/v2\/media?parent=1384"}],"curies":[{"name":"wp","href":"https:\/\/api.w.org\/{rel}","templated":true}]}}