{"id":1391,"date":"2022-09-15T06:35:23","date_gmt":"2022-09-15T06:35:23","guid":{"rendered":"http:\/\/new.szpitalplonsk.pl\/?page_id=1391"},"modified":"2022-09-16T06:47:10","modified_gmt":"2022-09-16T06:47:10","slug":"klauzule-informacyjne","status":"publish","type":"page","link":"http:\/\/new.szpitalplonsk.pl\/index.php\/informacje-dla-pacjentow\/klauzule-informacyjne\/","title":{"rendered":"Klauzule informacyjne"},"content":{"rendered":"\n<h1 class=\"wp-block-heading\">Obowi\u0105zek informacyjny<\/h1>\n\n\n\n<ul class=\"wp-block-list\"><li><strong>Klauzula informacyjna dla Pacjenta<br><\/strong><\/li><\/ul>\n\n\n\n<p>W zwi\u0105zku z wej\u015bciem w \u017cycie przepis\u00f3w Rozporz\u0105dzenia UE 2016\/679 informujemy, \u017ce:<\/p>\n\n\n\n<ol class=\"wp-block-list\"><li>Administratorem Pa\u0144stwa danych osobowych jest&nbsp;Samodzielny Publiczny Zesp\u00f3\u0142 Zak\u0142ad\u00f3w Opieki Zdrowotnej (SPZ ZOZ) z siedzib\u0105 przy ul. Henryka Sienkiewicza 7,<br>w P\u0142o\u0144sku (kod pocztowy: 09-100), tel.: 23 661 77 00.<\/li><li>W celu zapewnienia bezpiecze\u0144stwa Pa\u0144stwa danych, z dniem 25.05.2018 w SPZ ZOZ powo\u0142any zosta\u0142 Inspektor Ochrony Danych, z kt\u00f3rym mo\u017cecie si\u0119 Pa\u0144stwo skontaktowa\u0107 drog\u0105 mailow\u0105: b.duch@obslugarodo.pl<\/li><li>Pozyskane dane osobowe b\u0119d\u0105 przetwarzane w celu:<\/li><\/ol>\n\n\n\n<ul class=\"wp-block-list\"><li>realizacji \u015bwiadcze\u0144 medycznych (w tym m.in. w celu ustalenia to\u017csamo\u015bci przed udzieleniem \u015bwiadczenia, prowadzenia i przechowywania dokumentacji medycznej zgodnie z wymogami przepis\u00f3w prawa, nawi\u0105zywania kontaktu z pacjentem),<\/li><li>prowadzenia dokumentacji medycznej oraz dokumentacji zwi\u0105zanej z prowadzeniem firmy zgodnie z wymogami prawa.<\/li><li>zapewnienia zabezpieczenia spo\u0142ecznego oraz zarz\u0105dzania systemami i us\u0142ugami zabezpieczenia spo\u0142ecznego, np. wystawianie za\u015bwiadcze\u0144 lub zwolnie\u0144 lekarskich,<\/li><li>\u015bwiadczenia us\u0142ug drog\u0105 elektroniczn\u0105,<\/li><li>nawi\u0105zywania kontaktu za po\u015brednictwem dost\u0119pnych na stronie internetowej Administratora formularzy,<\/li><li>\u015bwiadczenie us\u0142ug medycznych w ramach Nocnej i \u015awi\u0105tecznej Opieki Zdrowotnej (w tym rejestracja rozm\u00f3w telefonicznych),<\/li><li>realizacji nawi\u0105zanych relacji handlowych,<\/li><li>dochodzenia roszcze\u0144 z tytu\u0142u prowadzonej dzia\u0142alno\u015bci,<\/li><\/ul>\n\n\n\n<ol class=\"wp-block-list\"><li>Dane osobowe b\u0119d\u0105 przetwarzane na podstawie art. 6 ust. 1 lit. a, b, c, e, oraz art. 9 ust. 2 lit. h i art. 9 ust. 3 rozporz\u0105dzenia Parlamentu Europejskiego i Rady (UE) 2016\/679<br>z dnia 27 kwietnia 2016 r. w sprawie ochrony os\u00f3b fizycznych w zwi\u0105zku z przetwarzaniem danych osobowych i w sprawie swobodnego przep\u0142ywu takich danych oraz uchylenia dyrektywy 95\/46\/WE w zwi\u0105zku z:<\/li><\/ol>\n\n\n\n<ul class=\"wp-block-list\"><li>24, 26, 29 ustawy z dnia 6 listopada 2008 r. o prawach pacjenta i Rzeczniku Praw Pacjenta,<\/li><li>32 ustawy z dnia 28 kwietnia 2011 r. o systemie informacji w ochronie zdrowia<\/li><li>54 ustawy z dnia 25 czerwca 1999 r. o \u015bwiadczeniach pieni\u0119\u017cnych<br>z ubezpieczenia spo\u0142ecznego w razie choroby i macierzy\u0144stwa,<\/li><li>rozporz\u0105dzeniem Ministra Zdrowia z dnia 24 wrze\u015bnia 2013 r. w sprawie \u015bwiadcze\u0144 gwarantowanych z zakresu podstawowej opieki zdrowotnej,<\/li><li>rozporz\u0105dzeniem Ministra Zdrowia z dnia 6 kwietnia 2020 r. w sprawie rodzaj\u00f3w, zakresu i wzor\u00f3w dokumentacji medycznej oraz sposobu jej przetwarzania,<\/li><li>rozporz\u0105dzeniem Ministra Zdrowia z dnia 8 maja 2018 r. w sprawie rodzaj\u00f3w elektroniczne dokumentacji medycznej,<\/li><li>74 ust. 2 ustawy z dnia 29 wrze\u015bnia 1994 r. o rachunkowo\u015bci oraz innymi przepisami szczeg\u00f3lnymi w tym zakresie.<\/li><\/ul>\n\n\n\n<ol class=\"wp-block-list\" start=\"5\"><li>Na mocy przepis\u00f3w rozporz\u0105dzenia Parlamentu Europejskiego i Rady (UE) 2016\/679<br>z dnia 27 kwietnia 2016 przys\u0142uguje Pa\u0144stwu prawo dost\u0119pu do Pa\u0144stwa danych osobowych, ich sprostowania, ograniczenia ich przetwarzania, przeniesienia, sprzeciwu wobec przetwarzania oraz prawo do wniesienia skargi do organu nadzorczego (tj.: Prezesa Urz\u0119du Ochrony Danych Osobowych). Przy czym niekt\u00f3re z przys\u0142uguj\u0105cych Pa\u0144stwu praw s\u0105 ograniczone przepisami krajowymi.<\/li><li>Podanie danych jest konieczne do stworzenia i uzupe\u0142niania dokumentacji medycznej. Dokumentacja ta jest wymagana przepisami prawa (w tym m.in. Ustaw\u0105 o Prawach Pacjenta i Rzeczniku Praw Pacjenta z 6 listopada 2008 roku oraz rozporz\u0105dzeniem Ministra Zdrowia z dnia 6 kwietnia 2020 r. w sprawie rodzaj\u00f3w, zakresu i wzor\u00f3w dokumentacji medycznej oraz sposobu jej przetwarzania) i niezb\u0119dna do przeprowadzenia procesu leczenia.<\/li><li>Odbiorcami Pa\u0144stwa danych osobowych b\u0119d\u0105 wy\u0142\u0105cznie podmioty uprawnione do uzyskania danych osobowych na podstawie przepis\u00f3w prawa lub przyznania \u015bwiadcze\u0144 socjalnych.&nbsp; Z uwagi na konieczno\u015b\u0107 zapewnienia odpowiedniej organizacji naszej dzia\u0142alno\u015bci, jak r\u00f3wnie\u017c realizacji Pa\u0144stwa praw dane osobowe mog\u0105 by\u0107 przekazywane nast\u0119puj\u0105cym kategoriom odbiorc\u00f3w: innym, wsp\u00f3\u0142pracuj\u0105cym z nami podmiotom w celu zapewnienia prawid\u0142owej realizacji naszych us\u0142ug, dostawcom us\u0142ug technicznych, organizacyjnych i prawnych, umo\u017cliwiaj\u0105cym prawid\u0142owe funkcjonowanie oraz zarz\u0105dzanie plac\u00f3wk\u0105.<\/li><\/ol>\n\n\n\n<ol class=\"wp-block-list\" start=\"8\"><li>Dane udost\u0119pnione przez Pa\u0144stwa nie b\u0119d\u0105 podlega\u0142y profilowaniu.<\/li><li>Administrator danych nie ma zamiaru przekazywa\u0107 danych osobowych do pa\u0144stwa trzeciego lub organizacji mi\u0119dzynarodowej.<\/li><li>Pa\u0144stwa dane osobowe zebrane w dokumentacji medycznej b\u0119d\u0105 przechowywane przez okres (licz\u0105c od pocz\u0105tku roku nast\u0119puj\u0105cego po roku, w kt\u00f3rym zosta\u0142a wykonane \u015bwiadczenie medyczne):<ul><li>20 lat dla dokumentacji medycznej<\/li><li>30 lat dla dokumentacji zwi\u0105zanej ze zgonem Pacjenta na skutek uszkodzenia cia\u0142a b\u0105d\u017a zatrucia<\/li><li>30 lat dla dokumentacji zawieraj\u0105cej dane niezb\u0119dne do monitorowania los\u00f3w krwi i jej sk\u0142adnik\u00f3w<\/li><li>10 lat dla zdj\u0119\u0107 rentgenowskich przechowywanych poza dokumentacj\u0105 medyczn\u0105 pacjenta<\/li><li>5 lat dla skierowa\u0144 na badania lub zlece\u0144 lekarza<\/li><li>2 lat dla skierowa\u0144 na badania lub zlece\u0144 lekarza je\u017celi Pacjent nie zg\u0142osi\u0142 si\u0119 na badanie (chyba \u017ce Pacjent odebra\u0142 skierowanie)<\/li><li>22 lat dla dokumentacji medycznej dotycz\u0105cej dzieci do uko\u0144czenia 2 roku \u017cycia<\/li><\/ul><\/li><li>Dane osobowe pochodz\u0105ce z nagra\u0144 rozm\u00f3w telefonicznych przetwarzane b\u0119d\u0119 przez okres 1 roku, natomiast dane osobowe przetwarzane w ramach monitoringu wizyjnego przetwarzane b\u0119d\u0105 przez okres nie d\u0142u\u017cszy ni\u017c 10 dni od dnia nagrania.<\/li><li>Po up\u0142ywie okres\u00f3w wymienionych w ust. 10 i 11 podmiot udzielaj\u0105cy \u015bwiadcze\u0144 zdrowotnych niszczy dokumentacj\u0119 medyczn\u0105 w spos\u00f3b uniemo\u017cliwiaj\u0105cy identyfikacj\u0119 pacjenta, kt\u00f3rego dotyczy\u0142a. Dokumentacja medyczna przeznaczona do zniszczenia mo\u017ce by\u0107 wydana pacjentowi, jego przedstawicielowi ustawowemu lub osobie upowa\u017cnionej przez pacjenta. Po up\u0142ywie okres\u00f3w, o kt\u00f3rych mowa powy\u017cej, do post\u0119powania z dokumentacj\u0105 medyczn\u0105 b\u0119d\u0105c\u0105 materia\u0142em archiwalnym w rozumieniu przepis\u00f3w <a href=\"https:\/\/sip.lex.pl\/#\/document\/16791280?cm=DOCUMENT\">ustawy<\/a> z dnia 14 lipca 1983 r. o narodowym zasobie archiwalnym i archiwach.<\/li><li>Dane przetwarzane w celu dochodzenia roszcze\u0144, przechowywane b\u0119d\u0105 przez okres przedawnienia roszcze\u0144, wynikaj\u0105cy z przepis\u00f3w kodeksu cywilnego. Wszelkie dane przetwarzane na potrzeby rachunkowo\u015bci oraz ze wzgl\u0119d\u00f3w podatkowych przetwarzane b\u0119d\u0105 przez 5 lat liczonych od ko\u0144ca roku kalendarzowego, w kt\u00f3rym powsta\u0142 obowi\u0105zek podatkowy.<\/li><li>Korzystanie z us\u0142ug Administratora jest w pe\u0142ni dobrowolne, jednak\u017ce jako podmiot leczniczy Administrator jest zobowi\u0105zany do prowadzenia dokumentacji medycznej<br>w spos\u00f3b okre\u015blony przepisami prawa, w tym do oznaczenia to\u017csamo\u015bci pacjenta<br>z wykorzystaniem jego danych osobowych. W takim przypadku niepodanie danych mo\u017ce skutkowa\u0107 odmow\u0105 rezerwacji wizyty czy udzielenia \u015bwiadczenia medycznego. R\u00f3wnie\u017c ze wzgl\u0119d\u00f3w rachunkowych czy podatkowych posiadamy obowi\u0105zek prawny przetwarzania podanych danych, brak ich podania mo\u017ce skutkowa\u0107 np. niemo\u017cno\u015bci\u0105 wystawienia faktury czy imiennego rachunku. W przypadku konieczno\u015bci podania numeru telefonu czy adresu e-mail\u2013 ich niepodanie nie b\u0119dzie skutkowa\u0142o odmow\u0105 udzielenia \u015bwiadczenia zdrowotnego, lecz np. brakiem mo\u017cliwo\u015bci potwierdzenia realizacji \u015bwiadczenia.<\/li><li>Posiadaj\u0105 Pa\u0144stwo prawo do: \u017c\u0105dania od administratora dost\u0119pu do danych osobowych, prawo do ich sprostowania, usuni\u0119cia lub ograniczenia przetwarzania, prawo do wniesienia sprzeciwu wobec przetwarzania, prawo do przenoszenia danych, prawo do cofni\u0119cia zgody, w przypadku, gdy podstaw\u0105 przetwarzania by\u0142a wydana zgoda.<\/li><li>Przys\u0142uguje Pa\u0144stwo prawo wniesienia skargi do organu nadzorczego, Prezesa Urz\u0119du Ochrony Danych.<\/li><\/ol>\n\n\n\n<ul class=\"wp-block-list\"><li><strong>Klauzula informacyjna \u2013&nbsp; monitoring wizyjny<\/strong><\/li><\/ul>\n\n\n\n<p>Szanowni Pa\u0144stwo,<\/p>\n\n\n\n<p>w zwi\u0105zku z wej\u015bciem w \u017cycie z dniem 25 maja 2018 roku rozporz\u0105dzenia Parlamentu Europejskiego i Rady (UE) 2016\/679&nbsp;&nbsp; z dnia 27 kwietnia 2016 r. w sprawie ochrony os\u00f3b fizycznych w zwi\u0105zku z przetwarzaniem danych osobowych i w sprawie swobodnego przep\u0142ywu takich danych oraz uchylenia dyrektywy 95\/46\/WE&nbsp; (4.5.2016 L 119\/38 Dziennik Urz\u0119dowy Unii Europejskiej PL)&nbsp; informujemy, \u017ce :<\/p>\n\n\n\n<ol class=\"wp-block-list\"><li>Administratorem Pa\u0144stwa danych osobowych jest&nbsp;Samodzielny Publiczny Zesp\u00f3\u0142 Zak\u0142ad\u00f3w Opieki Zdrowotnej (SPZ ZOZ) z siedzib\u0105 przy ul. Henryka Sienkiewicza 7,<br>w P\u0142o\u0144sku (kod pocztowy: 09-100), tel.: 23 661 77 00.<\/li><li>W celu zapewnienia bezpiecze\u0144stwa Pa\u0144stwa danych, z dniem 25.05.2018 w SPZ ZOZ powo\u0142any zosta\u0142 Inspektor Ochrony Danych, z kt\u00f3rym mo\u017cecie si\u0119 Pa\u0144stwo skontaktowa\u0107 drog\u0105 mailow\u0105: b.duch@obslugarodo.pl<\/li><li>Pa\u0144stwa dane osobowe b\u0119d\u0105 przetwarzane na podstawie rozporz\u0105dzenia Parlamentu Europejskiego i Rady (UE) 2016\/679 z dnia 27 kwietnia 2016 r. w sprawie ochrony os\u00f3b fizycznych w zwi\u0105zku z przetwarzaniem danych osobowych i w sprawie swobodnego przep\u0142ywu takich danych oraz uchylenia dyrektywy 95\/46\/WE:<\/li><\/ol>\n\n\n\n<ul class=\"wp-block-list\"><li>6 ust. 1 lit. c \u2013 realizacja obowi\u0105zku prawnego ci\u0105\u017c\u0105cego na Administratorze,<br>w tym art. 23a ustawy z dnia 15 kwietnia 2011r. o dzia\u0142alno\u015bci leczniczej, oraz 22<sup>2 <\/sup>ustawy z dnia 26 czerwca 1974 r. Kodeks Pracy, rozporz\u0105dzenie Ministra Zdrowia<br>z dnia 27 czerwca 2019 r. w sprawie szpitalnego oddzia\u0142u ratunkowego (Za\u0142\u0105cznik do Rozporz\u0105dzenia: Wymagania da l\u0105dowisk Rozdzia\u0142 1 ust. 5), rozporz\u0105dzenie Ministra Zdrowia z dnia 26 marca 2019 r. w sprawie szczeg\u00f3\u0142owych wymaga\u0144, jakim powinny odpowiada\u0107 pomieszczenia i urz\u0105dzenia podmiotu wykonuj\u0105cego dzia\u0142alno\u015b\u0107 lecznicz\u0105 (\u00a7 29);<\/li><li>6 ust. 1 lit. e \u2013 przetwarzanie jest niezb\u0119dne do wykonania zadania realizowanego<br>w interesie publicznym lub w ramach sprawowania w\u0142adzy publicznej powierzonej Administratorowi, kt\u00f3rym jest prowadzenie dzia\u0142alno\u015bci leczniczej polegaj\u0105cej na udzielaniu \u015bwiadcze\u0144 zdrowotnych;<\/li><\/ul>\n\n\n\n<ol class=\"wp-block-list\" start=\"4\"><li>Celem stosowania monitoringu wizyjnego w plac\u00f3wce medycznej jest:<\/li><\/ol>\n\n\n\n<ul class=\"wp-block-list\"><li>zapewnienie bezpiecze\u0144stwa osobom przebywaj\u0105cym na terenie plac\u00f3wki medycznej, w tym w szczeg\u00f3lno\u015bci: pracownikom, wsp\u00f3\u0142pracownikom, pacjentom, osobom towarzysz\u0105cym i odwiedzaj\u0105cym;<\/li><li>zapewnienie ochrony mienia oraz niezb\u0119dnego bezpiecze\u0144stwa pomieszcze\u0144,<br>w kt\u00f3rych prowadzona jest dzia\u0142alno\u015b\u0107 lecznicza;<\/li><li>wspomaganie nadzoru medycznego nad pacjentami, w zakresie dozwolonym przez obowi\u0105zuj\u0105ce przepisy prawa.<\/li><\/ul>\n\n\n\n<ol class=\"wp-block-list\" start=\"5\"><li>System monitoringu s\u0142u\u017cy dbaniu o porz\u0105dek prawny i bezpiecze\u0144stwo os\u00f3b przebywaj\u0105cych na terenie obj\u0119tym monitoringiem, w szczeg\u00f3lno\u015bci poprzez poszerzenie pola widzenia osoby sprawuj\u0105cej nadz\u00f3r nad powierzonym terenem oraz zapewnienie mo\u017cliwo\u015bci ponownej obserwacji obrazu w celu przyjrzenia si\u0119 jego szczeg\u00f3\u0142om, w celu wczesnego wykrycia zdarze\u0144 niepo\u017c\u0105danych i mo\u017cliwo\u015bci podj\u0119cia odpowiednich dzia\u0142a\u0144 prewencyjnych lub interwencyjnych.<\/li><li>W podmiocie leczniczym, nie prowadzi si\u0119 obserwacji pomieszcze\u0144, w kt\u00f3rych udzielane s\u0105 \u015bwiadczenia zdrowotne oraz pobytu pacjent\u00f3w, w szczeg\u00f3lno\u015bci gabinet\u00f3w lekarskich, pomieszcze\u0144 higieniczno-sanitarnych, przebieralni, szatni, pomieszcze\u0144 socjalnych \u2013 za wyj\u0105tkiem sali obserwacyjnej w Szpitalnym Oddziale Ratunkowym oraz \u201eseparatki\u201d na Oddziale Intensywnej Opieki Medycznej (OIOM). Monitoring w sali obserwacyjnej SOR oraz \u201eseparatki\u201d OIOM przekazuje obraz \u201ena \u017cywo\u201d do stanowisk piel\u0119gniarskich\/lekarskich w celu wspomagania obserwacji pacjent\u00f3w przez personel medyczny SPZZOZ. W pokojach \u0142\u00f3\u017ckowych dopuszcza si\u0119 instalacj\u0119 urz\u0105dze\u0144 umo\u017cliwiaj\u0105cych obserwacj\u0119 pacjent\u00f3w, je\u017celi jest to konieczne w procesie ich leczenia i dla zapewnienia im bezpiecze\u0144stwa.<\/li><li>Monitoring wizyjny z zapisem obrazu obejmuje miejsca og\u00f3lnodost\u0119pne oraz pozosta\u0142e miejsca wymienione w za\u0142\u0105czniku nr 1 do niniejszego Regulaminu. Monitoring wizyjny bez zapisu obrazu obejmuje sal\u0119 obserwacyjn\u0105 w Szpitalnym Oddziale Ratunkowym oraz \u201eseparatk\u0119\u201d OIOM.<\/li><li>Rejestracji i zapisowi danych na rejestratorze danych podlega wy\u0142\u0105cznie obraz. Kamery nie rejestruj\u0105 d\u017awi\u0119ku. Nagrania obrazu przetwarzane s\u0105 wy\u0142\u0105cznie do cel\u00f3w, dla kt\u00f3rych zosta\u0142y zebrane i przechowywane s\u0105 przez okres nieprzekraczaj\u0105cy 10 dni od zarejestrowania i utrwalenia a nast\u0119pnie automatycznie kasowany na rejestratorze, tzn. w 10 -tym dniu kasowane s\u0105 (nadpisywane) zapisy z dnia pierwszego.<\/li><li>W przypadku, w kt\u00f3rym nagrania obrazu stanowi\u0105 dow\u00f3d w post\u0119powaniu prowadzonym na podstawie prawa lub Administrator powzi\u0105\u0142 wiadomo\u015b\u0107, i\u017c mog\u0105 one stanowi\u0107 dow\u00f3d w post\u0119powaniu, termin okre\u015blony w ust. 8 ulega przed\u0142u\u017ceniu do czasu prawomocnego zako\u0144czenia post\u0119powania.<\/li><li>Dane osobowe z monitoringu mog\u0105 zosta\u0107 udost\u0119pnianie wy\u0142\u0105cznie organom uprawnionym do ich otrzymania na podstawie przepis\u00f3w obowi\u0105zuj\u0105cego prawa. W zwi\u0105zku z przetwarzaniem danych we wskazanym celu mo\u017cemy powierzy\u0107 przetwarzanie Pa\u0144stwa danych osobowych na podstawie zawartej umowy powierzenia przetwarzania danych osobowych z tzw. podmiotami przetwarzaj\u0105cymi. W takich przypadkach zawarte umowy gwarantuj\u0105 ochron\u0119 danych zgodnie z postanowieniami RODO.<\/li><li>Pa\u0144stwa dane osobowe nie b\u0119d\u0105 przekazywane do pa\u0144stwa trzeciego.<\/li><li>W zwi\u0105zku z przetwarzaniem przez Administratora danych osobowych przys\u0142uguje Pa\u0144stwu prawo wgl\u0105du w swoje dane (je\u017celi nie naruszy to prywatno\u015bci i praw przys\u0142uguj\u0105cych innym osobom, kt\u00f3re znalaz\u0142y si\u0119 w obr\u0119bie miejsc monitorowanych), oraz prawo do usuni\u0119cia danych, prawo do ograniczenia przetwarzania prawo do wniesienia sprzeciwu wobec przetwarzania, prawo do przenoszenia danych w przypadkach, gdy zaistniej\u0105 do tego stosowne przes\u0142anki. Przys\u0142uguje r\u00f3wnie\u017c Pa\u0144stwu prawo wniesienia skargi do organu nadzorczego \u2013 Prezesa Urz\u0119du Ochrony Danych, gdy uznacie Pa\u0144stwo, \u017ce przetwarzanie danych osobowych Pa\u0144stwa dotycz\u0105cych narusza przepisy RODO.<\/li><li>Nie b\u0119dziemy wykorzystywa\u0107 Pa\u0144stwa danych do zautomatyzowanego podejmowania decyzji,<\/li><\/ol>\n\n\n\n<ul class=\"wp-block-list\"><li><strong>Klauzula dotycz\u0105ca nagrywanych rozm\u00f3w<\/strong><\/li><\/ul>\n\n\n\n<p>W zwi\u0105zku z wej\u015bciem w \u017cycie przepis\u00f3w Rozporz\u0105dzenia UE 2016\/679 informujemy, \u017ce:<\/p>\n\n\n\n<ol class=\"wp-block-list\"><li>Administratorem Pa\u0144stwa danych osobowych jest&nbsp;<strong>Samodzielny Publiczny Zesp\u00f3\u0142 Zak\u0142ad\u00f3w Opieki Zdrowotnej z siedzib\u0105 przy ul. Henryka Sienkiewicza 7, w P\u0142o\u0144sku (kod pocztowy: 09-100), tel.: 23 661 77 00.<\/strong><\/li><li>W celu zapewnienia bezpiecze\u0144stwa Pa\u0144stwa danych, z dniem 25.05.2018 w szpitalu powo\u0142any zosta\u0142 Inspektor Ochrony Danych, z kt\u00f3rym mo\u017cecie si\u0119 Pa\u0144stwo skontaktowa\u0107 drog\u0105 mailow\u0105: b.duch@obslugarodo.pl<\/li><li>G\u0142\u00f3wnym celem zbierania Pa\u0144stwa danych osobowych jest \u015bwiadczenie us\u0142ug medycznych w ramach Nocnej i \u015awi\u0105tecznej Opieki Zdrowotnej.<\/li><li>Na mocy przepis\u00f3w Rozporz\u0105dzenia Parlamentu Europejskiego i Rady (UE) 2016\/679 z dnia 27 kwietnia 2016 przys\u0142uguje Pa\u0144stwu prawo dost\u0119pu do Pa\u0144stwa danych osobowych, ich sprostowania, ograniczenia ich przetwarzania, przeniesienia, sprzeciwu wobec przetwarzania oraz prawo do wniesienia skargi do organu nadzorczego (tj.: Prezesa Urz\u0119du Ochrony Danych Osobowych). Przy czym niekt\u00f3re z przys\u0142uguj\u0105cych Pa\u0144stwu praw s\u0105 ograniczone przepisami krajowymi.<\/li><li>Podanie danych jest wymagane przepisami prawa. Pa\u0144stwa dane s\u0105 rejestrowane zgodnie z Rozporz\u0105dzeniem Ministra Zdrowia z dnia 28 czerwca 2017 r. zmieniaj\u0105ce rozporz\u0105dzenie w sprawie \u015bwiadcze\u0144 gwarantowanych z zakresu podstawowej opieki zdrowotnej oraz Zarz\u0105dzenia nr 71\/2017\/DSM Prezesa NFZ.<\/li><li>Dane udost\u0119pnione przez Pa\u0144stwa nie b\u0119d\u0105 podlega\u0142y udost\u0119pnieniu podmiotom trzecim. Odbiorcami danych b\u0119d\u0105 tylko instytucje upowa\u017cnione z mocy prawa.<\/li><li>Dane udost\u0119pnione przez Pa\u0144stwa nie b\u0119d\u0105 podlega\u0142y profilowaniu.<\/li><li>Administrator danych nie ma zamiaru przekazywa\u0107 danych osobowych do pa\u0144stwa trzeciego lub organizacji mi\u0119dzynarodowej.<\/li><li>Pa\u0144stwa dane osobowe b\u0119d\u0105 przechowywane przez okres 1 roku.<\/li><\/ol>\n\n\n\n<div class=\"wp-block-buttons is-content-justification-right is-layout-flex wp-container-core-buttons-is-layout-765c4724 wp-block-buttons-is-layout-flex\">\n<div class=\"wp-block-button has-custom-width wp-block-button__width-100 is-style-primary\"><a class=\"wp-block-button__link\" href=\"http:\/\/new.szpitalplonsk.pl\/index.php\/informacje-dla-pacjentow\/\">Wr\u00f3\u0107<\/a><\/div>\n<\/div>\n\n\n\n<div style=\"height:100px\" aria-hidden=\"true\" class=\"wp-block-spacer\"><\/div>\n","protected":false},"excerpt":{"rendered":"<p>Obowi\u0105zek informacyjny Klauzula informacyjna dla Pacjenta W zwi\u0105zku z wej\u015bciem w \u017cycie przepis\u00f3w Rozporz\u0105dzenia UE 2016\/679 informujemy, \u017ce: Administratorem Pa\u0144stwa danych osobowych jest&nbsp;Samodzielny Publiczny Zesp\u00f3\u0142 Zak\u0142ad\u00f3w Opieki Zdrowotnej (SPZ ZOZ) z siedzib\u0105 przy ul. Henryka Sienkiewicza 7,w P\u0142o\u0144sku (kod pocztowy: 09-100), tel.: 23 661 77 00. W celu zapewnienia bezpiecze\u0144stwa Pa\u0144stwa danych, z dniem 25.05.2018&hellip;&nbsp;<a href=\"http:\/\/new.szpitalplonsk.pl\/index.php\/informacje-dla-pacjentow\/klauzule-informacyjne\/\" class=\"\" rel=\"bookmark\">Czytaj dalej &raquo;<span class=\"screen-reader-text\">Klauzule informacyjne<\/span><\/a><\/p>\n","protected":false},"author":1,"featured_media":0,"parent":60,"menu_order":0,"comment_status":"closed","ping_status":"closed","template":"","meta":{"neve_meta_sidebar":"","neve_meta_container":"","neve_meta_enable_content_width":"","neve_meta_content_width":0,"neve_meta_title_alignment":"","neve_meta_author_avatar":"","neve_post_elements_order":"","neve_meta_disable_header":"","neve_meta_disable_footer":"","neve_meta_disable_title":"","footnotes":""},"class_list":["post-1391","page","type-page","status-publish","hentry"],"_links":{"self":[{"href":"http:\/\/new.szpitalplonsk.pl\/index.php\/wp-json\/wp\/v2\/pages\/1391","targetHints":{"allow":["GET"]}}],"collection":[{"href":"http:\/\/new.szpitalplonsk.pl\/index.php\/wp-json\/wp\/v2\/pages"}],"about":[{"href":"http:\/\/new.szpitalplonsk.pl\/index.php\/wp-json\/wp\/v2\/types\/page"}],"author":[{"embeddable":true,"href":"http:\/\/new.szpitalplonsk.pl\/index.php\/wp-json\/wp\/v2\/users\/1"}],"replies":[{"embeddable":true,"href":"http:\/\/new.szpitalplonsk.pl\/index.php\/wp-json\/wp\/v2\/comments?post=1391"}],"version-history":[{"count":2,"href":"http:\/\/new.szpitalplonsk.pl\/index.php\/wp-json\/wp\/v2\/pages\/1391\/revisions"}],"predecessor-version":[{"id":1581,"href":"http:\/\/new.szpitalplonsk.pl\/index.php\/wp-json\/wp\/v2\/pages\/1391\/revisions\/1581"}],"up":[{"embeddable":true,"href":"http:\/\/new.szpitalplonsk.pl\/index.php\/wp-json\/wp\/v2\/pages\/60"}],"wp:attachment":[{"href":"http:\/\/new.szpitalplonsk.pl\/index.php\/wp-json\/wp\/v2\/media?parent=1391"}],"curies":[{"name":"wp","href":"https:\/\/api.w.org\/{rel}","templated":true}]}}