{"id":1406,"date":"2022-09-15T06:54:08","date_gmt":"2022-09-15T06:54:08","guid":{"rendered":"http:\/\/new.szpitalplonsk.pl\/?page_id=1406"},"modified":"2022-09-16T06:49:36","modified_gmt":"2022-09-16T06:49:36","slug":"szkola-rodzenia","status":"publish","type":"page","link":"http:\/\/new.szpitalplonsk.pl\/index.php\/informacje-dla-pacjentow\/szkola-rodzenia\/","title":{"rendered":"Szko\u0142a rodzenia"},"content":{"rendered":"\n<p><strong>INFORMACJA<\/strong><br>Zapraszamy kobiety ci\u0119\u017carne po sko\u0144czonym 24 tygodniu ci\u0105\u017cy na nieodp\u0142atne zaj\u0119cia w Szkole Rodzenia wraz z osob\u0105, kt\u00f3ra b\u0119dzie towarzyszy\u0142a przy porodzie.<\/p>\n\n\n\n<p>W programie zaj\u0119\u0107 elementy wiedzy teoretycznej przeplataj\u0105 si\u0119 z umiej\u0119tno\u015bciami praktycznymi co przygotuje Pa\u0144stwa do przebycia porodu, po\u0142ogu i opieki nad nowo narodzonym dzieckiem. Pe\u0142en cykl zaj\u0119\u0107 obejmuje 6 spotka\u0144, kt\u00f3re odbywaj\u0105 si\u0119 1 raz w tygodniu. S\u0105 to spotkania zamkni\u0119te (w tej samej grupie zaczynamy i ko\u0144czymy), nie ma mo\u017cliwo\u015bci rozpocz\u0119cia zaj\u0119\u0107 w dowolnym momencie cyklu. Zaj\u0119cia rozpoczynaj\u0105 si\u0119 o godzinie 15:00 i trwaj\u0105 oko\u0142o 2 godziny, w ma\u0142ych kameralnych grupach.<\/p>\n\n\n\n<p><strong>O przyj\u0119ciu decyduje kolejno\u015b\u0107 zg\u0142osze\u0144 :<\/strong><\/p>\n\n\n\n<ul class=\"wp-block-list\"><li>osobi\u015bcie w godzinach 12:30-14:30 w Po\u0142o\u017cniczej Izbie Przyj\u0119\u0107 (I pi\u0119tro)<\/li><li>telefonicznie w godzinach 13:30 \u2013 14:30, pod nr telefonu 23 661 77 64.<\/li><\/ul>\n\n\n\n<p><strong>Osoby ch\u0119tne do udzia\u0142u w zaj\u0119ciach Szko\u0142y Rodzenia na pierwszym spotkaniu powinny posiada\u0107 :<\/strong><\/p>\n\n\n\n<ul class=\"wp-block-list\"><li>kart\u0119 przebiegu ci\u0105\u017cy<\/li><li>zgod\u0119 na wykonywanie \u0107wicze\u0144 od lekarza prowadz\u0105cego<\/li><li>str\u00f3j do \u0107wicze\u0144 (mi\u0119kkie obuwie, skarpety, dres lub inny str\u00f3j nie krpuj\u0105cy ruch\u00f3w).<\/li><\/ul>\n\n\n\n<p>Zaj\u0119cia odbywa\u0107 si\u0119 b\u0119d\u0105 w budynku szpitala \u2013 pawilon \u201eA\u201d, II pi\u0119tro, sala konferencyjna .<br>W trakcie zaj\u0119\u0107 w ramach kr\u00f3tkiej przerwy zaproponujemy Pa\u0144stwu napoje.<\/p>\n\n\n\n<p><strong>Serdecznie zapraszamy<\/strong><\/p>\n\n\n\n<p><strong>Pierwszy rok Szko\u0142y Rodzenia<\/strong><\/p>\n\n\n\n<p>Z okazji pierwszej rocznicy uruchomienia Szko\u0142y Rodzenia przy p\u0142o\u0144skim Szpitalu, odby\u0142a si\u0119 skromna uroczysto\u015b\u0107, na kt\u00f3r\u0105 zaproszeni zostali go\u015bcie, darczy\u0144cy, wyk\u0142adowcy oraz rodzice ze swoimi dzie\u0107mi. Pierwszy cykl rozpocz\u0105\u0142 si\u0119 1 czerwca 2011 r. w Mi\u0119dzynarodowym Dniu Dziecka.<br>Dzi\u0119ki darczy\u0144com uda\u0142o si\u0119 wyposa\u017cy\u0107 sal\u0119 \u0107wicze\u0144 w : pi\u0142ki, materace gimnastyczne, worki Sako, rzutnik, laptop, sprz\u0119t Video, kt\u00f3ry s\u0142u\u017cy do dokumentacji pogl\u0105dowej dla uczestnik\u00f3w Szko\u0142y Rodzenia. Cz\u0119\u015b\u0107 tego sprz\u0119tu zosta\u0142a zademonstrowana na spotkaniu, a maluszki mog\u0142y sobie na nim pobaraszkowa\u0107, natomiast Mamy przypomnie\u0107 jak \u0107wiczy\u0142y.<br>Serdeczne s\u0142owa powitania skierowa\u0142 Dyrektor Szpitala do darczy\u0144c\u00f3w, dzi\u0119ki kt\u00f3rym mo\u017ce funkcjonowa\u0107 Szko\u0142a Rodzenia, wyk\u0142adowc\u00f3w, kt\u00f3rzy w mi\u0142ej atmosferze przekazuj\u0105 swoj\u0105 wiedz\u0119 przysz\u0142ym ojcom i matkom oraz do rodzic\u00f3w wraz z ich pociechami, kt\u00f3rzy tak pilnie uczestniczyli w spotkaniach. W\u015br\u00f3d wyk\u0142adowc\u00f3w s\u0105: lekarze: neonatolog, ginekolog- po\u0142o\u017cnik, anestezjolog, po\u0142o\u017cne, piel\u0119gniarka, fizjoterapeuta, psycholog i prawnik.<\/p>\n\n\n\n<p>Cykl Szko\u0142y Rodzenia trwa 6 tygodni, jedno spotkanie raz w tygodniu przez 2 godziny. W trakcie spotkania pary oczekuj\u0105ce na dziecko pozyskuj\u0105 wiedz\u0119 na temat oczekuj\u0105cego ich porodu, po\u0142ogu a nast\u0119pnie opieki nad noworodkiem od wysokiej klasy specjalist\u00f3w, bez kt\u00f3rych nie uda\u0142oby si\u0119 uruchomi\u0107 tej Szko\u0142y.<br>Z okazji pierwszej rocznicy naszej dzia\u0142alno\u015bci, Prezes Stowarzyszenia Przyjaci\u00f3\u0142 Szpitala w P\u0142o\u0144sku Pan Andrzej Stolpa, wraz z Cz\u0142onkami Zarz\u0105du, przekazali na r\u0119ce Pana Dyrektora czek o warto\u015bci 22 000 z\u0142 pozyskanych podczas VII Charytatywnego Balu Ostatkowego im. Jerzego Szymczaka, kt\u00f3ry odby\u0142 si\u0119 w Siedlinie na zako\u0144czenie karnawa\u0142u 2012 roku. Zgromadzona kwota zostanie przeznaczona na potrzeby zwi\u0105zane z bie\u017c\u0105c\u0105 dzia\u0142alno\u015bci\u0105 Szko\u0142y. Jeden z darczy\u0144c\u00f3w podarowa\u0142 aparat cyfrowy, kt\u00f3ry uwieczni spotkania.<br>Warto w tym miejscu doda\u0107, \u017ce Szko\u0142a Rodzenia dla jej uczestnik\u00f3w jest bezp\u0142atna. Na spotkaniu obecni byli r\u00f3wnie\u017c przedstawiciele lokalnych Medi\u00f3w. W czasie spotkania wyg\u0142oszone zosta\u0142y wyk\u0142ady prowadzone przez: dr Krzysztof Wyszy\u0144ski specjalista endokrynolog nt. \u201e Wybrane zaburzenia hormonalne w okresie ci\u0105\u017cy i w okresie poporodowym \u201a dr Ryszard Ko\u0142cz z-c\u0119 ordynatora oddz. Po\u0142-gin nt. \u201e Choroby wsp\u00f3\u0142istniej\u0105ce z ci\u0105\u017c\u0105 \u201a oraz kr\u00f3tki kurs z zakresu udzielania pierwszej pomocy medycznej, kt\u00f3ry zademonstrowa\u0142 Pan Andrzej Dalecki \u2013 Koordynator ds Piel\u0119gniarstwa.<br>Uroczyste spotkanie by\u0142o mo\u017cliwe dzi\u0119ki naszym Przyjacio\u0142om, kt\u00f3rzy s\u0105 otwarci na dzia\u0142ania prospo\u0142eczne i ceni\u0105 sobie lokalne przedsi\u0119wzi\u0119cia. Spotkanie u\u015bwietni\u0142 pocz\u0119stunek oraz upominki, kt\u00f3rymi zostali obdarowani rodzice z my\u015bl\u0105 o dzieciach.<\/p>\n\n\n\n<div class=\"wp-block-buttons is-content-justification-right is-layout-flex wp-container-core-buttons-is-layout-765c4724 wp-block-buttons-is-layout-flex\">\n<div class=\"wp-block-button has-custom-width wp-block-button__width-100 is-style-primary\"><a class=\"wp-block-button__link\" href=\"http:\/\/new.szpitalplonsk.pl\/index.php\/informacje-dla-pacjentow\/\">Wr\u00f3\u0107<\/a><\/div>\n<\/div>\n\n\n\n<div style=\"height:100px\" aria-hidden=\"true\" class=\"wp-block-spacer\"><\/div>\n","protected":false},"excerpt":{"rendered":"<p>INFORMACJAZapraszamy kobiety ci\u0119\u017carne po sko\u0144czonym 24 tygodniu ci\u0105\u017cy na nieodp\u0142atne zaj\u0119cia w Szkole Rodzenia wraz z osob\u0105, kt\u00f3ra b\u0119dzie towarzyszy\u0142a przy porodzie. W programie zaj\u0119\u0107 elementy wiedzy teoretycznej przeplataj\u0105 si\u0119 z umiej\u0119tno\u015bciami praktycznymi co przygotuje Pa\u0144stwa do przebycia porodu, po\u0142ogu i opieki nad nowo narodzonym dzieckiem. Pe\u0142en cykl zaj\u0119\u0107 obejmuje 6 spotka\u0144, kt\u00f3re odbywaj\u0105 si\u0119&hellip;&nbsp;<a href=\"http:\/\/new.szpitalplonsk.pl\/index.php\/informacje-dla-pacjentow\/szkola-rodzenia\/\" class=\"\" rel=\"bookmark\">Czytaj dalej &raquo;<span class=\"screen-reader-text\">Szko\u0142a rodzenia<\/span><\/a><\/p>\n","protected":false},"author":1,"featured_media":0,"parent":60,"menu_order":0,"comment_status":"closed","ping_status":"closed","template":"","meta":{"neve_meta_sidebar":"","neve_meta_container":"","neve_meta_enable_content_width":"","neve_meta_content_width":0,"neve_meta_title_alignment":"","neve_meta_author_avatar":"","neve_post_elements_order":"","neve_meta_disable_header":"","neve_meta_disable_footer":"","neve_meta_disable_title":"","footnotes":""},"class_list":["post-1406","page","type-page","status-publish","hentry"],"_links":{"self":[{"href":"http:\/\/new.szpitalplonsk.pl\/index.php\/wp-json\/wp\/v2\/pages\/1406","targetHints":{"allow":["GET"]}}],"collection":[{"href":"http:\/\/new.szpitalplonsk.pl\/index.php\/wp-json\/wp\/v2\/pages"}],"about":[{"href":"http:\/\/new.szpitalplonsk.pl\/index.php\/wp-json\/wp\/v2\/types\/page"}],"author":[{"embeddable":true,"href":"http:\/\/new.szpitalplonsk.pl\/index.php\/wp-json\/wp\/v2\/users\/1"}],"replies":[{"embeddable":true,"href":"http:\/\/new.szpitalplonsk.pl\/index.php\/wp-json\/wp\/v2\/comments?post=1406"}],"version-history":[{"count":2,"href":"http:\/\/new.szpitalplonsk.pl\/index.php\/wp-json\/wp\/v2\/pages\/1406\/revisions"}],"predecessor-version":[{"id":1586,"href":"http:\/\/new.szpitalplonsk.pl\/index.php\/wp-json\/wp\/v2\/pages\/1406\/revisions\/1586"}],"up":[{"embeddable":true,"href":"http:\/\/new.szpitalplonsk.pl\/index.php\/wp-json\/wp\/v2\/pages\/60"}],"wp:attachment":[{"href":"http:\/\/new.szpitalplonsk.pl\/index.php\/wp-json\/wp\/v2\/media?parent=1406"}],"curies":[{"name":"wp","href":"https:\/\/api.w.org\/{rel}","templated":true}]}}