{"id":1415,"date":"2022-09-15T07:04:25","date_gmt":"2022-09-15T07:04:25","guid":{"rendered":"http:\/\/new.szpitalplonsk.pl\/?page_id=1415"},"modified":"2022-09-16T06:49:19","modified_gmt":"2022-09-16T06:49:19","slug":"rzecznik-praw-pacjenta","status":"publish","type":"page","link":"http:\/\/new.szpitalplonsk.pl\/index.php\/informacje-dla-pacjentow\/rzecznik-praw-pacjenta\/","title":{"rendered":"Rzecznik Praw Pacjenta"},"content":{"rendered":"\n<p><strong>Rzecznik Praw Pacjenta<br><\/strong>Pan Bart\u0142omiej \u0141ukasz Chmielowiec<\/p>\n\n\n\n<p><strong>Biuro Rzecznika Praw Pacjenta<\/strong><br>ul. M\u0142ynarska 46<br>01-171 Warszawa<\/p>\n\n\n\n<p><strong>Sekretariat:<\/strong><br>tel.: (22) 532 \u2013 82 \u2013 50<br>fax.: (22) 532 \u2013 82 \u2013 30<br><a href=\"mailto:kancelaria@bpp.gov.pl\">kancelaria@bpp.gov.pl<\/a><\/p>\n\n\n\n<p><strong>Przyj\u0119cia interesant\u00f3w w Biurze:<\/strong><\/p>\n\n\n\n<ul class=\"wp-block-list\"><li>Poniedzia\u0142ek \u2013 w godzinach od 9.00 do 18.00<\/li><li>Wtorek \u2013 w godzinach od 9.00 do 15.00<\/li><li>\u015aroda \u2013 w godzinach od 9.00 do 15.00<\/li><li>Czwartek \u2013 w godzinach od 9.00 do 15.00<\/li><li>Pi\u0105tek \u2013 w godzinach od 9.00 do 15.00<\/li><\/ul>\n\n\n\n<p><strong>Og\u00f3lnopolska bezp\u0142atna infolinia Rzecznika Praw Pacjenta:<\/strong><br>800 \u2013 190 \u2013 590<br>(z tel. stacjonarnych i kom\u00f3rkowych)<br><strong>czynna pn. \u2013 pt. w godz. 8.00 \u2013 20.00<\/strong><\/p>\n\n\n\n<p><strong>Informacja w sprawie sk\u0142adania i rozpatrywania skarg i wniosk\u00f3w<\/strong><\/p>\n\n\n\n<ol class=\"wp-block-list\"><li>\u015awiadczeniobiorca mo\u017ce z\u0142o\u017cy\u0107 skarg\u0119 zwi\u0105zan\u0105 z naruszeniem zasad udzielania \u015bwiadcze\u0144 opieki zdrowotnej finansowanych ze \u015brodk\u00f3w publicznych w kom\u00f3rkach skarg i wniosk\u00f3w dzia\u0142aj\u0105cych w Centrali i w oddzia\u0142ach Funduszu.<\/li><li>Skargi i wnioski mog\u0105 by\u0107 sk\u0142adane pisemnie, za pomoc\u0105 telefaksu, poczty elektronicznej je\u017celi s\u0105 opatrzone podpisem elektronicznym lub ustnie do protoko\u0142u.<\/li><li>Skargi lub wnioski mog\u0105 by\u0107 sk\u0142adane w imieniu w\u0142asnym lub innej osoby za jej pisemn\u0105 zgod\u0105<\/li><li>Uwaga! Skargi lub wnioski, nie zawieraj\u0105ce imienia i nazwiska oraz adresu osoby, kt\u00f3ra je wnios\u0142a, pozostan\u0105 bez rozpoznania.<\/li><li>Nie rozpatruje si\u0119 spraw, kt\u00f3re zosta\u0142y rozstrzygni\u0119te prawomocnym wyrokiem s\u0105du lub ostateczn\u0105 decyzj\u0105 administracyjn\u0105. \u015awiadczeniobiorca, kt\u00f3rego prawo do \u015bwiadcze\u0144 zdrowotnych nie jest realizowane w spos\u00f3b dla niego zadowalaj\u0105cy, mo\u017ce tak\u017ce z\u0142o\u017cy\u0107 skarg\u0119 do:<\/li><\/ol>\n\n\n\n<ul class=\"wp-block-list\"><li>Rzecznika Praw Pacjenta,<\/li><li>Rzecznika Odpowiedzialno\u015bci Zawodowej Okr\u0119gowej Izby Lekarskiej,<\/li><li>Rzecznika Odpowiedzialno\u015bci Zawodowej Okr\u0119gowej Izby Piel\u0119gniarek i Po\u0142o\u017cnych,<\/li><li>Biura Generalnego Inspektora Ochrony Danych Osobowych<\/li><\/ul>\n\n\n\n<p><strong>Sekcja Skarg i Wniosk\u00f3w Mazowieckiego Oddzia\u0142u Wojew\u00f3dzkiego NFZ<br><\/strong>ul. Cha\u0142ubi\u0144skiego 8<br>00-613 Warszawa<br>Faks: (22) 582 84 21<\/p>\n\n\n\n<div class=\"wp-block-buttons is-content-justification-right is-layout-flex wp-container-core-buttons-is-layout-765c4724 wp-block-buttons-is-layout-flex\">\n<div class=\"wp-block-button has-custom-width wp-block-button__width-100 is-style-primary\"><a class=\"wp-block-button__link\" href=\"http:\/\/new.szpitalplonsk.pl\/index.php\/informacje-dla-pacjentow\/\">Wr\u00f3\u0107<\/a><\/div>\n<\/div>\n\n\n\n<div style=\"height:100px\" aria-hidden=\"true\" class=\"wp-block-spacer\"><\/div>\n","protected":false},"excerpt":{"rendered":"<p>Rzecznik Praw PacjentaPan Bart\u0142omiej \u0141ukasz Chmielowiec Biuro Rzecznika Praw Pacjentaul. M\u0142ynarska 4601-171 Warszawa Sekretariat:tel.: (22) 532 \u2013 82 \u2013 50fax.: (22) 532 \u2013 82 \u2013 30kancelaria@bpp.gov.pl Przyj\u0119cia interesant\u00f3w w Biurze: Poniedzia\u0142ek \u2013 w godzinach od 9.00 do 18.00 Wtorek \u2013 w godzinach od 9.00 do 15.00 \u015aroda \u2013 w godzinach od 9.00 do 15.00 Czwartek&hellip;&nbsp;<a href=\"http:\/\/new.szpitalplonsk.pl\/index.php\/informacje-dla-pacjentow\/rzecznik-praw-pacjenta\/\" class=\"\" rel=\"bookmark\">Czytaj dalej &raquo;<span class=\"screen-reader-text\">Rzecznik Praw Pacjenta<\/span><\/a><\/p>\n","protected":false},"author":1,"featured_media":0,"parent":60,"menu_order":0,"comment_status":"closed","ping_status":"closed","template":"","meta":{"neve_meta_sidebar":"","neve_meta_container":"","neve_meta_enable_content_width":"","neve_meta_content_width":0,"neve_meta_title_alignment":"","neve_meta_author_avatar":"","neve_post_elements_order":"","neve_meta_disable_header":"","neve_meta_disable_footer":"","neve_meta_disable_title":"","footnotes":""},"class_list":["post-1415","page","type-page","status-publish","hentry"],"_links":{"self":[{"href":"http:\/\/new.szpitalplonsk.pl\/index.php\/wp-json\/wp\/v2\/pages\/1415","targetHints":{"allow":["GET"]}}],"collection":[{"href":"http:\/\/new.szpitalplonsk.pl\/index.php\/wp-json\/wp\/v2\/pages"}],"about":[{"href":"http:\/\/new.szpitalplonsk.pl\/index.php\/wp-json\/wp\/v2\/types\/page"}],"author":[{"embeddable":true,"href":"http:\/\/new.szpitalplonsk.pl\/index.php\/wp-json\/wp\/v2\/users\/1"}],"replies":[{"embeddable":true,"href":"http:\/\/new.szpitalplonsk.pl\/index.php\/wp-json\/wp\/v2\/comments?post=1415"}],"version-history":[{"count":2,"href":"http:\/\/new.szpitalplonsk.pl\/index.php\/wp-json\/wp\/v2\/pages\/1415\/revisions"}],"predecessor-version":[{"id":1585,"href":"http:\/\/new.szpitalplonsk.pl\/index.php\/wp-json\/wp\/v2\/pages\/1415\/revisions\/1585"}],"up":[{"embeddable":true,"href":"http:\/\/new.szpitalplonsk.pl\/index.php\/wp-json\/wp\/v2\/pages\/60"}],"wp:attachment":[{"href":"http:\/\/new.szpitalplonsk.pl\/index.php\/wp-json\/wp\/v2\/media?parent=1415"}],"curies":[{"name":"wp","href":"https:\/\/api.w.org\/{rel}","templated":true}]}}