{"id":1424,"date":"2022-09-15T07:10:06","date_gmt":"2022-09-15T07:10:06","guid":{"rendered":"http:\/\/new.szpitalplonsk.pl\/?page_id=1424"},"modified":"2022-09-16T06:47:33","modified_gmt":"2022-09-16T06:47:33","slug":"nocna-i-swiateczna-opieka-lekarska-i-pielegniarska-stacjonarna-i-wyjazdowa","status":"publish","type":"page","link":"http:\/\/new.szpitalplonsk.pl\/index.php\/informacje-dla-pacjentow\/nocna-i-swiateczna-opieka-lekarska-i-pielegniarska-stacjonarna-i-wyjazdowa\/","title":{"rendered":"Nocna i \u015bwi\u0105teczna opieka lekarska i piel\u0119gniarska, stacjonarna i wyjazdowa"},"content":{"rendered":"\n<p><strong>LOKALIZACJA:<br><\/strong><strong>ZESP\u00d3\u0141 PORADNI SPECJALISTYCZNYCH \u2013 NPL<br><\/strong><\/p>\n\n\n\n<p>ul. Henryka Sienkiewicza 7<\/p>\n\n\n\n<p>09-100 P\u0142o\u0144sk<\/p>\n\n\n\n<p>Gabinet nr 7,&nbsp; parter<\/p>\n\n\n\n<p><strong>NPL RACI\u0104\u017b<\/strong><\/p>\n\n\n\n<p>ul. B\u0142onie 22<\/p>\n\n\n\n<p>09-140 Raci\u0105\u017c<\/p>\n\n\n\n<p><strong>Czynna:<\/strong> codziennie<br>poniedzia\u0142ek \u2013 pi\u0105tek w godz. 18:00 \u2013 8:00,<br>sobota, niedziela \u2013 ca\u0142\u0105 dob\u0119.<\/p>\n\n\n\n<p><strong>Na wizyt\u0119 nale\u017cy zabra\u0107 ze sob\u0105:<\/strong><\/p>\n\n\n\n<ul class=\"wp-block-list\"><li>dow\u00f3d osobisty,<\/li><li>aktualn\u0105 legitymacj\u0119 ubezpieczeniow\u0105,<\/li><li>NIP zak\u0142adu pracy.<\/li><\/ul>\n\n\n\n<p><strong>Zg\u0142oszenia dla Ni\u015aOL wyjazdowej w P\u0142o\u0144sku pod numerem telefonu:<br><\/strong>Centrala: 23 661 34 00 wew. 411<br>Telefon bezpo\u015bredni: 23 661 77 89<\/p>\n\n\n\n<p><strong>Zg\u0142oszenia dla Ni\u015aOL wyjazdowej&nbsp; w Raci\u0105\u017cu pod numerem telefonu:<\/strong><br>Telefon bezpo\u015bredni: 23 679 10 29<\/p>\n\n\n\n<div class=\"wp-block-buttons is-content-justification-right is-layout-flex wp-container-core-buttons-is-layout-765c4724 wp-block-buttons-is-layout-flex\">\n<div class=\"wp-block-button has-custom-width wp-block-button__width-100 is-style-primary\"><a class=\"wp-block-button__link\" href=\"http:\/\/new.szpitalplonsk.pl\/index.php\/informacje-dla-pacjentow\/\">Wr\u00f3\u0107<\/a><\/div>\n<\/div>\n\n\n\n<div style=\"height:100px\" aria-hidden=\"true\" class=\"wp-block-spacer\"><\/div>\n","protected":false},"excerpt":{"rendered":"<p>LOKALIZACJA:ZESP\u00d3\u0141 PORADNI SPECJALISTYCZNYCH \u2013 NPL ul. Henryka Sienkiewicza 7 09-100 P\u0142o\u0144sk Gabinet nr 7,&nbsp; parter NPL RACI\u0104\u017b ul. B\u0142onie 22 09-140 Raci\u0105\u017c Czynna: codziennieponiedzia\u0142ek \u2013 pi\u0105tek w godz. 18:00 \u2013 8:00,sobota, niedziela \u2013 ca\u0142\u0105 dob\u0119. Na wizyt\u0119 nale\u017cy zabra\u0107 ze sob\u0105: dow\u00f3d osobisty, aktualn\u0105 legitymacj\u0119 ubezpieczeniow\u0105, NIP zak\u0142adu pracy. Zg\u0142oszenia dla Ni\u015aOL wyjazdowej w P\u0142o\u0144sku&hellip;&nbsp;<a href=\"http:\/\/new.szpitalplonsk.pl\/index.php\/informacje-dla-pacjentow\/nocna-i-swiateczna-opieka-lekarska-i-pielegniarska-stacjonarna-i-wyjazdowa\/\" class=\"\" rel=\"bookmark\">Czytaj dalej &raquo;<span class=\"screen-reader-text\">Nocna i \u015bwi\u0105teczna opieka lekarska i piel\u0119gniarska, stacjonarna i wyjazdowa<\/span><\/a><\/p>\n","protected":false},"author":1,"featured_media":0,"parent":60,"menu_order":0,"comment_status":"closed","ping_status":"closed","template":"","meta":{"neve_meta_sidebar":"","neve_meta_container":"","neve_meta_enable_content_width":"","neve_meta_content_width":0,"neve_meta_title_alignment":"","neve_meta_author_avatar":"","neve_post_elements_order":"","neve_meta_disable_header":"","neve_meta_disable_footer":"","neve_meta_disable_title":"","footnotes":""},"class_list":["post-1424","page","type-page","status-publish","hentry"],"_links":{"self":[{"href":"http:\/\/new.szpitalplonsk.pl\/index.php\/wp-json\/wp\/v2\/pages\/1424","targetHints":{"allow":["GET"]}}],"collection":[{"href":"http:\/\/new.szpitalplonsk.pl\/index.php\/wp-json\/wp\/v2\/pages"}],"about":[{"href":"http:\/\/new.szpitalplonsk.pl\/index.php\/wp-json\/wp\/v2\/types\/page"}],"author":[{"embeddable":true,"href":"http:\/\/new.szpitalplonsk.pl\/index.php\/wp-json\/wp\/v2\/users\/1"}],"replies":[{"embeddable":true,"href":"http:\/\/new.szpitalplonsk.pl\/index.php\/wp-json\/wp\/v2\/comments?post=1424"}],"version-history":[{"count":2,"href":"http:\/\/new.szpitalplonsk.pl\/index.php\/wp-json\/wp\/v2\/pages\/1424\/revisions"}],"predecessor-version":[{"id":1582,"href":"http:\/\/new.szpitalplonsk.pl\/index.php\/wp-json\/wp\/v2\/pages\/1424\/revisions\/1582"}],"up":[{"embeddable":true,"href":"http:\/\/new.szpitalplonsk.pl\/index.php\/wp-json\/wp\/v2\/pages\/60"}],"wp:attachment":[{"href":"http:\/\/new.szpitalplonsk.pl\/index.php\/wp-json\/wp\/v2\/media?parent=1424"}],"curies":[{"name":"wp","href":"https:\/\/api.w.org\/{rel}","templated":true}]}}