{"id":1450,"date":"2022-09-16T07:47:07","date_gmt":"2022-09-16T07:47:07","guid":{"rendered":"http:\/\/new.szpitalplonsk.pl\/?page_id=1450"},"modified":"2022-09-16T12:39:12","modified_gmt":"2022-09-16T12:39:12","slug":"bip","status":"publish","type":"page","link":"http:\/\/new.szpitalplonsk.pl\/index.php\/bip\/","title":{"rendered":"BIP"},"content":{"rendered":"\n<p><strong>SZANOWNI PA\u0143STWO,<\/strong><\/p>\n\n\n\n<p>Witamy w Biuletynie Informacji Publicznej Samodzielnego Publicznego Zespo\u0142u Zak\u0142ad\u00f3w Opieki Zdrowotnej w P\u0142o\u0144sku.<\/p>\n\n\n\n<p>Zapraszamy do korzystania z serwisu. W razie jakichkolwiek problem\u00f3w oraz pyta\u0144 prosimy o kontakt z administratorem systemu BIP.<\/p>\n\n\n\n<p><strong>DOST\u0118PNO\u015a\u0106<\/strong><\/p>\n\n\n\n<div class=\"wp-block-file\"><a id=\"wp-block-file--media-4ccae43b-eee5-43ce-802a-bb95c025bb2b\" href=\"http:\/\/new.szpitalplonsk.pl\/wp-content\/uploads\/2022\/09\/Zarzadzenie-w-sprawie-wyznaczenia-Koordynatora-ds.-dostepnosci-1.pdf\" target=\"_blank\" rel=\"noreferrer noopener\">Zarz\u0105dzenie w sprawie wyznaczenia Koordynatora ds. dost\u0119pno\u015bci<\/a><\/div>\n\n\n\n<p class=\"has-text-align-center\" style=\"font-size:30px\"><strong>Zobacz r\u00f3wnie\u017c<\/strong><\/p>\n\n\n\n<div class=\"wp-block-columns is-layout-flex wp-container-core-columns-is-layout-9d6595d7 wp-block-columns-is-layout-flex\">\n<div class=\"wp-block-column is-layout-flow wp-block-column-is-layout-flow\">\n<p class=\"has-text-align-center\">Informacje podstawowe:<\/p>\n<\/div>\n\n\n\n<div class=\"wp-block-column is-layout-flow wp-block-column-is-layout-flow\">\n<p class=\"has-text-align-center\">Akty prawne:<\/p>\n<\/div>\n\n\n\n<div class=\"wp-block-column is-layout-flow wp-block-column-is-layout-flow\">\n<p class=\"has-text-align-center\">Sprawy, skargi, wnioski<\/p>\n<\/div>\n<\/div>\n\n\n\n<div class=\"wp-block-columns is-layout-flex wp-container-core-columns-is-layout-9d6595d7 wp-block-columns-is-layout-flex\">\n<div class=\"wp-block-column is-layout-flow wp-block-column-is-layout-flow\">\n<ul class=\"wp-block-list\"><li><a href=\"http:\/\/new.szpitalplonsk.pl\/index.php\/bip\/dane-teleadresowe\/\">Dane teleadresowe<\/a><\/li><li><a href=\"http:\/\/new.szpitalplonsk.pl\/index.php\/bip\/przedmiot-dzialalnosci\/\">Przedmiot dzia\u0142alno\u015bci<\/a><\/li><li><a href=\"http:\/\/new.szpitalplonsk.pl\/index.php\/bip\/majatek\/\">Maj\u0105tek<\/a><\/li><li><a href=\"http:\/\/new.szpitalplonsk.pl\/index.php\/bip\/rejestry-i-kontrole\/\">Rejestry i Kontrole<\/a><\/li><\/ul>\n<\/div>\n\n\n\n<div class=\"wp-block-column is-layout-flow wp-block-column-is-layout-flow\">\n<ul class=\"wp-block-list\"><li><a href=\"http:\/\/new.szpitalplonsk.pl\/index.php\/bip\/statut\/\">Status<\/a><\/li><li><a href=\"http:\/\/new.szpitalplonsk.pl\/index.php\/bip\/regulamin-organizacyjny\/\">Regulamin organizacyjny<\/a><\/li><li><a href=\"http:\/\/new.szpitalplonsk.pl\/index.php\/bip\/struktura-organizacyjna\/\">Struktura organizacyjna<\/a><\/li><\/ul>\n<\/div>\n\n\n\n<div class=\"wp-block-column is-layout-flow wp-block-column-is-layout-flow\">\n<ul class=\"wp-block-list\"><li><a href=\"http:\/\/new.szpitalplonsk.pl\/index.php\/bip\/sposob-przyjmowania-i-zalatwiania-spraw\/\">Spos\u00f3b przyjmowania i za\u0142atwiania spraw<\/a><\/li><li><a href=\"http:\/\/new.szpitalplonsk.pl\/index.php\/bip\/skargi-i-wnioski\/\">Skargi i wnioski<\/a><\/li><li><a href=\"http:\/\/new.szpitalplonsk.pl\/index.php\/bip\/udostepnianie-informacji\/\">Udost\u0119pnienie informacji<\/a><\/li><\/ul>\n<\/div>\n<\/div>\n\n\n\n<p class=\"has-text-align-center\">Cz\u0119\u015b\u0107 medyczna:<\/p>\n\n\n\n<div class=\"wp-block-columns is-layout-flex wp-container-core-columns-is-layout-9d6595d7 wp-block-columns-is-layout-flex\">\n<div class=\"wp-block-column is-layout-flow wp-block-column-is-layout-flow\">\n<ul class=\"wp-block-list\"><li><a href=\"http:\/\/new.szpitalplonsk.pl\/index.php\/informacje-dla-pacjentow\/prawa-pacjenta\/\">Prawa pacjenta<\/a><\/li><li><a href=\"http:\/\/new.szpitalplonsk.pl\/index.php\/bip\/dokumentacja-medyczna\/\">Dokumentacja medyczna<\/a><\/li><li><a href=\"http:\/\/new.szpitalplonsk.pl\/index.php\/informacje-dla-pacjentow\/cennik-uslug-medycznych\/\">Cennik us\u0142ug medycznych<\/a><\/li><li><a href=\"http:\/\/new.szpitalplonsk.pl\/index.php\/bip\/wykonane-swiadczenia-medyczne\/\">Wykonane \u015bwiadczenia medyczne<\/a><\/li><li><a href=\"http:\/\/new.szpitalplonsk.pl\/index.php\/informacje-dla-pacjentow\/informacja-o-wysokosci-oplat-za-uslugi\/\">Informacja o wysoko\u015bci op\u0142at za us\u0142ugi<\/a><\/li><\/ul>\n<\/div>\n\n\n\n<div class=\"wp-block-column is-layout-flow wp-block-column-is-layout-flow\">\n<ul class=\"wp-block-list\"><li><a href=\"http:\/\/new.szpitalplonsk.pl\/index.php\/bip\/zasady-przyjecia-do-oddzialow-szpitalnych\/\">Zasady przyj\u0119\u0107 do oddzia\u0142\u00f3w szpitalnych<\/a><\/li><li><a href=\"http:\/\/new.szpitalplonsk.pl\/index.php\/bip\/zasady-przyjec-do-poradni-specjalistycznych\/\">Zasady przyj\u0119\u0107 do poradni specjalistycznych<\/a><\/li><li><a href=\"http:\/\/new.szpitalplonsk.pl\/index.php\/uslugi-szpitalne\/oddzialy\/\">Oddzia\u0142y szpitalne<\/a><\/li><li><a href=\"http:\/\/new.szpitalplonsk.pl\/index.php\/uslugi-szpitalne\/poradnie\/\">Poradnie<\/a><\/li><li><a href=\"http:\/\/new.szpitalplonsk.pl\/index.php\/bip\/zaklady-pracownie-i-inne-komorki-organizacyjne\/\">Zak\u0142ady, pracownie i inne kom\u00f3rki organizacyjne<\/a><\/li><\/ul>\n<\/div>\n<\/div>\n\n\n\n<div class=\"wp-block-columns is-layout-flex wp-container-core-columns-is-layout-9d6595d7 wp-block-columns-is-layout-flex\">\n<div class=\"wp-block-column is-layout-flow wp-block-column-is-layout-flow\">\n<p class=\"has-text-align-center\">Administracja:<\/p>\n<\/div>\n\n\n\n<div class=\"wp-block-column is-layout-flow wp-block-column-is-layout-flow\">\n<p class=\"has-text-align-center\">Serwis:<\/p>\n<\/div>\n\n\n\n<div class=\"wp-block-column is-layout-flow wp-block-column-is-layout-flow\">\n<p class=\"has-text-align-center\">Zam\u00f3wienia:<\/p>\n<\/div>\n<\/div>\n\n\n\n<div class=\"wp-block-columns is-layout-flex wp-container-core-columns-is-layout-9d6595d7 wp-block-columns-is-layout-flex\">\n<div class=\"wp-block-column is-layout-flow wp-block-column-is-layout-flow\">\n<ul class=\"wp-block-list\"><li><a href=\"http:\/\/new.szpitalplonsk.pl\/index.php\/bip\/kierownictwo\/\">Kierownictwo<\/a><\/li><li><a href=\"http:\/\/new.szpitalplonsk.pl\/index.php\/bip\/rada-spoleczna\/\" data-type=\"URL\" data-id=\"http:\/\/new.szpitalplonsk.pl\/index.php\/bip\/rada-spoleczna\/\">Rada spo\u0142eczna<\/a><\/li><li><a href=\"http:\/\/new.szpitalplonsk.pl\/index.php\/bip\/uchwaly-rady-spolecznej\/\">Uchwa\u0142y rady spo\u0142ecznej<\/a><\/li><\/ul>\n<\/div>\n\n\n\n<div class=\"wp-block-column is-layout-flow wp-block-column-is-layout-flow\">\n<ul class=\"wp-block-list\"><li><a href=\"http:\/\/new.szpitalplonsk.pl\/index.php\/bip\/instrukcja-obslugi\/\">Instrukcja obs\u0142ugi<\/a><\/li><li><a href=\"http:\/\/Redakcja BIP\">Redakcja BIP<\/a><\/li><\/ul>\n<\/div>\n\n\n\n<div class=\"wp-block-column is-layout-flow wp-block-column-is-layout-flow\">\n<ul class=\"wp-block-list\"><li><a href=\"http:\/\/new.szpitalplonsk.pl\/index.php\/o-nas\/informacje-publiczne\/zamowienia-publiczne\/\">Zam\u00f3wienia publiczne<\/a><\/li><\/ul>\n<\/div>\n<\/div>\n\n\n\n<div class=\"wp-block-columns is-layout-flex wp-container-core-columns-is-layout-9d6595d7 wp-block-columns-is-layout-flex\">\n<div class=\"wp-block-column is-layout-flow wp-block-column-is-layout-flow\">\n<p class=\"has-text-align-center\">Ponowne wykorzystanie informacji sektora publicznego<\/p>\n<\/div>\n\n\n\n<div class=\"wp-block-column is-layout-flow wp-block-column-is-layout-flow\">\n<p class=\"has-text-align-center\">Praca<\/p>\n<\/div>\n\n\n\n<div class=\"wp-block-column is-layout-flow wp-block-column-is-layout-flow\">\n<p class=\"has-text-align-center\">Biuletyn informacji publicznej<\/p>\n<\/div>\n<\/div>\n\n\n\n<div class=\"wp-block-columns is-layout-flex wp-container-core-columns-is-layout-9d6595d7 wp-block-columns-is-layout-flex\">\n<div class=\"wp-block-column is-layout-flow wp-block-column-is-layout-flow\">\n<ul class=\"wp-block-list\"><li><a href=\"http:\/\/new.szpitalplonsk.pl\/index.php\/bip\/ponowne-wykorzystanie-informacji-sektora-publicznego\/\">Ponowne wykorzystanie informacji<\/a><\/li><\/ul>\n<\/div>\n\n\n\n<div class=\"wp-block-column is-layout-flow wp-block-column-is-layout-flow\">\n<ul class=\"wp-block-list\"><li><a href=\"http:\/\/new.szpitalplonsk.pl\/index.php\/o-nas\/informacje-publiczne\/ogloszenia-konkursy\/praca-2\/\">Oferty pracy<\/a><\/li><\/ul>\n<\/div>\n\n\n\n<div class=\"wp-block-column is-layout-flow wp-block-column-is-layout-flow\">\n<ul class=\"wp-block-list\"><li><a href=\"https:\/\/www.bip.gov.pl\/\">Og\u00f3lnopolska strona BIP<\/a><\/li><\/ul>\n<\/div>\n<\/div>\n\n\n\n<div class=\"wp-block-buttons is-layout-flex wp-block-buttons-is-layout-flex\">\n<div class=\"wp-block-button has-custom-width wp-block-button__width-100 is-style-primary\"><a class=\"wp-block-button__link\" href=\"http:\/\/new.szpitalplonsk.pl\/\">Wr\u00f3\u0107<\/a><\/div>\n<\/div>\n\n\n\n<div style=\"height:100px\" aria-hidden=\"true\" class=\"wp-block-spacer\"><\/div>\n","protected":false},"excerpt":{"rendered":"<p>SZANOWNI PA\u0143STWO, Witamy w Biuletynie Informacji Publicznej Samodzielnego Publicznego Zespo\u0142u Zak\u0142ad\u00f3w Opieki Zdrowotnej w P\u0142o\u0144sku. Zapraszamy do korzystania z serwisu. W razie jakichkolwiek problem\u00f3w oraz pyta\u0144 prosimy o kontakt z administratorem systemu BIP. DOST\u0118PNO\u015a\u0106 Zobacz r\u00f3wnie\u017c Informacje podstawowe: Akty prawne: Sprawy, skargi, wnioski Dane teleadresowe Przedmiot dzia\u0142alno\u015bci Maj\u0105tek Rejestry i Kontrole Status Regulamin organizacyjny Struktura&hellip;&nbsp;<a href=\"http:\/\/new.szpitalplonsk.pl\/index.php\/bip\/\" class=\"\" rel=\"bookmark\">Czytaj dalej &raquo;<span class=\"screen-reader-text\">BIP<\/span><\/a><\/p>\n","protected":false},"author":1,"featured_media":0,"parent":0,"menu_order":0,"comment_status":"closed","ping_status":"closed","template":"","meta":{"neve_meta_sidebar":"default","neve_meta_container":"contained","neve_meta_enable_content_width":"","neve_meta_content_width":70,"neve_meta_title_alignment":"","neve_meta_author_avatar":"","neve_post_elements_order":"","neve_meta_disable_header":"off","neve_meta_disable_footer":"","neve_meta_disable_title":"","footnotes":""},"class_list":["post-1450","page","type-page","status-publish","hentry"],"_links":{"self":[{"href":"http:\/\/new.szpitalplonsk.pl\/index.php\/wp-json\/wp\/v2\/pages\/1450","targetHints":{"allow":["GET"]}}],"collection":[{"href":"http:\/\/new.szpitalplonsk.pl\/index.php\/wp-json\/wp\/v2\/pages"}],"about":[{"href":"http:\/\/new.szpitalplonsk.pl\/index.php\/wp-json\/wp\/v2\/types\/page"}],"author":[{"embeddable":true,"href":"http:\/\/new.szpitalplonsk.pl\/index.php\/wp-json\/wp\/v2\/users\/1"}],"replies":[{"embeddable":true,"href":"http:\/\/new.szpitalplonsk.pl\/index.php\/wp-json\/wp\/v2\/comments?post=1450"}],"version-history":[{"count":40,"href":"http:\/\/new.szpitalplonsk.pl\/index.php\/wp-json\/wp\/v2\/pages\/1450\/revisions"}],"predecessor-version":[{"id":2075,"href":"http:\/\/new.szpitalplonsk.pl\/index.php\/wp-json\/wp\/v2\/pages\/1450\/revisions\/2075"}],"wp:attachment":[{"href":"http:\/\/new.szpitalplonsk.pl\/index.php\/wp-json\/wp\/v2\/media?parent=1450"}],"curies":[{"name":"wp","href":"https:\/\/api.w.org\/{rel}","templated":true}]}}