{"id":1891,"date":"2022-09-16T10:15:13","date_gmt":"2022-09-16T10:15:13","guid":{"rendered":"http:\/\/new.szpitalplonsk.pl\/?page_id=1891"},"modified":"2022-09-16T10:31:35","modified_gmt":"2022-09-16T10:31:35","slug":"rejestry-i-kontrole","status":"publish","type":"page","link":"http:\/\/new.szpitalplonsk.pl\/index.php\/bip\/rejestry-i-kontrole\/","title":{"rendered":"Rejestry i Kontrole"},"content":{"rendered":"\n<p><strong>SPZZOZ im. Marsza\u0142ka J\u00f3zefa Pi\u0142sudskiego w P\u0142o\u0144sku prowadzi nast\u0119puj\u0105ce rodzaje rejestr\u00f3w:<\/strong><\/p>\n\n\n\n<ul class=\"wp-block-list\"><li>rejestr zarz\u0105dze\u0144 dyrektora,<\/li><li>rejestry skarg i wniosk\u00f3w,<\/li><li>centralny rejestr um\u00f3w,<\/li><li>rejestr kontroli,<\/li><li>rejestr transport\u00f3w mi\u0119dzyszpitalnych,<\/li><li>rejestr darowizn finansowych i rzeczowych,<\/li><li>rejestr polis ubezpieczeniowych,<\/li><li>rejestr wniosk\u00f3w o wydanie nagrania- monitoring wizyjny,<\/li><li>rejestr wykonanych kopii- monitoring wizyjny<\/li><li>rejestr zam\u00f3wie\u0144 publicznych o warto\u015bci r\u00f3wnej lub powy\u017cej progu okre\u015blonego w art. 2 ust. 1 pkt 1) ustawy pzp,<\/li><li>rejestr zam\u00f3wie\u0144 publicznych poni\u017cej progu okre\u015blonego w art. 2 ust. 1 pkt 1) ustawy pzp,<\/li><li>rejestr piecz\u0119ci s\u0142u\u017cbowych<\/li><\/ul>\n\n\n\n<p><strong>Rejestry medyczne:<\/strong><\/p>\n\n\n\n<ul class=\"wp-block-list\"><li>sk\u0142adnica dokumentacji medyczne;<\/li><li>rejestr i ewidencja \u015bwiadcze\u0144 opieki zdrowotnej udzielanych w SPZZOZ w P\u0142o\u0144sku w systemach informatycznych Rejest Us\u0142ug Medycznych i Medicus;<\/li><li>ksi\u0119ga noworodk\u00f3w;<\/li><li>ksi\u0119ga g\u0142\u00f3wna przyj\u0119\u0107 i wypis\u00f3w;<\/li><\/ul>\n\n\n\n<p>Ze wzgl\u0119du na ochron\u0119 danych osobowych i tajemnic\u0119 medyczn\u0105 nie wszystkie rejestry podlegaj\u0105 udost\u0119pnieniu. Szczeg\u00f3\u0142owe informacje na temat udost\u0119pnienia informacji mozna uzyska\u0107 w zak\u0142adce&nbsp;UDOST\u0118PNIANIE INFORMACJI<\/p>\n\n\n\n<p>Dokumentacja przebiegu i efekt\u00f3w kontroli oraz wyst\u0105pie\u0144, stanowisk, wniosk\u00f3w i opinii podmiot\u00f3w je przeprowadzaj\u0105cych dost\u0119pna jest w sekretariacie&nbsp;Samodzielnego Publicznego Zespo\u0142u Zak\u0142ad\u00f3w Opieki Zdrowotnej im. Marsza\u0142ka J\u00f3zefa Pi\u0142sudskiego w P\u0142o\u0144sku,&nbsp;od poniedzia\u0142ku&nbsp;do pi\u0105tku,&nbsp;w godz. od. 7:30 do 15:05.<\/p>\n\n\n\n<p>Podstawa prawna: art. 8 ust. 4 ustawy z dnia 6 wrze\u015bnia 2001 r. o dost\u0119pie do informacji publicznej.<\/p>\n\n\n\n<p><strong>Adres siedziby:<br><\/strong>ul. Henryka Sienkiewicza 7, 09-100 P\u0142o\u0144sk<br>nr&nbsp; tel. +48 23&nbsp;662 32 14<\/p>\n\n\n\n<p class=\"has-medium-font-size\"><strong>Pliki do pobrana:<\/strong><\/p>\n\n\n\n<div class=\"wp-block-file\"><a id=\"wp-block-file--media-33cfe84c-0de6-4614-b3fb-c42eca5cbeff\" href=\"http:\/\/new.szpitalplonsk.pl\/wp-content\/uploads\/2022\/09\/Rejestr-kontroli-za-rok-2013.pdf\" target=\"_blank\" rel=\"noreferrer noopener\">Rejestr kontroli za rok 2013<\/a><\/div>\n\n\n\n<div class=\"wp-block-file\"><a id=\"wp-block-file--media-2cd1e253-51a8-43d2-b397-5c5d27ed9662\" href=\"http:\/\/new.szpitalplonsk.pl\/wp-content\/uploads\/2022\/09\/Rejestr_kontroli_za_2014_r.pdf\" target=\"_blank\" rel=\"noreferrer noopener\">Rejestr kontroli za rok 2014<\/a><\/div>\n\n\n\n<div class=\"wp-block-file\"><a id=\"wp-block-file--media-3dd86135-2221-4dba-9bad-b8e2d7a7119b\" href=\"http:\/\/new.szpitalplonsk.pl\/wp-content\/uploads\/2022\/09\/Rejestr_kontroli_za_rok_2015.pdf\" target=\"_blank\" rel=\"noreferrer noopener\">Rejestr kontroli za rok 2015<\/a><\/div>\n\n\n\n<div class=\"wp-block-file\"><a id=\"wp-block-file--media-be475d06-d5e6-4fe5-b366-8cf1faeb581a\" href=\"http:\/\/new.szpitalplonsk.pl\/wp-content\/uploads\/2022\/09\/Rejestr-kontroli-2016-calosc.pdf\" target=\"_blank\" rel=\"noreferrer noopener\">Rejestr kontroli za rok 2016<\/a><\/div>\n\n\n\n<div class=\"wp-block-file\"><a id=\"wp-block-file--media-37fa1224-9608-4756-86f6-4fbbb346bdbb\" href=\"http:\/\/new.szpitalplonsk.pl\/wp-content\/uploads\/2022\/09\/Rejestr-kontroli-2017.pdf\" target=\"_blank\" rel=\"noreferrer noopener\">Rejestr kontroli za rok 2017<\/a><\/div>\n\n\n\n<div class=\"wp-block-file\"><a id=\"wp-block-file--media-d34bf4be-d114-482c-92a8-2f91b9e5b885\" href=\"http:\/\/new.szpitalplonsk.pl\/wp-content\/uploads\/2022\/09\/Rejestr-kontroli-2018-1.pdf\" target=\"_blank\" rel=\"noreferrer noopener\">Rejestr kontroli za rok 2018<\/a><\/div>\n\n\n\n<div class=\"wp-block-file\"><a id=\"wp-block-file--media-a0c5edd2-fab0-4f22-863b-45a4658a8f86\" href=\"http:\/\/new.szpitalplonsk.pl\/wp-content\/uploads\/2022\/09\/Rejestr-kontroli-za-rok-2019-1.pdf\" target=\"_blank\" rel=\"noreferrer noopener\">Rejestr kontroli za rok 2019<\/a><\/div>\n\n\n\n<div class=\"wp-block-file\"><a id=\"wp-block-file--media-5753a33c-3bcf-4adc-8a77-8f031d56e50e\" href=\"http:\/\/new.szpitalplonsk.pl\/wp-content\/uploads\/2022\/09\/Rejestr-kontroli-za-rok-2020-1.pdf\" target=\"_blank\" rel=\"noreferrer noopener\">Rejestr kontroli za rok 2020<\/a><\/div>\n\n\n\n<div class=\"wp-block-file\"><a id=\"wp-block-file--media-7318abfa-b38d-4866-a734-2c0c11aff47d\" href=\"http:\/\/new.szpitalplonsk.pl\/wp-content\/uploads\/2022\/09\/Rejestr-kontroli-2021.pdf\" target=\"_blank\" rel=\"noreferrer noopener\">Rejestr kontroli za rok 2021<\/a><\/div>\n\n\n\n<div class=\"wp-block-buttons is-layout-flex wp-block-buttons-is-layout-flex\">\n<div class=\"wp-block-button has-custom-width wp-block-button__width-100 is-style-primary\"><a class=\"wp-block-button__link\" href=\"http:\/\/new.szpitalplonsk.pl\/index.php\/bip\/\">Wr\u00f3\u0107<\/a><\/div>\n<\/div>\n\n\n\n<div style=\"height:100px\" aria-hidden=\"true\" class=\"wp-block-spacer\"><\/div>\n","protected":false},"excerpt":{"rendered":"<p>SPZZOZ im. Marsza\u0142ka J\u00f3zefa Pi\u0142sudskiego w P\u0142o\u0144sku prowadzi nast\u0119puj\u0105ce rodzaje rejestr\u00f3w: rejestr zarz\u0105dze\u0144 dyrektora, rejestry skarg i wniosk\u00f3w, centralny rejestr um\u00f3w, rejestr kontroli, rejestr transport\u00f3w mi\u0119dzyszpitalnych, rejestr darowizn finansowych i rzeczowych, rejestr polis ubezpieczeniowych, rejestr wniosk\u00f3w o wydanie nagrania- monitoring wizyjny, rejestr wykonanych kopii- monitoring wizyjny rejestr zam\u00f3wie\u0144 publicznych o warto\u015bci r\u00f3wnej lub powy\u017cej progu&hellip;&nbsp;<a href=\"http:\/\/new.szpitalplonsk.pl\/index.php\/bip\/rejestry-i-kontrole\/\" class=\"\" rel=\"bookmark\">Czytaj dalej &raquo;<span class=\"screen-reader-text\">Rejestry i Kontrole<\/span><\/a><\/p>\n","protected":false},"author":1,"featured_media":0,"parent":1450,"menu_order":0,"comment_status":"closed","ping_status":"closed","template":"","meta":{"neve_meta_sidebar":"","neve_meta_container":"","neve_meta_enable_content_width":"","neve_meta_content_width":0,"neve_meta_title_alignment":"","neve_meta_author_avatar":"","neve_post_elements_order":"","neve_meta_disable_header":"","neve_meta_disable_footer":"","neve_meta_disable_title":"","footnotes":""},"class_list":["post-1891","page","type-page","status-publish","hentry"],"_links":{"self":[{"href":"http:\/\/new.szpitalplonsk.pl\/index.php\/wp-json\/wp\/v2\/pages\/1891","targetHints":{"allow":["GET"]}}],"collection":[{"href":"http:\/\/new.szpitalplonsk.pl\/index.php\/wp-json\/wp\/v2\/pages"}],"about":[{"href":"http:\/\/new.szpitalplonsk.pl\/index.php\/wp-json\/wp\/v2\/types\/page"}],"author":[{"embeddable":true,"href":"http:\/\/new.szpitalplonsk.pl\/index.php\/wp-json\/wp\/v2\/users\/1"}],"replies":[{"embeddable":true,"href":"http:\/\/new.szpitalplonsk.pl\/index.php\/wp-json\/wp\/v2\/comments?post=1891"}],"version-history":[{"count":7,"href":"http:\/\/new.szpitalplonsk.pl\/index.php\/wp-json\/wp\/v2\/pages\/1891\/revisions"}],"predecessor-version":[{"id":1914,"href":"http:\/\/new.szpitalplonsk.pl\/index.php\/wp-json\/wp\/v2\/pages\/1891\/revisions\/1914"}],"up":[{"embeddable":true,"href":"http:\/\/new.szpitalplonsk.pl\/index.php\/wp-json\/wp\/v2\/pages\/1450"}],"wp:attachment":[{"href":"http:\/\/new.szpitalplonsk.pl\/index.php\/wp-json\/wp\/v2\/media?parent=1891"}],"curies":[{"name":"wp","href":"https:\/\/api.w.org\/{rel}","templated":true}]}}