{"id":1915,"date":"2022-09-16T10:34:13","date_gmt":"2022-09-16T10:34:13","guid":{"rendered":"http:\/\/new.szpitalplonsk.pl\/?page_id=1915"},"modified":"2022-09-16T10:37:09","modified_gmt":"2022-09-16T10:37:09","slug":"statut","status":"publish","type":"page","link":"http:\/\/new.szpitalplonsk.pl\/index.php\/bip\/statut\/","title":{"rendered":"Statut"},"content":{"rendered":"\n<p class=\"has-text-align-center\"><strong>STATUT SAMODZIELNEGO PUBLICZNEGO ZESPO\u0141U ZAK\u0141AD\u00d3W OPIEKI ZDROWOTNEJ IM. MARSZA\u0141KA J\u00d3ZEFA PI\u0141SUDSKIEGO W P\u0141O\u0143SKU<\/strong><\/p>\n\n\n\n<p class=\"has-medium-font-size\">Pliki do pobrania:<\/p>\n\n\n\n<div class=\"wp-block-file\"><a id=\"wp-block-file--media-69ded044-23f2-48c0-9fd2-4d5c190c5dcc\" href=\"http:\/\/new.szpitalplonsk.pl\/wp-content\/uploads\/2022\/09\/Uchwala-Rady-Powiatu-Plonskiego-30.09.2020.pdf\" target=\"_blank\" rel=\"noreferrer noopener\"><a href=\"http:\/\/www.szpitalplonsk.pl\/wp-content\/uploads\/2021\/01\/Uchwa\u0142a-Rady-Powiatu-P\u0142o\u0144skiego-30.09.2020.pdf\">Uchwa\u0142a Nr XXVII\/170\/2020 Rady Powiatu P\u0142o\u0144skiego z dnia 30 wrze\u015bnia 2020 roku<\/a><\/a><\/div>\n\n\n\n<div class=\"wp-block-file\"><a id=\"wp-block-file--media-6585e0d5-9204-45a2-953f-2aa8dc9cd88a\" href=\"http:\/\/new.szpitalplonsk.pl\/wp-content\/uploads\/2022\/09\/Statut-SPZZOZ-w-Plonsku.pdf\" target=\"_blank\" rel=\"noreferrer noopener\"><a href=\"http:\/\/www.szpitalplonsk.pl\/wp-content\/uploads\/2021\/01\/Statut-SPZZOZ-w-P\u0142o\u0144sku.pdf\">Statut Samodzielnego Publicznego Zespo\u0142u Zak\u0142ad\u00f3w Opieki Zdrowotnej im. Marsza\u0142ka J\u00f3zefa Pi\u0142sudskiego w P\u0142o\u0144sku<\/a><\/a><\/div>\n\n\n\n<div class=\"wp-block-buttons is-layout-flex wp-block-buttons-is-layout-flex\">\n<div class=\"wp-block-button has-custom-width wp-block-button__width-100 is-style-primary\"><a class=\"wp-block-button__link\" href=\"http:\/\/new.szpitalplonsk.pl\/index.php\/bip\/\">Wr\u00f3\u0107<\/a><\/div>\n<\/div>\n\n\n\n<div style=\"height:100px\" aria-hidden=\"true\" class=\"wp-block-spacer\"><\/div>\n","protected":false},"excerpt":{"rendered":"<p>STATUT SAMODZIELNEGO PUBLICZNEGO ZESPO\u0141U ZAK\u0141AD\u00d3W OPIEKI ZDROWOTNEJ IM. MARSZA\u0141KA J\u00d3ZEFA PI\u0141SUDSKIEGO W P\u0141O\u0143SKU Pliki do pobrania:<\/p>\n","protected":false},"author":1,"featured_media":0,"parent":1450,"menu_order":0,"comment_status":"closed","ping_status":"closed","template":"","meta":{"neve_meta_sidebar":"","neve_meta_container":"","neve_meta_enable_content_width":"","neve_meta_content_width":0,"neve_meta_title_alignment":"","neve_meta_author_avatar":"","neve_post_elements_order":"","neve_meta_disable_header":"","neve_meta_disable_footer":"","neve_meta_disable_title":"","footnotes":""},"class_list":["post-1915","page","type-page","status-publish","hentry"],"_links":{"self":[{"href":"http:\/\/new.szpitalplonsk.pl\/index.php\/wp-json\/wp\/v2\/pages\/1915","targetHints":{"allow":["GET"]}}],"collection":[{"href":"http:\/\/new.szpitalplonsk.pl\/index.php\/wp-json\/wp\/v2\/pages"}],"about":[{"href":"http:\/\/new.szpitalplonsk.pl\/index.php\/wp-json\/wp\/v2\/types\/page"}],"author":[{"embeddable":true,"href":"http:\/\/new.szpitalplonsk.pl\/index.php\/wp-json\/wp\/v2\/users\/1"}],"replies":[{"embeddable":true,"href":"http:\/\/new.szpitalplonsk.pl\/index.php\/wp-json\/wp\/v2\/comments?post=1915"}],"version-history":[{"count":4,"href":"http:\/\/new.szpitalplonsk.pl\/index.php\/wp-json\/wp\/v2\/pages\/1915\/revisions"}],"predecessor-version":[{"id":1923,"href":"http:\/\/new.szpitalplonsk.pl\/index.php\/wp-json\/wp\/v2\/pages\/1915\/revisions\/1923"}],"up":[{"embeddable":true,"href":"http:\/\/new.szpitalplonsk.pl\/index.php\/wp-json\/wp\/v2\/pages\/1450"}],"wp:attachment":[{"href":"http:\/\/new.szpitalplonsk.pl\/index.php\/wp-json\/wp\/v2\/media?parent=1915"}],"curies":[{"name":"wp","href":"https:\/\/api.w.org\/{rel}","templated":true}]}}