{"id":1924,"date":"2022-09-16T10:43:26","date_gmt":"2022-09-16T10:43:26","guid":{"rendered":"http:\/\/new.szpitalplonsk.pl\/?page_id=1924"},"modified":"2022-09-16T10:54:29","modified_gmt":"2022-09-16T10:54:29","slug":"regulamin-organizacyjny","status":"publish","type":"page","link":"http:\/\/new.szpitalplonsk.pl\/index.php\/bip\/regulamin-organizacyjny\/","title":{"rendered":"Regulamin organizacyjny"},"content":{"rendered":"\n<p class=\"has-medium-font-size\">Pliki do pobrania:<\/p>\n\n\n\n<div class=\"wp-block-file\"><a id=\"wp-block-file--media-aa86d184-45c7-4559-ab1a-fdb6aa23a76a\" href=\"http:\/\/new.szpitalplonsk.pl\/wp-content\/uploads\/2022\/09\/Zarzadzenie-nr-06-VI-2022.pdf\" target=\"_blank\" rel=\"noreferrer noopener\"><a href=\"http:\/\/www.szpitalplonsk.pl\/wp-content\/uploads\/2022\/07\/Zarz\u0105dzenie-nr-06-VI-2022.pdf\">Zarz\u0105dzenie Nr 06\/VI\/2022 Zarz\u0105dzenie w sprawie regulaminu organizacyjnego<\/a><\/a><\/div>\n\n\n\n<div class=\"wp-block-file\"><a id=\"wp-block-file--media-2d914037-a53c-4bc8-becd-66fc00b239b3\" href=\"http:\/\/new.szpitalplonsk.pl\/wp-content\/uploads\/2022\/09\/Regulamin-Organizacyjny-01.07.2022.pdf\" target=\"_blank\" rel=\"noreferrer noopener\"><a href=\"http:\/\/www.szpitalplonsk.pl\/wp-content\/uploads\/2022\/07\/Regulamin-Organizacyjny-01.07.2022.pdf\">Regulamin Organizacyjny Samodzielnego Publicznego Zespo\u0142u Zak\u0142ad\u00f3w Opieki Zdrowotnej im. Marsza\u0142ka J\u00f3zefa Pi\u0142sudskiego w P\u0142o\u0144sku<\/a><\/a><\/div>\n\n\n\n<div class=\"wp-block-file\"><a id=\"wp-block-file--media-75736ce9-2ad2-4f6e-824d-7ac34f97165d\" href=\"http:\/\/new.szpitalplonsk.pl\/wp-content\/uploads\/2022\/09\/Zal-nr-1.pdf\" target=\"_blank\" rel=\"noreferrer noopener\"><a href=\"http:\/\/www.szpitalplonsk.pl\/wp-content\/uploads\/2022\/07\/Za\u0142-nr-1.pdf\">Za\u0142\u0105cznik nr 1 do Regulaminu Organizacyjnego<\/a><\/a><\/div>\n\n\n\n<div class=\"wp-block-file\"><a id=\"wp-block-file--media-311037eb-e3d7-48c8-9977-3bd47eee2b66\" href=\"http:\/\/new.szpitalplonsk.pl\/wp-content\/uploads\/2022\/09\/Zal.-nr-2.pdf\" target=\"_blank\" rel=\"noreferrer noopener\"><a href=\"http:\/\/www.szpitalplonsk.pl\/wp-content\/uploads\/2022\/07\/Za\u0142.-nr-2.pdf\">Za\u0142\u0105cznik nr 2 do Regulaminu Organizacyjnego<\/a><\/a><\/div>\n\n\n\n<div class=\"wp-block-file\"><a id=\"wp-block-file--media-ad26ecee-fa29-46aa-be46-6b3e6605b2ca\" href=\"http:\/\/new.szpitalplonsk.pl\/wp-content\/uploads\/2022\/09\/Zal.-nr-3.pdf\" target=\"_blank\" rel=\"noreferrer noopener\"><a href=\"http:\/\/www.szpitalplonsk.pl\/wp-content\/uploads\/2022\/07\/Za\u0142.-nr-3.pdf\">Za\u0142\u0105cznik nr 3 do Regulaminu Organizacyjnego<\/a><\/a><\/div>\n\n\n\n<div class=\"wp-block-file\"><a id=\"wp-block-file--media-ec2499e6-8783-47a7-a4ed-7f36550bf4f9\" href=\"http:\/\/new.szpitalplonsk.pl\/wp-content\/uploads\/2022\/09\/Zal-nr-4-1.pdf\" target=\"_blank\" rel=\"noreferrer noopener\"><a href=\"http:\/\/www.szpitalplonsk.pl\/wp-content\/uploads\/2022\/07\/Za\u0142-nr-4.pdf\">Za\u0142\u0105cznik nr 4 do Regulaminu Organizacyjnego Cennik us\u0142ug medycznych<\/a><\/a><\/div>\n\n\n\n<div class=\"wp-block-file\"><a id=\"wp-block-file--media-67f3b82f-cf56-48ab-84ea-05de35d63317\" href=\"http:\/\/new.szpitalplonsk.pl\/wp-content\/uploads\/2022\/09\/Zal.-nr-5.pdf\" target=\"_blank\" rel=\"noreferrer noopener\"><a href=\"http:\/\/www.szpitalplonsk.pl\/wp-content\/uploads\/2022\/07\/Za\u0142.-nr-5.pdf\">Za\u0142\u0105cznik nr 5 do Regulaminu Organizacyjnego Instrukcja obserwacji pomieszcze\u0144 &#8211; monitoring wizyjny<\/a><\/a><\/div>\n\n\n\n<div class=\"wp-block-file\"><a id=\"wp-block-file--media-335cfbec-23d9-44ae-883a-6530a4ebb2bd\" href=\"http:\/\/new.szpitalplonsk.pl\/wp-content\/uploads\/2022\/09\/Zalaczniki-do-Suplementu.pdf\" target=\"_blank\" rel=\"noreferrer noopener\"><a href=\"http:\/\/www.szpitalplonsk.pl\/wp-content\/uploads\/2022\/07\/Za\u0142\u0105czniki-do-Suplementu.pdf\">Za\u0142\u0105czniki do Suplementu<\/a><\/a><\/div>\n\n\n\n<div class=\"wp-block-buttons is-layout-flex wp-block-buttons-is-layout-flex\">\n<div class=\"wp-block-button has-custom-width wp-block-button__width-100 is-style-primary\"><a class=\"wp-block-button__link\" href=\"http:\/\/new.szpitalplonsk.pl\/index.php\/bip\/\">Wr\u00f3\u0107<\/a><\/div>\n<\/div>\n\n\n\n<div style=\"height:100px\" aria-hidden=\"true\" class=\"wp-block-spacer\"><\/div>\n","protected":false},"excerpt":{"rendered":"<p>Pliki do pobrania:<\/p>\n","protected":false},"author":1,"featured_media":0,"parent":1450,"menu_order":0,"comment_status":"closed","ping_status":"closed","template":"","meta":{"neve_meta_sidebar":"","neve_meta_container":"","neve_meta_enable_content_width":"","neve_meta_content_width":0,"neve_meta_title_alignment":"","neve_meta_author_avatar":"","neve_post_elements_order":"","neve_meta_disable_header":"","neve_meta_disable_footer":"","neve_meta_disable_title":"","footnotes":""},"class_list":["post-1924","page","type-page","status-publish","hentry"],"_links":{"self":[{"href":"http:\/\/new.szpitalplonsk.pl\/index.php\/wp-json\/wp\/v2\/pages\/1924","targetHints":{"allow":["GET"]}}],"collection":[{"href":"http:\/\/new.szpitalplonsk.pl\/index.php\/wp-json\/wp\/v2\/pages"}],"about":[{"href":"http:\/\/new.szpitalplonsk.pl\/index.php\/wp-json\/wp\/v2\/types\/page"}],"author":[{"embeddable":true,"href":"http:\/\/new.szpitalplonsk.pl\/index.php\/wp-json\/wp\/v2\/users\/1"}],"replies":[{"embeddable":true,"href":"http:\/\/new.szpitalplonsk.pl\/index.php\/wp-json\/wp\/v2\/comments?post=1924"}],"version-history":[{"count":7,"href":"http:\/\/new.szpitalplonsk.pl\/index.php\/wp-json\/wp\/v2\/pages\/1924\/revisions"}],"predecessor-version":[{"id":1947,"href":"http:\/\/new.szpitalplonsk.pl\/index.php\/wp-json\/wp\/v2\/pages\/1924\/revisions\/1947"}],"up":[{"embeddable":true,"href":"http:\/\/new.szpitalplonsk.pl\/index.php\/wp-json\/wp\/v2\/pages\/1450"}],"wp:attachment":[{"href":"http:\/\/new.szpitalplonsk.pl\/index.php\/wp-json\/wp\/v2\/media?parent=1924"}],"curies":[{"name":"wp","href":"https:\/\/api.w.org\/{rel}","templated":true}]}}