{"id":1949,"date":"2022-09-16T10:56:58","date_gmt":"2022-09-16T10:56:58","guid":{"rendered":"http:\/\/new.szpitalplonsk.pl\/?page_id=1949"},"modified":"2022-09-16T10:59:59","modified_gmt":"2022-09-16T10:59:59","slug":"struktura-organizacyjna","status":"publish","type":"page","link":"http:\/\/new.szpitalplonsk.pl\/index.php\/bip\/struktura-organizacyjna\/","title":{"rendered":"Struktura organizacyjna"},"content":{"rendered":"\n<p>STRUKTURA ORGANIZACYJNA SPZZOZ IM. MARSZA\u0141KA J\u00d3ZEFA PI\u0141SUDSKIEGO W P\u0141O\u0143SKU<\/p>\n\n\n\n<p class=\"has-medium-font-size\">Pliki do pobrania:<\/p>\n\n\n\n<div class=\"wp-block-file\"><a id=\"wp-block-file--media-7ddce618-7a7e-4452-84d1-33d3356add45\" href=\"http:\/\/new.szpitalplonsk.pl\/wp-content\/uploads\/2022\/09\/Zal-nr-1-1.pdf\" target=\"_blank\" rel=\"noreferrer noopener\"><a href=\"http:\/\/www.szpitalplonsk.pl\/wp-content\/uploads\/2022\/07\/Za\u0142-nr-1.pdf\">Struktura Organizacyjna<\/a><\/a><\/div>\n\n\n\n<div class=\"wp-block-file\"><a id=\"wp-block-file--media-e67ab1c0-1ddb-4617-bfcb-c56869233018\" href=\"http:\/\/new.szpitalplonsk.pl\/wp-content\/uploads\/2022\/09\/Zal.-nr-2-1.pdf\" target=\"_blank\" rel=\"noreferrer noopener\"><a href=\"http:\/\/www.szpitalplonsk.pl\/wp-content\/uploads\/2022\/07\/Za\u0142.-nr-2.pdf\">Pion medyczny<\/a><\/a><\/div>\n\n\n\n<div class=\"wp-block-file\"><a id=\"wp-block-file--media-0f0853fc-4f24-4e13-bf68-dfe88bc85e94\" href=\"http:\/\/new.szpitalplonsk.pl\/wp-content\/uploads\/2022\/09\/Zal.-nr-3-1.pdf\" target=\"_blank\" rel=\"noreferrer noopener\"><a href=\"http:\/\/www.szpitalplonsk.pl\/wp-content\/uploads\/2022\/07\/Za\u0142.-nr-3.pdf\">Zak\u0142ad \u015awiadcze\u0144 Ambulatoryjnych<\/a><\/a><\/div>\n\n\n\n<div class=\"wp-block-buttons is-layout-flex wp-block-buttons-is-layout-flex\">\n<div class=\"wp-block-button has-custom-width wp-block-button__width-100 is-style-primary\"><a class=\"wp-block-button__link\" href=\"new.szpitalplonsk.pl\/index.php\/bip\/\">Wr\u00f3\u0107<\/a><\/div>\n<\/div>\n\n\n\n<div style=\"height:100px\" aria-hidden=\"true\" class=\"wp-block-spacer\"><\/div>\n","protected":false},"excerpt":{"rendered":"<p>STRUKTURA ORGANIZACYJNA SPZZOZ IM. MARSZA\u0141KA J\u00d3ZEFA PI\u0141SUDSKIEGO W P\u0141O\u0143SKU Pliki do pobrania:<\/p>\n","protected":false},"author":1,"featured_media":0,"parent":1450,"menu_order":0,"comment_status":"closed","ping_status":"closed","template":"","meta":{"neve_meta_sidebar":"","neve_meta_container":"","neve_meta_enable_content_width":"","neve_meta_content_width":0,"neve_meta_title_alignment":"","neve_meta_author_avatar":"","neve_post_elements_order":"","neve_meta_disable_header":"","neve_meta_disable_footer":"","neve_meta_disable_title":"","footnotes":""},"class_list":["post-1949","page","type-page","status-publish","hentry"],"_links":{"self":[{"href":"http:\/\/new.szpitalplonsk.pl\/index.php\/wp-json\/wp\/v2\/pages\/1949","targetHints":{"allow":["GET"]}}],"collection":[{"href":"http:\/\/new.szpitalplonsk.pl\/index.php\/wp-json\/wp\/v2\/pages"}],"about":[{"href":"http:\/\/new.szpitalplonsk.pl\/index.php\/wp-json\/wp\/v2\/types\/page"}],"author":[{"embeddable":true,"href":"http:\/\/new.szpitalplonsk.pl\/index.php\/wp-json\/wp\/v2\/users\/1"}],"replies":[{"embeddable":true,"href":"http:\/\/new.szpitalplonsk.pl\/index.php\/wp-json\/wp\/v2\/comments?post=1949"}],"version-history":[{"count":4,"href":"http:\/\/new.szpitalplonsk.pl\/index.php\/wp-json\/wp\/v2\/pages\/1949\/revisions"}],"predecessor-version":[{"id":1966,"href":"http:\/\/new.szpitalplonsk.pl\/index.php\/wp-json\/wp\/v2\/pages\/1949\/revisions\/1966"}],"up":[{"embeddable":true,"href":"http:\/\/new.szpitalplonsk.pl\/index.php\/wp-json\/wp\/v2\/pages\/1450"}],"wp:attachment":[{"href":"http:\/\/new.szpitalplonsk.pl\/index.php\/wp-json\/wp\/v2\/media?parent=1949"}],"curies":[{"name":"wp","href":"https:\/\/api.w.org\/{rel}","templated":true}]}}