{"id":195,"date":"2022-07-21T13:59:37","date_gmt":"2022-07-21T11:59:37","guid":{"rendered":"http:\/\/127.0.0.1\/wordpress\/?page_id=195"},"modified":"2022-09-16T07:35:01","modified_gmt":"2022-09-16T07:35:01","slug":"szpitalny-oddzial-ratunkowy","status":"publish","type":"page","link":"http:\/\/new.szpitalplonsk.pl\/index.php\/uslugi-szpitalne\/szpitalny-oddzial-ratunkowy\/","title":{"rendered":"Szpitalny Oddzia\u0142 Ratunkowy"},"content":{"rendered":"\n<p><strong>Personel Szpitalnego Oddzia\u0142u Ratunkowego<\/strong><br><strong>Kierownik:<\/strong> lek. Justyna Sieklucka<br><strong>Piel\u0119gniarka Oddzia\u0142owa:<\/strong> Alina Maria Godlewska<\/p>\n\n\n\n<p><strong>Kontakt:<\/strong><br><strong>SOR<\/strong> \u2013 23\/662 99-02<br><strong>Izba Przyj\u0119\u0107<\/strong> \u2013 23\/661 \u2013 34 \u2013 00 wew. 498<br><strong>Gabinet lekarski<\/strong> \u2013 23\/661 \u2013 34 \u2013 00 wew. 327<br><strong>Sala obserwacyjna<\/strong> \u2013 23\/661 \u2013 34 \u2013 00 wew. 406<\/p>\n\n\n\n<p>Szpitalny Oddzia\u0142 Ratunkowy \u015bwiadczy us\u0142ugi medyczne polegaj\u0105ce na wst\u0119pnej diagnostyce laboratoryjnej i obrazowej oraz stabilizacji funkcji \u017cyciowych i leczeniu pacjent\u00f3w (doros\u0142ych i dzieci) znajduj\u0105cych si\u0119 w stanie po\u015bredniego i bezpo\u015bredniego zagro\u017cenia zdrowia lub \u017cycia a tak\u017ce w sytuacji zaostrzenia objaw\u00f3w choroby przewlek\u0142ej. Szpitalny Oddzia\u0142 Ratunkowy zaopatruje pacjent\u00f3w przekazanych przez Zespo\u0142y Ratownictwa Medycznego, Lotnicze Pogotowie Ratunkowe, skierowanych z POZ przez lekarzy rodzinnych lub samodzielnie zg\u0142aszaj\u0105cych si\u0119 do szpitala. Pacjent powinien zg\u0142osi\u0107 si\u0119 do SOR kiedy wyst\u0119puje jeden z nast\u0119puj\u0105cych objaw\u00f3w:<\/p>\n\n\n\n<ul class=\"wp-block-list\"><li>silny b\u00f3l w klatce piersiowej<\/li><li>duszno\u015b\u0107 lub trudno\u015bci w oddychaniu<\/li><li>nag\u0142e objawy neurologiczne&nbsp; np.: silne b\u00f3le g\u0142owy, zawroty g\u0142owy, zaburzenia r\u00f3wnowagi, zaburzenia czucia lub niedow\u0142ady ko\u0144czyn itp.<\/li><li>silne b\u00f3le brzucha lub objawy z uk\u0142adu pokarmowego, kt\u00f3re nie ust\u0119puj\u0105 po leczeniu dora\u017anym<\/li><li>wszelkiego rodzaju krwotoki i krwawienia<\/li><li>objawy choroby przewlek\u0142ej, kt\u00f3re uleg\u0142y zaostrzeniu<\/li><li>powa\u017cny uraz taki jak: uraz g\u0142owy, klatki piersiowej, kr\u0119gos\u0142upa lub ko\u0144czyn je\u015bli dosz\u0142o do deformacji kostnej lub zaburze\u0144 ruchomo\u015bci<\/li><li>objawy s\u0105 zwi\u0105zane z wypadkiem komunikacyjnym, w pracy, upadkiem z wysoko\u015bci itp.<\/li><li>zatrucia r\u00f3\u017cnego rodzaju substancjami lub zatrucia pokarmowe<\/li><li>gor\u0105czka nieokre\u015blona \u2013 bez efektu po leczeniu u lek rodzinnego lub po stosowaniu lek\u00f3w p\/gor\u0105czkowych.<\/li><\/ul>\n\n\n\n<p>Pozosta\u0142e przypadki medyczne, drobne urazy czy pacjenci potrzebuj\u0105cy za\u015bwiadcze\u0144 medycznych\/skierowa\u0144\/recept\/ZUS ZLA powinni zg\u0142osi\u0107 si\u0119 w pierwszej kolejno\u015bci do swojego lekarza rodzinnego.<\/p>\n\n\n\n<p>W SOR funkcjonuje system segregowania pacjent\u00f3w \u2013 TOP SOR. Ka\u017cdy pacjent podlega segregacji medycznej przez osob\u0119 do tego wykwalifikowana- piel\u0119gniarka lub ratownik medyczny, kt\u00f3ra po zebraniu wywiadu i zmierzeniu podstawowych parametr\u00f3w \u017cyciowych kwalifikuje pacjenta do jednej z 5 grup kolorystycznych , od kt\u00f3rych zale\u017cy czas przyj\u0119cia pacjenta przez lekarza. W sytuacji gdy stan pacjenta w trakcie oczekiwania na badanie lekarskie si\u0119 zmienia , tria\u017cysta dokonuje ponownej oceny pacjenta. System ten pozwala na przyjmowanie pacjent\u00f3w w kolejno\u015bci niezale\u017cnej od zg\u0142oszenia si\u0119 chorych a w zale\u017cno\u015bci od stanu klinicznego pacjenta i udzielenia pomocy w pierwszej kolejno\u015bci osobom znajduj\u0105cym si\u0119&nbsp; w stanie zagro\u017cenia zdrowia lub \u017cycia.<\/p>\n\n\n\n<p>Szpitalny Oddzia\u0142 Ratunkowy znajduje si\u0119 na parterze budynku C. Dysponuje 10 &nbsp;\u0142\u00f3\u017ckami, w tym 2 intensywnego nadzoru medycznego. Na dy\u017curze jest 2 lekarzy \u2013 jeden lekarz zachowawczy , kt\u00f3ry zajmuje si\u0119 przypadkami og\u00f3lnymi i internistycznymi oraz drugi lekarz zabiegowy, kt\u00f3ry zajmuje si\u0119 pacjentami urazowymi\/wypadkami\/pacjentami chirurgicznymi oraz 5 piel\u0119gniarek\/ratownik\u00f3w medycznych. W strukturze SOR-u znajduje si\u0119 obszar rejestracji i segregacji pacjent\u00f3w, obszar konsultacyjny ( 3 gabinety) , obszar resuscytacyjny (sala reanimacyjna i zabiegowa) oraz obszar obserwacyjny. SOR ma ca\u0142odobowy dost\u0119p do diagnostyki laboratoryjnej, diagnostyki obrazowej &nbsp;czy pracowni bronchoskopowej.&nbsp; Przy szpitalu funkcjonuje l\u0105dowisko dla Lotniczego Pogotowia Ratunkowego co &nbsp;umo\u017cliwia transport lotniczy pacjent\u00f3w w stanie bezpo\u015bredniego zagro\u017cenia \u017cycia, kt\u00f3rzy wymagaj\u0105 leczenia w innym o\u015brodku medycznym.<\/p>\n\n\n\n<div class=\"wp-block-buttons is-content-justification-right is-layout-flex wp-container-core-buttons-is-layout-765c4724 wp-block-buttons-is-layout-flex\">\n<div class=\"wp-block-button has-custom-width wp-block-button__width-100 is-style-primary\"><a class=\"wp-block-button__link\" href=\"http:\/\/new.szpitalplonsk.pl\/index.php\/uslugi-szpitalne\/\">Wr\u00f3\u0107<\/a><\/div>\n<\/div>\n\n\n\n<div style=\"height:100px\" aria-hidden=\"true\" class=\"wp-block-spacer\"><\/div>\n","protected":false},"excerpt":{"rendered":"<p>Personel Szpitalnego Oddzia\u0142u RatunkowegoKierownik: lek. Justyna SiekluckaPiel\u0119gniarka Oddzia\u0142owa: Alina Maria Godlewska Kontakt:SOR \u2013 23\/662 99-02Izba Przyj\u0119\u0107 \u2013 23\/661 \u2013 34 \u2013 00 wew. 498Gabinet lekarski \u2013 23\/661 \u2013 34 \u2013 00 wew. 327Sala obserwacyjna \u2013 23\/661 \u2013 34 \u2013 00 wew. 406 Szpitalny Oddzia\u0142 Ratunkowy \u015bwiadczy us\u0142ugi medyczne polegaj\u0105ce na wst\u0119pnej diagnostyce laboratoryjnej i obrazowej&hellip;&nbsp;<a href=\"http:\/\/new.szpitalplonsk.pl\/index.php\/uslugi-szpitalne\/szpitalny-oddzial-ratunkowy\/\" class=\"\" rel=\"bookmark\">Czytaj dalej &raquo;<span class=\"screen-reader-text\">Szpitalny Oddzia\u0142 Ratunkowy<\/span><\/a><\/p>\n","protected":false},"author":1,"featured_media":0,"parent":59,"menu_order":0,"comment_status":"closed","ping_status":"closed","template":"","meta":{"neve_meta_sidebar":"","neve_meta_container":"","neve_meta_enable_content_width":"","neve_meta_content_width":0,"neve_meta_title_alignment":"","neve_meta_author_avatar":"","neve_post_elements_order":"","neve_meta_disable_header":"","neve_meta_disable_footer":"","neve_meta_disable_title":"","footnotes":""},"class_list":["post-195","page","type-page","status-publish","hentry"],"_links":{"self":[{"href":"http:\/\/new.szpitalplonsk.pl\/index.php\/wp-json\/wp\/v2\/pages\/195","targetHints":{"allow":["GET"]}}],"collection":[{"href":"http:\/\/new.szpitalplonsk.pl\/index.php\/wp-json\/wp\/v2\/pages"}],"about":[{"href":"http:\/\/new.szpitalplonsk.pl\/index.php\/wp-json\/wp\/v2\/types\/page"}],"author":[{"embeddable":true,"href":"http:\/\/new.szpitalplonsk.pl\/index.php\/wp-json\/wp\/v2\/users\/1"}],"replies":[{"embeddable":true,"href":"http:\/\/new.szpitalplonsk.pl\/index.php\/wp-json\/wp\/v2\/comments?post=195"}],"version-history":[{"count":3,"href":"http:\/\/new.szpitalplonsk.pl\/index.php\/wp-json\/wp\/v2\/pages\/195\/revisions"}],"predecessor-version":[{"id":1674,"href":"http:\/\/new.szpitalplonsk.pl\/index.php\/wp-json\/wp\/v2\/pages\/195\/revisions\/1674"}],"up":[{"embeddable":true,"href":"http:\/\/new.szpitalplonsk.pl\/index.php\/wp-json\/wp\/v2\/pages\/59"}],"wp:attachment":[{"href":"http:\/\/new.szpitalplonsk.pl\/index.php\/wp-json\/wp\/v2\/media?parent=195"}],"curies":[{"name":"wp","href":"https:\/\/api.w.org\/{rel}","templated":true}]}}