{"id":1973,"date":"2022-09-16T11:03:48","date_gmt":"2022-09-16T11:03:48","guid":{"rendered":"http:\/\/new.szpitalplonsk.pl\/?page_id=1973"},"modified":"2022-09-16T11:04:44","modified_gmt":"2022-09-16T11:04:44","slug":"dokumentacja-medyczna","status":"publish","type":"page","link":"http:\/\/new.szpitalplonsk.pl\/index.php\/bip\/dokumentacja-medyczna\/","title":{"rendered":"Dokumentacja medyczna"},"content":{"rendered":"\n<p>Dokumentacja medyczna udost\u0119pniana jest zgodnie z zapisami art. 26 ustawy z dnia 6 listopada 2008r.o prawach pacjenta i Rzeczniku Praw Pacjenta (Dz.U. 52, poz.417 z p\u00f3\u017an.zm.).<\/p>\n\n\n\n<p>Dokumentacja medyczna udost\u0119pniana jest:<\/p>\n\n\n\n<ul class=\"wp-block-list\"><li>pacjentowi,<\/li><li>przedstawicielowi ustawowemu pacjenta,<\/li><li>osobie upowa\u017cnionej przez pacjenta, o ile takie upowa\u017cnienie jest w dokumentacji medycznej,<\/li><li>podmiotom i organom wymienionym w ww. ustawie.<\/li><\/ul>\n\n\n\n<p>Udost\u0119pniana jest dokumentacja bie\u017c\u0105ca i archiwalna.<\/p>\n\n\n\n<p><strong>Formy udost\u0119pniania<\/strong><\/p>\n\n\n\n<p>Dokumentacja jest udost\u0119pniana:<\/p>\n\n\n\n<ol class=\"wp-block-list\"><li>do wgl\u0105du w siedzibie podmiotu udzielaj\u0105cego \u015bwiadcze\u0144 zdrowotnych (oddzia\u0142, poradnia, pracownia itp.) w obecno\u015bci pracownika medycznego wskazanego przez ordynatora\/kierownika danej kom\u00f3rki organizacyjnej, za\u015b w przypadku dokumentacji przekazanej do archiwum w obecno\u015bci pracownika Dzia\u0142u Analiz i Statystyki;<\/li><li>poprzez sporz\u0105dzenie jej wyci\u0105g\u00f3w, odpis\u00f3w lub kopii.<\/li><\/ol>\n\n\n\n<p><strong>Zasady udost\u0119pniania dokumentacji medycznej<\/strong><\/p>\n\n\n\n<p>Dokumentacja medyczna udost\u0119pniana jest przez Dzia\u0142 Analiz i Statystyki Medycznej na pisemny wniosek osoby uprawnionej.<\/p>\n\n\n\n<p>Formularze wniosk\u00f3w s\u0105 dost\u0119pne w:<\/p>\n\n\n\n<ul class=\"wp-block-list\"><li>Dziale Analiz i Statystyki Medycznej;<\/li><li>na stronie internetowej szpitala&nbsp;<a href=\"http:\/\/www.szpitalplonsk.pl\/\">www.szpitalplonsk.pl<\/a><\/li><\/ul>\n\n\n\n<p>Wniosek o udost\u0119pnienie dokumentacji medycznej mo\u017cna z\u0142o\u017cy\u0107 osobi\u015bcie lub poczt\u0105.<\/p>\n\n\n\n<p>Wszelkie informacje dotycz\u0105ce wype\u0142nienia wniosku o udost\u0119pnienie dokumentacji medycznej mo\u017cna uzyska\u0107 pod numerem tel.23 661 34 00 wew.494.<\/p>\n\n\n\n<p><strong>Wzory formularzy<\/strong><\/p>\n\n\n\n<ul class=\"wp-block-list\"><li><a href=\"http:\/\/www.szpitalplonsk.pl\/wp-content\/uploads\/2018\/11\/F_01_.doc\">Formularz wniosku o sporz\u0105dzenie wyci\u0105gu\/odpisu\/kopii dokumentacji medycznej [DOC]<\/a><\/li><li><a href=\"http:\/\/www.szpitalplonsk.pl\/wp-content\/uploads\/2018\/11\/F_01_.pdf\">Formularz wniosku o sporz\u0105dzenie wyci\u0105gu\/odpisu\/kopii dokumentacji medycznej [PDF]<\/a><\/li><\/ul>\n\n\n\n<p><strong>Odbi\u00f3r wnioskowanej dokumentacji<\/strong><\/p>\n\n\n\n<p>Kopie dokumentacji&nbsp;archiwalnej i bie\u017c\u0105cej&nbsp;nale\u017cy odebra\u0107 osobi\u015bcie w Dziale Analiz i Statystyki Medycznej (II pi\u0119tro, budynek B Szpitala), od poniedzia\u0142ku do pi\u0105tku w godzinach 8.00 \u2013 14.00. Dokumentacj\u0119 medyczn\u0105 na pro\u015bb\u0119 wnioskodawcy wysy\u0142amy r\u00f3wnie\u017c poczt\u0105 \u2013 listem poleconym za potwierdzeniem odbioru.<\/p>\n\n\n\n<p>Osoby odbieraj\u0105ce dokumentacj\u0119 proszone s\u0105 o okazanie dokumentu potwierdzaj\u0105cego to\u017csamo\u015b\u0107 (dow\u00f3d osobisty, paszport, prawo jazdy). W przypadku przedstawicieli ustawowych dodatkowo akt urodzenia dziecka lub decyzja s\u0105du.<\/p>\n\n\n\n<p><strong>Op\u0142ata za udost\u0119pnianie dokumentacji medycznej&nbsp;<\/strong><em>( zgodnie z Zarz\u0105dzeniem nr 08\/IX\/2020 Dyrektora SPZZOZ w P\u0142o\u0144sku)<\/em><\/p>\n\n\n\n<ul class=\"wp-block-list\"><li>Za udost\u0119pnienie dokumentacji medycznej w formie wyci\u0105g\u00f3w, odpis\u00f3w lub kopii pobierana jest&nbsp;op\u0142ata. Podstaw\u0105 wyliczenia kwoty odp\u0142atno\u015bci jest art. 28 ustawy o prawach pacjenta i Rzeczniku Praw Pacjenta.<\/li><li>Za sporz\u0105dzenie 1 strony wyci\u0105gu\/ odpisu dokumentacji medycznej \u2013 op\u0142ata wynosi 10,05z\u0142.<\/li><li>Za sporz\u0105dzenie kopii dokumentacji medycznej \u2013 op\u0142ata wynosi 0,35z\u0142. za 1 stron\u0119<\/li><li>Za sporz\u0105dzenie wyci\u0105gu\/odpisu\/kopii dokumentacji medycznej na no\u015bniku elektronicznym \u2013 op\u0142ata wynosi 2,01z\u0142.<\/li><\/ul>\n\n\n\n<div class=\"wp-block-buttons is-layout-flex wp-block-buttons-is-layout-flex\">\n<div class=\"wp-block-button has-custom-width wp-block-button__width-100 is-style-primary\"><a class=\"wp-block-button__link\" href=\"http:\/\/new.szpitalplonsk.pl\/index.php\/bip\/\">Wr\u00f3\u0107<\/a><\/div>\n<\/div>\n","protected":false},"excerpt":{"rendered":"<p>Dokumentacja medyczna udost\u0119pniana jest zgodnie z zapisami art. 26 ustawy z dnia 6 listopada 2008r.o prawach pacjenta i Rzeczniku Praw Pacjenta (Dz.U. 52, poz.417 z p\u00f3\u017an.zm.). Dokumentacja medyczna udost\u0119pniana jest: pacjentowi, przedstawicielowi ustawowemu pacjenta, osobie upowa\u017cnionej przez pacjenta, o ile takie upowa\u017cnienie jest w dokumentacji medycznej, podmiotom i organom wymienionym w ww. ustawie. Udost\u0119pniana jest&hellip;&nbsp;<a href=\"http:\/\/new.szpitalplonsk.pl\/index.php\/bip\/dokumentacja-medyczna\/\" class=\"\" rel=\"bookmark\">Czytaj dalej &raquo;<span class=\"screen-reader-text\">Dokumentacja medyczna<\/span><\/a><\/p>\n","protected":false},"author":1,"featured_media":0,"parent":1450,"menu_order":0,"comment_status":"closed","ping_status":"closed","template":"","meta":{"neve_meta_sidebar":"","neve_meta_container":"","neve_meta_enable_content_width":"","neve_meta_content_width":0,"neve_meta_title_alignment":"","neve_meta_author_avatar":"","neve_post_elements_order":"","neve_meta_disable_header":"","neve_meta_disable_footer":"","neve_meta_disable_title":"","footnotes":""},"class_list":["post-1973","page","type-page","status-publish","hentry"],"_links":{"self":[{"href":"http:\/\/new.szpitalplonsk.pl\/index.php\/wp-json\/wp\/v2\/pages\/1973","targetHints":{"allow":["GET"]}}],"collection":[{"href":"http:\/\/new.szpitalplonsk.pl\/index.php\/wp-json\/wp\/v2\/pages"}],"about":[{"href":"http:\/\/new.szpitalplonsk.pl\/index.php\/wp-json\/wp\/v2\/types\/page"}],"author":[{"embeddable":true,"href":"http:\/\/new.szpitalplonsk.pl\/index.php\/wp-json\/wp\/v2\/users\/1"}],"replies":[{"embeddable":true,"href":"http:\/\/new.szpitalplonsk.pl\/index.php\/wp-json\/wp\/v2\/comments?post=1973"}],"version-history":[{"count":2,"href":"http:\/\/new.szpitalplonsk.pl\/index.php\/wp-json\/wp\/v2\/pages\/1973\/revisions"}],"predecessor-version":[{"id":1980,"href":"http:\/\/new.szpitalplonsk.pl\/index.php\/wp-json\/wp\/v2\/pages\/1973\/revisions\/1980"}],"up":[{"embeddable":true,"href":"http:\/\/new.szpitalplonsk.pl\/index.php\/wp-json\/wp\/v2\/pages\/1450"}],"wp:attachment":[{"href":"http:\/\/new.szpitalplonsk.pl\/index.php\/wp-json\/wp\/v2\/media?parent=1973"}],"curies":[{"name":"wp","href":"https:\/\/api.w.org\/{rel}","templated":true}]}}