{"id":1997,"date":"2022-09-16T11:10:47","date_gmt":"2022-09-16T11:10:47","guid":{"rendered":"http:\/\/new.szpitalplonsk.pl\/?page_id=1997"},"modified":"2022-09-16T11:10:48","modified_gmt":"2022-09-16T11:10:48","slug":"zasady-przyjecia-do-oddzialow-szpitalnych","status":"publish","type":"page","link":"http:\/\/new.szpitalplonsk.pl\/index.php\/bip\/zasady-przyjecia-do-oddzialow-szpitalnych\/","title":{"rendered":"Zasady przyj\u0119cia do oddzia\u0142ow szpitalnych"},"content":{"rendered":"\n<p><strong>1.&nbsp;<\/strong><strong>Przyj\u0119cia<\/strong><\/p>\n\n\n\n<p>Pacjenci przyjmowani s\u0105 do&nbsp;szpitala w&nbsp;trybie nag\u0142ym lub planowym.<\/p>\n\n\n\n<p>Przyj\u0119cie \u201enag\u0142e\u201d odbywa si\u0119 bez&nbsp;skierowania ewentualnie ze&nbsp;skierowaniem otrzymanym podczas udzielania pomocy dora\u017anej.<\/p>\n\n\n\n<p>Przyj\u0119cie \u201eplanowe\u201d wymaga pisemnego skierowania wydanego przez&nbsp;lekarza. Nast\u0119puje w&nbsp;dniu ustalonym wcze\u015bniej, wed\u0142ug listy oczekuj\u0105cych. W&nbsp;przypadku, gdy&nbsp;przyjmuj\u0105cy pacjenta lekarz dy\u017curuj\u0105cy stwierdzi, \u017ce&nbsp;pojawi\u0142y si\u0119 przeciwwskazania do&nbsp;hospitalizacji, wyznaczana jest inna data.<\/p>\n\n\n\n<p><strong>2.&nbsp;<\/strong><strong>Skierowanie powinno zawiera\u0107:<\/strong><\/p>\n\n\n\n<ul class=\"wp-block-list\"><li>dane osobowe pacjenta,<\/li><li>rozpoznanie,<\/li><li>dane lekarza wystawiaj\u0105cego wraz z&nbsp;numerem prawa do&nbsp;wykonywania zawodu,<\/li><li>numer umowy z&nbsp;NFZ,<\/li><li>dat\u0119 wystawienia.<\/li><\/ul>\n\n\n\n<p><strong>3.&nbsp;<\/strong><strong>Dokumenty niezb\u0119dne podczas przyj\u0119cia \u201eplanowego\u201d i nag\u0142ego : Pacjent powinien zg\u0142osi\u0107 si\u0119 z nast\u0119puj\u0105cymi dokumentami:<\/strong><\/p>\n\n\n\n<ul class=\"wp-block-list\"><li>skierowanie do szpitala,<\/li><li>dokument potwierdzaj\u0105cy to\u017csamo\u015b\u0107 \u2013 dow\u00f3d osobisty, prawo jazdy lub paszport,<\/li><li>obcokrajowcowi powinni przedstawia\u0107 rodzaj i numer karty pobytu oraz numer identyfikacyjny Unii Europejskiej,<\/li><li>dokumenty dot. Stanu zdrowia lub wcze\u015bniejszych pobyt\u00f3w w szpitalu, np. karta informacyjna z wcze\u015bniejszego leczenia szpitalnego, wyniki bada\u0144, konsultacji, itp.<\/li><\/ul>\n\n\n\n<p>Nast\u0119pnie pacjent badany jest przez odpowiedniego lekarza z oddzia\u0142u, kt\u00f3ry dokonuje kwalifikacji do leczenia (kwalifikacje do leczenia szpitalnego lub inna decyzja).<\/p>\n\n\n\n<p>Je\u015bli pacjent zostaje zakwalifikowany do leczenia szpitalnego, powinien potwierdzi\u0107 ten fakt podpisem na poni\u017cszych dokumentach:<\/p>\n\n\n\n<ul class=\"wp-block-list\"><li>zgod\u0119 na hospitalizacj\u0119,<\/li><li>o\u015bwiadczenie o wyra\u017ceniu (b\u0105d\u017a nie wyra\u017ceniu) zgody na udzielenie informacji o jego stanie zdrowia, udost\u0119pnianie dokumentacji medycznej, wyznaczania os\u00f3b do kontaktu oraz o poinformowaniu o przys\u0142uguj\u0105cych prawach i zapoznaniu si\u0119 z Kart\u0105 Praw Pacjenta.<\/li><\/ul>\n\n\n\n<p>Po za\u0142atwieniu cz\u0119\u015bci formalnej, pacjent przebiera si\u0119, pozostawia rzeczy w Depozycie lub odzie\u017c wierzchni\u0105 zabiera rodzina, a nast\u0119pnie w towarzystwie personelu szpitalnego trafia na w\u0142a\u015bciwy oddzia\u0142.<\/p>\n\n\n\n<p><strong>4.&nbsp;<\/strong><strong>Zg\u0142aszaj\u0105c si\u0119 do&nbsp;Szpitala pacjent powinien zabra\u0107 ze sob\u0105:<\/strong><\/p>\n\n\n\n<ul class=\"wp-block-list\"><li>pi\u017cam\u0119 i kapcie,<\/li><li>szlafrok,<\/li><li>bielizn\u0119 osobist\u0105,<\/li><li>r\u0119cznik,<\/li><li>przybory toaletowe,<\/li><li>sztu\u0107ce<\/li><\/ul>\n\n\n\n<p><strong>UWAGA!<\/strong><\/p>\n\n\n\n<ul class=\"wp-block-list\"><li>O kolejno\u015bci przyjmowania na poszczeg\u00f3lne oddzia\u0142y decyduje kolejno\u015b\u0107 zg\u0142aszania si\u0119 do Izby Przyj\u0119\u0107, za wyj\u0105tkiem os\u00f3b wymagaj\u0105cych szybkiego dokonania procedury przyj\u0119cia.<\/li><li>W przypadku os\u00f3b, kt\u00f3re nie uko\u0144czy\u0142y 16 roku \u017cycia wszystkie dokumenty podpisywane s\u0105 przez rodzic\u00f3w b\u0105d\u017a prawomocnych opiekun\u00f3w. Osoby w wieku 16-18 lat podpisuj\u0105 dokumenty wraz z rodzicami b\u0105d\u017a prawomocnymi opiekunami. Samodzielnie podpisuj\u0105 dokumenty osoby, kt\u00f3re uko\u0144czy\u0142y 18 lat.<\/li><li>W przypadku os\u00f3b chorych psychicznie b\u0105d\u017a ubezw\u0142asnowolnionych wymagane s\u0105 podpisy opiekun\u00f3w prawnych.<\/li><li>Brak potwierdzenia uprawniaj\u0105cego do bezp\u0142atnych \u015bwiadcze\u0144 opieki zdrowotnej nie mo\u017ce by\u0107 powodem odmowy udzielenia \u015bwiadczenia lub obci\u0105\u017cenia kosztami leczenia w stanie nag\u0142ym \u2013 dokument ten mo\u017ce zosta\u0107 przedstawiony w innym czasie, ale \u2013 je\u017celi pacjent jest hospitalizowany \u2013 nie p\u00f3\u017aniej ni\u017c 30 dni od dnia rozpocz\u0119cia udzielenia \u015bwiadczenia.<\/li><\/ul>\n\n\n\n<p><strong>5.&nbsp;<\/strong><strong>Wypisy<\/strong><\/p>\n\n\n\n<p><strong>Pacjent jest wypisywany ze&nbsp;szpitala, gdy:<\/strong><\/p>\n\n\n\n<ul class=\"wp-block-list\"><li>stan jego zdrowia nie&nbsp;wymaga dalszej hospitalizacji,<\/li><li>za\u017c\u0105da wypisu sam lub uczyni to&nbsp;w&nbsp;jego imieniu przedstawiciel ustawowy,<\/li><li>w&nbsp;spos\u00f3b ra\u017c\u0105cy naruszy regulamin szpitala, a&nbsp;nie zachodzi przy tym obawa, i\u017c wypis mo\u017ce spowodowa\u0107 bezpo\u015brednie niebezpiecze\u0144stwo dla jego zdrowia lub \u017cycia b\u0105d\u017a zdrowia lub \u017cycia innym os\u00f3b.<\/li><\/ul>\n\n\n\n<p>O&nbsp;wypisie pacjent jest informowany podczas wizyty lekarskiej. Karta informacyjna oraz&nbsp;\u2013 ewentualnie \u2013 recepty i&nbsp;inne dokumenty \u2013 s\u0105 do&nbsp;odebrania w&nbsp;sekretariacie oddzia\u0142u.<\/p>\n\n\n\n<p>Pacjent wyst\u0119puj\u0105cy o&nbsp;wypis na&nbsp;w\u0142asne \u017c\u0105danie zobowi\u0105zany jest do&nbsp;z\u0142o\u017cenia pisemnego o\u015bwiadczenia w&nbsp;tej sprawie. Fakt ten jest odnotowywany w&nbsp;dokumentacji medycznej.<\/p>\n\n\n\n<p><strong>Pacjenci bez skierowa\u0144 w stanach \u017cycia i nag\u0142ego pogorszenia stanu zdrowia przyjmowani s\u0105 w ramach Szpitalnego oddzia\u0142u ratunkowego.<\/strong><\/p>\n\n\n\n<div class=\"wp-block-buttons is-layout-flex wp-block-buttons-is-layout-flex\">\n<div class=\"wp-block-button has-custom-width wp-block-button__width-100 is-style-primary\"><a class=\"wp-block-button__link\" href=\"http:\/\/new.szpitalplonsk.pl\/index.php\/bip\/\">Wr\u00f3\u0107<\/a><\/div>\n<\/div>\n","protected":false},"excerpt":{"rendered":"<p>1.&nbsp;Przyj\u0119cia Pacjenci przyjmowani s\u0105 do&nbsp;szpitala w&nbsp;trybie nag\u0142ym lub planowym. Przyj\u0119cie \u201enag\u0142e\u201d odbywa si\u0119 bez&nbsp;skierowania ewentualnie ze&nbsp;skierowaniem otrzymanym podczas udzielania pomocy dora\u017anej. Przyj\u0119cie \u201eplanowe\u201d wymaga pisemnego skierowania wydanego przez&nbsp;lekarza. Nast\u0119puje w&nbsp;dniu ustalonym wcze\u015bniej, wed\u0142ug listy oczekuj\u0105cych. W&nbsp;przypadku, gdy&nbsp;przyjmuj\u0105cy pacjenta lekarz dy\u017curuj\u0105cy stwierdzi, \u017ce&nbsp;pojawi\u0142y si\u0119 przeciwwskazania do&nbsp;hospitalizacji, wyznaczana jest inna data. 2.&nbsp;Skierowanie powinno zawiera\u0107: dane osobowe pacjenta,&hellip;&nbsp;<a href=\"http:\/\/new.szpitalplonsk.pl\/index.php\/bip\/zasady-przyjecia-do-oddzialow-szpitalnych\/\" class=\"\" rel=\"bookmark\">Czytaj dalej &raquo;<span class=\"screen-reader-text\">Zasady przyj\u0119cia do oddzia\u0142ow szpitalnych<\/span><\/a><\/p>\n","protected":false},"author":1,"featured_media":0,"parent":1450,"menu_order":0,"comment_status":"closed","ping_status":"closed","template":"","meta":{"neve_meta_sidebar":"","neve_meta_container":"","neve_meta_enable_content_width":"","neve_meta_content_width":0,"neve_meta_title_alignment":"","neve_meta_author_avatar":"","neve_post_elements_order":"","neve_meta_disable_header":"","neve_meta_disable_footer":"","neve_meta_disable_title":"","footnotes":""},"class_list":["post-1997","page","type-page","status-publish","hentry"],"_links":{"self":[{"href":"http:\/\/new.szpitalplonsk.pl\/index.php\/wp-json\/wp\/v2\/pages\/1997","targetHints":{"allow":["GET"]}}],"collection":[{"href":"http:\/\/new.szpitalplonsk.pl\/index.php\/wp-json\/wp\/v2\/pages"}],"about":[{"href":"http:\/\/new.szpitalplonsk.pl\/index.php\/wp-json\/wp\/v2\/types\/page"}],"author":[{"embeddable":true,"href":"http:\/\/new.szpitalplonsk.pl\/index.php\/wp-json\/wp\/v2\/users\/1"}],"replies":[{"embeddable":true,"href":"http:\/\/new.szpitalplonsk.pl\/index.php\/wp-json\/wp\/v2\/comments?post=1997"}],"version-history":[{"count":1,"href":"http:\/\/new.szpitalplonsk.pl\/index.php\/wp-json\/wp\/v2\/pages\/1997\/revisions"}],"predecessor-version":[{"id":2000,"href":"http:\/\/new.szpitalplonsk.pl\/index.php\/wp-json\/wp\/v2\/pages\/1997\/revisions\/2000"}],"up":[{"embeddable":true,"href":"http:\/\/new.szpitalplonsk.pl\/index.php\/wp-json\/wp\/v2\/pages\/1450"}],"wp:attachment":[{"href":"http:\/\/new.szpitalplonsk.pl\/index.php\/wp-json\/wp\/v2\/media?parent=1997"}],"curies":[{"name":"wp","href":"https:\/\/api.w.org\/{rel}","templated":true}]}}