{"id":2010,"date":"2022-09-16T11:25:13","date_gmt":"2022-09-16T11:25:13","guid":{"rendered":"http:\/\/new.szpitalplonsk.pl\/?page_id=2010"},"modified":"2022-09-16T11:25:14","modified_gmt":"2022-09-16T11:25:14","slug":"zasady-przyjec-do-poradni-specjalistycznych","status":"publish","type":"page","link":"http:\/\/new.szpitalplonsk.pl\/index.php\/bip\/zasady-przyjec-do-poradni-specjalistycznych\/","title":{"rendered":"Zasady przyj\u0119\u0107 do poradni specjalistycznych"},"content":{"rendered":"\n<p>1. Na wizyt\u0119 do lekarza zapisy s\u0105 prowadzone w godzinach pracy rejestracji:<br><strong>od poniedzia\u0142ku do pi\u0105tek w godzinach od 7.00 do 16.00<br><\/strong><strong>oraz w wtorek, \u015brod\u0119 i czwartek od 7.00 do 18.00<\/strong><\/p>\n\n\n\n<p><strong>2. Rejestracja telefoniczna<\/strong>&nbsp;czynna pn. \u2013 pt. 7.30-14.30<\/p>\n\n\n\n<p>Tel: 23&nbsp;662-25-65<\/p>\n\n\n\n<p><strong>3.&nbsp;<\/strong><strong>Zapisy odbywaj\u0105 si\u0119:<\/strong><\/p>\n\n\n\n<ul class=\"wp-block-list\"><li>telefonicznie<\/li><li>za po\u015brednictwem innej osoby.<\/li><\/ul>\n\n\n\n<p><strong>4.&nbsp;<\/strong><strong>Dokumenty wymagane podczas rejestracji:<\/strong><\/p>\n\n\n\n<ul class=\"wp-block-list\"><li>Dow\u00f3d osobisty<\/li><li>Orygina\u0142 skierowania do poradni specjalistycznej<\/li><li>Aktualn\u0105 legitymacj\u0119 ubezpieczeniow\u0105,<\/li><li>NIP zak\u0142adu pracy<\/li><\/ul>\n\n\n\n<p><strong>Wa\u017cne informacje<\/strong><\/p>\n\n\n\n<p>5. \u015awiadczenia zdrowotne s\u0105 udzielane pacjentom w terminach z nimi uzgodnionymi.<\/p>\n\n\n\n<p>6. Pacjenci zapisywani s\u0105 w kolejno\u015bci zg\u0142osze\u0144, je\u015bli \u015bwiadczenie nie mo\u017ce by\u0107 udzielone w dniu zg\u0142oszenia, termin jego realizacji jest uzgadniany z pacjentem w rejestracji nast\u0119pnie pacjent umieszczony jest na li\u015bcie oczekuj\u0105cych.<\/p>\n\n\n\n<p><strong>7.&nbsp;<\/strong><strong>Pacjent jest obowi\u0105zany dostarczy\u0107 skierowanie nie p\u00f3\u017aniej ni\u017c w terminie 14 dni roboczych od dnia zapisu \u2013 pod rygorem skre\u015blenia z listy.<\/strong><\/p>\n\n\n\n<p>8. SKIEROWANIE jest niezb\u0119dne w przypadku kiedy Pacjent zg\u0142asza si\u0119 do poradni:- po raz pierwszy, lub- po raz kolejny, ale z innym problemem zdrowotnym, lub- po up\u0142ywie 730 dni od daty ostatniej wizyty,<\/p>\n\n\n\n<p>9. W przypadku rezygnacji pacjenta z oczekiwania \u2013 orygina\u0142 skierowania zwraca si\u0119 pacjentowi.<\/p>\n\n\n\n<p>10. W przypadku zaistnienia nieprzewidzianych okoliczno\u015bci, kt\u00f3re uniemo\u017cliwi\u0105 realizacj\u0119 \u015bwiadczenia w terminie ustalonym, pacjent jest informowany o zmianie terminu \u2013 w ka\u017cdy dost\u0119pny spos\u00f3b.<\/p>\n\n\n\n<p>11. \u015awiadczenia w poradniach specjalistycznych zakontraktowanych przez NFZ w ramach ambulatoryjnej opieki specjalistycznej (AOS) udzielane s\u0105 na podstawie skierowania od lekarza podstawowej opieki zdrowotnej (POZ) lub innego lekarza ubezpieczenia zdrowotnego udzielaj\u0105cego \u015bwiadcze\u0144 w ramach umowy z NFZ. Skierowanie nie jest wymagane do: ginekologa i po\u0142o\u017cnika, onkologa, &nbsp;psychiatry, wenerologa.<\/p>\n\n\n\n<p><strong>12. Kto ma prawo do \u015bwiadcze\u0144 poza kolejno\u015bci\u0105<\/strong>:<\/p>\n\n\n\n<ul class=\"wp-block-list\"><li>kobiety w ci\u0105\u017cy,<\/li><li>Zas\u0142u\u017ceni Honorowi Dawcy Krwi;<\/li><li>Zas\u0142u\u017ceni Dawcy Przeszczepu;<\/li><li>inwalidzi wojenni i wojskowi;<\/li><li>kombatanci oraz niekt\u00f3re osoby represjonowane b\u0119d\u0105ce ofiarami represji wojennych i okresu powojennego, o kt\u00f3rych mowa w art. 1-4 ustawy<em>&nbsp;o kombatantach oraz niekt\u00f3rych osobach b\u0119d\u0105cych ofiarami represji wojennych i okresu powojennego<\/em>&nbsp;Dz. U. z 2002 r. Nr 42, poz. 371 z p\u00f3\u017an. zm.);<\/li><li>uprawnieni \u017co\u0142nierze lub pracownicy oraz weterani poszkodowani w zakresie leczenia uraz\u00f3w i chor\u00f3b nabytych podczas wykonywania zada\u0144 poza granicami pa\u0144stwa.<\/li><\/ul>\n\n\n\n<div class=\"wp-block-buttons is-layout-flex wp-block-buttons-is-layout-flex\">\n<div class=\"wp-block-button has-custom-width wp-block-button__width-100 is-style-primary\"><a class=\"wp-block-button__link\" href=\"http:\/\/new.szpitalplonsk.pl\/index.php\/bip\/\">Wr\u00f3\u0107<\/a><\/div>\n<\/div>\n","protected":false},"excerpt":{"rendered":"<p>1. Na wizyt\u0119 do lekarza zapisy s\u0105 prowadzone w godzinach pracy rejestracji:od poniedzia\u0142ku do pi\u0105tek w godzinach od 7.00 do 16.00oraz w wtorek, \u015brod\u0119 i czwartek od 7.00 do 18.00 2. Rejestracja telefoniczna&nbsp;czynna pn. \u2013 pt. 7.30-14.30 Tel: 23&nbsp;662-25-65 3.&nbsp;Zapisy odbywaj\u0105 si\u0119: telefonicznie za po\u015brednictwem innej osoby. 4.&nbsp;Dokumenty wymagane podczas rejestracji: Dow\u00f3d osobisty Orygina\u0142 skierowania&hellip;&nbsp;<a href=\"http:\/\/new.szpitalplonsk.pl\/index.php\/bip\/zasady-przyjec-do-poradni-specjalistycznych\/\" class=\"\" rel=\"bookmark\">Czytaj dalej &raquo;<span class=\"screen-reader-text\">Zasady przyj\u0119\u0107 do poradni specjalistycznych<\/span><\/a><\/p>\n","protected":false},"author":1,"featured_media":0,"parent":1450,"menu_order":0,"comment_status":"closed","ping_status":"closed","template":"","meta":{"neve_meta_sidebar":"","neve_meta_container":"","neve_meta_enable_content_width":"","neve_meta_content_width":0,"neve_meta_title_alignment":"","neve_meta_author_avatar":"","neve_post_elements_order":"","neve_meta_disable_header":"","neve_meta_disable_footer":"","neve_meta_disable_title":"","footnotes":""},"class_list":["post-2010","page","type-page","status-publish","hentry"],"_links":{"self":[{"href":"http:\/\/new.szpitalplonsk.pl\/index.php\/wp-json\/wp\/v2\/pages\/2010","targetHints":{"allow":["GET"]}}],"collection":[{"href":"http:\/\/new.szpitalplonsk.pl\/index.php\/wp-json\/wp\/v2\/pages"}],"about":[{"href":"http:\/\/new.szpitalplonsk.pl\/index.php\/wp-json\/wp\/v2\/types\/page"}],"author":[{"embeddable":true,"href":"http:\/\/new.szpitalplonsk.pl\/index.php\/wp-json\/wp\/v2\/users\/1"}],"replies":[{"embeddable":true,"href":"http:\/\/new.szpitalplonsk.pl\/index.php\/wp-json\/wp\/v2\/comments?post=2010"}],"version-history":[{"count":1,"href":"http:\/\/new.szpitalplonsk.pl\/index.php\/wp-json\/wp\/v2\/pages\/2010\/revisions"}],"predecessor-version":[{"id":2011,"href":"http:\/\/new.szpitalplonsk.pl\/index.php\/wp-json\/wp\/v2\/pages\/2010\/revisions\/2011"}],"up":[{"embeddable":true,"href":"http:\/\/new.szpitalplonsk.pl\/index.php\/wp-json\/wp\/v2\/pages\/1450"}],"wp:attachment":[{"href":"http:\/\/new.szpitalplonsk.pl\/index.php\/wp-json\/wp\/v2\/media?parent=2010"}],"curies":[{"name":"wp","href":"https:\/\/api.w.org\/{rel}","templated":true}]}}