{"id":2022,"date":"2022-09-16T11:32:14","date_gmt":"2022-09-16T11:32:14","guid":{"rendered":"http:\/\/new.szpitalplonsk.pl\/?page_id=2022"},"modified":"2022-09-16T11:32:15","modified_gmt":"2022-09-16T11:32:15","slug":"skargi-i-wnioski","status":"publish","type":"page","link":"http:\/\/new.szpitalplonsk.pl\/index.php\/bip\/skargi-i-wnioski\/","title":{"rendered":"Skargi i wnioski"},"content":{"rendered":"\n<p>Je\u017celi pacjent lub osoba go reprezentuj\u0105ca uzna, \u017ce prawa pacjenta zosta\u0142y naruszone, mo\u017ce:<\/p>\n\n\n\n<ul class=\"wp-block-list\"><li>wpisa\u0107 si\u0119 do&nbsp;<strong>ksi\u0119gi skarg i wniosk\u00f3w,&nbsp;<\/strong>kt\u00f3ra znajduj\u0105 si\u0119 w ka\u017cdej kom\u00f3rce organizacyjnej udzielaj\u0105cej \u015bwiadczenia medyczne<\/li><li>zwr\u00f3ci\u0107 si\u0119 z interwencj\u0105 do bezpo\u015bredniego prze\u0142o\u017conego osoby udzielaj\u0105cej \u015bwiadczenia lub dyrekcji szpitala:<\/li><\/ul>\n\n\n\n<p><strong>W sprawie skarg i wniosk\u00f3w przyjmuj\u0105:<\/strong><\/p>\n\n\n\n<ol class=\"wp-block-list\"><li><strong>Dyrektor <\/strong>:<br>w ka\u017cdy wtorek, w godzinach 11.00-13.00 \/po uprzedzeniem ustaleniu terminu\/<\/li><li><strong>Z \u2013 ca&nbsp; Dyrektora ds. Medycznych<\/strong>:<br>w ka\u017cdy czwartek, w godzinach 11.00-13.00 \/po uprzedzeniem ustaleniu terminu\/<\/li><\/ol>\n\n\n\n<hr class=\"wp-block-separator has-alpha-channel-opacity\"\/>\n\n\n\n<p><strong>Biuro Rzecznika Praw Pacjenta<\/strong><\/p>\n\n\n\n<p><strong>ul. M\u0142ynarska 46<br>01-171 Warszawa<br><\/strong>Sekretariat:<br>tel.: (22) 532 \u2013 82 \u2013 50<br>fax.: (22) 532 \u2013 82 \u2013 30<br><a href=\"mailto:sekretariat@bpp.gov.pl\">sekretariat@bpp.gov.pl<\/a><\/p>\n\n\n\n<p><strong><u>Przyj\u0119cia interesant\u00f3w w Biurze Rzecznika Praw Pacjenta odbywaj\u0105 si\u0119 w:<\/u><\/strong><\/p>\n\n\n\n<ul class=\"wp-block-list\"><li><strong>poniedzia\u0142ek \u2013 w godzinach od 9.00 do 18.00<\/strong><\/li><li>wtorek \u2013 w godzinach od 9.00 do 15.00<\/li><li>\u015broda \u2013 w godzinach od 9.00 do 15.00<\/li><li>czwartek \u2013 w godzinach od 9.00 do 15.00<\/li><li>pi\u0105tek \u2013 w godzinach od 9.00 do 15.00<\/li><\/ul>\n\n\n\n<p><strong>Og\u00f3lnopolska bezp\u0142atna infolinia<br>Rzecznika Praw Pacjenta:<\/strong><br>800 \u2013 190 \u2013 590<br>(z tel. stacjonarnych i kom\u00f3rkowych)<\/p>\n\n\n\n<div class=\"wp-block-buttons is-layout-flex wp-block-buttons-is-layout-flex\">\n<div class=\"wp-block-button has-custom-width wp-block-button__width-100 is-style-primary\"><a class=\"wp-block-button__link\" href=\"http:\/\/new.szpitalplonsk.pl\/index.php\/bip\/\">Wr\u00f3\u0107<\/a><\/div>\n<\/div>\n","protected":false},"excerpt":{"rendered":"<p>Je\u017celi pacjent lub osoba go reprezentuj\u0105ca uzna, \u017ce prawa pacjenta zosta\u0142y naruszone, mo\u017ce: wpisa\u0107 si\u0119 do&nbsp;ksi\u0119gi skarg i wniosk\u00f3w,&nbsp;kt\u00f3ra znajduj\u0105 si\u0119 w ka\u017cdej kom\u00f3rce organizacyjnej udzielaj\u0105cej \u015bwiadczenia medyczne zwr\u00f3ci\u0107 si\u0119 z interwencj\u0105 do bezpo\u015bredniego prze\u0142o\u017conego osoby udzielaj\u0105cej \u015bwiadczenia lub dyrekcji szpitala: W sprawie skarg i wniosk\u00f3w przyjmuj\u0105: Dyrektor :w ka\u017cdy wtorek, w godzinach 11.00-13.00 \/po&hellip;&nbsp;<a href=\"http:\/\/new.szpitalplonsk.pl\/index.php\/bip\/skargi-i-wnioski\/\" class=\"\" rel=\"bookmark\">Czytaj dalej &raquo;<span class=\"screen-reader-text\">Skargi i wnioski<\/span><\/a><\/p>\n","protected":false},"author":1,"featured_media":0,"parent":1450,"menu_order":0,"comment_status":"closed","ping_status":"closed","template":"","meta":{"neve_meta_sidebar":"","neve_meta_container":"","neve_meta_enable_content_width":"","neve_meta_content_width":0,"neve_meta_title_alignment":"","neve_meta_author_avatar":"","neve_post_elements_order":"","neve_meta_disable_header":"","neve_meta_disable_footer":"","neve_meta_disable_title":"","footnotes":""},"class_list":["post-2022","page","type-page","status-publish","hentry"],"_links":{"self":[{"href":"http:\/\/new.szpitalplonsk.pl\/index.php\/wp-json\/wp\/v2\/pages\/2022","targetHints":{"allow":["GET"]}}],"collection":[{"href":"http:\/\/new.szpitalplonsk.pl\/index.php\/wp-json\/wp\/v2\/pages"}],"about":[{"href":"http:\/\/new.szpitalplonsk.pl\/index.php\/wp-json\/wp\/v2\/types\/page"}],"author":[{"embeddable":true,"href":"http:\/\/new.szpitalplonsk.pl\/index.php\/wp-json\/wp\/v2\/users\/1"}],"replies":[{"embeddable":true,"href":"http:\/\/new.szpitalplonsk.pl\/index.php\/wp-json\/wp\/v2\/comments?post=2022"}],"version-history":[{"count":1,"href":"http:\/\/new.szpitalplonsk.pl\/index.php\/wp-json\/wp\/v2\/pages\/2022\/revisions"}],"predecessor-version":[{"id":2023,"href":"http:\/\/new.szpitalplonsk.pl\/index.php\/wp-json\/wp\/v2\/pages\/2022\/revisions\/2023"}],"up":[{"embeddable":true,"href":"http:\/\/new.szpitalplonsk.pl\/index.php\/wp-json\/wp\/v2\/pages\/1450"}],"wp:attachment":[{"href":"http:\/\/new.szpitalplonsk.pl\/index.php\/wp-json\/wp\/v2\/media?parent=2022"}],"curies":[{"name":"wp","href":"https:\/\/api.w.org\/{rel}","templated":true}]}}