{"id":2026,"date":"2022-09-16T11:34:59","date_gmt":"2022-09-16T11:34:59","guid":{"rendered":"http:\/\/new.szpitalplonsk.pl\/?page_id=2026"},"modified":"2022-09-16T11:34:59","modified_gmt":"2022-09-16T11:34:59","slug":"udostepnianie-informacji","status":"publish","type":"page","link":"http:\/\/new.szpitalplonsk.pl\/index.php\/bip\/udostepnianie-informacji\/","title":{"rendered":"Udost\u0119pnianie informacji"},"content":{"rendered":"\n<p>Zgodnie z art. 8 ust. 4 Ustawy o dost\u0119pie do informacji publicznej (Dz. U. Nr 112, poz. 1198 ze zm.) informacje nieudost\u0119pnione na stronie Biuletynu Informacji Publicznej mo\u017cna uzyska\u0107 w siedzibie g\u0142\u00f3wnej SPZZOZ im. Marsza\u0142ka J\u00f3zefa Pi\u0142sudskiego w P\u0142o\u0144sku ul. Henryka Sienkiewicza 7 w P\u0142o\u0144sku:<\/p>\n\n\n\n<ul class=\"wp-block-list\"><li>na tablicach informacyjnych kom\u00f3rek organizacyjnych SPZZOZ w P\u0142o\u0144sku ,<\/li><li>na pisemny wniosek z\u0142o\u017cony w sekretariacie Szpitala (budynek ).<\/li><\/ul>\n\n\n\n<p>Zasady dost\u0119pu do informacji publicznej reguluje ustawa z dnia 6 wrze\u015bnia 2001 r. o dost\u0119pie do informacji publicznej (t.j. Dz. U. 2015.2058).<\/p>\n\n\n\n<ol class=\"wp-block-list\"><li>Informacja publiczna udost\u0119pniana jest przede wszystkim poprzez publikacj\u0119 w Biuletynie Informacji Publicznej (BIP).<\/li><li>Informacja publiczna, kt\u00f3ra nie zosta\u0142a udost\u0119pniona w BIP mo\u017ce by\u0107 udost\u0119pniona na wniosek zainteresowanego, z zastosowaniem poni\u017cszych zasad:<\/li><\/ol>\n\n\n\n<ul class=\"wp-block-list\"><li>udostepnienie informacji nast\u0119puje bez zb\u0119dnej zw\u0142oki, nie p\u00f3\u017aniej jednak ni\u017c w terminie 14 dni od dnia z\u0142o\u017cenia wniosku,<\/li><li>udostepnienie informacji nast\u0119puje w spos\u00f3b i formie zgodnej z wnioskiem, chyba \u017ce \u015brodki techniczne, jakimi dysponuje Szpital to uniemo\u017cliwiaj\u0105.<\/li><\/ul>\n\n\n\n<p>Wniosek o udostepnienie informacji publicznej mo\u017cna z\u0142o\u017cy\u0107:<\/p>\n\n\n\n<ul class=\"wp-block-list\"><li>osobi\u015bcie w Kancelarii Szpitala (ul. Henryka Sienkiewicza 7)<\/li><li>e-mail:&nbsp;&nbsp;<a href=\"mailto:sekretariat@szpitalplonsk.pl\">sekretariat@szpitalplonsk.pl<\/a><\/li><\/ul>\n\n\n\n<p class=\"has-medium-font-size\">Pliki do pobrania:<\/p>\n\n\n\n<div class=\"wp-block-file\"><a id=\"wp-block-file--media-6602e68c-3b92-4377-b3f9-c4578814e2ad\" href=\"http:\/\/new.szpitalplonsk.pl\/wp-content\/uploads\/2022\/09\/wzor-wniosku_inf_publ.docx\" target=\"_blank\" rel=\"noreferrer noopener\"><a href=\"http:\/\/www.szpitalplonsk.pl\/wp-content\/uploads\/2018\/11\/wz\u00f3r-wniosku_inf_publ.docx\">Wz\u00f3r wniosku o udost\u0119pnienie informacji<\/a><\/a><\/div>\n\n\n\n<div class=\"wp-block-file\"><a id=\"wp-block-file--media-7a953b01-ed33-4814-b041-1300d3fd6bdf\" href=\"http:\/\/new.szpitalplonsk.pl\/wp-content\/uploads\/2022\/09\/wzor-wniosku_inf_publ.pdf\" target=\"_blank\" rel=\"noreferrer noopener\"><a href=\"http:\/\/www.szpitalplonsk.pl\/wp-content\/uploads\/2018\/11\/wz\u00f3r-wniosku_inf_publ.pdf\">Wz\u00f3r wniosku o udost\u0119pnienie informacji<\/a><\/a><\/div>\n\n\n\n<div class=\"wp-block-buttons is-layout-flex wp-block-buttons-is-layout-flex\">\n<div class=\"wp-block-button has-custom-width wp-block-button__width-100 is-style-primary\"><a class=\"wp-block-button__link\" href=\"http:\/\/new.szpitalplonsk.pl\/index.php\/bip\/\">Wr\u00f3\u0107<\/a><\/div>\n<\/div>\n","protected":false},"excerpt":{"rendered":"<p>Zgodnie z art. 8 ust. 4 Ustawy o dost\u0119pie do informacji publicznej (Dz. U. Nr 112, poz. 1198 ze zm.) informacje nieudost\u0119pnione na stronie Biuletynu Informacji Publicznej mo\u017cna uzyska\u0107 w siedzibie g\u0142\u00f3wnej SPZZOZ im. Marsza\u0142ka J\u00f3zefa Pi\u0142sudskiego w P\u0142o\u0144sku ul. Henryka Sienkiewicza 7 w P\u0142o\u0144sku: na tablicach informacyjnych kom\u00f3rek organizacyjnych SPZZOZ w P\u0142o\u0144sku , na&hellip;&nbsp;<a href=\"http:\/\/new.szpitalplonsk.pl\/index.php\/bip\/udostepnianie-informacji\/\" class=\"\" rel=\"bookmark\">Czytaj dalej &raquo;<span class=\"screen-reader-text\">Udost\u0119pnianie informacji<\/span><\/a><\/p>\n","protected":false},"author":1,"featured_media":0,"parent":1450,"menu_order":0,"comment_status":"closed","ping_status":"closed","template":"","meta":{"neve_meta_sidebar":"","neve_meta_container":"","neve_meta_enable_content_width":"","neve_meta_content_width":0,"neve_meta_title_alignment":"","neve_meta_author_avatar":"","neve_post_elements_order":"","neve_meta_disable_header":"","neve_meta_disable_footer":"","neve_meta_disable_title":"","footnotes":""},"class_list":["post-2026","page","type-page","status-publish","hentry"],"_links":{"self":[{"href":"http:\/\/new.szpitalplonsk.pl\/index.php\/wp-json\/wp\/v2\/pages\/2026","targetHints":{"allow":["GET"]}}],"collection":[{"href":"http:\/\/new.szpitalplonsk.pl\/index.php\/wp-json\/wp\/v2\/pages"}],"about":[{"href":"http:\/\/new.szpitalplonsk.pl\/index.php\/wp-json\/wp\/v2\/types\/page"}],"author":[{"embeddable":true,"href":"http:\/\/new.szpitalplonsk.pl\/index.php\/wp-json\/wp\/v2\/users\/1"}],"replies":[{"embeddable":true,"href":"http:\/\/new.szpitalplonsk.pl\/index.php\/wp-json\/wp\/v2\/comments?post=2026"}],"version-history":[{"count":1,"href":"http:\/\/new.szpitalplonsk.pl\/index.php\/wp-json\/wp\/v2\/pages\/2026\/revisions"}],"predecessor-version":[{"id":2029,"href":"http:\/\/new.szpitalplonsk.pl\/index.php\/wp-json\/wp\/v2\/pages\/2026\/revisions\/2029"}],"up":[{"embeddable":true,"href":"http:\/\/new.szpitalplonsk.pl\/index.php\/wp-json\/wp\/v2\/pages\/1450"}],"wp:attachment":[{"href":"http:\/\/new.szpitalplonsk.pl\/index.php\/wp-json\/wp\/v2\/media?parent=2026"}],"curies":[{"name":"wp","href":"https:\/\/api.w.org\/{rel}","templated":true}]}}