{"id":2034,"date":"2022-09-16T11:43:20","date_gmt":"2022-09-16T11:43:20","guid":{"rendered":"http:\/\/new.szpitalplonsk.pl\/?page_id=2034"},"modified":"2022-09-16T11:43:21","modified_gmt":"2022-09-16T11:43:21","slug":"kierownictwo","status":"publish","type":"page","link":"http:\/\/new.szpitalplonsk.pl\/index.php\/bip\/kierownictwo\/","title":{"rendered":"Kierownictwo"},"content":{"rendered":"\n<h4 class=\"wp-block-heading\"><strong>Dyrektor \u2013 Lilianna Kra\u015bniewska<\/strong><\/h4>\n\n\n\n<h4 class=\"wp-block-heading\"><strong>Zast\u0119pca Dyrektora ds. Medycznych lek. Bartosz Fia\u0142ek<br><\/strong><\/h4>\n\n\n\n<h4 class=\"wp-block-heading\"><strong>p.o. Z-ca Dyrektora ds. Piel\u0119gniarstwa \u2013 mgr Aleksandra \u015awie\u017cawska&nbsp;<\/strong><\/h4>\n\n\n\n<h4 class=\"wp-block-heading\"><strong>Z-ca Dyrektora ds. Administracyjno \u2013 Technicznych \u2013 mgr in\u017c. Tomasz Witczak<\/strong><\/h4>\n\n\n\n<div class=\"wp-block-buttons is-layout-flex wp-block-buttons-is-layout-flex\">\n<div class=\"wp-block-button has-custom-width wp-block-button__width-100 is-style-primary\"><a class=\"wp-block-button__link\" href=\"http:\/\/new.szpitalplonsk.pl\/index.php\/bip\/\">Wr\u00f3\u0107<\/a><\/div>\n<\/div>\n\n\n\n<div style=\"height:100px\" aria-hidden=\"true\" class=\"wp-block-spacer\"><\/div>\n","protected":false},"excerpt":{"rendered":"<p>Dyrektor \u2013 Lilianna Kra\u015bniewska Zast\u0119pca Dyrektora ds. Medycznych lek. Bartosz Fia\u0142ek p.o. Z-ca Dyrektora ds. Piel\u0119gniarstwa \u2013 mgr Aleksandra \u015awie\u017cawska&nbsp; Z-ca Dyrektora ds. Administracyjno \u2013 Technicznych \u2013 mgr in\u017c. Tomasz Witczak<\/p>\n","protected":false},"author":1,"featured_media":0,"parent":1450,"menu_order":0,"comment_status":"closed","ping_status":"closed","template":"","meta":{"neve_meta_sidebar":"","neve_meta_container":"","neve_meta_enable_content_width":"","neve_meta_content_width":0,"neve_meta_title_alignment":"","neve_meta_author_avatar":"","neve_post_elements_order":"","neve_meta_disable_header":"","neve_meta_disable_footer":"","neve_meta_disable_title":"","footnotes":""},"class_list":["post-2034","page","type-page","status-publish","hentry"],"_links":{"self":[{"href":"http:\/\/new.szpitalplonsk.pl\/index.php\/wp-json\/wp\/v2\/pages\/2034","targetHints":{"allow":["GET"]}}],"collection":[{"href":"http:\/\/new.szpitalplonsk.pl\/index.php\/wp-json\/wp\/v2\/pages"}],"about":[{"href":"http:\/\/new.szpitalplonsk.pl\/index.php\/wp-json\/wp\/v2\/types\/page"}],"author":[{"embeddable":true,"href":"http:\/\/new.szpitalplonsk.pl\/index.php\/wp-json\/wp\/v2\/users\/1"}],"replies":[{"embeddable":true,"href":"http:\/\/new.szpitalplonsk.pl\/index.php\/wp-json\/wp\/v2\/comments?post=2034"}],"version-history":[{"count":1,"href":"http:\/\/new.szpitalplonsk.pl\/index.php\/wp-json\/wp\/v2\/pages\/2034\/revisions"}],"predecessor-version":[{"id":2035,"href":"http:\/\/new.szpitalplonsk.pl\/index.php\/wp-json\/wp\/v2\/pages\/2034\/revisions\/2035"}],"up":[{"embeddable":true,"href":"http:\/\/new.szpitalplonsk.pl\/index.php\/wp-json\/wp\/v2\/pages\/1450"}],"wp:attachment":[{"href":"http:\/\/new.szpitalplonsk.pl\/index.php\/wp-json\/wp\/v2\/media?parent=2034"}],"curies":[{"name":"wp","href":"https:\/\/api.w.org\/{rel}","templated":true}]}}