{"id":2037,"date":"2022-09-16T11:44:20","date_gmt":"2022-09-16T11:44:20","guid":{"rendered":"http:\/\/new.szpitalplonsk.pl\/?page_id=2037"},"modified":"2022-09-16T11:46:49","modified_gmt":"2022-09-16T11:46:49","slug":"rada-spoleczna","status":"publish","type":"page","link":"http:\/\/new.szpitalplonsk.pl\/index.php\/bip\/rada-spoleczna\/","title":{"rendered":"Rada spo\u0142eczna"},"content":{"rendered":"\n<figure class=\"wp-block-table is-style-stripes\"><table><thead><tr><th>Cz\u0142onkowie Rady Spo\u0142ecznej<\/th><th><\/th><\/tr><\/thead><tbody><tr><td>Krzysztof Wrzesi\u0144ski<\/td><td>Przewodnicz\u0105cy Rady Spo\u0142ecznej<\/td><\/tr><tr><td>Dariusz \u017belasko<\/td><td>Przedstawiciel Powiatu P\u0142o\u0144skiego<\/td><\/tr><tr><td>J\u00f3zef Bluszcz<\/td><td>Przedstawiciel Powiatu P\u0142o\u0144skiego<\/td><\/tr><tr><td>Andrzej Pietrasik<\/td><td>Przedstawiciel Miasta P\u0142o\u0144sk<\/td><\/tr><tr><td>Pawe\u0142 Chrzanowski<\/td><td>Przedstawiciel Miasta Raci\u0105\u017c<\/td><\/tr><tr><td>Teresa Jolanta Pietrzak<\/td><td>Przedstawiciel Gminy Czerwi\u0144sk\/n Wis\u0142\u0105<\/td><\/tr><tr><td>Adam Sobiecki<\/td><td>Przedstawiciel Gminy Dzierz\u0105\u017cnia<\/td><\/tr><tr><td>Beata Pier\u015bci\u0144ska<\/td><td>Przedstawiciel Gminy Naruszewo<\/td><\/tr><tr><td>S\u0142awomir Dariusz Zalewski<\/td><td>Przedstawiciel Gminy Nowe Miasto<\/td><\/tr><tr><td>Andrzej Stolpa<\/td><td>Przedstawiciel Gminy P\u0142o\u0144sk<\/td><\/tr><tr><td>Zbigniew Sadowski<\/td><td>Przedstawiciel Gminy Raci\u0105\u017c<\/td><\/tr><tr><td>Jerzy Ryzi\u0144ski<\/td><td>Przedstawiciel Gminy Sochocin<\/td><\/tr><tr><td>Kamil Koprowski<\/td><td>Przedstawiciel Gminy Za\u0142uski<\/td><\/tr><tr><td>Bogdan Janusz Piertuszewski<\/td><td>Przedstawiciel Gminy Baboszewo<\/td><\/tr><tr><td>Marcin Sztabnik<\/td><td>Przedstawiciel Gminy Joniec<\/td><\/tr><tr><td>Stefan Paw\u0142owski<\/td><td>Przedstawiciel Wojewody Mazowieckiego<\/td><\/tr><\/tbody><\/table><\/figure>\n\n\n\n<div class=\"wp-block-buttons is-layout-flex wp-block-buttons-is-layout-flex\">\n<div class=\"wp-block-button has-custom-width wp-block-button__width-100 is-style-primary\"><a class=\"wp-block-button__link\" href=\"http:\/\/new.szpitalplonsk.pl\/index.php\/bip\/\">Wr\u00f3\u0107<\/a><\/div>\n<\/div>\n\n\n\n<div style=\"height:100px\" aria-hidden=\"true\" class=\"wp-block-spacer\"><\/div>\n","protected":false},"excerpt":{"rendered":"<p>Cz\u0142onkowie Rady Spo\u0142ecznej Krzysztof Wrzesi\u0144ski Przewodnicz\u0105cy Rady Spo\u0142ecznej Dariusz \u017belasko Przedstawiciel Powiatu P\u0142o\u0144skiego J\u00f3zef Bluszcz Przedstawiciel Powiatu P\u0142o\u0144skiego Andrzej Pietrasik Przedstawiciel Miasta P\u0142o\u0144sk Pawe\u0142 Chrzanowski Przedstawiciel Miasta Raci\u0105\u017c Teresa Jolanta Pietrzak Przedstawiciel Gminy Czerwi\u0144sk\/n Wis\u0142\u0105 Adam Sobiecki Przedstawiciel Gminy Dzierz\u0105\u017cnia Beata Pier\u015bci\u0144ska Przedstawiciel Gminy Naruszewo S\u0142awomir Dariusz Zalewski Przedstawiciel Gminy Nowe Miasto Andrzej Stolpa Przedstawiciel&hellip;&nbsp;<a href=\"http:\/\/new.szpitalplonsk.pl\/index.php\/bip\/rada-spoleczna\/\" class=\"\" rel=\"bookmark\">Czytaj dalej &raquo;<span class=\"screen-reader-text\">Rada spo\u0142eczna<\/span><\/a><\/p>\n","protected":false},"author":1,"featured_media":0,"parent":1450,"menu_order":0,"comment_status":"closed","ping_status":"closed","template":"","meta":{"neve_meta_sidebar":"","neve_meta_container":"","neve_meta_enable_content_width":"","neve_meta_content_width":0,"neve_meta_title_alignment":"","neve_meta_author_avatar":"","neve_post_elements_order":"","neve_meta_disable_header":"","neve_meta_disable_footer":"","neve_meta_disable_title":"","footnotes":""},"class_list":["post-2037","page","type-page","status-publish","hentry"],"_links":{"self":[{"href":"http:\/\/new.szpitalplonsk.pl\/index.php\/wp-json\/wp\/v2\/pages\/2037","targetHints":{"allow":["GET"]}}],"collection":[{"href":"http:\/\/new.szpitalplonsk.pl\/index.php\/wp-json\/wp\/v2\/pages"}],"about":[{"href":"http:\/\/new.szpitalplonsk.pl\/index.php\/wp-json\/wp\/v2\/types\/page"}],"author":[{"embeddable":true,"href":"http:\/\/new.szpitalplonsk.pl\/index.php\/wp-json\/wp\/v2\/users\/1"}],"replies":[{"embeddable":true,"href":"http:\/\/new.szpitalplonsk.pl\/index.php\/wp-json\/wp\/v2\/comments?post=2037"}],"version-history":[{"count":4,"href":"http:\/\/new.szpitalplonsk.pl\/index.php\/wp-json\/wp\/v2\/pages\/2037\/revisions"}],"predecessor-version":[{"id":2042,"href":"http:\/\/new.szpitalplonsk.pl\/index.php\/wp-json\/wp\/v2\/pages\/2037\/revisions\/2042"}],"up":[{"embeddable":true,"href":"http:\/\/new.szpitalplonsk.pl\/index.php\/wp-json\/wp\/v2\/pages\/1450"}],"wp:attachment":[{"href":"http:\/\/new.szpitalplonsk.pl\/index.php\/wp-json\/wp\/v2\/media?parent=2037"}],"curies":[{"name":"wp","href":"https:\/\/api.w.org\/{rel}","templated":true}]}}