{"id":2047,"date":"2022-09-16T11:55:32","date_gmt":"2022-09-16T11:55:32","guid":{"rendered":"http:\/\/new.szpitalplonsk.pl\/?page_id=2047"},"modified":"2022-09-16T11:57:09","modified_gmt":"2022-09-16T11:57:09","slug":"instrukcja-obslugi","status":"publish","type":"page","link":"http:\/\/new.szpitalplonsk.pl\/index.php\/bip\/instrukcja-obslugi\/","title":{"rendered":"Instrukcja obs\u0142ugi"},"content":{"rendered":"\n<p>W nag\u0142\u00f3wku znajduje si\u0119 logo strony g\u0142\u00f3wnej BIP klikni\u0119cie na mim powoduje przej\u015bcie do tego\u017c serwisu.<\/p>\n\n\n\n<p>Menu przedmiotowe zawiera informacje udost\u0119pniane w serwisie przez SPZZOZ w P\u0142o\u0144sku klikni\u0119cie na kolejnych tematach menu przedmiotowego spowoduje wy\u015bwietlenie informacji stosownych do wybranego tematu. W sekcji menu Informacje podstawowe znajdziemy wszytkie dane podsawowe SPZZOZ w P\u0142o\u0144sku takie jak dane teleadresowe, podstawy funkcjonowania, przedmiot dzia\u0142alno\u015bci, maj\u0105tek, rejestry, kontrole. W sekcji akty prawneodnajdziemy status regulamin organizacyjny oraz struktur\u0119 Samodzielnego Publicznego Zespo\u0142u Zak\u0142ad\u00f3w Opieki Zdrowotnej w P\u0142o\u0144sku. Sekcja cz\u0119\u015b\u0107 medyczna zawiera informacje dotycz\u0105ce posiadanych oddzia\u0142\u00f3w, poradni i pracowi oraz us\u0142ug jakie \u015bwiadczymy. W sekcji&nbsp;Sprawy, skargi i wnioskiotrzymamy informacje niezb\u0119dne przy sk\u0105\u0142daniu skarg wniosk\u00f3w.&nbsp; Informacje o przetargach zawieraj\u0105 aktualne informacje o przetargach og\u0142aszanych przez SPZZOZ w P\u0142o\u0144sku. W sekcji kieriwnictwo odnajdziemy szczeg\u00f3\u0142owe dane dotycz\u0105ce kierownictwa SPZZOZ w P\u0142o\u0144sku oraz wszytkie uchwa\u0142y rady sp\u00f3\u0142ecznej. W sekcji serwis znajduj\u0105 si\u0119 date kontaktowe do administratora strony oraz powy\u017csza instrukcja.<\/p>\n\n\n\n<p>Na ka\u017cdej z podstron znajduj\u0105 si\u0119 znajdziemy linki:<\/p>\n\n\n\n<p>Metryczka \u2013 pokazuje informacje, przez kogo zosta\u0142a podstrona udost\u0119pniona, kto wytworzy\u0142, jaka kategoria, kiedy zosta\u0142a udost\u0119pniona, kiedy utworzono dan\u0105 podstron\u0119, kiedy poprawiono i ilo\u015b\u0107 wej\u015bc na podstronie<\/p>\n\n\n\n<p>Za\u0142\u0105czniki \u2013 je\u017celi na podstronie udost\u0119pniono jakie\u015b za\u0142\u0105czniki typu pliki pdf np tutaj je odnjadziemy<\/p>\n\n\n\n<p>Historia Zmian \u2013 wy\u015bwietla tabelk\u0119 kiedy i kto modyfikowa\u0142 dan\u0105 podstron\u0119<\/p>\n\n\n\n<p>W menu po lewej stronie znajduj\u0105 linki do konkretnych podpstron je\u017celi chcemy przej\u015bc na dan\u0105 podstron\u0119 naly\u017cy klikn\u0105\u0107 w link prawym przyciskiem myszy, w ten spos\u00f3b otworzy nam si\u0119 nam podstrona.<\/p>\n\n\n\n<p>Dost\u0119pna jest og\u00f3lna statystyka odwiedzin stron przedmiotowych BIP.<\/p>\n\n\n\n<div class=\"wp-block-buttons is-layout-flex wp-block-buttons-is-layout-flex\">\n<div class=\"wp-block-button has-custom-width wp-block-button__width-100 is-style-primary\"><a class=\"wp-block-button__link\" href=\"http:\/\/new.szpitalplonsk.pl\/index.php\/bip\/\">Wr\u00f3\u0107<\/a><\/div>\n<\/div>\n\n\n\n<div style=\"height:100px\" aria-hidden=\"true\" class=\"wp-block-spacer\"><\/div>\n","protected":false},"excerpt":{"rendered":"<p>W nag\u0142\u00f3wku znajduje si\u0119 logo strony g\u0142\u00f3wnej BIP klikni\u0119cie na mim powoduje przej\u015bcie do tego\u017c serwisu. Menu przedmiotowe zawiera informacje udost\u0119pniane w serwisie przez SPZZOZ w P\u0142o\u0144sku klikni\u0119cie na kolejnych tematach menu przedmiotowego spowoduje wy\u015bwietlenie informacji stosownych do wybranego tematu. W sekcji menu Informacje podstawowe znajdziemy wszytkie dane podsawowe SPZZOZ w P\u0142o\u0144sku takie jak dane&hellip;&nbsp;<a href=\"http:\/\/new.szpitalplonsk.pl\/index.php\/bip\/instrukcja-obslugi\/\" class=\"\" rel=\"bookmark\">Czytaj dalej &raquo;<span class=\"screen-reader-text\">Instrukcja obs\u0142ugi<\/span><\/a><\/p>\n","protected":false},"author":1,"featured_media":0,"parent":1450,"menu_order":0,"comment_status":"closed","ping_status":"closed","template":"","meta":{"neve_meta_sidebar":"","neve_meta_container":"","neve_meta_enable_content_width":"","neve_meta_content_width":0,"neve_meta_title_alignment":"","neve_meta_author_avatar":"","neve_post_elements_order":"","neve_meta_disable_header":"","neve_meta_disable_footer":"","neve_meta_disable_title":"","footnotes":""},"class_list":["post-2047","page","type-page","status-publish","hentry"],"_links":{"self":[{"href":"http:\/\/new.szpitalplonsk.pl\/index.php\/wp-json\/wp\/v2\/pages\/2047","targetHints":{"allow":["GET"]}}],"collection":[{"href":"http:\/\/new.szpitalplonsk.pl\/index.php\/wp-json\/wp\/v2\/pages"}],"about":[{"href":"http:\/\/new.szpitalplonsk.pl\/index.php\/wp-json\/wp\/v2\/types\/page"}],"author":[{"embeddable":true,"href":"http:\/\/new.szpitalplonsk.pl\/index.php\/wp-json\/wp\/v2\/users\/1"}],"replies":[{"embeddable":true,"href":"http:\/\/new.szpitalplonsk.pl\/index.php\/wp-json\/wp\/v2\/comments?post=2047"}],"version-history":[{"count":2,"href":"http:\/\/new.szpitalplonsk.pl\/index.php\/wp-json\/wp\/v2\/pages\/2047\/revisions"}],"predecessor-version":[{"id":2050,"href":"http:\/\/new.szpitalplonsk.pl\/index.php\/wp-json\/wp\/v2\/pages\/2047\/revisions\/2050"}],"up":[{"embeddable":true,"href":"http:\/\/new.szpitalplonsk.pl\/index.php\/wp-json\/wp\/v2\/pages\/1450"}],"wp:attachment":[{"href":"http:\/\/new.szpitalplonsk.pl\/index.php\/wp-json\/wp\/v2\/media?parent=2047"}],"curies":[{"name":"wp","href":"https:\/\/api.w.org\/{rel}","templated":true}]}}