{"id":2054,"date":"2022-09-16T11:59:06","date_gmt":"2022-09-16T11:59:06","guid":{"rendered":"http:\/\/new.szpitalplonsk.pl\/?page_id=2054"},"modified":"2022-09-16T12:01:11","modified_gmt":"2022-09-16T12:01:11","slug":"redakcja-bip","status":"publish","type":"page","link":"http:\/\/new.szpitalplonsk.pl\/index.php\/bip\/redakcja-bip\/","title":{"rendered":"Redakcja BIP"},"content":{"rendered":"\n<p><strong>Jacek To\u0142wi\u0144ski<br><\/strong>tel. 23 661-77-00 w. 666<br><a href=\"mailto:it@szpitalplonsk.pl\">it@szpitalplonsk.pl<\/a><\/p>\n\n\n\n<p><strong>Marzena Car-Dul<br><\/strong>tel. 23 661-77-00 w. 376<br><a href=\"mailto:iso@szpitalplonsk.pl\">iso@szpitalplonsk.pl<\/a><br>fax.: 23 662 32 14<\/p>\n\n\n\n<p>SPZZOZ im. Marsza\u0142ka J\u00f3zefa Pi\u0142sudskiego w P\u0142o\u0144sku<br>ul. Henryka Sienkiewicza 7<br>09-100 P\u0142o\u0144sk<\/p>\n\n\n\n<div class=\"wp-block-buttons is-layout-flex wp-block-buttons-is-layout-flex\">\n<div class=\"wp-block-button has-custom-width wp-block-button__width-100 is-style-primary\"><a class=\"wp-block-button__link\" href=\"http:\/\/new.szpitalplonsk.pl\/index.php\/bip\/\">Wr\u00f3\u0107<\/a><\/div>\n<\/div>\n\n\n\n<div style=\"height:100px\" aria-hidden=\"true\" class=\"wp-block-spacer\"><\/div>\n","protected":false},"excerpt":{"rendered":"<p>Jacek To\u0142wi\u0144skitel. 23 661-77-00 w. 666it@szpitalplonsk.pl Marzena Car-Dultel. 23 661-77-00 w. 376iso@szpitalplonsk.plfax.: 23 662 32 14 SPZZOZ im. Marsza\u0142ka J\u00f3zefa Pi\u0142sudskiego w P\u0142o\u0144skuul. Henryka Sienkiewicza 709-100 P\u0142o\u0144sk<\/p>\n","protected":false},"author":1,"featured_media":0,"parent":1450,"menu_order":0,"comment_status":"closed","ping_status":"closed","template":"","meta":{"neve_meta_sidebar":"","neve_meta_container":"","neve_meta_enable_content_width":"","neve_meta_content_width":0,"neve_meta_title_alignment":"","neve_meta_author_avatar":"","neve_post_elements_order":"","neve_meta_disable_header":"","neve_meta_disable_footer":"","neve_meta_disable_title":"","footnotes":""},"class_list":["post-2054","page","type-page","status-publish","hentry"],"_links":{"self":[{"href":"http:\/\/new.szpitalplonsk.pl\/index.php\/wp-json\/wp\/v2\/pages\/2054","targetHints":{"allow":["GET"]}}],"collection":[{"href":"http:\/\/new.szpitalplonsk.pl\/index.php\/wp-json\/wp\/v2\/pages"}],"about":[{"href":"http:\/\/new.szpitalplonsk.pl\/index.php\/wp-json\/wp\/v2\/types\/page"}],"author":[{"embeddable":true,"href":"http:\/\/new.szpitalplonsk.pl\/index.php\/wp-json\/wp\/v2\/users\/1"}],"replies":[{"embeddable":true,"href":"http:\/\/new.szpitalplonsk.pl\/index.php\/wp-json\/wp\/v2\/comments?post=2054"}],"version-history":[{"count":2,"href":"http:\/\/new.szpitalplonsk.pl\/index.php\/wp-json\/wp\/v2\/pages\/2054\/revisions"}],"predecessor-version":[{"id":2062,"href":"http:\/\/new.szpitalplonsk.pl\/index.php\/wp-json\/wp\/v2\/pages\/2054\/revisions\/2062"}],"up":[{"embeddable":true,"href":"http:\/\/new.szpitalplonsk.pl\/index.php\/wp-json\/wp\/v2\/pages\/1450"}],"wp:attachment":[{"href":"http:\/\/new.szpitalplonsk.pl\/index.php\/wp-json\/wp\/v2\/media?parent=2054"}],"curies":[{"name":"wp","href":"https:\/\/api.w.org\/{rel}","templated":true}]}}