{"id":2064,"date":"2022-09-16T12:31:01","date_gmt":"2022-09-16T12:31:01","guid":{"rendered":"http:\/\/new.szpitalplonsk.pl\/?page_id=2064"},"modified":"2022-09-16T12:31:01","modified_gmt":"2022-09-16T12:31:01","slug":"ponowne-wykorzystanie-informacji-sektora-publicznego","status":"publish","type":"page","link":"http:\/\/new.szpitalplonsk.pl\/index.php\/bip\/ponowne-wykorzystanie-informacji-sektora-publicznego\/","title":{"rendered":"Ponowne wykorzystanie informacji sektora publicznego"},"content":{"rendered":"\n<p>Zasady oraz tryb ponownego wykorzystywania informacji sektora publicznego. Wytyczne okre\u015blono (t.j. Dz. U. z 2016 r.&nbsp; poz. 352), zwanej dalej \u201eUstaw\u0105\u201d.<\/p>\n\n\n\n<p>Zgodnie z Ustaw\u0105 ponowne wykorzystywanie informacji sektora publicznego to wykorzystywanie przez osoby fizyczne, osoby prawne i jednostki organizacyjne nieposiadaj\u0105ce osobowo\u015bci prawnej, informacji sektora publicznego w celach komercyjnych lub niekomercyjnych innych ni\u017c pierwotny publiczny cel, dla kt\u00f3rego informacja zosta\u0142a wytworzona.<\/p>\n\n\n\n<p>Ponownemu wykorzystywaniu podlega informacja sektora publicznego:<\/p>\n\n\n\n<ul class=\"wp-block-list\"><li>udost\u0119pniona na stronie Biuletynu Informacji Publicznej SPZZOZ im. Marsza\u0142ka J\u00f3zefa Pi\u0142sudskiego w&nbsp;P\u0142o\u0144sku,<\/li><li>przekazana na wniosek o ponowne wykorzystywanie informacji sektora publicznego.<\/li><\/ul>\n\n\n\n<p>SPZZOZ im. Marsza\u0142ka J\u00f3zefa Pi\u0142sudskiego w&nbsp;P\u0142o\u0144sku ponosi odpowiedzialno\u015b\u0107 jedynie za tak\u0105 tre\u015b\u0107 informacji jaka zosta\u0142a zamieszczona w BIP oraz nie ponosi odpowiedzialno\u015bci za dalsze ponowne wykorzystywanie informacji udost\u0119pnionej w BIP.<\/p>\n\n\n\n<p>Je\u015bli dla danej informacji publicznej udost\u0119pnionej w BIP SPZZOZ im. Marsza\u0142ka J\u00f3zefa Pi\u0142sudskiego w&nbsp;P\u0142o\u0144sku nie zosta\u0142y okre\u015blone inne, odr\u0119bne warunki ponownego wykorzystywania, osoby fizyczne, osoby prawne i jednostki organizacyjne nieposiadaj\u0105ce osobowo\u015bci prawnej wykorzystuj\u0105ce te informacje w celu ich ponownego wykorzystywania s\u0105 zobowi\u0105zane do informowania o:<\/p>\n\n\n\n<ul class=\"wp-block-list\"><li>\u017ar\u00f3dle, czasie wytworzenia i pozyskania informacji od podmiotu publicznego;<\/li><li>przetworzeniu informacji ponownie wykorzystywanej,<\/li><li>fakcie, i\u017c SPZZOZ im. Marsza\u0142ka J\u00f3zefa Pi\u0142sudskiego w&nbsp;P\u0142o\u0144sku nie ponosi odpowiedzialno\u015bci za tre\u015b\u0107&nbsp; przetworzonych informacji udost\u0119pnionych w postaci pierwotnej.<\/li><\/ul>\n\n\n\n<p>Wniosek o ponowne wykorzystywanie informacji sektora publicznego wnosi si\u0119 do SPZZOZ im. Marsza\u0142ka J\u00f3zefa Pi\u0142sudskiego w&nbsp;P\u0142o\u0144sku w przypadkach, gdy informacja sektora publicznego:<\/p>\n\n\n\n<ol class=\"wp-block-list\"><li>nie zosta\u0142a udost\u0119pniona w Biuletynie Informacji Publicznej,<\/li><li>zosta\u0142a udost\u0119pniona w spos\u00f3b inny ni\u017c okre\u015blony w pkt 1 i nie zosta\u0142y okre\u015blone warunki ponownego wykorzystywania lub op\u0142aty za ponowne wykorzystywanie albo nie poinformowano o braku takich warunk\u00f3w lub op\u0142at,<\/li><li>b\u0119dzie wykorzystywana na warunkach innych ni\u017c zosta\u0142y dla tej informacji okre\u015blone,<\/li><li>zosta\u0142a udost\u0119pniona lub przekazana na podstawie innych ustaw okre\u015blaj\u0105cych zasady i&nbsp;tryb dost\u0119pu do informacji b\u0119d\u0105cych informacjami sektora publicznego.<\/li><\/ol>\n\n\n\n<p>Wniosek mo\u017ce by\u0107 z\u0142o\u017cony w postaci papierowej lub elektronicznej na adres poczty elektronicznej szpitala. SPZZOZ im. Marsza\u0142ka J\u00f3zefa Pi\u0142sudskiego w&nbsp;P\u0142o\u0144sku okre\u015bla warunki udost\u0119pniania informacji sektora publicznego w celu ponownego wykorzystywania odr\u0119bnie dla ka\u017cdego wniosku i przekazuje je wnioskodawcy.<\/p>\n\n\n\n<p><strong>WNIOSEK ZAWIERA W SZCZEG\u00d3LNO\u015aCI:<\/strong><\/p>\n\n\n\n<ul class=\"wp-block-list\"><li>nazw\u0119 podmiotu zobowi\u0105zanego do udost\u0119pnienie informacji sektora publicznego,<\/li><li>informacje o wnioskodawcy, w tym imi\u0119 i nazwisko albo nazw\u0119 oraz adres umo\u017cliwiaj\u0105cy dostarczenie odpowiedzi do wnioskodawcy albo pe\u0142nomocnika tego wnioskodawcy w&nbsp;spos\u00f3b lub w formie wskazanej we wniosku,<\/li><li>wskazanie informacji sektora publicznego, kt\u00f3ra b\u0119dzie ponownie wykorzystywana, a&nbsp;je\u017celi jest ju\u017c udost\u0119pniona lub przekazana, warunki, na jakich ma by\u0107 ponownie wykorzystywana, oraz \u017ar\u00f3d\u0142o udost\u0119pnienia lub przekazania,<\/li><li>wskazanie celu ponownego wykorzystywania (komercyjny albo niekomercyjny), w tym okre\u015blenie rodzaju dzia\u0142alno\u015bci, w kt\u00f3rej informacje sektora publicznego b\u0119d\u0105 ponownie wykorzystywane, w szczeg\u00f3lno\u015bci wskazanie d\u00f3br, produkt\u00f3w lub us\u0142ug,<\/li><li>wskazanie formy przygotowania informacji sektora publicznego, a w przypadku postaci elektronicznej, tak\u017ce wskazanie formatu danych,<\/li><li>wskazanie sposobu przekazania informacji sektora publicznego, o ile nie zosta\u0142a udost\u0119pniona lub przekazana&nbsp; w inny spos\u00f3b, albo sposobu dost\u0119pu do informacji gromadzonych w systemie teleinformatycznym, o kt\u00f3rym mowa w art. 21 ust. 2 Ustawy.<\/li><\/ul>\n\n\n\n<p>W przypadku wniosku dotycz\u0105cego umo\u017cliwienia, przez okres nie d\u0142u\u017cszy ni\u017c 12 miesi\u0119cy, ponownego wykorzystywania, w spos\u00f3b sta\u0142y i bezpo\u015bredni w czasie rzeczywistym, informacji sektora publicznego gromadzonych i przechowywanych w systemie teleinformatycznym podmiotu zobowi\u0105zanego wniosek powinien tak\u017ce zawiera\u0107 wskazanie okresu, przez kt\u00f3ry podmiot zobowi\u0105zany b\u0119dzie umo\u017cliwia\u0142 ponowne wykorzystywanie informacji sektora publicznego w spos\u00f3b sta\u0142y i&nbsp;bezpo\u015bredni w czasie rzeczywistym.<\/p>\n\n\n\n<p>W przypadku niespe\u0142nienia warunk\u00f3w formalnych wniosku wzywa si\u0119 wnioskodawc\u0119 do usuni\u0119cia brak\u00f3w formalnych, wraz z pouczeniem, \u017ce ich nieusuni\u0119cie w terminie 7 dni od dnia otrzymania wezwania spowoduje pozostawienie wniosku bez rozpoznania.<\/p>\n\n\n\n<p>Wniosek rozpatruje si\u0119 niezw\u0142ocznie, nie p\u00f3\u017aniej jednak ni\u017c w terminie 14 dni od dnia otrzymania wniosku. Je\u017celi wniosek o ponowne wykorzystanie nie mo\u017ce zosta\u0107 rozpatrzony w&nbsp;terminie 14 dni Starostwo zawiadamia wnioskodawc\u0119 o przyczynach op\u00f3\u017anienia oraz o&nbsp;terminie, w jakim rozpatrzy wniosek, nie d\u0142u\u017cszym jednak ni\u017c 2 miesi\u0105ce od dnia z\u0142o\u017cenia wniosku.<\/p>\n\n\n\n<p><strong>OP\u0141ATY<\/strong><\/p>\n\n\n\n<p>Zgodnie z ustaw\u0105 informacje sektora publicznego udost\u0119pnia si\u0119 lub przekazuje w celu ich ponownego wykorzystywania bezp\u0142atnie. SPZZOZ im. Marsza\u0142ka J\u00f3zefa Pi\u0142sudskiego w&nbsp;P\u0142o\u0144sku mo\u017ce na\u0142o\u017cy\u0107 op\u0142at\u0119 za ponowne wykorzystywanie, je\u017celi przygotowanie lub przekazanie informacji w&nbsp;spos\u00f3b lub w formie wskazanych we wniosku o ponowne wykorzystywanie wymaga poniesienia dodatkowych koszt\u00f3w.<\/p>\n\n\n\n<p>Ustalaj\u0105c wysoko\u015b\u0107 op\u0142aty uwzgl\u0119dnia si\u0119 koszty przygotowania lub przekazania informacji sektora publicznego w okre\u015blony spos\u00f3b i w okre\u015blonej formie oraz inne czynniki, kt\u00f3re b\u0119d\u0105 brane pod uwag\u0119 przy rozpatrywaniu nietypowych wniosk\u00f3w o ponowne wykorzystywanie, kt\u00f3re mog\u0105 mie\u0107 wp\u0142yw w szczeg\u00f3lno\u015bci na koszt lub czas przygotowania lub przekazania informacji. \u0141\u0105czna wysoko\u015b\u0107 op\u0142aty nie mo\u017ce przekroczy\u0107 sumy koszt\u00f3w poniesionych bezpo\u015brednio w celu przygotowania lub przekazania informacji sektora publicznego w celu ponownego wykorzystywania w okre\u015blony spos\u00f3b i w okre\u015blonej formie.<\/p>\n\n\n\n<p><strong>\u015aRODKI PRAWNE PRZYS\u0141UGUJ\u0104CE W PRZYPADKU ODMOWY UDZIELENIA ZGODY NA PONOWNE WYKORZYSTANIE<\/strong><\/p>\n\n\n\n<p>Wnioskodawca, kt\u00f3ry otrzyma\u0142 ofert\u0119 zawieraj\u0105c\u0105 warunki ponownego wykorzystywania lub informacj\u0119 o wysoko\u015bci op\u0142at za ponowne wykorzystywanie mo\u017ce w terminie 14 dni od dnia otrzymania oferty z\u0142o\u017cy\u0107 sprzeciw z powodu naruszenia przepis\u00f3w Ustawy albo zawiadomi\u0107 podmiot zobowi\u0105zany o przyj\u0119ciu oferty. Brak zawiadomienia o przyj\u0119ciu oferty w terminie 14 dni od dnia otrzymania oferty jest r\u00f3wnoznaczny z wycofaniem wniosku. W przypadku otrzymania sprzeciwu podmiot zobowi\u0105zany, w drodze decyzji, rozstrzyga o warunkach ponownego wykorzystywania lub o wysoko\u015bci op\u0142at za ponowne wykorzystywanie. Do decyzji o odmowie wyra\u017cenia zgody na ponowne wykorzystywanie informacji sektora publicznego oraz do decyzji o warunkach ponownego wykorzystywania lub o wysoko\u015bci op\u0142at za ponowne wykorzystywanie stosuje si\u0119 przepisy ustawy z dnia 14 czerwca 1960 r. \u2013 Kodeks post\u0119powania administracyjnego (t.j. Dz. U. z 2016 r. poz. 23 z p\u00f3\u017an. zm.).<\/p>\n\n\n\n<p>Do skarg rozpatrywanych w post\u0119powaniach o ponowne wykorzystywanie informacji sektora publicznego stosuje si\u0119 przepisy ustawy z dnia 30 sierpnia 2002 r. \u2013 Prawo o post\u0119powaniu przed s\u0105dami administracyjnymi (t.j. Dz. U. z 2016 r. poz. 718 z p\u00f3\u017an. zm.).<\/p>\n\n\n\n<div class=\"wp-block-buttons is-layout-flex wp-block-buttons-is-layout-flex\">\n<div class=\"wp-block-button has-custom-width wp-block-button__width-100 is-style-primary\"><a class=\"wp-block-button__link\" href=\"http:\/\/new.szpitalplonsk.pl\/index.php\/bip\/\">Wr\u00f3\u0107<\/a><\/div>\n<\/div>\n","protected":false},"excerpt":{"rendered":"<p>Zasady oraz tryb ponownego wykorzystywania informacji sektora publicznego. Wytyczne okre\u015blono (t.j. Dz. U. z 2016 r.&nbsp; poz. 352), zwanej dalej \u201eUstaw\u0105\u201d. Zgodnie z Ustaw\u0105 ponowne wykorzystywanie informacji sektora publicznego to wykorzystywanie przez osoby fizyczne, osoby prawne i jednostki organizacyjne nieposiadaj\u0105ce osobowo\u015bci prawnej, informacji sektora publicznego w celach komercyjnych lub niekomercyjnych innych ni\u017c pierwotny publiczny cel,&hellip;&nbsp;<a href=\"http:\/\/new.szpitalplonsk.pl\/index.php\/bip\/ponowne-wykorzystanie-informacji-sektora-publicznego\/\" class=\"\" rel=\"bookmark\">Czytaj dalej &raquo;<span class=\"screen-reader-text\">Ponowne wykorzystanie informacji sektora publicznego<\/span><\/a><\/p>\n","protected":false},"author":1,"featured_media":0,"parent":1450,"menu_order":0,"comment_status":"closed","ping_status":"closed","template":"","meta":{"neve_meta_sidebar":"","neve_meta_container":"","neve_meta_enable_content_width":"","neve_meta_content_width":0,"neve_meta_title_alignment":"","neve_meta_author_avatar":"","neve_post_elements_order":"","neve_meta_disable_header":"","neve_meta_disable_footer":"","neve_meta_disable_title":"","footnotes":""},"class_list":["post-2064","page","type-page","status-publish","hentry"],"_links":{"self":[{"href":"http:\/\/new.szpitalplonsk.pl\/index.php\/wp-json\/wp\/v2\/pages\/2064","targetHints":{"allow":["GET"]}}],"collection":[{"href":"http:\/\/new.szpitalplonsk.pl\/index.php\/wp-json\/wp\/v2\/pages"}],"about":[{"href":"http:\/\/new.szpitalplonsk.pl\/index.php\/wp-json\/wp\/v2\/types\/page"}],"author":[{"embeddable":true,"href":"http:\/\/new.szpitalplonsk.pl\/index.php\/wp-json\/wp\/v2\/users\/1"}],"replies":[{"embeddable":true,"href":"http:\/\/new.szpitalplonsk.pl\/index.php\/wp-json\/wp\/v2\/comments?post=2064"}],"version-history":[{"count":1,"href":"http:\/\/new.szpitalplonsk.pl\/index.php\/wp-json\/wp\/v2\/pages\/2064\/revisions"}],"predecessor-version":[{"id":2065,"href":"http:\/\/new.szpitalplonsk.pl\/index.php\/wp-json\/wp\/v2\/pages\/2064\/revisions\/2065"}],"up":[{"embeddable":true,"href":"http:\/\/new.szpitalplonsk.pl\/index.php\/wp-json\/wp\/v2\/pages\/1450"}],"wp:attachment":[{"href":"http:\/\/new.szpitalplonsk.pl\/index.php\/wp-json\/wp\/v2\/media?parent=2064"}],"curies":[{"name":"wp","href":"https:\/\/api.w.org\/{rel}","templated":true}]}}