{"id":217,"date":"2022-07-22T08:00:24","date_gmt":"2022-07-22T06:00:24","guid":{"rendered":"http:\/\/127.0.0.1\/wordpress\/?page_id=217"},"modified":"2022-09-16T07:35:46","modified_gmt":"2022-09-16T07:35:46","slug":"uslugi-komercyjne","status":"publish","type":"page","link":"http:\/\/new.szpitalplonsk.pl\/index.php\/uslugi-szpitalne\/uslugi-komercyjne\/","title":{"rendered":"Us\u0142ugi komercyjne"},"content":{"rendered":"\n<p>Dyrekcja Samodzielnego Publicznego Zespo\u0142u Zak\u0142ad\u00f3w Opieki Zdrowotnej im. Marsza\u0142ka J\u00f3zefa Pi\u0142sudskiego w P\u0142o\u0144sku informuje, \u017ce z pocz\u0105tkiem lipca 2017 r. oferta szpitala zostaje poszerzona&nbsp;o \u015bwiadczenia komercyjne udzielane poza umow\u0105 z NFZ w zakresie poradni:<\/p>\n\n\n\n<ul class=\"wp-block-list\"><li>gastroenterologicznej,<\/li><li>oraz bada\u0144 endoskopowych.<\/li><\/ul>\n\n\n\n<p>Pacjenci mog\u0105 wykona\u0107 badanie EKG, holter ci\u015bnieniowy, holter EKG, test wysi\u0142kowy, ECHO serca. Zapisy przyjmowane s\u0105 pod numerem tel.: 791 895 200<\/p>\n\n\n\n<p>Zapisy do&nbsp;<strong>Poradni<\/strong> przyjmowane s\u0105&nbsp;<strong>od poniedzia\u0142ku do pi\u0105tku w godz. 9.00-12.00<\/strong>&nbsp;pod nr telefonu:&nbsp;<strong>535&nbsp;225 327.<\/strong><\/p>\n\n\n\n<p>Do poradni&nbsp; gastroenterologicznej w&nbsp;<strong>budynku D<\/strong>&nbsp;szpitala, a badanie endoskopowe w pracowni bada\u0144 endoskopowych na&nbsp;<strong>I pi\u0119trze<\/strong>&nbsp;<strong>w budynku \u201eC\u201d<\/strong>&nbsp;szpitala (\u0142\u0105cznik).<\/p>\n\n\n\n<p><strong>Pracownia bada\u0144 endoskopowych<\/strong>&nbsp;oferuje wykonanie gastroskopii i kolonoskopii w znieczuleniu lub bez znieczulenia. Zapisy do pracowni bada\u0144 endoskopowych przyjmowane s\u0105&nbsp;<strong>od poniedzia\u0142ku do pi\u0105tku w godz. 8.00-14.00&nbsp;<\/strong>pod nr tel.: <strong>535 225 327<br><\/strong><\/p>\n\n\n\n<p>Szczeg\u00f3\u0142owy cennik us\u0142ug oraz harmonogram przyj\u0119\u0107 dost\u0119pny jest na stronie Internetowej szpitala:&nbsp;<a href=\"http:\/\/www.szpitalplonsk.pl\/\">www.szpitalplonsk.pl<\/a>&nbsp;w zak\u0142adce: us\u0142ugi komercyjne.<\/p>\n\n\n\n<p>P\u0142atno\u015b\u0107 za ww. us\u0142ugi mo\u017ce by\u0107 dokonana got\u00f3wk\u0105 lub kart\u0105.<\/p>\n\n\n\n<div class=\"wp-block-buttons is-layout-flex wp-block-buttons-is-layout-flex\">\n<div class=\"wp-block-button has-custom-width wp-block-button__width-100 is-style-primary\"><a class=\"wp-block-button__link\" href=\"http:\/\/new.szpitalplonsk.pl\/index.php\/uslugi-szpitalne\/\">Wr\u00f3\u0107<\/a><\/div>\n<\/div>\n\n\n\n<div style=\"height:100px\" aria-hidden=\"true\" class=\"wp-block-spacer\"><\/div>\n","protected":false},"excerpt":{"rendered":"<p>Dyrekcja Samodzielnego Publicznego Zespo\u0142u Zak\u0142ad\u00f3w Opieki Zdrowotnej im. Marsza\u0142ka J\u00f3zefa Pi\u0142sudskiego w P\u0142o\u0144sku informuje, \u017ce z pocz\u0105tkiem lipca 2017 r. oferta szpitala zostaje poszerzona&nbsp;o \u015bwiadczenia komercyjne udzielane poza umow\u0105 z NFZ w zakresie poradni: gastroenterologicznej, oraz bada\u0144 endoskopowych. Pacjenci mog\u0105 wykona\u0107 badanie EKG, holter ci\u015bnieniowy, holter EKG, test wysi\u0142kowy, ECHO serca. Zapisy przyjmowane s\u0105 pod&hellip;&nbsp;<a href=\"http:\/\/new.szpitalplonsk.pl\/index.php\/uslugi-szpitalne\/uslugi-komercyjne\/\" class=\"\" rel=\"bookmark\">Czytaj dalej &raquo;<span class=\"screen-reader-text\">Us\u0142ugi komercyjne<\/span><\/a><\/p>\n","protected":false},"author":1,"featured_media":0,"parent":59,"menu_order":0,"comment_status":"closed","ping_status":"closed","template":"","meta":{"neve_meta_sidebar":"","neve_meta_container":"","neve_meta_enable_content_width":"","neve_meta_content_width":0,"neve_meta_title_alignment":"","neve_meta_author_avatar":"","neve_post_elements_order":"","neve_meta_disable_header":"","neve_meta_disable_footer":"","neve_meta_disable_title":"","footnotes":""},"class_list":["post-217","page","type-page","status-publish","hentry"],"_links":{"self":[{"href":"http:\/\/new.szpitalplonsk.pl\/index.php\/wp-json\/wp\/v2\/pages\/217","targetHints":{"allow":["GET"]}}],"collection":[{"href":"http:\/\/new.szpitalplonsk.pl\/index.php\/wp-json\/wp\/v2\/pages"}],"about":[{"href":"http:\/\/new.szpitalplonsk.pl\/index.php\/wp-json\/wp\/v2\/types\/page"}],"author":[{"embeddable":true,"href":"http:\/\/new.szpitalplonsk.pl\/index.php\/wp-json\/wp\/v2\/users\/1"}],"replies":[{"embeddable":true,"href":"http:\/\/new.szpitalplonsk.pl\/index.php\/wp-json\/wp\/v2\/comments?post=217"}],"version-history":[{"count":1,"href":"http:\/\/new.szpitalplonsk.pl\/index.php\/wp-json\/wp\/v2\/pages\/217\/revisions"}],"predecessor-version":[{"id":1675,"href":"http:\/\/new.szpitalplonsk.pl\/index.php\/wp-json\/wp\/v2\/pages\/217\/revisions\/1675"}],"up":[{"embeddable":true,"href":"http:\/\/new.szpitalplonsk.pl\/index.php\/wp-json\/wp\/v2\/pages\/59"}],"wp:attachment":[{"href":"http:\/\/new.szpitalplonsk.pl\/index.php\/wp-json\/wp\/v2\/media?parent=217"}],"curies":[{"name":"wp","href":"https:\/\/api.w.org\/{rel}","templated":true}]}}