{"id":269,"date":"2022-07-22T10:09:14","date_gmt":"2022-07-22T08:09:14","guid":{"rendered":"http:\/\/127.0.0.1\/wordpress\/?page_id=269"},"modified":"2022-09-16T07:23:14","modified_gmt":"2022-09-16T07:23:14","slug":"oddzial-neonatologiczny","status":"publish","type":"page","link":"http:\/\/new.szpitalplonsk.pl\/index.php\/uslugi-szpitalne\/oddzialy\/oddzial-neonatologiczny\/","title":{"rendered":"Oddzia\u0142 Neonatologiczny"},"content":{"rendered":"\n<p>Oddzia\u0142 I stopnia opieki neonatologicznej maj\u0105cy tytu\u0142 \u201eSzpitala Przyjaznego Dziecku\u201d, pracuj\u0105cy w systemie rooming \u2013 in. Matki przebywaj\u0105 razem z dzieckiem na sali. Umo\u017cliwiony jest pierwszy kontakt matki z dzieckiem bezpo\u015brednio po urodzeniu oraz pomoc w karmieniu dziecka piersi\u0105. Posiadamy profesjonaln\u0105 kadr\u0119 i sprz\u0119t umo\u017cliwiaj\u0105cy fachow\u0105 opiek\u0119 nad noworodkiem chorym.<\/p>\n\n\n\n<p><strong>Specyfika:<br><\/strong>Zapewniamy sta\u0142\u0105, profesjonaln\u0105 opiek\u0119 wszystkim noworodkom przychodz\u0105cym na \u015bwiat w Szpitalu w P\u0142o\u0144sku. Prowadzimy dzia\u0142ania profilaktyczne w zakresie zapobiegania chorobom zaka\u017anym- szczepienia BCG, WZW B. Wykrywamy i leczymy policytemi\u0119, chorob\u0119 krwotoczn\u0105, hemolityczn\u0105, hipoglikemi\u0119, hiperbilirubinemi\u0119, infekcj\u0119 wewn\u0105trzmaciczn\u0105. Wykrywamy wrodzone wady s\u0142uchu \u2013 PPPBSuN. Prowadzimy badania przesiewowe w kierunku fenyloketonurii, hipotyreozy. Umieszczamy noworodki wymagaj\u0105ce szerszej diagnostyki w o\u015brodkach nadrz\u0119dnych.<\/p>\n\n\n\n<p><strong>I stopie\u0144 opieki Hospitalizacja zdrowego noworodka \u015awiadczenia zdrowotne:<\/strong><\/p>\n\n\n\n<ul class=\"wp-block-list\"><li>Opieka nad zdrowym noworodkiem:<\/li><\/ul>\n\n\n\n<p>\u2013 promocja karmienia piersi\u0105<br>\u2013 profilaktyka zapale\u0144 spoj\u00f3wek, choroby krwotocznej<br>\u2013 skrining w kierunku fenyloketonurii i hiptyreozy<br>\u2013 przesiew w kierunku zaburze\u0144 s\u0142uchu metod\u0105 fotoemisji akustycznej<\/p>\n\n\n\n<ul class=\"wp-block-list\"><li>Reanimacja kr\u0105\u017ceniowo- oddechowa w stanach zagro\u017cenia \u017cycia,<\/li><li>Leczenie i diagnostyka hiperbilirubinemii,<\/li><li>Zaburzenia termoregulacji,<\/li><li>Niezaka\u017ane zmiany sk\u00f3rne,<\/li><li>Noworodki wymagaj\u0105ce diagnostyki w kierunku infekcji bakteryjnej, wirusowej, grzybiczej,<\/li><li>Zaka\u017cenia dotycz\u0105ce uszu, spoj\u00f3wek, sk\u00f3ry, p\u0119pka,<\/li><li>Zaka\u017cenia uk\u0142adu moczowego z diagnostyk\u0105 (bakteriologiczn\u0105, USG),<\/li><li>Zapalenia p\u0142uc niepowik\u0142ane,<\/li><li>Przemijaj\u0105ce zaburzenia oddychania,<\/li><li>Bezdech-diagnostyka,<\/li><li>Noworodek pod wp\u0142ywem lek\u00f3w podanych matce i\/lub u\u017cywek (alkohol, narkotyki),<\/li><li>Noworodek matki z chorob\u0105 wirusow\u0105, bakteryjn\u0105, grzybicz\u0105 w okresie oko\u0142oporodowym,<\/li><li>Noworodek z urazem oko\u0142oporodowym,<\/li><li>Noworodek z nisk\u0105 mas\u0105 cia\u0142a (poni\u017cej 2500 g ),<\/li><li>Noworodek wymagaj\u0105cy transportu \u201dN\u201d,<\/li><li>Noworodek wymagaj\u0105cy sztucznej wentylacji i intensywnej terapii- pierwsza doba,<\/li><li>Noworodek matki z chorob\u0105 tarczycy, wad\u0105 serca, padaczk\u0105.<\/li><\/ul>\n\n\n\n<h3 class=\"wp-block-heading\"><strong>Personel:<\/strong><\/h3>\n\n\n\n<p><strong>Ordynator:<\/strong><\/p>\n\n\n\n<p><strong>Piel\u0119gniarka Oddzia\u0142owa:<\/strong>&nbsp;Jadwiga Banasiewicz<\/p>\n\n\n\n<p><strong>Lokalizacja oddzia\u0142u:<br><\/strong>Oddzia\u0142 zlokalizowany jest w II budynku szpitalnym, 2 pi\u0119tro z dost\u0119pem do windy.<\/p>\n\n\n\n<p><strong>Kontakt:<br><\/strong>Centrala: 023 661 34 00<br>Ordynator Oddzia\u0142u wew. 396<br>Dy\u017curka piel\u0119gniarek wew. 353<\/p>\n\n\n\n<h3 class=\"wp-block-heading\"><strong>ZASADY POST\u0118POWANIA SPRZYJAJ\u0104CE KARMIENIU PIERSI\u0104 W SPZZOZ w P\u0142o\u0144sku<\/strong><\/h3>\n\n\n\n<p><strong>OPIEKA OKO\u0141OPORODOWA I PORODOWA-wczesna stymulacja laktacji; wyeliminowanie praktyk zaburzaj\u0105cych laktacj\u0119; nauka karmienia; nauka i pomoc w rozwi\u0105zywaniu problem\u00f3w.<\/strong><\/p>\n\n\n\n<ul class=\"wp-block-list\"><li>W kontaktach z rodz\u0105c\u0105 i karmi\u0105c\u0105 wyrazi\u0107 swoje pozytywne nastawienie do karmienia piersi\u0105, oparte o rzeteln\u0105 , stale aktualizowan\u0105 wiedz\u0119 teoretyczn\u0105 i praktyczn\u0105;<\/li><li>Ograniczaj\u0105c do minimum stres porodowy poprzez stworzenie na Sali Porodowej atmosfery fachowo\u015bci , bezpiecze\u0144stwa i serdecznego zainteresowania rodz\u0105c\u0105 i jej dzieckiem9tak\u017ce z mo\u017cliwo\u015bci\u0105 obecno\u015bci osoby bliskiej&nbsp;&nbsp; dla rodz\u0105cej przy porodzie);<\/li><li>W miar\u0119 mo\u017cliwo\u015bci ogranicza\u0107 stosowanie \u015brodk\u00f3w uspakajaj\u0105cych ,przeciwb\u00f3lowych, znieczulaj\u0105cych pami\u0119taj\u0105c, \u017ce utrudniaj\u0105 one wsp\u00f3\u0142dzia\u0142anie matki i dziecka w toku pierwszych karmie\u0144;<\/li><li>Zaniecha\u0107 rutynowego ( bez uzasadnionych w ka\u017cdym przypadku wskaza\u0144) od\u015bluzowania jamy ustnej, kontroli dro\u017cno\u015bci prze\u0142yku, wa\u017cenia, mierzenia i innych czynno\u015bci izoluj\u0105cych nowonarodzone dziecko od matki i zaburzaj\u0105cych proces ssania; odst\u0105pi\u0107 od \u201eciasnego\u201d zawijania noworodka, aby zapewni\u0107 mu mo\u017cliwo\u015b\u0107 prawid\u0142owej aktywno\u015bci;<\/li><li>Pozostawi\u0107 noworodka bezpo\u015brednio po narodzinach, osuszonego i ochronionego przed utrat\u0105 ciep\u0142a w kontakcie z matk\u0105 \u201ecia\u0142o do cia\u0142a\u201d ( sk\u00f3ra do sk\u00f3ry) optymalnie nieprzerwanie a\u017c do zako\u0144czenia przez dziecko pierwszego karmienia. Zapewni\u0107 aktywna pomoc personelu w pierwszym przystawieniu dziecka do piersi czasie dw\u00f3ch godzin od porodu;<\/li><li>Po porodzie drog\u0105 ci\u0119cia cesarskiego ustali\u0107 z anestezjologiem w jakim czasie i w jakiej pozycji (rodzaj znieczulenia i stan zdrowia matki) Mo\u017cliwy b\u0119dzie pierwszy kontakt z matk\u0105 \u201ecia\u0142o do cia\u0142a\u201d i dost\u0119p do piersi. Pierwszy kontakt dziecka z matk\u0105 \u201ecia\u0142o do cia\u0142a\u201d po znieczuleniu og\u00f3lnym odroczy\u0107 do czasu , gdy matka mo\u017ce ju\u017c \u015bwiadomie uczestniczy\u0107 ;<\/li><li>Zapisywa\u0107 w dokumentacji dziecka fakt pierwszego karmienia i jego okoliczno\u015bci;<\/li><li>Stosowa\u0107 system rooming-in umo\u017cliwiaj\u0105cy matce przebywanie razem z dzieckiem w tym samym pokoju przez 24 godziny na dob\u0119, nie rozdzielanie na czas d\u0142u\u017cszy ni\u017c 1 godzina w ci\u0105gu doby(w miar\u0119 mo\u017cliwo\u015bci wszelkie zabiegi, fototerapia wykonywane na sali z matk\u0105); W przypadku uzasadnionego medycznie oddzielenia dziecka od matki, personel zobowi\u0105zany jest aktywnie pomaga\u0107 w odci\u0105ganiu pokarmu i nauczy\u0107 matk\u0119 tej umiej\u0119tno\u015bci;<\/li><li>Umo\u017cliwi\u0107 matce karmienie na \u201e\u017c\u0105danie\u201d, wed\u0142ug potrzeb dziecka i matki;<\/li><li>Zakaz stosowania butelki ze smoczkiem, kapturk\u00f3w w oddziale. Ze wskaza\u0144 medycznych dokarmia\u0107 noworodki sond\u0105, kubeczkiem , \u0142y\u017ceczka, pipetk\u0105;<\/li><li>Nie przepaja\u0107 p\u0142ynami, mieszanki podawa\u0107 tylko ze wzgl\u0119d\u00f3w medycznych (na zlecenie lekarza);<\/li><li>Zaniecha\u0107 rutyny codziennego wa\u017cenia noworodk\u00f3w;<\/li><li>Aktywnie asystowa\u0107 ka\u017cdej matce przy karmieniu, systematycznie przekazuj\u0105c jej potrzebn\u0105 wiedz\u0119 teoretyczn\u0105 i praktyczn\u0105.<\/li><li>Rozpowszechnia\u0107 w\u015br\u00f3d matek informacje o mechanizmach regulowania laktacji , zasadach karmienia \u201ena \u017c\u0105danie\u201d, technice, mo\u017cliwych pozycjach karmienia oraz o trudno\u015bciach jakie mog\u0105 napotka\u0107 w pierwszych tygodniach laktacji;<\/li><li>Prowadzi\u0107 profilaktyk\u0119 schorze\u0144 brodawek i gruczo\u0142u sutkowego , a w przypadku wyst\u0105pienia powik\u0142a\u0144 prowadzi\u0107 leczenie bez zb\u0119dnego odstawiania piersi;<\/li><li>W razie potrzeby ze wzgl\u0119d\u00f3w medycznych podawa\u0107 matkom leki , kt\u00f3re nie umo\u017cliwiaj\u0105 karmienia piersi\u0105<\/li><li>Umo\u017cliwi\u0107 ojcu i osobom bliskim odwiedziny na oddziale;<\/li><li>Nie zezwala si\u0119 na \u017cadn\u0105 form\u0119 reklamy sztucznej \u017cywno\u015bci dla niemowl\u0105t , firm tak\u0105 \u017cywno\u015b\u0107 produkuj\u0105cych oraz reklamowanie przedmiot\u00f3w zaburzaj\u0105cych form\u0119 ssania \u2013smoczk\u00f3w, butelek ze smoczkiem kapturk\u00f3w \u2013ochraniaczy na brodawki sutkowe.<\/li><li>Przekazywa\u0107 informacj\u0119 o narodzeniu si\u0119 dziecka do w\u0142a\u015bciwej Poradni Rodzinnej bezpo\u015brednio po urodzeniu oraz o wypisaniu o wypisaniu dziecka z oddzia\u0142u Noworodkowego w dniu wypisu .<\/li><li>Przekaza\u0107 dokumentacj\u0119 dziecka z opisem problem\u00f3w w tym laktacyjnych do Poradni Rodzinnej, a w razie potrzeby przekaza\u0107 je telefonicznie(tzw. wczesny patrona\u017c laktacyjny)<\/li><li>Spisa\u0107 na pi\u015bmie i wywiesi\u0107 w miejscu dost\u0119pnym dla matek i ich rodzin szczeg\u00f3\u0142owe informacje na temat:<\/li><\/ul>\n\n\n\n<p>\u2013 korzy\u015bci p\u0142yn\u0105cych z karmienia piersi\u0105 ;<br>\u2013 technice karmienia i utrzymywania laktacji na odpowiednim dla dziecka poziomie;<br>\u2013 technice odci\u0105gania pokarmu ;<br>\u2013 sposobie i miejscu uzyskania pomocy w razie k\u0142opot\u00f3w z karmieniem piersi\u0105;<\/p>\n\n\n\n<ul class=\"wp-block-list\"><li>Przygotowa\u0107 materia\u0142y na pi\u015bmie do rozdawnictwa na temat karmienia piersi\u0105 oraz sposobie i miejscu uzyskania pomocy w razie k\u0142opot\u00f3w w karmieniu piersi\u0105.<\/li><li>Prowadzi\u0107 ewidencj\u0119 porad laktacyjnych udzielonych po wypisie z Oddzia\u0142u z opisem problemu i sposobem rozwi\u0105zania 9np.:porada, zalecenie zg\u0142oszenia si\u0119 do szpitala, Poradni Neatologicznej, Poradni Rodzinnej).<\/li><\/ul>\n\n\n\n<div class=\"wp-block-buttons is-layout-flex wp-block-buttons-is-layout-flex\">\n<div class=\"wp-block-button has-custom-width wp-block-button__width-100 is-style-primary\"><a class=\"wp-block-button__link\" href=\"http:\/\/new.szpitalplonsk.pl\/index.php\/uslugi-szpitalne\/oddzialy\/\">Wr\u00f3\u0107<\/a><\/div>\n<\/div>\n\n\n\n<div style=\"height:100px\" aria-hidden=\"true\" class=\"wp-block-spacer\"><\/div>\n","protected":false},"excerpt":{"rendered":"<p>Oddzia\u0142 I stopnia opieki neonatologicznej maj\u0105cy tytu\u0142 \u201eSzpitala Przyjaznego Dziecku\u201d, pracuj\u0105cy w systemie rooming \u2013 in. Matki przebywaj\u0105 razem z dzieckiem na sali. Umo\u017cliwiony jest pierwszy kontakt matki z dzieckiem bezpo\u015brednio po urodzeniu oraz pomoc w karmieniu dziecka piersi\u0105. Posiadamy profesjonaln\u0105 kadr\u0119 i sprz\u0119t umo\u017cliwiaj\u0105cy fachow\u0105 opiek\u0119 nad noworodkiem chorym. Specyfika:Zapewniamy sta\u0142\u0105, profesjonaln\u0105 opiek\u0119 wszystkim&hellip;&nbsp;<a href=\"http:\/\/new.szpitalplonsk.pl\/index.php\/uslugi-szpitalne\/oddzialy\/oddzial-neonatologiczny\/\" class=\"\" rel=\"bookmark\">Czytaj dalej &raquo;<span class=\"screen-reader-text\">Oddzia\u0142 Neonatologiczny<\/span><\/a><\/p>\n","protected":false},"author":1,"featured_media":0,"parent":227,"menu_order":0,"comment_status":"closed","ping_status":"closed","template":"","meta":{"neve_meta_sidebar":"","neve_meta_container":"","neve_meta_enable_content_width":"","neve_meta_content_width":0,"neve_meta_title_alignment":"","neve_meta_author_avatar":"","neve_post_elements_order":"","neve_meta_disable_header":"","neve_meta_disable_footer":"","neve_meta_disable_title":"","footnotes":""},"class_list":["post-269","page","type-page","status-publish","hentry"],"_links":{"self":[{"href":"http:\/\/new.szpitalplonsk.pl\/index.php\/wp-json\/wp\/v2\/pages\/269","targetHints":{"allow":["GET"]}}],"collection":[{"href":"http:\/\/new.szpitalplonsk.pl\/index.php\/wp-json\/wp\/v2\/pages"}],"about":[{"href":"http:\/\/new.szpitalplonsk.pl\/index.php\/wp-json\/wp\/v2\/types\/page"}],"author":[{"embeddable":true,"href":"http:\/\/new.szpitalplonsk.pl\/index.php\/wp-json\/wp\/v2\/users\/1"}],"replies":[{"embeddable":true,"href":"http:\/\/new.szpitalplonsk.pl\/index.php\/wp-json\/wp\/v2\/comments?post=269"}],"version-history":[{"count":2,"href":"http:\/\/new.szpitalplonsk.pl\/index.php\/wp-json\/wp\/v2\/pages\/269\/revisions"}],"predecessor-version":[{"id":1647,"href":"http:\/\/new.szpitalplonsk.pl\/index.php\/wp-json\/wp\/v2\/pages\/269\/revisions\/1647"}],"up":[{"embeddable":true,"href":"http:\/\/new.szpitalplonsk.pl\/index.php\/wp-json\/wp\/v2\/pages\/227"}],"wp:attachment":[{"href":"http:\/\/new.szpitalplonsk.pl\/index.php\/wp-json\/wp\/v2\/media?parent=269"}],"curies":[{"name":"wp","href":"https:\/\/api.w.org\/{rel}","templated":true}]}}