{"id":281,"date":"2022-07-22T11:23:47","date_gmt":"2022-07-22T09:23:47","guid":{"rendered":"http:\/\/127.0.0.1\/wordpress\/?page_id=281"},"modified":"2022-09-16T07:17:58","modified_gmt":"2022-09-16T07:17:58","slug":"oddzial-dzieciecy","status":"publish","type":"page","link":"http:\/\/new.szpitalplonsk.pl\/index.php\/uslugi-szpitalne\/oddzialy\/oddzial-dzieciecy\/","title":{"rendered":"Oddzia\u0142 Dzieci\u0119cy"},"content":{"rendered":"\n<p>Do Oddzia\u0142u Dzieci\u0119cego przyjmujemy wszystkie dzieci ze skierowaniem do szpitala. W stanach nag\u0142ych, gdy wymagana jest natychmiastowa hospitalizacja pacjenci s\u0105 przyjmowani bez skierowa\u0144 \u2013 bezpo\u015brednio z Dzieci\u0119cej Izby Przyj\u0119\u0107. Udzielamy natychmiastowej i fachowej pomocy w nag\u0142ych stanach zagro\u017cenia \u017cycia dziecka. Nasza pomoc jest oparta o diagnoz\u0119 i leczenie chor\u00f3b dzieci\u0119cych. W ramach hospitalizacji oferujemy konsultacje okulistyczne, psychologiczne, psychiatryczne, laryngologiczne. Personel oddzia\u0142u cechuje fachowo\u015b\u0107 i serdeczny stosunek do ka\u017cdego pacjenta.<\/p>\n\n\n\n<p>Od 1995 r. szczycimy si\u0119 tytu\u0142em Szpitala Przyjaznego Dziecku. Jedno spo\u015br\u00f3d rodzic\u00f3w mo\u017ce przebywa\u0107 z dzieckiem na oddziale przez ca\u0142\u0105 dob\u0119. Przyjazna atmosfera sprzyja lepszemu samopoczuciu pacjenta, co w efekcie daje lepsze wyniki leczenia. Hospitalizujemy dzieci w wieku 0- 18 lat, dysponujemy 21 \u0142\u00f3\u017ckami. Oddzia\u0142 zlokalizowany jest w I budynku, parter.<\/p>\n\n\n\n<p><strong>Oddzia\u0142 \u015bwiadczy us\u0142ugi w zakresie:<\/strong><\/p>\n\n\n\n<ul class=\"wp-block-list\"><li>chor\u00f3b uk\u0142adu oddechowego (ostre zapalenie krtani, obturacyjne zapalenie oskrzeli, zapalenia p\u0142uc, zaostrzenia astmy oskrzelowej i stany astmatyczne); prowadzone jest post\u0119powanie diagnostyczne i leczenie u dzieci z nawracaj\u0105cymi zapaleniami dr\u00f3g oddechowych i obturacyjnymi zapaleniami oskrzeli;<\/li><li>chor\u00f3b uk\u0142adu kr\u0105\u017cenia (choroby \/podejrzenie choroby w obr\u0119bie serca, nadci\u015bnienie t\u0119tnicze, zaburzenia rytmu serca, omdlenia)-wykonujemy w razie potrzeby badanie echa serca, badanie Holtera i EKG;<\/li><li>chor\u00f3b uk\u0142adu pokarmowego z diagnostyk\u0105 bakteriologiczn\u0105, wirusologiczn\u0105, endoskopow\u0105.<\/li><li>chor\u00f3b alergicznych (atopowe zapalenie sk\u00f3ry, pokrzywka ,obrz\u0119k Quincky\u2019ego, nietolerancje pokarmowe).Istnieje mo\u017cliwo\u015b\u0107 wykonania bada\u0144 alergologicznych tj.test\u00f3w sk\u00f3rnych , IgE ca\u0142kowite, IgE swoiste, panele alergen\u00f3w wziewnych i pokarmowych.<\/li><li>stany gor\u0105czkowe,<\/li><li>zespo\u0142y b\u00f3lowe,<\/li><li>drgawki,<\/li><li>zatrucia.<\/li><\/ul>\n\n\n\n<h3 class=\"wp-block-heading\"><strong>Personel:<br><\/strong><\/h3>\n\n\n\n<p><strong>Ordynator:<\/strong>&nbsp;lek. Lidia Bistron- specjalista chor\u00f3b dzieci\u0119cych<\/p>\n\n\n\n<p><strong>Piel\u0119gniarka Oddzia\u0142owa:<\/strong> lic. Justyna Biesalska<\/p>\n\n\n\n<p><strong>Lokalizacja:<\/strong><br>Oddzia\u0142 znajduje si\u0119 w pierwszym pawilonie szpitala na parterze.<\/p>\n\n\n\n<p><strong>Kontakt:<br><\/strong>Centrala tel.: 023 661 34 00<br>Gabinet Ordynatora: wew. 302<br>Dy\u017curka lekarska: wew. 309<br>Piel\u0119gniarka Oddzia\u0142owa: wew. 358<br>Telefon do Mamy: 801 30 23<\/p>\n\n\n\n<div class=\"wp-block-buttons is-layout-flex wp-block-buttons-is-layout-flex\">\n<div class=\"wp-block-button has-custom-width wp-block-button__width-100 is-style-primary\"><a class=\"wp-block-button__link\" href=\"http:\/\/new.szpitalplonsk.pl\/index.php\/uslugi-szpitalne\/oddzialy\/\">Wr\u00f3\u0107<\/a><\/div>\n<\/div>\n\n\n\n<div style=\"height:100px\" aria-hidden=\"true\" class=\"wp-block-spacer\"><\/div>\n","protected":false},"excerpt":{"rendered":"<p>Do Oddzia\u0142u Dzieci\u0119cego przyjmujemy wszystkie dzieci ze skierowaniem do szpitala. W stanach nag\u0142ych, gdy wymagana jest natychmiastowa hospitalizacja pacjenci s\u0105 przyjmowani bez skierowa\u0144 \u2013 bezpo\u015brednio z Dzieci\u0119cej Izby Przyj\u0119\u0107. Udzielamy natychmiastowej i fachowej pomocy w nag\u0142ych stanach zagro\u017cenia \u017cycia dziecka. Nasza pomoc jest oparta o diagnoz\u0119 i leczenie chor\u00f3b dzieci\u0119cych. W ramach hospitalizacji oferujemy konsultacje&hellip;&nbsp;<a href=\"http:\/\/new.szpitalplonsk.pl\/index.php\/uslugi-szpitalne\/oddzialy\/oddzial-dzieciecy\/\" class=\"\" rel=\"bookmark\">Czytaj dalej &raquo;<span class=\"screen-reader-text\">Oddzia\u0142 Dzieci\u0119cy<\/span><\/a><\/p>\n","protected":false},"author":1,"featured_media":0,"parent":227,"menu_order":0,"comment_status":"closed","ping_status":"closed","template":"","meta":{"neve_meta_sidebar":"","neve_meta_container":"","neve_meta_enable_content_width":"","neve_meta_content_width":0,"neve_meta_title_alignment":"","neve_meta_author_avatar":"","neve_post_elements_order":"","neve_meta_disable_header":"","neve_meta_disable_footer":"","neve_meta_disable_title":"","footnotes":""},"class_list":["post-281","page","type-page","status-publish","hentry"],"_links":{"self":[{"href":"http:\/\/new.szpitalplonsk.pl\/index.php\/wp-json\/wp\/v2\/pages\/281","targetHints":{"allow":["GET"]}}],"collection":[{"href":"http:\/\/new.szpitalplonsk.pl\/index.php\/wp-json\/wp\/v2\/pages"}],"about":[{"href":"http:\/\/new.szpitalplonsk.pl\/index.php\/wp-json\/wp\/v2\/types\/page"}],"author":[{"embeddable":true,"href":"http:\/\/new.szpitalplonsk.pl\/index.php\/wp-json\/wp\/v2\/users\/1"}],"replies":[{"embeddable":true,"href":"http:\/\/new.szpitalplonsk.pl\/index.php\/wp-json\/wp\/v2\/comments?post=281"}],"version-history":[{"count":2,"href":"http:\/\/new.szpitalplonsk.pl\/index.php\/wp-json\/wp\/v2\/pages\/281\/revisions"}],"predecessor-version":[{"id":1643,"href":"http:\/\/new.szpitalplonsk.pl\/index.php\/wp-json\/wp\/v2\/pages\/281\/revisions\/1643"}],"up":[{"embeddable":true,"href":"http:\/\/new.szpitalplonsk.pl\/index.php\/wp-json\/wp\/v2\/pages\/227"}],"wp:attachment":[{"href":"http:\/\/new.szpitalplonsk.pl\/index.php\/wp-json\/wp\/v2\/media?parent=281"}],"curies":[{"name":"wp","href":"https:\/\/api.w.org\/{rel}","templated":true}]}}