{"id":284,"date":"2022-07-22T11:24:48","date_gmt":"2022-07-22T09:24:48","guid":{"rendered":"http:\/\/127.0.0.1\/wordpress\/?page_id=284"},"modified":"2022-09-16T07:19:57","modified_gmt":"2022-09-16T07:19:57","slug":"oddzial-kardiologiczny","status":"publish","type":"page","link":"http:\/\/new.szpitalplonsk.pl\/index.php\/uslugi-szpitalne\/oddzialy\/oddzial-kardiologiczny\/","title":{"rendered":"Oddzia\u0142 Kardiologiczny"},"content":{"rendered":"\n<p>W Oddziale Kardiologicznym poza diagnostyk\u0105 medyczn\u0105 wykonujemy (bezpo\u015brednio w oddziale lub w wyodr\u0119bnionych pracowniach diagnostycznych Szpitala)- diagnostyk\u0119 specjalistyczn\u0105:<\/p>\n\n\n\n<ul class=\"wp-block-list\"><li>badania elektrokardiograficzne(EKG)<\/li><li>badania echokardiograficzne(Echo serca CD-CD naczy\u0144 krwiono\u015bnych \u017cylnych i t\u0119tniczych)<\/li><li>badania ultrasonograficzne(USG)<\/li><li>pr\u00f3by wysi\u0142kowe na bie\u017cni ruchomej<\/li><li>badania metod\u0105 Holtera (a) przy zaburzeniach rytmu serca, (b)Holter ci\u015bnieniowy przy diagnostyce nadci\u015bnienia t\u0119tniczego.<\/li><li>badania radiologiczne (RTG, tomografia komputerowa(CT)<\/li><\/ul>\n\n\n\n<p>W oddziale kardiologicznym wykonuje si\u0119 pe\u0142ny komplet zabieg\u00f3w w\u0142a\u015bciwych dla tego typu oddzia\u0142u min: elektroterapi\u0119 w leczeniu zaburze\u0144 rytmu (kardiowersja elektryczna\/ defibrylacja) i w zaburzeniach przewodnictwa( stymulacja zewn\u0119trzna serca i endokawitarna). Biopsje diagnostyczne, leczenie itp.<\/p>\n\n\n\n<p>W oddziale znajduje si\u0119 20 \u0142\u00f3\u017cek w pi\u0119ciu salach chorych oraz 4 \u0142\u00f3\u017cka w O\u015brodku Intensywnej Opieki Kardiologicznej.<\/p>\n\n\n\n<p><strong>\u015awiadczenia medyczne zgodne z katalogiem szpitalnym:<\/strong><\/p>\n\n\n\n<ul class=\"wp-block-list\"><li>Kwalifikacje i dyskwalifikacje do bada\u0144 inwazyjnych i leczenia zabiegowego (chirurgicznego)<\/li><li>Hospitalizacja przed przekazaniem do o\u015brodka o wy\u017cszej referencyjno\u015bci<\/li><li>Hospitalizacja celem oceny skutk\u00f3w i ewentualnej modyfikacji leczenia<\/li><li>Zakrzepica naczyniowa \u2013 diagnostyka i leczenie<\/li><li>Zapalenie wsierdzia \u2013 diagnostyka i leczenie<\/li><li>Obrz\u0119k p\u0142uc \u2013 diagnostyka i leczenie<\/li><li>Leczenie trombolityczne TPA<\/li><li>Zatorowo\u015b\u0107 p\u0142uca \u2013 diagnostyka i leczenie<\/li><li>Przetaczanie koncentrat\u00f3w krwi i p\u0142yn\u00f3w krwiozast\u0119pczych<\/li><li>Nieinwazyjna diagnostyka w kierunku zawa\u0142u serca i niestabilnej choroby wie\u0144cowej<\/li><li>Ostre zespo\u0142y wie\u0144cowe \u2013 diagnostyka i leczenie<\/li><li>Nadci\u015bnienie t\u0119tnicze \u2013 diagnostyka i leczenie<\/li><li>Nadci\u015bnienie t\u0119tnicze wt\u00f3rne \u2013 diagnostyka i leczenie<\/li><li>Zaburzenia rytmu przewodzenia \u2013 diagnostyka i leczenie<\/li><li>Zapalenie mi\u0119\u015bnia sercowego i osierdzia \u2013 diagnostyka i leczenie<\/li><\/ul>\n\n\n\n<h3 class=\"wp-block-heading\"><strong>Personel:<\/strong><\/h3>\n\n\n\n<p><strong>Koordynator:<\/strong> lek. Jaros\u0142aw Po\u017coga&nbsp; \u2013 specjalista chor\u00f3b wewn\u0119trznych i kardiologii<\/p>\n\n\n\n<p><strong>Piel\u0119gniarka Oddzia\u0142owa<\/strong>: mgr Justyna Stankowska \u2013 Fraczek<\/p>\n\n\n\n<p><strong>Lokalizacja:<\/strong><br>Oddzia\u0142 znajduje si\u0119 na pierwszym pietrze w budynku A<\/p>\n\n\n\n<p><strong>Kontakt:<br><\/strong>Centrala tel.: 023 661 34 00<br>Gabinet lekarski wew. 397<br>Dy\u017curka piel\u0119gniarek wew. 318<br>Sala \u201eR\u201d wew. 414<\/p>\n\n\n\n<div class=\"wp-block-buttons is-layout-flex wp-block-buttons-is-layout-flex\">\n<div class=\"wp-block-button has-custom-width wp-block-button__width-100 is-style-primary\"><a class=\"wp-block-button__link\" href=\"http:\/\/new.szpitalplonsk.pl\/index.php\/uslugi-szpitalne\/oddzialy\/\">Wr\u00f3\u0107<\/a><\/div>\n<\/div>\n\n\n\n<div style=\"height:100px\" aria-hidden=\"true\" class=\"wp-block-spacer\"><\/div>\n","protected":false},"excerpt":{"rendered":"<p>W Oddziale Kardiologicznym poza diagnostyk\u0105 medyczn\u0105 wykonujemy (bezpo\u015brednio w oddziale lub w wyodr\u0119bnionych pracowniach diagnostycznych Szpitala)- diagnostyk\u0119 specjalistyczn\u0105: badania elektrokardiograficzne(EKG) badania echokardiograficzne(Echo serca CD-CD naczy\u0144 krwiono\u015bnych \u017cylnych i t\u0119tniczych) badania ultrasonograficzne(USG) pr\u00f3by wysi\u0142kowe na bie\u017cni ruchomej badania metod\u0105 Holtera (a) przy zaburzeniach rytmu serca, (b)Holter ci\u015bnieniowy przy diagnostyce nadci\u015bnienia t\u0119tniczego. badania radiologiczne (RTG, tomografia komputerowa(CT)&hellip;&nbsp;<a href=\"http:\/\/new.szpitalplonsk.pl\/index.php\/uslugi-szpitalne\/oddzialy\/oddzial-kardiologiczny\/\" class=\"\" rel=\"bookmark\">Czytaj dalej &raquo;<span class=\"screen-reader-text\">Oddzia\u0142 Kardiologiczny<\/span><\/a><\/p>\n","protected":false},"author":1,"featured_media":0,"parent":227,"menu_order":0,"comment_status":"closed","ping_status":"closed","template":"","meta":{"neve_meta_sidebar":"","neve_meta_container":"","neve_meta_enable_content_width":"","neve_meta_content_width":0,"neve_meta_title_alignment":"","neve_meta_author_avatar":"","neve_post_elements_order":"","neve_meta_disable_header":"","neve_meta_disable_footer":"","neve_meta_disable_title":"","footnotes":""},"class_list":["post-284","page","type-page","status-publish","hentry"],"_links":{"self":[{"href":"http:\/\/new.szpitalplonsk.pl\/index.php\/wp-json\/wp\/v2\/pages\/284","targetHints":{"allow":["GET"]}}],"collection":[{"href":"http:\/\/new.szpitalplonsk.pl\/index.php\/wp-json\/wp\/v2\/pages"}],"about":[{"href":"http:\/\/new.szpitalplonsk.pl\/index.php\/wp-json\/wp\/v2\/types\/page"}],"author":[{"embeddable":true,"href":"http:\/\/new.szpitalplonsk.pl\/index.php\/wp-json\/wp\/v2\/users\/1"}],"replies":[{"embeddable":true,"href":"http:\/\/new.szpitalplonsk.pl\/index.php\/wp-json\/wp\/v2\/comments?post=284"}],"version-history":[{"count":2,"href":"http:\/\/new.szpitalplonsk.pl\/index.php\/wp-json\/wp\/v2\/pages\/284\/revisions"}],"predecessor-version":[{"id":1646,"href":"http:\/\/new.szpitalplonsk.pl\/index.php\/wp-json\/wp\/v2\/pages\/284\/revisions\/1646"}],"up":[{"embeddable":true,"href":"http:\/\/new.szpitalplonsk.pl\/index.php\/wp-json\/wp\/v2\/pages\/227"}],"wp:attachment":[{"href":"http:\/\/new.szpitalplonsk.pl\/index.php\/wp-json\/wp\/v2\/media?parent=284"}],"curies":[{"name":"wp","href":"https:\/\/api.w.org\/{rel}","templated":true}]}}