{"id":287,"date":"2022-07-22T11:26:26","date_gmt":"2022-07-22T09:26:26","guid":{"rendered":"http:\/\/127.0.0.1\/wordpress\/?page_id=287"},"modified":"2022-09-16T07:16:46","modified_gmt":"2022-09-16T07:16:46","slug":"oddzial-chorob-wewnetrznych-z-podzialem-diabetologicznym","status":"publish","type":"page","link":"http:\/\/new.szpitalplonsk.pl\/index.php\/uslugi-szpitalne\/oddzialy\/oddzial-chorob-wewnetrznych-z-podzialem-diabetologicznym\/","title":{"rendered":"Oddzia\u0142 Chor\u00f3b Wewn\u0119trznych z Podzia\u0142em Diabetologicznym"},"content":{"rendered":"\n<p>W oddziale&nbsp; Chor\u00f3b Wewn\u0119trznych z Pododdzia\u0142em Diabetologicznym przyjmujemy pacjent\u00f3w, kt\u00f3rzy wymagaj\u0105 szerokiej diagnostyki szpitalnej. Jeste\u015bmy nastawieni w kierunku wczesnego wykrywania schorze\u0144 nowotworowych i ukierunkowania dalszego leczenia onkologicznego oraz diagnostyki i leczenia schorze\u0144 o charakterze chor\u00f3b cywilizacyjnych oraz dla innych przypadk\u00f3w z zakresu interny. Wykorzystujemy dost\u0119pne metody diagnostyczne i leczenie na poziomie szpitala powiatowego w oparciu o standardy medyczne. Wykonujemy nak\u0142ucia jamy otrzewnej, op\u0142ucnej, szpiku, nak\u0142ucia l\u0119d\u017awiowe. Przyjmujemy pacjent\u00f3w ze zdekompensowan\u0105 b\u0105d\u017a \u015bwie\u017co rozpoznan\u0105 cukrzyc\u0105, kt\u00f3rzy wymagaj\u0105 leczenia insulin\u0105 i edukacji diabetologicznej. Dysponujemy niezb\u0119dnym materia\u0142em edukacyjnym oraz szerok\u0105 gam\u0105 wstrzykiwaczy do insulinoterapii. Prowadzimy r\u00f3wnie\u017c diagnostyk\u0119 i wst\u0119pne leczenie pacjent\u00f3w z chorobami endokrynologicznymi a szczeg\u00f3lnie z chorobami tarczycy. W przypadku zdiagnozowania chorego i zako\u0144czenia przez niego leczenia szpitalnego czuwamy nad stanem jego zdrowia poprzez wizyty w przychodniach przyszpitalnych. Mimo, \u017ce w strukturze naszego szpitala nie ma oddzia\u0142u neurologicznego, to w naszym oddziale mamy r\u00f3wnie\u017c pacjent\u00f3w neurologicznych (udary niedokrwienne, krwotoczne itd.). Pacjenci s\u0105 diagnozowani i leczeni we wsp\u00f3\u0142pracy z konsultantami neurologicznymi. Chocia\u017c jeste\u015bmy oddzia\u0142em pierwszorz\u0119dowej referencji to wiedz\u0105 i opiek\u0105 nad pacjentami staramy si\u0119 dor\u00f3wna\u0107 szpitalom wy\u017cszego szczebla. W 13 salach chorych znajduje si\u0119 57 \u0142\u00f3\u017cek. Oddzia\u0142 posiada sal\u0119 monitorowan\u0105 oraz 6 sal sanitarnych. Leczymy 3 tysi\u0105ce chorych rocznie.<\/p>\n\n\n\n<h3 class=\"wp-block-heading\"><strong>Personel:<\/strong><\/h3>\n\n\n\n<p><strong>Koordynator Oddzia\u0142u:<\/strong> lek. \u0141ucja Gadomska vel Betka \u2013 specjalista chor\u00f3b wewn\u0119trznych<br><strong>Piel\u0119gniarka Oddzia\u0142owa<\/strong>: lic. Dorota Musiatowicz<\/p>\n\n\n\n<p><strong>Lokalizacja:<br><\/strong>Oddzia\u0142 Chor\u00f3b Wewn\u0119trznych z Pododdzia\u0142em Diabetologicznym mie\u015bci si\u0119 na parterze w budynku B oraz cz\u0119\u015bciowo w nowej cz\u0119\u015bci szpitala tzw. \u0142\u0105czniku.<\/p>\n\n\n\n<p><strong>Kontakt:<br><\/strong>Centrala tel.: 023 661 34 00<br>Sekretariat wew. 301<br>Ordynator Oddzia\u0142u wew. 452<br>Piel\u0119gniarka Oddzia\u0142owa wew. 400<br>Gabinet Lekarzy Asystent\u00f3w wew. 395, 451<br>Dy\u017curka Piel\u0119gniarska wew. 338<\/p>\n\n\n\n<div class=\"wp-block-buttons is-layout-flex wp-block-buttons-is-layout-flex\">\n<div class=\"wp-block-button has-custom-width wp-block-button__width-100 is-style-primary\"><a class=\"wp-block-button__link\" href=\"http:\/\/new.szpitalplonsk.pl\/index.php\/uslugi-szpitalne\/oddzialy\/\">Wr\u00f3\u0107<\/a><\/div>\n<\/div>\n\n\n\n<div style=\"height:100px\" aria-hidden=\"true\" class=\"wp-block-spacer\"><\/div>\n","protected":false},"excerpt":{"rendered":"<p>W oddziale&nbsp; Chor\u00f3b Wewn\u0119trznych z Pododdzia\u0142em Diabetologicznym przyjmujemy pacjent\u00f3w, kt\u00f3rzy wymagaj\u0105 szerokiej diagnostyki szpitalnej. Jeste\u015bmy nastawieni w kierunku wczesnego wykrywania schorze\u0144 nowotworowych i ukierunkowania dalszego leczenia onkologicznego oraz diagnostyki i leczenia schorze\u0144 o charakterze chor\u00f3b cywilizacyjnych oraz dla innych przypadk\u00f3w z zakresu interny. Wykorzystujemy dost\u0119pne metody diagnostyczne i leczenie na poziomie szpitala powiatowego w oparciu&hellip;&nbsp;<a href=\"http:\/\/new.szpitalplonsk.pl\/index.php\/uslugi-szpitalne\/oddzialy\/oddzial-chorob-wewnetrznych-z-podzialem-diabetologicznym\/\" class=\"\" rel=\"bookmark\">Czytaj dalej &raquo;<span class=\"screen-reader-text\">Oddzia\u0142 Chor\u00f3b Wewn\u0119trznych z Podzia\u0142em Diabetologicznym<\/span><\/a><\/p>\n","protected":false},"author":1,"featured_media":0,"parent":227,"menu_order":0,"comment_status":"closed","ping_status":"closed","template":"","meta":{"neve_meta_sidebar":"","neve_meta_container":"","neve_meta_enable_content_width":"","neve_meta_content_width":0,"neve_meta_title_alignment":"","neve_meta_author_avatar":"","neve_post_elements_order":"","neve_meta_disable_header":"","neve_meta_disable_footer":"","neve_meta_disable_title":"","footnotes":""},"class_list":["post-287","page","type-page","status-publish","hentry"],"_links":{"self":[{"href":"http:\/\/new.szpitalplonsk.pl\/index.php\/wp-json\/wp\/v2\/pages\/287","targetHints":{"allow":["GET"]}}],"collection":[{"href":"http:\/\/new.szpitalplonsk.pl\/index.php\/wp-json\/wp\/v2\/pages"}],"about":[{"href":"http:\/\/new.szpitalplonsk.pl\/index.php\/wp-json\/wp\/v2\/types\/page"}],"author":[{"embeddable":true,"href":"http:\/\/new.szpitalplonsk.pl\/index.php\/wp-json\/wp\/v2\/users\/1"}],"replies":[{"embeddable":true,"href":"http:\/\/new.szpitalplonsk.pl\/index.php\/wp-json\/wp\/v2\/comments?post=287"}],"version-history":[{"count":2,"href":"http:\/\/new.szpitalplonsk.pl\/index.php\/wp-json\/wp\/v2\/pages\/287\/revisions"}],"predecessor-version":[{"id":1642,"href":"http:\/\/new.szpitalplonsk.pl\/index.php\/wp-json\/wp\/v2\/pages\/287\/revisions\/1642"}],"up":[{"embeddable":true,"href":"http:\/\/new.szpitalplonsk.pl\/index.php\/wp-json\/wp\/v2\/pages\/227"}],"wp:attachment":[{"href":"http:\/\/new.szpitalplonsk.pl\/index.php\/wp-json\/wp\/v2\/media?parent=287"}],"curies":[{"name":"wp","href":"https:\/\/api.w.org\/{rel}","templated":true}]}}