{"id":290,"date":"2022-07-22T11:27:47","date_gmt":"2022-07-22T09:27:47","guid":{"rendered":"http:\/\/127.0.0.1\/wordpress\/?page_id=290"},"modified":"2022-09-16T07:24:41","modified_gmt":"2022-09-16T07:24:41","slug":"oddzial-reumatologiczny","status":"publish","type":"page","link":"http:\/\/new.szpitalplonsk.pl\/index.php\/uslugi-szpitalne\/oddzialy\/oddzial-reumatologiczny\/","title":{"rendered":"Oddzia\u0142 Reumatologiczny"},"content":{"rendered":"\n<p>Oddzia\u0142 Reumatologiczny SPZZOZ w P\u0142o\u0144sku posiada obecnie 13 \u0142\u00f3\u017cek szpitalnych zlokalizowanych w 3 salach, jednak prowadzony remont budynku \u201eE\u201d zwi\u0119kszy ostatecznie liczb\u0119 \u0142\u00f3\u017cek do 16 (5 trzy\u0142\u00f3\u017ckowych sali z pe\u0142nym dost\u0119pem sanitarnym oraz 1 izolatka).<\/p>\n\n\n\n<p>Oddzia\u0142 Reumatologiczny zajmuje si\u0119 zapobieganiem, rozpoznawaniem oraz leczeniem chor\u00f3b zapalnych o pod\u0142o\u017cu immunologicznym, a tak\u017ce metabolicznych, zwyrodnieniowych oraz zapalnych chor\u00f3b uk\u0142adu kostno-stawowego.<\/p>\n\n\n\n<p>Oddzia\u0142 diagnozuje i leczy w szczeg\u00f3lno\u015bci:<\/p>\n\n\n\n<p>\u2013 reumatoidalne zapalenie staw\u00f3w,<\/p>\n\n\n\n<p>\u2013 uk\u0142adowe choroby tkanki \u0142\u0105cznej (m.in.: tocze\u0144 rumieniowaty uk\u0142adowy, twardzina uk\u0142adowa, zesp\u00f3\u0142 antyfosfolipidowy, zapalenie wielo- i sk\u00f3rno-mi\u0119\u015bniowe, zesp\u00f3\u0142 Sjoegrena, polimialgia reumatyczna),<\/p>\n\n\n\n<p>\u2013 uk\u0142adowe zapalenia naczy\u0144 (m.in.: ziarniniakowato\u015b\u0107 z zapaleniem naczy\u0144, eozynofilowa ziarniniakowato\u015b\u0107 z zapaleniem naczy\u0144, olbrzymiokom\u00f3rkowe zapalenie naczy\u0144),<\/p>\n\n\n\n<p>\u2013 seronegatywne spondyloartropatie zapalne (zesztywniaj\u0105ce zapalenie staw\u00f3w kr\u0119gos\u0142upa, \u0142uszczycowe zapalenie staw\u00f3w, reaktywne zapalenie staw\u00f3w, zapalenie staw\u00f3w w przebiegu nieswoistych zapale\u0144 jelit),<\/p>\n\n\n\n<p>\u2013 dn\u0119 moczanow\u0105,<\/p>\n\n\n\n<p>\u2013 osteoporoz\u0119,<\/p>\n\n\n\n<p>\u2013 fibriomialgi\u0119.<\/p>\n\n\n\n<p>Oddzia\u0142 korzysta z szerokiego zaplecza, kt\u00f3re pozwala na prowadzenie procesu diagnostyczno-terapeutycznego w oparciu o aktualn\u0105 wiedz\u0119 medyczn\u0105. W trakcie diagnostyki wykonujemy liczne badania dodatkowe, w tym immunologiczne (ANA, ANCA, APLA, panel przeciwcia\u0142 w kierunku reaktywnych zapale\u0144 staw\u00f3w), obrazowe (RTG, USG, TK, NMR) oraz endoskopowe (bronchoskopia, gastroskopia, kolonoskopia).<\/p>\n\n\n\n<p>Obecnie jednostka stara si\u0119 o uzyskanie kontraktowania na prowadzenie innowacyjnej terapii okre\u015blonych chor\u00f3b reumatycznych (leczenie biologiczne) finansowanej ze \u015brodk\u00f3w publicznych przez Narodowy Fundusz Zdrowia.<\/p>\n\n\n\n<p><strong>ZASADY PRZYJ\u0118CIA DO ODDZIA\u0141U<\/strong><\/p>\n\n\n\n<p>Pacjent powinien posiada\u0107 skierowanie do oddzia\u0142u reumatologicznego SPZZOZ w P\u0142o\u0144sku (mo\u017ce to by\u0107 r\u00f3wnie\u017c kod do e-skierowania). Z dokumentem nale\u017cy zg\u0142osi\u0107 si\u0119 do oddzia\u0142u w celu ustalenia planowanej daty hospitalizacji. Decyzj\u0119 o terminie przyj\u0119cia podejmuje ostatecznie lekarz oddzia\u0142u po ocenie stanu klinicznego pacjenta.<\/p>\n\n\n\n<p><strong>PERSONEL<\/strong><\/p>\n\n\n\n<p>Bartosz Fia\u0142ek \u2013 kierownik oddzia\u0142u, lekarz, specjalista w dziedzinie reumatologii, zast\u0119pca dyrektora ds. medycznych SPZZOZ w P\u0142o\u0144sku, MBA<\/p>\n\n\n\n<p>Tomasz Wysocki \u2013 lekarz, specjalista w dziedzinie reumatologii<\/p>\n\n\n\n<p>Gra\u017cyna Kipich \u2013 piel\u0119gniarka oddzia\u0142owa<\/p>\n\n\n\n<p><strong>KONTAKT<\/strong><\/p>\n\n\n\n<p>Lek. Bartosz Fia\u0142ek, kierownik oddzia\u0142u \u2013 <a href=\"mailto:bfialek@szpitalplonsk.pl\">bfialek@szpitalplonsk.pl<\/a><\/p>\n\n\n\n<p>Lek. Tomasz Wysocki \u2013 <a href=\"mailto:tswysocki1@gmail.com\">tswysocki1@gmail.com<\/a><\/p>\n\n\n\n<p>Centrala telefoniczna: 23&nbsp;661 34 00<\/p>\n\n\n\n<p>Sekretariat: centrala telefoniczna + nr wew. 410 lub 23&nbsp;661 77 55<\/p>\n\n\n\n<p>Pok\u00f3j lekarski: centrala telefoniczna + nr wew. 351 lub 23&nbsp;661 77 53<\/p>\n\n\n\n<p>Dy\u017curka piel\u0119gniarek: centrala telefoniczna + nr wew. 355 lub 23&nbsp;661 77 54<\/p>\n\n\n\n<div class=\"wp-block-buttons is-layout-flex wp-block-buttons-is-layout-flex\">\n<div class=\"wp-block-button has-custom-width wp-block-button__width-100 is-style-primary\"><a class=\"wp-block-button__link\" href=\"http:\/\/new.szpitalplonsk.pl\/index.php\/uslugi-szpitalne\/oddzialy\/\">Wr\u00f3\u0107<\/a><\/div>\n<\/div>\n\n\n\n<div style=\"height:100px\" aria-hidden=\"true\" class=\"wp-block-spacer\"><\/div>\n","protected":false},"excerpt":{"rendered":"<p>Oddzia\u0142 Reumatologiczny SPZZOZ w P\u0142o\u0144sku posiada obecnie 13 \u0142\u00f3\u017cek szpitalnych zlokalizowanych w 3 salach, jednak prowadzony remont budynku \u201eE\u201d zwi\u0119kszy ostatecznie liczb\u0119 \u0142\u00f3\u017cek do 16 (5 trzy\u0142\u00f3\u017ckowych sali z pe\u0142nym dost\u0119pem sanitarnym oraz 1 izolatka). Oddzia\u0142 Reumatologiczny zajmuje si\u0119 zapobieganiem, rozpoznawaniem oraz leczeniem chor\u00f3b zapalnych o pod\u0142o\u017cu immunologicznym, a tak\u017ce metabolicznych, zwyrodnieniowych oraz zapalnych chor\u00f3b&hellip;&nbsp;<a href=\"http:\/\/new.szpitalplonsk.pl\/index.php\/uslugi-szpitalne\/oddzialy\/oddzial-reumatologiczny\/\" class=\"\" rel=\"bookmark\">Czytaj dalej &raquo;<span class=\"screen-reader-text\">Oddzia\u0142 Reumatologiczny<\/span><\/a><\/p>\n","protected":false},"author":1,"featured_media":0,"parent":227,"menu_order":0,"comment_status":"closed","ping_status":"closed","template":"","meta":{"neve_meta_sidebar":"","neve_meta_container":"","neve_meta_enable_content_width":"","neve_meta_content_width":0,"neve_meta_title_alignment":"","neve_meta_author_avatar":"","neve_post_elements_order":"","neve_meta_disable_header":"","neve_meta_disable_footer":"","neve_meta_disable_title":"","footnotes":""},"class_list":["post-290","page","type-page","status-publish","hentry"],"_links":{"self":[{"href":"http:\/\/new.szpitalplonsk.pl\/index.php\/wp-json\/wp\/v2\/pages\/290","targetHints":{"allow":["GET"]}}],"collection":[{"href":"http:\/\/new.szpitalplonsk.pl\/index.php\/wp-json\/wp\/v2\/pages"}],"about":[{"href":"http:\/\/new.szpitalplonsk.pl\/index.php\/wp-json\/wp\/v2\/types\/page"}],"author":[{"embeddable":true,"href":"http:\/\/new.szpitalplonsk.pl\/index.php\/wp-json\/wp\/v2\/users\/1"}],"replies":[{"embeddable":true,"href":"http:\/\/new.szpitalplonsk.pl\/index.php\/wp-json\/wp\/v2\/comments?post=290"}],"version-history":[{"count":2,"href":"http:\/\/new.szpitalplonsk.pl\/index.php\/wp-json\/wp\/v2\/pages\/290\/revisions"}],"predecessor-version":[{"id":1651,"href":"http:\/\/new.szpitalplonsk.pl\/index.php\/wp-json\/wp\/v2\/pages\/290\/revisions\/1651"}],"up":[{"embeddable":true,"href":"http:\/\/new.szpitalplonsk.pl\/index.php\/wp-json\/wp\/v2\/pages\/227"}],"wp:attachment":[{"href":"http:\/\/new.szpitalplonsk.pl\/index.php\/wp-json\/wp\/v2\/media?parent=290"}],"curies":[{"name":"wp","href":"https:\/\/api.w.org\/{rel}","templated":true}]}}