{"id":296,"date":"2022-07-22T12:22:34","date_gmt":"2022-07-22T10:22:34","guid":{"rendered":"http:\/\/127.0.0.1\/wordpress\/?page_id=296"},"modified":"2022-09-16T07:14:18","modified_gmt":"2022-09-16T07:14:18","slug":"oddzial-anestezjologii-i-intensywnej-terapii","status":"publish","type":"page","link":"http:\/\/new.szpitalplonsk.pl\/index.php\/uslugi-szpitalne\/oddzialy\/oddzial-anestezjologii-i-intensywnej-terapii\/","title":{"rendered":"Oddzia\u0142 Anestezjologii i Intensywnej Terapii"},"content":{"rendered":"\n<p>W Oddziale Anestezjologii i Intensywnej Terapii zajmujemy si\u0119 przygotowaniem pacjenta do operacji, czuwamy nad jego stanem zdrowia podczas operacji oraz przynosimy ulg\u0119 w b\u00f3lu pooperacyjnym. Wykonujemy znieczulenia wszystkimi wsp\u00f3\u0142czesnymi metodami tzn: znieczulenie og\u00f3lne (tak\u017ce w technice \u201dblende \u2013 anaesthezja\u201d jak i ca\u0142kowicie do\u017cylnej- TIKA), znieczulenia podpaj\u0119czyn\u00f3wkowe i zewn\u0105trzoponowe (tak\u017ce obie jednocze\u015bnie tzw. CSE), wszystkie blokady regionalne oraz kr\u00f3tkotrwa\u0142e znieczulenia do\u017cylne do kr\u00f3tkotrwa\u0142ych drobnych zabieg\u00f3w. Nasz sprz\u0119t anestezjologiczny zapewnia pe\u0142ny monitoring podczas operacji. Po zabiegu zapewniamy fachow\u0105 i ca\u0142odobow\u0105 opiek\u0119 lekarsk\u0105 i piel\u0119gniarsk\u0105. Post\u0119py leczenia oceniane s\u0105 poprzez nowoczesny monitoring proces\u00f3w fizjologicznych min. pulsoksymetria, rzut minutowy serca. W oddziale leczymy niewydolno\u015bci oddechowe, kr\u0105\u017ceniowe, o\u015brodkowego uk\u0142adu nerwowego, nerek, w\u0105troby, przewodu pokarmowego i szpiku. W Oddziale Intensywnej Terapii posiadamy 4 stanowiska na sali g\u0142\u00f3wnej wyposa\u017cone w respiratory z mo\u017cliwo\u015bci\u0105 regulacji st\u0119\u017cenia tlenu w zakresie 21-100%, \u0142\u00f3\u017cka regulowane-wielofunkcyjne do intensywnej terapii, \u017ar\u00f3d\u0142o tlenu, powietrza i pr\u00f3\u017cni. Posiadamy r\u00f3wnie\u017c jedno stanowisko w izolatce, z zupe\u0142nym w\u0119z\u0142em sanitarnym i oddzielnym wej\u015bciem. W oddziale istnieje te\u017c mo\u017cliwo\u015b\u0107 specjalistycznego leczenia b\u00f3lu.<\/p>\n\n\n\n<h3 class=\"wp-block-heading\"><strong>Personel:<\/strong><\/h3>\n\n\n\n<p><strong>Koordynator Oddzai\u0142u:<\/strong>&nbsp;lek. Micha\u0142 Zi\u00f3\u0142kowski \u2013 II stopie\u0144 specjalizacji<br><strong>p.o. Piel\u0119gniarki Oddzia\u0142owej:<\/strong>&nbsp;lic. Beata Brudzy\u0144ska \u2013 specjalista w piel\u0119gniarstwie Anestezjologii i Intensywnej Terapii<\/p>\n\n\n\n<p><strong>Lokalizacja:<br><\/strong>Oddzia\u0142 Anestezjologii i Intensywnej Terapii po\u0142o\u017cony jest na parterze w budynku \u201eC\u201d szpitala przy Szpitalnym Oddziale Ratunkowym.<\/p>\n\n\n\n<p><strong>Kontakt:<\/strong><br>Centrala tel.: 023 661 34 00<br>Gabinet lekarski wew. 415<\/p>\n\n\n\n<p>Galeria Zdj\u0119\u0107:<\/p>\n\n\n<div class=\"wp-block-image\">\n<figure class=\"aligncenter size-full\"><img loading=\"lazy\" decoding=\"async\" width=\"600\" height=\"450\" src=\"http:\/\/new.szpitalplonsk.pl\/wp-content\/uploads\/2022\/09\/5-1.jpg\" alt=\"\" class=\"wp-image-1105\" srcset=\"http:\/\/new.szpitalplonsk.pl\/wp-content\/uploads\/2022\/09\/5-1.jpg 600w, http:\/\/new.szpitalplonsk.pl\/wp-content\/uploads\/2022\/09\/5-1-300x225.jpg 300w\" sizes=\"auto, (max-width: 600px) 100vw, 600px\" \/><\/figure>\n<\/div>\n\n\n<div class=\"wp-block-buttons is-layout-flex wp-block-buttons-is-layout-flex\">\n<div class=\"wp-block-button has-custom-width wp-block-button__width-100 is-style-primary\"><a class=\"wp-block-button__link\" href=\"http:\/\/new.szpitalplonsk.pl\/index.php\/uslugi-szpitalne\/oddzialy\/\">Wr\u00f3\u0107<\/a><\/div>\n<\/div>\n\n\n\n<div style=\"height:100px\" aria-hidden=\"true\" class=\"wp-block-spacer\"><\/div>\n","protected":false},"excerpt":{"rendered":"<p>W Oddziale Anestezjologii i Intensywnej Terapii zajmujemy si\u0119 przygotowaniem pacjenta do operacji, czuwamy nad jego stanem zdrowia podczas operacji oraz przynosimy ulg\u0119 w b\u00f3lu pooperacyjnym. Wykonujemy znieczulenia wszystkimi wsp\u00f3\u0142czesnymi metodami tzn: znieczulenie og\u00f3lne (tak\u017ce w technice \u201dblende \u2013 anaesthezja\u201d jak i ca\u0142kowicie do\u017cylnej- TIKA), znieczulenia podpaj\u0119czyn\u00f3wkowe i zewn\u0105trzoponowe (tak\u017ce obie jednocze\u015bnie tzw. CSE), wszystkie blokady&hellip;&nbsp;<a href=\"http:\/\/new.szpitalplonsk.pl\/index.php\/uslugi-szpitalne\/oddzialy\/oddzial-anestezjologii-i-intensywnej-terapii\/\" class=\"\" rel=\"bookmark\">Czytaj dalej &raquo;<span class=\"screen-reader-text\">Oddzia\u0142 Anestezjologii i Intensywnej Terapii<\/span><\/a><\/p>\n","protected":false},"author":1,"featured_media":0,"parent":227,"menu_order":0,"comment_status":"closed","ping_status":"closed","template":"","meta":{"neve_meta_sidebar":"","neve_meta_container":"","neve_meta_enable_content_width":"","neve_meta_content_width":0,"neve_meta_title_alignment":"","neve_meta_author_avatar":"","neve_post_elements_order":"","neve_meta_disable_header":"","neve_meta_disable_footer":"","neve_meta_disable_title":"","footnotes":""},"class_list":["post-296","page","type-page","status-publish","hentry"],"_links":{"self":[{"href":"http:\/\/new.szpitalplonsk.pl\/index.php\/wp-json\/wp\/v2\/pages\/296","targetHints":{"allow":["GET"]}}],"collection":[{"href":"http:\/\/new.szpitalplonsk.pl\/index.php\/wp-json\/wp\/v2\/pages"}],"about":[{"href":"http:\/\/new.szpitalplonsk.pl\/index.php\/wp-json\/wp\/v2\/types\/page"}],"author":[{"embeddable":true,"href":"http:\/\/new.szpitalplonsk.pl\/index.php\/wp-json\/wp\/v2\/users\/1"}],"replies":[{"embeddable":true,"href":"http:\/\/new.szpitalplonsk.pl\/index.php\/wp-json\/wp\/v2\/comments?post=296"}],"version-history":[{"count":3,"href":"http:\/\/new.szpitalplonsk.pl\/index.php\/wp-json\/wp\/v2\/pages\/296\/revisions"}],"predecessor-version":[{"id":1636,"href":"http:\/\/new.szpitalplonsk.pl\/index.php\/wp-json\/wp\/v2\/pages\/296\/revisions\/1636"}],"up":[{"embeddable":true,"href":"http:\/\/new.szpitalplonsk.pl\/index.php\/wp-json\/wp\/v2\/pages\/227"}],"wp:attachment":[{"href":"http:\/\/new.szpitalplonsk.pl\/index.php\/wp-json\/wp\/v2\/media?parent=296"}],"curies":[{"name":"wp","href":"https:\/\/api.w.org\/{rel}","templated":true}]}}