{"id":356,"date":"2022-07-27T08:24:57","date_gmt":"2022-07-27T06:24:57","guid":{"rendered":"http:\/\/127.0.0.1\/wordpress\/?page_id=356"},"modified":"2022-09-16T07:06:53","modified_gmt":"2022-09-16T07:06:53","slug":"kadra-kierownicza","status":"publish","type":"page","link":"http:\/\/new.szpitalplonsk.pl\/index.php\/o-nas\/kadra-kierownicza\/","title":{"rendered":"Kadra Kierownicza"},"content":{"rendered":"\n<p class=\"has-medium-font-size\"><strong>Dyrektor Lilianna Kra\u015bniewska<\/strong><\/p>\n\n\n\n<p class=\"has-medium-font-size\"><strong>Zast\u0119pca Dyrektora ds. Medycznych lek. Bartosz Fia\u0142ek<\/strong><\/p>\n\n\n\n<p class=\"has-medium-font-size\"><strong>p.o. Z-ca Dyrektora ds. Piel\u0119gniarstwa \u2013 mgr Aleksandra \u015awie\u017cawska<\/strong><\/p>\n\n\n\n<p class=\"has-medium-font-size\"><strong>Z-ca Dyrektora ds. Administracyjno \u2013 Technicznych \u2013 mgr in\u017c. Tomasz Witczak<\/strong><\/p>\n\n\n\n<div class=\"wp-block-buttons is-content-justification-right is-layout-flex wp-container-core-buttons-is-layout-765c4724 wp-block-buttons-is-layout-flex\">\n<div class=\"wp-block-button alignright has-custom-width wp-block-button__width-100 is-style-primary\"><a class=\"wp-block-button__link\" href=\"http:\/\/new.szpitalplonsk.pl\/index.php\/o-nas\/\">Wr\u00f3\u0107<\/a><\/div>\n<\/div>\n\n\n\n<div style=\"height:100px\" aria-hidden=\"true\" class=\"wp-block-spacer\"><\/div>\n","protected":false},"excerpt":{"rendered":"<p>Dyrektor Lilianna Kra\u015bniewska Zast\u0119pca Dyrektora ds. Medycznych lek. Bartosz Fia\u0142ek p.o. Z-ca Dyrektora ds. Piel\u0119gniarstwa \u2013 mgr Aleksandra \u015awie\u017cawska Z-ca Dyrektora ds. Administracyjno \u2013 Technicznych \u2013 mgr in\u017c. Tomasz Witczak<\/p>\n","protected":false},"author":1,"featured_media":0,"parent":58,"menu_order":0,"comment_status":"closed","ping_status":"closed","template":"","meta":{"neve_meta_sidebar":"","neve_meta_container":"","neve_meta_enable_content_width":"","neve_meta_content_width":0,"neve_meta_title_alignment":"","neve_meta_author_avatar":"","neve_post_elements_order":"","neve_meta_disable_header":"","neve_meta_disable_footer":"","neve_meta_disable_title":"","footnotes":""},"class_list":["post-356","page","type-page","status-publish","hentry"],"_links":{"self":[{"href":"http:\/\/new.szpitalplonsk.pl\/index.php\/wp-json\/wp\/v2\/pages\/356","targetHints":{"allow":["GET"]}}],"collection":[{"href":"http:\/\/new.szpitalplonsk.pl\/index.php\/wp-json\/wp\/v2\/pages"}],"about":[{"href":"http:\/\/new.szpitalplonsk.pl\/index.php\/wp-json\/wp\/v2\/types\/page"}],"author":[{"embeddable":true,"href":"http:\/\/new.szpitalplonsk.pl\/index.php\/wp-json\/wp\/v2\/users\/1"}],"replies":[{"embeddable":true,"href":"http:\/\/new.szpitalplonsk.pl\/index.php\/wp-json\/wp\/v2\/comments?post=356"}],"version-history":[{"count":2,"href":"http:\/\/new.szpitalplonsk.pl\/index.php\/wp-json\/wp\/v2\/pages\/356\/revisions"}],"predecessor-version":[{"id":1623,"href":"http:\/\/new.szpitalplonsk.pl\/index.php\/wp-json\/wp\/v2\/pages\/356\/revisions\/1623"}],"up":[{"embeddable":true,"href":"http:\/\/new.szpitalplonsk.pl\/index.php\/wp-json\/wp\/v2\/pages\/58"}],"wp:attachment":[{"href":"http:\/\/new.szpitalplonsk.pl\/index.php\/wp-json\/wp\/v2\/media?parent=356"}],"curies":[{"name":"wp","href":"https:\/\/api.w.org\/{rel}","templated":true}]}}