{"id":380,"date":"2022-07-27T08:49:33","date_gmt":"2022-07-27T06:49:33","guid":{"rendered":"http:\/\/127.0.0.1\/wordpress\/?page_id=380"},"modified":"2022-09-16T07:08:44","modified_gmt":"2022-09-16T07:08:44","slug":"kadra-spzzoz-w-plonsku","status":"publish","type":"page","link":"http:\/\/new.szpitalplonsk.pl\/index.php\/o-nas\/kadra-spzzoz-w-plonsku\/","title":{"rendered":"Kadra SPZZOZ w P\u0142o\u0144sku"},"content":{"rendered":"\n<figure class=\"wp-block-table is-style-stripes\"><table class=\"has-white-background-color has-background has-fixed-layout\"><thead><tr><th>Stanowisko<\/th><th>Imi\u0119 i Nazwisko<\/th><\/tr><\/thead><tbody><tr><td>Dyrektor<\/td><td>mgr Lilianna Kra\u015bniewska<\/td><\/tr><tr><td>Zast\u0119pca Dyrektora ds. Medycznych<\/td><td>lek. Bartosz Fia\u0142ek<\/td><\/tr><tr><td>p.o. Zast\u0119pca Dyrektora ds. Piel\u0119gniarstwa<\/td><td>mgr Aleksandra \u015awie\u017cawska<\/td><\/tr><tr><td>Zast\u0119pca Dyrektora ds. Administracyjno &#8211; Technicznych<\/td><td>mgr in\u017c. Tomasz Witczak<\/td><\/tr><tr><td>G\u0142\u00f3wny Ksi\u0119gowy<\/td><td>mgr Olga Mychli\u0144ska<\/td><\/tr><tr><td>Pe\u0142nomocnik Dyrektora ds. Systemu Zarz\u0105dzania Jako\u015bci\u0105 i Wdra\u017cania Akredytacji<\/td><td>mgr Marzena Car-Dul<\/td><\/tr><tr><td>Inspektor Ochrony Danych &#8211; b.duch@obslugarodo.pl<\/td><td>mgr Beata Duch &#8211; Kosiorek<\/td><\/tr><tr><td>Specjalista ds. Epidemiologii<\/td><td>mgr Ewa Stasiak<\/td><\/tr><tr><td>Kierownik Zak\u0142adu Diagnostyki Obrazowej<\/td><td>dr n. med. Przemys\u0142aw Dul<\/td><\/tr><tr><td>Kierownik Medycznego Laboratorium Diagnostycznego<\/td><td>dr n. med. Anna Salak<\/td><\/tr><tr><td>Kierownik Apteki<\/td><td>mgr Edyta Pijankowska<\/td><\/tr><tr><td>Kierownik Centralnej Sterylizacji<\/td><td>mgr El\u017cbieta Sztark<\/td><\/tr><tr><td>Kierownik Zespo\u0142u Poradni Specjalistycznych i Ambulatorium Og\u00f3lnego<\/td><td>lic. Marzanna Krajewska<\/td><\/tr><tr><td>Kierownik Zak\u0142adu Opieku\u0144czo Leczniczego<\/td><td>mgr Maria Suchodolska<\/td><\/tr><tr><td>Piel\u0119gniarka Oddzia\u0142owa Zak\u0142adu Opieku\u0144czo Leczniczego<\/td><td>lic. Ma\u0142gorzata Jask\u00f3\u0142owska<\/td><\/tr><tr><td>Kierownik Oddzia\u0142u Dzieci\u0119cego<\/td><td>lek. Lidia Bistron<\/td><\/tr><tr><td>Piel\u0119gniarka Oddzia\u0142owa Oddzia\u0142u Dzieci\u0119cego<\/td><td>lic. Justyna Biesalska<\/td><\/tr><tr><td>Koordynator Oddzia\u0142u Chirurgicznego z Pododzia\u0142em Urologicznym<\/td><td>lek. Zbigniew Scharoch<\/td><\/tr><tr><td>Piel\u0119gniarka Oddzia\u0142owa Oddzia\u0142u Chirurgicznego z Pododzia\u0142em Urologicznym<\/td><td>Iwona Poprawa<\/td><\/tr><tr><td>Koordynator Oddzia\u0142u Po\u0142o\u017cniczo-Ginekologicznego<\/td><td>lek. Witold Achci\u0144ski<\/td><\/tr><tr><td>Po\u0142o\u017cna Oddzia\u0142owa Oddzia\u0142u Po\u0142o\u017cniczo-Ginekologicznego<\/td><td>mgr Urszula Kolczy\u0144ska<\/td><\/tr><tr><td>Koordynator Oddzia\u0142u Anestezjologii i Intensywnej Terapii<\/td><td>lek. Micha\u0142 Zi\u00f3\u0142kowski<\/td><\/tr><tr><td>p.o. Piel\u0119gniarki Oddzia\u0142owej Oddzia\u0142u Anestezjologii i Intensywnej Terapii<\/td><td>lic. Beata Brudzy\u0144ska<\/td><\/tr><tr><td>Koordynator Oddzia\u0142 Chor\u00f3b Wewn\u0119trznych z Pododdzia\u0142em Diabetologicznym<\/td><td>\u0141ucja Gadomska vel Betka<\/td><\/tr><tr><td>p.o. Piel\u0119gniarka Oddzia\u0142owa Oddzia\u0142u Chor\u00f3b Wewn\u0119trznych z Pododdzia\u0142em Diabetologicznym<\/td><td>lic. Dorota Musiatowicz<\/td><\/tr><tr><td>Kierownik Oddzia\u0142u Neonatologicznego<\/td><td><\/td><\/tr><tr><td>Piel\u0119gniarka Oddzia\u0142owa Oddzia\u0142u Neonatologicznego<\/td><td>Jadwiga Banasiewicz<\/td><\/tr><tr><td>Kierownik Oddzia\u0142u Rehabilitacyjnego<\/td><td>lek. Jacek Szymo\u0144ski<\/td><\/tr><tr><td>Kierownik Oddzia\u0142u Reumatologicznego<\/td><td>lek. Bartosz Fia\u0142ek<\/td><\/tr><tr><td>Piel\u0119gniarka Oddzia\u0142owa Oddzia\u0142u Rehabilitacyjnego i Oddzia\u0142u Reumatologicznego<\/td><td>mgr Gra\u017cyna Kipich<\/td><\/tr><tr><td>Kierownik Pracowni Fizjoterapii<\/td><td>mgr Dorota Stefa\u0144ska<\/td><\/tr><tr><td>p.o. Kierownik Szpitalnego Oddzia\u0142u Ratunkowego<\/td><td>lek. Justyna Sieklucka<\/td><\/tr><tr><td>Piel\u0119gniarka Oddzia\u0142owa Szpitalnego Oddzia\u0142u Ratunkowego<\/td><td>lic. Maria Godlewska<\/td><\/tr><tr><td>Koordynator Oddzia\u0142u Urazowo \u2013 Ortopedycznego<\/td><td>lek. Arkadiusz Garbacki<\/td><\/tr><tr><td>p.o. Piel\u0119gniarka Oddzia\u0142owa Oddzia\u0142u Urazowo-Ortopedycznego<\/td><td>mgr Edyta Cienkuszewska<\/td><\/tr><tr><td>Kierownik Oddzia\u0142u Kardiologicznego<\/td><td>lek. Jaros\u0142aw Po\u017coga<\/td><\/tr><tr><td>Piel\u0119gniarka Oddzia\u0142owa Oddzia\u0142u Kardiologicznego<\/td><td>mgr Justyna Stankowska &#8211; Fr\u0105czek<\/td><\/tr><tr><td>Kierownik Dzia\u0142u Pomocy Dora\u017anej<\/td><td>mgr Grzegorz Gaworek<\/td><\/tr><tr><td>Kierownik Bloku Operacyjnego<\/td><td>lek. Marek Go\u0142\u0119biowski<\/td><\/tr><tr><td>Piel\u0119gniarka Oddzia\u0142owa Bloku Operacyjnego<\/td><td>Edyta Antoniak<\/td><\/tr><tr><td>Kierownik Dzia\u0142u Kadrowo &#8211; P\u0142acowego<\/td><td>mgr Beata Radziwonka<\/td><\/tr><tr><td>Kierownik Dzia\u0142u Zam\u00f3wie\u0144 Publicznych<\/td><td>mgr Sylwia Makowska<\/td><\/tr><tr><td>Kierownik Dzia\u0142u Analiz i Statystyki Medycznej<\/td><td>mgr Joanna Turkowska<\/td><\/tr><tr><td>Kierownik Dzia\u0142u Inwestycji i Eksploatacji<\/td><td>mgr Dariusz Brzezi\u0144ski<\/td><\/tr><tr><td>Kierownik Dzia\u0142u Informatyki i Telekomunikacji<\/td><td>Jacek To\u0142wi\u0144ski<\/td><\/tr><tr><td>Kierownik Dzia\u0142u \u017bywienia<\/td><td>mgr Micha\u0142 Kossowski<\/td><\/tr><tr><td>Specjalista ds. BHP<\/td><td>mgr Joanna Gajewska<\/td><\/tr><\/tbody><\/table><\/figure>\n\n\n\n<div class=\"wp-block-buttons is-content-justification-right is-layout-flex wp-container-core-buttons-is-layout-765c4724 wp-block-buttons-is-layout-flex\">\n<div class=\"wp-block-button has-custom-width wp-block-button__width-100 is-style-primary\"><a class=\"wp-block-button__link\" href=\"http:\/\/new.szpitalplonsk.pl\/index.php\/o-nas\/\">Wr\u00f3\u0107<\/a><\/div>\n<\/div>\n\n\n\n<div style=\"height:100px\" aria-hidden=\"true\" class=\"wp-block-spacer\"><\/div>\n","protected":false},"excerpt":{"rendered":"<p>Stanowisko Imi\u0119 i Nazwisko Dyrektor mgr Lilianna Kra\u015bniewska Zast\u0119pca Dyrektora ds. Medycznych lek. Bartosz Fia\u0142ek p.o. Zast\u0119pca Dyrektora ds. Piel\u0119gniarstwa mgr Aleksandra \u015awie\u017cawska Zast\u0119pca Dyrektora ds. Administracyjno &#8211; Technicznych mgr in\u017c. Tomasz Witczak G\u0142\u00f3wny Ksi\u0119gowy mgr Olga Mychli\u0144ska Pe\u0142nomocnik Dyrektora ds. Systemu Zarz\u0105dzania Jako\u015bci\u0105 i Wdra\u017cania Akredytacji mgr Marzena Car-Dul Inspektor Ochrony Danych &#8211; b.duch@obslugarodo.pl&hellip;&nbsp;<a href=\"http:\/\/new.szpitalplonsk.pl\/index.php\/o-nas\/kadra-spzzoz-w-plonsku\/\" class=\"\" rel=\"bookmark\">Czytaj dalej &raquo;<span class=\"screen-reader-text\">Kadra SPZZOZ w P\u0142o\u0144sku<\/span><\/a><\/p>\n","protected":false},"author":1,"featured_media":0,"parent":58,"menu_order":0,"comment_status":"closed","ping_status":"closed","template":"","meta":{"neve_meta_sidebar":"","neve_meta_container":"","neve_meta_enable_content_width":"","neve_meta_content_width":0,"neve_meta_title_alignment":"","neve_meta_author_avatar":"","neve_post_elements_order":"","neve_meta_disable_header":"","neve_meta_disable_footer":"","neve_meta_disable_title":"","footnotes":""},"class_list":["post-380","page","type-page","status-publish","hentry"],"_links":{"self":[{"href":"http:\/\/new.szpitalplonsk.pl\/index.php\/wp-json\/wp\/v2\/pages\/380","targetHints":{"allow":["GET"]}}],"collection":[{"href":"http:\/\/new.szpitalplonsk.pl\/index.php\/wp-json\/wp\/v2\/pages"}],"about":[{"href":"http:\/\/new.szpitalplonsk.pl\/index.php\/wp-json\/wp\/v2\/types\/page"}],"author":[{"embeddable":true,"href":"http:\/\/new.szpitalplonsk.pl\/index.php\/wp-json\/wp\/v2\/users\/1"}],"replies":[{"embeddable":true,"href":"http:\/\/new.szpitalplonsk.pl\/index.php\/wp-json\/wp\/v2\/comments?post=380"}],"version-history":[{"count":2,"href":"http:\/\/new.szpitalplonsk.pl\/index.php\/wp-json\/wp\/v2\/pages\/380\/revisions"}],"predecessor-version":[{"id":1626,"href":"http:\/\/new.szpitalplonsk.pl\/index.php\/wp-json\/wp\/v2\/pages\/380\/revisions\/1626"}],"up":[{"embeddable":true,"href":"http:\/\/new.szpitalplonsk.pl\/index.php\/wp-json\/wp\/v2\/pages\/58"}],"wp:attachment":[{"href":"http:\/\/new.szpitalplonsk.pl\/index.php\/wp-json\/wp\/v2\/media?parent=380"}],"curies":[{"name":"wp","href":"https:\/\/api.w.org\/{rel}","templated":true}]}}