{"id":451,"date":"2022-07-27T14:48:02","date_gmt":"2022-07-27T12:48:02","guid":{"rendered":"http:\/\/127.0.0.1\/wordpress\/?page_id=451"},"modified":"2022-09-16T07:05:55","modified_gmt":"2022-09-16T07:05:55","slug":"postepowania-prowadzone-bez-zastosowania-ustawy-pzp","status":"publish","type":"page","link":"http:\/\/new.szpitalplonsk.pl\/index.php\/o-nas\/informacje-publiczne\/zamowienia-publiczne\/postepowania-prowadzone-bez-zastosowania-ustawy-pzp\/","title":{"rendered":"Post\u0119powania prowadzone bez zastosowania ustawy PZP"},"content":{"rendered":"<ul class=\"wp-block-latest-posts__list has-dates wp-block-latest-posts\"><li><a class=\"wp-block-latest-posts__post-title\" href=\"http:\/\/new.szpitalplonsk.pl\/index.php\/2022\/09\/20\/postepowanie-o-udzielenie-zamowienia-publicznego-o-wartosci-szacunkowej-ponizej-progu-okreslonego-w-art-2-ust-1-pkt-1-ustawy-pzp-na-pelnienie-funkcji-inwestora-zastepczego-nad-zadaniem-pn-rozbu\/\">Post\u0119powanie o udzielenie zam\u00f3wienia publicznego o warto\u015bci szacunkowej poni\u017cej progu okre\u015blonego w art. 2 ust. 1 pkt. 1) ustawy Pzp na pe\u0142nienie funkcji Inwestora Zast\u0119pczego nad zadaniem pn: &#8222;Rozbudowa i przebudowa istniej\u0105cego budynku &#8222;E&#8221; szpitala w P\u0142o\u0144sku ul. Sienkiewicza 7&#8243;, OPZ\/262\/145\/2021<\/a><time datetime=\"2022-09-20T09:28:44+00:00\" class=\"wp-block-latest-posts__post-date\">20 wrze\u015bnia, 2022<\/time><\/li>\n<li><a class=\"wp-block-latest-posts__post-title\" href=\"http:\/\/new.szpitalplonsk.pl\/index.php\/2022\/09\/19\/postepowanie-o-udzielenie-zamowienia-publicznego-o-wartosci-szacunkowej-ponizej-progu-okreslonego-w-art-2-ust-1-pkt-1-ustawy-pzp-na-naprawe-i-serwis-pojazdow-samochodowych-nr-sprawy-opz-262-85-20\/\">Post\u0119powanie o udzielenie zam\u00f3wienia publicznego o warto\u015bci szacunkowej poni\u017cej progu okre\u015blonego w art. 2 ust. 1 pkt. 1) ustawy Pzp na napraw\u0119 i serwis pojazd\u00f3w samochodowych, nr sprawy OPZ\/262\/85\/2021<\/a><time datetime=\"2022-09-19T11:47:31+00:00\" class=\"wp-block-latest-posts__post-date\">19 wrze\u015bnia, 2022<\/time><\/li>\n<li><a class=\"wp-block-latest-posts__post-title\" href=\"http:\/\/new.szpitalplonsk.pl\/index.php\/2022\/09\/19\/postepowanie-o-udzielenie-zamowienia-publicznego-o-wartosci-szacunkowej-ponizej-progu-okreslonego-w-art-2-ust-1-pkt-1-ustawy-pzp-na-naprawe-i-serwis-pojazdow-samochodowych-nr-sprawy-opz-262-81-20\/\">Post\u0119powanie o udzielenie zam\u00f3wienia publicznego o warto\u015bci szacunkowej poni\u017cej progu okre\u015blonego w art. 2 ust. 1 pkt. 1) ustawy Pzp na napraw\u0119 i serwis pojazd\u00f3w samochodowych, nr sprawy OPZ\/262\/81\/2021<\/a><time datetime=\"2022-09-19T08:09:16+00:00\" class=\"wp-block-latest-posts__post-date\">19 wrze\u015bnia, 2022<\/time><\/li>\n<li><a class=\"wp-block-latest-posts__post-title\" href=\"http:\/\/new.szpitalplonsk.pl\/index.php\/2022\/09\/19\/postepowanie-o-udzielenie-zamowienia-publicznego-o-wartosci-szacunkowej-ponizej-progu-okreslonego-w-art-2-ust-1-pkt-1-ustawy-pzp-na-dostawe-samochodu-osobowego-nr-sprawy-opz-262-62-2021\/\">Post\u0119powanie o udzielenie zam\u00f3wienia publicznego o warto\u015bci szacunkowej poni\u017cej progu okre\u015blonego w art. 2 ust. 1 pkt. 1) ustawy Pzp na dostaw\u0119 samochodu osobowego, nr sprawy OPZ\/262\/62\/2021<\/a><time datetime=\"2022-09-19T08:02:27+00:00\" class=\"wp-block-latest-posts__post-date\">19 wrze\u015bnia, 2022<\/time><\/li>\n<li><a class=\"wp-block-latest-posts__post-title\" href=\"http:\/\/new.szpitalplonsk.pl\/index.php\/2022\/09\/19\/postepowanie-o-udzielenie-zamowienia-publicznego-o-wartosci-szacunkowej-ponizej-progu-okreslonego-w-art-2-ust-1-pkt-1-ustawy-pzp-na-dostawe-samochodu-osobowego-uprzywilejowanego-numer-sprawy-opz\/\">Post\u0119powanie o udzielenie zam\u00f3wienia publicznego o warto\u015bci szacunkowej poni\u017cej progu okre\u015blonego w art. 2 ust. 1 pkt. 1) ustawy Pzp na dostaw\u0119 samochodu osobowego uprzywilejowanego, numer sprawy OPZ\/262\/77\/2021<\/a><time datetime=\"2022-09-19T07:56:30+00:00\" class=\"wp-block-latest-posts__post-date\">19 wrze\u015bnia, 2022<\/time><\/li>\n<li><a class=\"wp-block-latest-posts__post-title\" href=\"http:\/\/new.szpitalplonsk.pl\/index.php\/2022\/09\/19\/postepowanie-o-udzielenie-zamowienia-publicznego-o-wartosci-szacunkowej-ponizej-progu-okreslonego-w-art-2-ust-1-pkt-1-ustawy-pzp-na-dostawe-samochodu-osobowego-uprzywilejowanego-nr-sprawy-opz-262-2\/\">Post\u0119powanie o udzielenie zam\u00f3wienia publicznego o warto\u015bci szacunkowej poni\u017cej progu okre\u015blonego w art. 2 ust. 1 pkt. 1) ustawy Pzp na dostaw\u0119 samochodu osobowego uprzywilejowanego, nr sprawy OPZ\/262\/53\/2021<\/a><time datetime=\"2022-09-19T07:52:36+00:00\" class=\"wp-block-latest-posts__post-date\">19 wrze\u015bnia, 2022<\/time><\/li>\n<li><a class=\"wp-block-latest-posts__post-title\" href=\"http:\/\/new.szpitalplonsk.pl\/index.php\/2022\/09\/19\/postepowanie-o-udzielenie-zamowienia-publicznego-o-wartosci-szacunkowej-ponizej-progu-okreslonego-w-art-2-ust-1-pkt-1-ustawy-pzp-na-dostawe-samochodu-osobowego-uprzywilejowanego-nr-sprawy-opz-262\/\">Post\u0119powanie o udzielenie zam\u00f3wienia publicznego o warto\u015bci szacunkowej poni\u017cej progu okre\u015blonego w art. 2 ust. 1 pkt. 1) ustawy Pzp na dostaw\u0119 samochodu osobowego uprzywilejowanego, nr sprawy OPZ\/262\/45\/2021<\/a><time datetime=\"2022-09-19T07:42:43+00:00\" class=\"wp-block-latest-posts__post-date\">19 wrze\u015bnia, 2022<\/time><\/li>\n<li><a class=\"wp-block-latest-posts__post-title\" href=\"http:\/\/new.szpitalplonsk.pl\/index.php\/2022\/09\/19\/postepowanie-o-udzielenie-zamowienia-publicznego-o-wartosci-szacunkowej-ponizej-progu-okreslonego-w-art-2-ust-1-pkt-1-ustawy-pzp-na-dostawe-samochodu-osobowego-uprzywilejowanego\/\">Post\u0119powanie o udzielenie zam\u00f3wienia publicznego o warto\u015bci szacunkowej poni\u017cej progu okre\u015blonego w art. 2 ust. 1 pkt. 1) ustawy Pzp na dostaw\u0119 samochodu osobowego uprzywilejowanego<\/a><time datetime=\"2022-09-19T07:37:55+00:00\" class=\"wp-block-latest-posts__post-date\">19 wrze\u015bnia, 2022<\/time><\/li>\n<li><a class=\"wp-block-latest-posts__post-title\" href=\"http:\/\/new.szpitalplonsk.pl\/index.php\/2022\/09\/19\/postepowanie-o-udzielenie-zamowienia-publicznego-o-wartosci-szacunkowej-ponizej-progu-okreslonego-w-art-2-ust-1-pkt-1-ustawy-pzp-na-dzierzawe-urzadzen-drukujacych-oraz-kompleksowa-obsluge-serwisowo-2\/\">Post\u0119powanie o udzielenie zam\u00f3wienia publicznego o warto\u015bci szacunkowej poni\u017cej progu okre\u015blonego w art. 2 ust. 1 pkt 1) ustawy Pzp na dzier\u017caw\u0119 urz\u0105dze\u0144 drukuj\u0105cych oraz kompleksow\u0105 obs\u0142ug\u0119 serwisowo &#8211; eksploatacyjn\u0105, nr sprawy OPZ\/262\/55\/2021<\/a><time datetime=\"2022-09-19T07:30:31+00:00\" class=\"wp-block-latest-posts__post-date\">19 wrze\u015bnia, 2022<\/time><\/li>\n<li><a class=\"wp-block-latest-posts__post-title\" href=\"http:\/\/new.szpitalplonsk.pl\/index.php\/2022\/09\/19\/postepowanie-o-udzielenie-zamowienia-publicznego-o-wartosci-szacunkowej-ponizej-progu-okreslonego-w-art-2-ust-1-pkt-1-ustawy-pzp-na-dzierzawe-urzadzen-drukujacych-oraz-kompleksowa-obsluge-serwisowo\/\">Post\u0119powanie o udzielenie zam\u00f3wienia publicznego o warto\u015bci szacunkowej poni\u017cej progu okre\u015blonego w art 2 ust. 1 pkt. 1) ustawy Pzp na dzier\u017caw\u0119 urz\u0105dze\u0144 drukuj\u0105cych oraz kompleksow\u0105 obs\u0142ug\u0119 serwisowo &#8211; eksploatacyjn\u0105, numer sprawy OPZ\/262\/66\/2021<\/a><time datetime=\"2022-09-19T07:25:40+00:00\" class=\"wp-block-latest-posts__post-date\">19 wrze\u015bnia, 2022<\/time><\/li>\n<li><a class=\"wp-block-latest-posts__post-title\" href=\"http:\/\/new.szpitalplonsk.pl\/index.php\/2022\/09\/19\/postepowanie-o-udzielenie-zamowienia-publicznego-o-wartosci-szacunkowej-ponizej-30000-euro-na-dostawy-artykulow-biurowych\/\">Post\u0119powanie o udzielenie zam\u00f3wienia publicznego o warto\u015bci szacunkowej poni\u017cej 30000 euro na dostawy artyku\u0142\u00f3w biurowych<\/a><time datetime=\"2022-09-19T07:23:50+00:00\" class=\"wp-block-latest-posts__post-date\">19 wrze\u015bnia, 2022<\/time><\/li>\n<li><a class=\"wp-block-latest-posts__post-title\" href=\"http:\/\/new.szpitalplonsk.pl\/index.php\/2022\/09\/19\/postepowanie-o-udzielenie-zamowienia-publicznego-o-wartosci-szacunkowej-ponizej-30-000-euro-na-wykonanie-kompletnej-wielobranzowej-zamiennej-dokumentacji-projektowo-kosztorysowej-wraz-z-uzyskaniem-z\/\">Post\u0119powanie o udzielenie zam\u00f3wienia publicznego o warto\u015bci szacunkowej poni\u017cej 30 000 euro na wykonanie kompletnej wielobran\u017cowej zamiennej dokumentacji projektowo &#8211; kosztorysowej wraz z uzyskaniem zamiennego pozwolenia na budow\u0119 dla istniej\u0105cego budynku E mieszcz\u0105cego oddzia\u0142y: rehabilitacji i reumatologii, pracowni\u0119 fizjoterapii oraz kuchni\u0119 szpitaln\u0105<\/a><time datetime=\"2022-09-19T07:09:00+00:00\" class=\"wp-block-latest-posts__post-date\">19 wrze\u015bnia, 2022<\/time><\/li>\n<li><a class=\"wp-block-latest-posts__post-title\" href=\"http:\/\/new.szpitalplonsk.pl\/index.php\/2022\/09\/19\/postepowanie-o-udzielenie-zamowienia-publicznego-o-wartosci-szacunkowej-ponizej-30-000-euro-na-usluge-szkolenia-okresowego-z-zakresu-bezpieczenstwa-i-higieny-pracy-pracownikow-spzzoz-im-marszalka-jo\/\">Post\u0119powanie o udzielenie zam\u00f3wienia publicznego o warto\u015bci szacunkowej poni\u017cej 30 000 euro na us\u0142ug\u0119 szkolenia okresowego z zakresu bezpiecze\u0144stwa i higieny pracy pracownik\u00f3w SPZZOZ  im. Marsza\u0142ka J\u00f3zefa Pi\u0142sudskiego w P\u0142o\u0144sku<\/a><time datetime=\"2022-09-19T07:04:36+00:00\" class=\"wp-block-latest-posts__post-date\">19 wrze\u015bnia, 2022<\/time><\/li>\n<li><a class=\"wp-block-latest-posts__post-title\" href=\"http:\/\/new.szpitalplonsk.pl\/index.php\/2022\/09\/19\/postepowanie-o-udzielenie-zamowienia-publicznego-o-wartosci-szacunkowej-ponizej-30-000-euro-na-rozbiorke-budynku\/\">Post\u0119powanie o udzielenie zam\u00f3wienia publicznego o warto\u015bci szacunkowej poni\u017cej 30 000 euro na rozbi\u00f3rk\u0119 budynku<\/a><time datetime=\"2022-09-19T06:57:40+00:00\" class=\"wp-block-latest-posts__post-date\">19 wrze\u015bnia, 2022<\/time><\/li>\n<li><a class=\"wp-block-latest-posts__post-title\" href=\"http:\/\/new.szpitalplonsk.pl\/index.php\/2022\/09\/19\/postepowanie-o-udzielenie-zamowienia-publicznego-o-wartosci-szacunkowej-ponizej-30-000-euro-na-malowanie-pomieszczen-piwnic-budynek-a-druga-czesc-wejscie-glowne\/\">Post\u0119powanie o udzielenie zam\u00f3wienia publicznego o warto\u015bci szacunkowej poni\u017cej 30 000 euro na Malowanie pomieszcze\u0144 piwnic budynek A (druga cz\u0119\u015b\u0107 + wej\u015bcie g\u0142\u00f3wne)<\/a><time datetime=\"2022-09-19T06:49:35+00:00\" class=\"wp-block-latest-posts__post-date\">19 wrze\u015bnia, 2022<\/time><\/li>\n<li><a class=\"wp-block-latest-posts__post-title\" href=\"http:\/\/new.szpitalplonsk.pl\/index.php\/2022\/09\/16\/postepowanie-o-udzielenie-zamowienia-publicznego-o-wartosci-szacunkowej-ponizej-30-000-euro-na-dostawy-odczynnikow-szybkich-testow-diagnostycznych-barwinkow-hematologicznych-dla-medycznego-laborator\/\">Post\u0119powanie o udzielenie zam\u00f3wienia publicznego o warto\u015bci szacunkowej poni\u017cej 30 000 euro na dostawy odczynnik\u00f3w, szybkich test\u00f3w diagnostycznych, barwink\u00f3w hematologicznych dla Medycznego Laboratorium Diagnostycznego<\/a><time datetime=\"2022-09-16T11:16:41+00:00\" class=\"wp-block-latest-posts__post-date\">16 wrze\u015bnia, 2022<\/time><\/li>\n<li><a class=\"wp-block-latest-posts__post-title\" href=\"http:\/\/new.szpitalplonsk.pl\/index.php\/2022\/09\/16\/postepowanie-o-udzielenie-zamowienia-publicznego-o-wartosci-szacunkowej-ponizej-30-000-euro-na-dostawy-lekow\/\">Post\u0119powanie o udzielenie zam\u00f3wienia publicznego o warto\u015bci szacunkowej poni\u017cej 30 000 euro na dostawy lek\u00f3w<\/a><time datetime=\"2022-09-16T11:11:39+00:00\" class=\"wp-block-latest-posts__post-date\">16 wrze\u015bnia, 2022<\/time><\/li>\n<li><a class=\"wp-block-latest-posts__post-title\" href=\"http:\/\/new.szpitalplonsk.pl\/index.php\/2022\/09\/16\/postepowanie-o-udzielenie-zamowienia-publicznego-o-wartosci-szacunkowej-ponizej-30-000-euro-na-badanie-sprawozdania-finansowego\/\">Post\u0119powanie o udzielenie zam\u00f3wienia publicznego o warto\u015bci szacunkowej poni\u017cej 30 000 euro na badanie sprawozdania finansowego<\/a><time datetime=\"2022-09-16T11:01:44+00:00\" class=\"wp-block-latest-posts__post-date\">16 wrze\u015bnia, 2022<\/time><\/li>\n<li><a class=\"wp-block-latest-posts__post-title\" href=\"http:\/\/new.szpitalplonsk.pl\/index.php\/2022\/09\/16\/postepowanie-o-udzielenie-zamowienia-publicznego-o-wartosci-szacunkowej-ponizej-30-000-euro-dotyczace-malowania-pomieszczen\/\">Post\u0119powanie o udzielenie zam\u00f3wienia publicznego o warto\u015bci szacunkowej poni\u017cej 30 000 Euro dotycz\u0105ce malowania pomieszcze\u0144<\/a><time datetime=\"2022-09-16T10:58:47+00:00\" class=\"wp-block-latest-posts__post-date\">16 wrze\u015bnia, 2022<\/time><\/li>\n<li><a class=\"wp-block-latest-posts__post-title\" href=\"http:\/\/new.szpitalplonsk.pl\/index.php\/2022\/09\/14\/dostawa-sukcesywna-materialow-eksploatacyjnych-do-procesow-sterylizacji\/\">Dostawa sukcesywna materia\u0142\u00f3w eksploatacyjnych do proces\u00f3w sterylizacji<\/a><time datetime=\"2022-09-14T10:50:13+00:00\" class=\"wp-block-latest-posts__post-date\">14 wrze\u015bnia, 2022<\/time><\/li>\n<\/ul>\n\n\n<div class=\"wp-block-buttons is-content-justification-right is-layout-flex wp-container-core-buttons-is-layout-765c4724 wp-block-buttons-is-layout-flex\">\n<div class=\"wp-block-button has-custom-width wp-block-button__width-100 is-style-primary\"><a class=\"wp-block-button__link\" href=\"http:\/\/new.szpitalplonsk.pl\/index.php\/o-nas\/informacje-publiczne\/zamowienia-publiczne\/\">Wr\u00f3\u0107<\/a><\/div>\n<\/div>\n\n\n\n<div style=\"height:100px\" aria-hidden=\"true\" class=\"wp-block-spacer\"><\/div>\n","protected":false},"excerpt":{"rendered":"","protected":false},"author":1,"featured_media":0,"parent":441,"menu_order":0,"comment_status":"closed","ping_status":"closed","template":"","meta":{"neve_meta_sidebar":"","neve_meta_container":"","neve_meta_enable_content_width":"","neve_meta_content_width":0,"neve_meta_title_alignment":"","neve_meta_author_avatar":"","neve_post_elements_order":"","neve_meta_disable_header":"","neve_meta_disable_footer":"","neve_meta_disable_title":"","footnotes":""},"class_list":["post-451","page","type-page","status-publish","hentry"],"_links":{"self":[{"href":"http:\/\/new.szpitalplonsk.pl\/index.php\/wp-json\/wp\/v2\/pages\/451","targetHints":{"allow":["GET"]}}],"collection":[{"href":"http:\/\/new.szpitalplonsk.pl\/index.php\/wp-json\/wp\/v2\/pages"}],"about":[{"href":"http:\/\/new.szpitalplonsk.pl\/index.php\/wp-json\/wp\/v2\/types\/page"}],"author":[{"embeddable":true,"href":"http:\/\/new.szpitalplonsk.pl\/index.php\/wp-json\/wp\/v2\/users\/1"}],"replies":[{"embeddable":true,"href":"http:\/\/new.szpitalplonsk.pl\/index.php\/wp-json\/wp\/v2\/comments?post=451"}],"version-history":[{"count":6,"href":"http:\/\/new.szpitalplonsk.pl\/index.php\/wp-json\/wp\/v2\/pages\/451\/revisions"}],"predecessor-version":[{"id":1619,"href":"http:\/\/new.szpitalplonsk.pl\/index.php\/wp-json\/wp\/v2\/pages\/451\/revisions\/1619"}],"up":[{"embeddable":true,"href":"http:\/\/new.szpitalplonsk.pl\/index.php\/wp-json\/wp\/v2\/pages\/441"}],"wp:attachment":[{"href":"http:\/\/new.szpitalplonsk.pl\/index.php\/wp-json\/wp\/v2\/media?parent=451"}],"curies":[{"name":"wp","href":"https:\/\/api.w.org\/{rel}","templated":true}]}}