{"id":489,"date":"2022-07-28T11:06:40","date_gmt":"2022-07-28T09:06:40","guid":{"rendered":"http:\/\/127.0.0.1\/wordpress\/?page_id=489"},"modified":"2022-09-16T07:06:13","modified_gmt":"2022-09-16T07:06:13","slug":"postepowania-prowadzone-z-zastosowanie-ustawy-pzp","status":"publish","type":"page","link":"http:\/\/new.szpitalplonsk.pl\/index.php\/o-nas\/informacje-publiczne\/zamowienia-publiczne\/postepowania-prowadzone-z-zastosowanie-ustawy-pzp\/","title":{"rendered":"Post\u0119powania prowadzone z zastosowanie ustawy PZP"},"content":{"rendered":"<ul class=\"wp-block-latest-posts__list has-dates wp-block-latest-posts\"><li><a class=\"wp-block-latest-posts__post-title\" href=\"http:\/\/new.szpitalplonsk.pl\/index.php\/2022\/09\/28\/postepowanie-o-udzielenie-zamowienia-publicznego-w-trybie-przetargu-nieograniczonego-na-dostawy-sprzetu-medycznego-jednorazowego-uzytku\/\">Post\u0119powanie o udzielenie zam\u00f3wienia publicznego w trybie przetargu nieograniczonego na dostawy sprz\u0119tu medycznego jednorazowego u\u017cytku<\/a><time datetime=\"2022-09-28T07:03:59+00:00\" class=\"wp-block-latest-posts__post-date\">28 wrze\u015bnia, 2022<\/time><\/li>\n<li><a class=\"wp-block-latest-posts__post-title\" href=\"http:\/\/new.szpitalplonsk.pl\/index.php\/2022\/09\/27\/postepowanie-o-udzielenie-zamowienia-publicznego-w-trybie-przetargu-nieograniczonego-na-dostawy-poscieli-odziezy-operacyjnej-i-oblozen-jednorazowych-3\/\">Post\u0119powanie o udzielenie zam\u00f3wienia publicznego w trybie przetargu nieograniczonego na dostawy po\u015bcieli, odzie\u017cy operacyjnej i ob\u0142o\u017ce\u0144 jednorazowych<\/a><time datetime=\"2022-09-27T06:22:50+00:00\" class=\"wp-block-latest-posts__post-date\">27 wrze\u015bnia, 2022<\/time><\/li>\n<li><a class=\"wp-block-latest-posts__post-title\" href=\"http:\/\/new.szpitalplonsk.pl\/index.php\/2022\/09\/26\/postepowanie-o-udzielenie-zamowienia-publicznego-w-trybie-przetargu-nieograniczonego-na-dostawy-poscieli-odziezy-operacyjnej-i-oblozen-jednorazowych-2\/\">Post\u0119powanie o udzielenie zam\u00f3wienia publicznego w trybie przetargu nieograniczonego na dostawy po\u015bcieli, odzie\u017cy operacyjnej i ob\u0142o\u017ce\u0144 jednorazowych<\/a><time datetime=\"2022-09-26T07:07:47+00:00\" class=\"wp-block-latest-posts__post-date\">26 wrze\u015bnia, 2022<\/time><\/li>\n<li><a class=\"wp-block-latest-posts__post-title\" href=\"http:\/\/new.szpitalplonsk.pl\/index.php\/2022\/09\/26\/postepowanie-o-udzielenie-zamowienia-publicznego-w-trybie-przetargu-nieograniczonego-na-dostawy-poscieli-odziezy-operacyjnej-i-oblozen-jednorazowych\/\">Post\u0119powanie o udzielenie zam\u00f3wienia publicznego w trybie przetargu nieograniczonego na dostawy po\u015bcieli odzie\u017cy operacyjnej i ob\u0142o\u017ce\u0144 jednorazowych<\/a><time datetime=\"2022-09-26T06:52:44+00:00\" class=\"wp-block-latest-posts__post-date\">26 wrze\u015bnia, 2022<\/time><\/li>\n<li><a class=\"wp-block-latest-posts__post-title\" href=\"http:\/\/new.szpitalplonsk.pl\/index.php\/2022\/09\/26\/postepowanie-o-udzielenie-zamowienia-publicznego-w-trybie-przetargu-nieograniczonego-na-dostawy-owocow-i-warzyw\/\">Post\u0119powanie o udzielenie zam\u00f3wienia publicznego w trybie przetargu nieograniczonego na dostawy owoc\u00f3w i warzyw<\/a><time datetime=\"2022-09-26T06:18:19+00:00\" class=\"wp-block-latest-posts__post-date\">26 wrze\u015bnia, 2022<\/time><\/li>\n<\/ul>\n\n\n<div class=\"wp-block-buttons is-content-justification-right is-layout-flex wp-container-core-buttons-is-layout-765c4724 wp-block-buttons-is-layout-flex\">\n<div class=\"wp-block-button has-custom-width wp-block-button__width-100 is-style-primary\"><a class=\"wp-block-button__link\" href=\"http:\/\/new.szpitalplonsk.pl\/index.php\/o-nas\/informacje-publiczne\/zamowienia-publiczne\/\">Wr\u00f3\u0107<\/a><\/div>\n<\/div>\n\n\n\n<div style=\"height:100px\" aria-hidden=\"true\" class=\"wp-block-spacer\"><\/div>\n","protected":false},"excerpt":{"rendered":"","protected":false},"author":1,"featured_media":0,"parent":441,"menu_order":0,"comment_status":"closed","ping_status":"closed","template":"","meta":{"neve_meta_sidebar":"","neve_meta_container":"","neve_meta_enable_content_width":"","neve_meta_content_width":0,"neve_meta_title_alignment":"","neve_meta_author_avatar":"","neve_post_elements_order":"","neve_meta_disable_header":"","neve_meta_disable_footer":"","neve_meta_disable_title":"","footnotes":""},"class_list":["post-489","page","type-page","status-publish","hentry"],"_links":{"self":[{"href":"http:\/\/new.szpitalplonsk.pl\/index.php\/wp-json\/wp\/v2\/pages\/489","targetHints":{"allow":["GET"]}}],"collection":[{"href":"http:\/\/new.szpitalplonsk.pl\/index.php\/wp-json\/wp\/v2\/pages"}],"about":[{"href":"http:\/\/new.szpitalplonsk.pl\/index.php\/wp-json\/wp\/v2\/types\/page"}],"author":[{"embeddable":true,"href":"http:\/\/new.szpitalplonsk.pl\/index.php\/wp-json\/wp\/v2\/users\/1"}],"replies":[{"embeddable":true,"href":"http:\/\/new.szpitalplonsk.pl\/index.php\/wp-json\/wp\/v2\/comments?post=489"}],"version-history":[{"count":5,"href":"http:\/\/new.szpitalplonsk.pl\/index.php\/wp-json\/wp\/v2\/pages\/489\/revisions"}],"predecessor-version":[{"id":1620,"href":"http:\/\/new.szpitalplonsk.pl\/index.php\/wp-json\/wp\/v2\/pages\/489\/revisions\/1620"}],"up":[{"embeddable":true,"href":"http:\/\/new.szpitalplonsk.pl\/index.php\/wp-json\/wp\/v2\/pages\/441"}],"wp:attachment":[{"href":"http:\/\/new.szpitalplonsk.pl\/index.php\/wp-json\/wp\/v2\/media?parent=489"}],"curies":[{"name":"wp","href":"https:\/\/api.w.org\/{rel}","templated":true}]}}