{"id":507,"date":"2022-07-28T11:29:33","date_gmt":"2022-07-28T09:29:33","guid":{"rendered":"http:\/\/127.0.0.1\/wordpress\/?page_id=507"},"modified":"2022-09-26T10:39:01","modified_gmt":"2022-09-26T10:39:01","slug":"plany-postepowan-o-zamowieniach-publicznych","status":"publish","type":"page","link":"http:\/\/new.szpitalplonsk.pl\/index.php\/o-nas\/informacje-publiczne\/zamowienia-publiczne\/plany-postepowan-o-zamowieniach-publicznych\/","title":{"rendered":"Plany post\u0119powa\u0144 o Zam\u00f3wieniach Publicznych"},"content":{"rendered":"\n<p>Prosimy o zapoznanie si\u0119 z poni\u017cszym za\u0142\u0105cznikiem<\/p>\n\n\n\n<p class=\"has-vivid-green-cyan-color has-text-color\"><strong>Pliki do pobrania:<\/strong><\/p>\n\n\n\n<div class=\"wp-block-group has-very-light-gray-to-cyan-bluish-gray-gradient-background has-background is-vertical is-layout-flex wp-container-core-group-is-layout-8cf370e7 wp-block-group-is-layout-flex\">\n<div class=\"wp-block-file\"><a id=\"wp-block-file--media-1e8e4368-d325-41f1-8fed-1bf42446e39e\" href=\"http:\/\/127.0.0.1\/wordpress\/wp-content\/uploads\/2022\/07\/Plan-postepowan-2017-1.pdf\" target=\"_blank\" rel=\"noreferrer noopener\">Plan post\u0119powa\u0144 o udzielenie zam\u00f3wie\u0144 na rok 2017<\/a><\/div>\n\n\n\n<div class=\"wp-block-file\"><a id=\"wp-block-file--media-91b66d36-6805-4127-8f42-460c6535444a\" href=\"http:\/\/127.0.0.1\/wordpress\/wp-content\/uploads\/2022\/07\/Plan-postepowan-2019-rok.pdf\" target=\"_blank\" rel=\"noreferrer noopener\">Plan post\u0119powa\u0144 o udzielenie zam\u00f3wie\u0144 na rok 2019<\/a><\/div>\n\n\n\n<div class=\"wp-block-file\"><a id=\"wp-block-file--media-e14a031a-c884-4799-8932-1b893cae732c\" href=\"http:\/\/127.0.0.1\/wordpress\/wp-content\/uploads\/2022\/07\/Plan-postepowan-o-udzielenie-zamowien-w-2020-roku.pdf\" target=\"_blank\" rel=\"noreferrer noopener\">Plan post\u0119powa\u0144 o udzielenie zam\u00f3wie\u0144 na rok 2020<\/a><\/div>\n\n\n\n<div class=\"wp-block-file\"><a id=\"wp-block-file--media-f0c7cb85-cd12-419e-bc2c-7df183af33b8\" href=\"http:\/\/127.0.0.1\/wordpress\/wp-content\/uploads\/2022\/07\/Plan-postepowan-o-udzielenie-zamowien-na-rok-2021-1.pdf\" target=\"_blank\" rel=\"noreferrer noopener\">Plan post\u0119powa\u0144 o udzielenie zam\u00f3wie\u0144 na rok 2021<\/a><\/div>\n\n\n\n<div class=\"wp-block-file\"><a id=\"wp-block-file--media-dd0e2cbf-f8bf-4c25-b408-f5c9b35d69f1\" href=\"http:\/\/127.0.0.1\/wordpress\/wp-content\/uploads\/2022\/07\/Plan-zamowien-1.pdf\" target=\"_blank\" rel=\"noreferrer noopener\">Plan post\u0119powa\u0144 o udzielenie zam\u00f3wie\u0144 na rok 2022<\/a><\/div>\n\n\n\n<div class=\"wp-block-file\"><a id=\"wp-block-file--media-b9a20da4-bc1e-447b-9e37-524612e4b673\" href=\"http:\/\/127.0.0.1\/wordpress\/wp-content\/uploads\/2022\/07\/Plan-postepowan-aktualizacja.pdf\" target=\"_blank\" rel=\"noreferrer noopener\">Plan post\u0119powa\u0144 o udzielenie zam\u00f3wie\u0144 na rok 2022 &#8211; wersja nr 2<\/a><\/div>\n\n\n\n<div class=\"wp-block-file\"><a id=\"wp-block-file--media-f674897b-69eb-485a-8a3e-347c672559a6\" href=\"http:\/\/127.0.0.1\/wordpress\/wp-content\/uploads\/2022\/07\/Plan-wersja-3.pdf\" target=\"_blank\" rel=\"noreferrer noopener\">Plan post\u0119powa\u0144 o udzielenie zam\u00f3wie\u0144 na rok 2022 &#8211; wersja nr 3<\/a><\/div>\n<\/div>\n\n\n\n<div class=\"wp-block-buttons is-content-justification-right is-layout-flex wp-container-core-buttons-is-layout-765c4724 wp-block-buttons-is-layout-flex\">\n<div class=\"wp-block-button has-custom-width wp-block-button__width-100 is-style-primary\"><a class=\"wp-block-button__link\" href=\"http:\/\/new.szpitalplonsk.pl\/index.php\/o-nas\/informacje-publiczne\/zamowienia-publiczne\/\">Wr\u00f3\u0107<\/a><\/div>\n<\/div>\n\n\n\n<div style=\"height:100px\" aria-hidden=\"true\" class=\"wp-block-spacer\"><\/div>\n","protected":false},"excerpt":{"rendered":"<p>Prosimy o zapoznanie si\u0119 z poni\u017cszym za\u0142\u0105cznikiem Pliki do pobrania:<\/p>\n","protected":false},"author":1,"featured_media":0,"parent":441,"menu_order":0,"comment_status":"closed","ping_status":"closed","template":"","meta":{"neve_meta_sidebar":"","neve_meta_container":"","neve_meta_enable_content_width":"","neve_meta_content_width":0,"neve_meta_title_alignment":"","neve_meta_author_avatar":"","neve_post_elements_order":"","neve_meta_disable_header":"","neve_meta_disable_footer":"","neve_meta_disable_title":"","footnotes":""},"class_list":["post-507","page","type-page","status-publish","hentry"],"_links":{"self":[{"href":"http:\/\/new.szpitalplonsk.pl\/index.php\/wp-json\/wp\/v2\/pages\/507","targetHints":{"allow":["GET"]}}],"collection":[{"href":"http:\/\/new.szpitalplonsk.pl\/index.php\/wp-json\/wp\/v2\/pages"}],"about":[{"href":"http:\/\/new.szpitalplonsk.pl\/index.php\/wp-json\/wp\/v2\/types\/page"}],"author":[{"embeddable":true,"href":"http:\/\/new.szpitalplonsk.pl\/index.php\/wp-json\/wp\/v2\/users\/1"}],"replies":[{"embeddable":true,"href":"http:\/\/new.szpitalplonsk.pl\/index.php\/wp-json\/wp\/v2\/comments?post=507"}],"version-history":[{"count":2,"href":"http:\/\/new.szpitalplonsk.pl\/index.php\/wp-json\/wp\/v2\/pages\/507\/revisions"}],"predecessor-version":[{"id":2679,"href":"http:\/\/new.szpitalplonsk.pl\/index.php\/wp-json\/wp\/v2\/pages\/507\/revisions\/2679"}],"up":[{"embeddable":true,"href":"http:\/\/new.szpitalplonsk.pl\/index.php\/wp-json\/wp\/v2\/pages\/441"}],"wp:attachment":[{"href":"http:\/\/new.szpitalplonsk.pl\/index.php\/wp-json\/wp\/v2\/media?parent=507"}],"curies":[{"name":"wp","href":"https:\/\/api.w.org\/{rel}","templated":true}]}}