{"id":859,"date":"2022-09-13T07:12:47","date_gmt":"2022-09-13T07:12:47","guid":{"rendered":"http:\/\/new.szpitalplonsk.pl\/?page_id=859"},"modified":"2022-09-16T07:28:16","modified_gmt":"2022-09-16T07:28:16","slug":"poradnia-leczenia-osteoporozy","status":"publish","type":"page","link":"http:\/\/new.szpitalplonsk.pl\/index.php\/uslugi-szpitalne\/poradnie\/poradnia-leczenia-osteoporozy\/","title":{"rendered":"Poradnia leczenia osteoporozy"},"content":{"rendered":"\n<p><strong>Lekarze:<\/strong><\/p>\n\n\n\n<ul class=\"wp-block-list\"><li>lek. Bartosz Fia\u0142ek \u2013 specjalista reumatolog \u2013 wtorek 15:30-12:00<\/li><li>Lek. Tomasz Wysocki \u2013 specjalista reumatolog \u2013 pi\u0105tek 15:30-19:30<\/li><\/ul>\n\n\n\n<p><strong>Poradnia czynna:<\/strong> wtorek i pi\u0105tek<\/p>\n\n\n\n<p><strong>Lokalizacja: OSTMEDICA ul. Dr. L. Rutkowskiego 6<\/strong><\/p>\n\n\n\n<p><strong>Kontakt:<\/strong><br>Szczeg\u00f3\u0142owe informacje mo\u017cna uzyska\u0107 pod numerem telefonu: 23 662 25 65<\/p>\n\n\n\n<p><strong>Na wizyt\u0119 nale\u017cy zabra\u0107 ze sob\u0105:<\/strong><\/p>\n\n\n\n<ul class=\"wp-block-list\"><li>dow\u00f3d osobisty,<\/li><li>aktualn\u0105 legitymacj\u0119 ubezpieczeniow\u0105,<\/li><li>NIP zak\u0142adu pracy<\/li><li>skierowanie do poradni (1 x w roku)<\/li><\/ul>\n\n\n\n<div class=\"wp-block-buttons is-content-justification-right is-layout-flex wp-container-core-buttons-is-layout-765c4724 wp-block-buttons-is-layout-flex\">\n<div class=\"wp-block-button has-custom-width wp-block-button__width-100 is-style-primary\"><a class=\"wp-block-button__link\" href=\"http:\/\/new.szpitalplonsk.pl\/index.php\/uslugi-szpitalne\/poradnie\/\">Wr\u00f3\u0107<\/a><\/div>\n<\/div>\n\n\n\n<div style=\"height:100px\" aria-hidden=\"true\" class=\"wp-block-spacer\"><\/div>\n","protected":false},"excerpt":{"rendered":"<p>Lekarze: lek. Bartosz Fia\u0142ek \u2013 specjalista reumatolog \u2013 wtorek 15:30-12:00 Lek. Tomasz Wysocki \u2013 specjalista reumatolog \u2013 pi\u0105tek 15:30-19:30 Poradnia czynna: wtorek i pi\u0105tek Lokalizacja: OSTMEDICA ul. Dr. L. Rutkowskiego 6 Kontakt:Szczeg\u00f3\u0142owe informacje mo\u017cna uzyska\u0107 pod numerem telefonu: 23 662 25 65 Na wizyt\u0119 nale\u017cy zabra\u0107 ze sob\u0105: dow\u00f3d osobisty, aktualn\u0105 legitymacj\u0119 ubezpieczeniow\u0105, NIP zak\u0142adu&hellip;&nbsp;<a href=\"http:\/\/new.szpitalplonsk.pl\/index.php\/uslugi-szpitalne\/poradnie\/poradnia-leczenia-osteoporozy\/\" class=\"\" rel=\"bookmark\">Czytaj dalej &raquo;<span class=\"screen-reader-text\">Poradnia leczenia osteoporozy<\/span><\/a><\/p>\n","protected":false},"author":1,"featured_media":0,"parent":842,"menu_order":0,"comment_status":"closed","ping_status":"closed","template":"","meta":{"neve_meta_sidebar":"","neve_meta_container":"","neve_meta_enable_content_width":"","neve_meta_content_width":0,"neve_meta_title_alignment":"","neve_meta_author_avatar":"","neve_post_elements_order":"","neve_meta_disable_header":"","neve_meta_disable_footer":"","neve_meta_disable_title":"","footnotes":""},"class_list":["post-859","page","type-page","status-publish","hentry"],"_links":{"self":[{"href":"http:\/\/new.szpitalplonsk.pl\/index.php\/wp-json\/wp\/v2\/pages\/859","targetHints":{"allow":["GET"]}}],"collection":[{"href":"http:\/\/new.szpitalplonsk.pl\/index.php\/wp-json\/wp\/v2\/pages"}],"about":[{"href":"http:\/\/new.szpitalplonsk.pl\/index.php\/wp-json\/wp\/v2\/types\/page"}],"author":[{"embeddable":true,"href":"http:\/\/new.szpitalplonsk.pl\/index.php\/wp-json\/wp\/v2\/users\/1"}],"replies":[{"embeddable":true,"href":"http:\/\/new.szpitalplonsk.pl\/index.php\/wp-json\/wp\/v2\/comments?post=859"}],"version-history":[{"count":2,"href":"http:\/\/new.szpitalplonsk.pl\/index.php\/wp-json\/wp\/v2\/pages\/859\/revisions"}],"predecessor-version":[{"id":1658,"href":"http:\/\/new.szpitalplonsk.pl\/index.php\/wp-json\/wp\/v2\/pages\/859\/revisions\/1658"}],"up":[{"embeddable":true,"href":"http:\/\/new.szpitalplonsk.pl\/index.php\/wp-json\/wp\/v2\/pages\/842"}],"wp:attachment":[{"href":"http:\/\/new.szpitalplonsk.pl\/index.php\/wp-json\/wp\/v2\/media?parent=859"}],"curies":[{"name":"wp","href":"https:\/\/api.w.org\/{rel}","templated":true}]}}