{"id":880,"date":"2022-09-13T07:24:39","date_gmt":"2022-09-13T07:24:39","guid":{"rendered":"http:\/\/new.szpitalplonsk.pl\/?page_id=880"},"modified":"2022-09-16T07:29:55","modified_gmt":"2022-09-16T07:29:55","slug":"poradnia-rehabilitacyjna","status":"publish","type":"page","link":"http:\/\/new.szpitalplonsk.pl\/index.php\/uslugi-szpitalne\/poradnie\/poradnia-rehabilitacyjna\/","title":{"rendered":"Poradnia rehabilitacyjna"},"content":{"rendered":"\n<p><strong>Lekarze:<\/strong><\/p>\n\n\n\n<ul class=\"wp-block-list\"><li>lek. Jacek Szymo\u0144ski \u2013 specjalista rehabilitacji medycznej,<\/li><li>lek. med W\u0142adys\u0142aw Sulich \u2013 specjalista chirurgii urazowo \u2013 ortopedycznej<\/li><\/ul>\n\n\n\n<p><strong>Poradnia czynna:<\/strong> \u015brody, czwartki<\/p>\n\n\n\n<p><strong>Lokalizacja:<\/strong>\u2013 Przychodnia gab. 103 \u2013 I pi\u0119tro, i gab.110 -parter,<\/p>\n\n\n\n<p><strong>Kontakt:<\/strong><br>Centrala tel.: 23&nbsp;661 34 00<br>Rejestracja wew. 391<\/p>\n\n\n\n<p><strong>Na wizyt\u0119 nale\u017cy zabra\u0107 ze sob\u0105:<\/strong><\/p>\n\n\n\n<ul class=\"wp-block-list\"><li>dow\u00f3d osobisty,<\/li><li>aktualn\u0105 legitymacj\u0119 ubezpieczeniow\u0105,<\/li><li>NIP zak\u0142adu pracy,<\/li><li>skierowanie do poradni (1 X w roku).<\/li><\/ul>\n\n\n\n<div class=\"wp-block-buttons is-content-justification-right is-layout-flex wp-container-core-buttons-is-layout-765c4724 wp-block-buttons-is-layout-flex\">\n<div class=\"wp-block-button has-custom-width wp-block-button__width-100 is-style-primary\"><a class=\"wp-block-button__link\" href=\"http:\/\/new.szpitalplonsk.pl\/index.php\/uslugi-szpitalne\/poradnie\/\">Wr\u00f3\u0107<\/a><\/div>\n<\/div>\n\n\n\n<div style=\"height:100px\" aria-hidden=\"true\" class=\"wp-block-spacer\"><\/div>\n","protected":false},"excerpt":{"rendered":"<p>Lekarze: lek. Jacek Szymo\u0144ski \u2013 specjalista rehabilitacji medycznej, lek. med W\u0142adys\u0142aw Sulich \u2013 specjalista chirurgii urazowo \u2013 ortopedycznej Poradnia czynna: \u015brody, czwartki Lokalizacja:\u2013 Przychodnia gab. 103 \u2013 I pi\u0119tro, i gab.110 -parter, Kontakt:Centrala tel.: 23&nbsp;661 34 00Rejestracja wew. 391 Na wizyt\u0119 nale\u017cy zabra\u0107 ze sob\u0105: dow\u00f3d osobisty, aktualn\u0105 legitymacj\u0119 ubezpieczeniow\u0105, NIP zak\u0142adu pracy, skierowanie do&hellip;&nbsp;<a href=\"http:\/\/new.szpitalplonsk.pl\/index.php\/uslugi-szpitalne\/poradnie\/poradnia-rehabilitacyjna\/\" class=\"\" rel=\"bookmark\">Czytaj dalej &raquo;<span class=\"screen-reader-text\">Poradnia rehabilitacyjna<\/span><\/a><\/p>\n","protected":false},"author":1,"featured_media":0,"parent":842,"menu_order":0,"comment_status":"closed","ping_status":"closed","template":"","meta":{"neve_meta_sidebar":"","neve_meta_container":"","neve_meta_enable_content_width":"","neve_meta_content_width":0,"neve_meta_title_alignment":"","neve_meta_author_avatar":"","neve_post_elements_order":"","neve_meta_disable_header":"","neve_meta_disable_footer":"","neve_meta_disable_title":"","footnotes":""},"class_list":["post-880","page","type-page","status-publish","hentry"],"_links":{"self":[{"href":"http:\/\/new.szpitalplonsk.pl\/index.php\/wp-json\/wp\/v2\/pages\/880","targetHints":{"allow":["GET"]}}],"collection":[{"href":"http:\/\/new.szpitalplonsk.pl\/index.php\/wp-json\/wp\/v2\/pages"}],"about":[{"href":"http:\/\/new.szpitalplonsk.pl\/index.php\/wp-json\/wp\/v2\/types\/page"}],"author":[{"embeddable":true,"href":"http:\/\/new.szpitalplonsk.pl\/index.php\/wp-json\/wp\/v2\/users\/1"}],"replies":[{"embeddable":true,"href":"http:\/\/new.szpitalplonsk.pl\/index.php\/wp-json\/wp\/v2\/comments?post=880"}],"version-history":[{"count":2,"href":"http:\/\/new.szpitalplonsk.pl\/index.php\/wp-json\/wp\/v2\/pages\/880\/revisions"}],"predecessor-version":[{"id":1662,"href":"http:\/\/new.szpitalplonsk.pl\/index.php\/wp-json\/wp\/v2\/pages\/880\/revisions\/1662"}],"up":[{"embeddable":true,"href":"http:\/\/new.szpitalplonsk.pl\/index.php\/wp-json\/wp\/v2\/pages\/842"}],"wp:attachment":[{"href":"http:\/\/new.szpitalplonsk.pl\/index.php\/wp-json\/wp\/v2\/media?parent=880"}],"curies":[{"name":"wp","href":"https:\/\/api.w.org\/{rel}","templated":true}]}}