{"id":883,"date":"2022-09-13T07:25:52","date_gmt":"2022-09-13T07:25:52","guid":{"rendered":"http:\/\/new.szpitalplonsk.pl\/?page_id=883"},"modified":"2022-09-19T07:56:47","modified_gmt":"2022-09-19T07:56:47","slug":"poradnia-reumatologi","status":"publish","type":"page","link":"http:\/\/new.szpitalplonsk.pl\/index.php\/uslugi-szpitalne\/poradnie\/poradnia-reumatologi\/","title":{"rendered":"Poradnia reumatologi"},"content":{"rendered":"\n<p><strong>Lekarze:<\/strong><\/p>\n\n\n\n<ul class=\"wp-block-list\"><li>lek. Hanna Dul \u2013 specjalista reumatolog \u2013 czwartek 10:00-14:00<\/li><li>lek. Bartosz Fia\u0142ek \u2013 specjalista reumatolog \u2013 poniedzia\u0142ek 15:00-19:00<\/li><li>Lek. Tomasz Wysocki \u2013 specjalista reumatolog \u2013 poniedzia\u0142ek 15:00-19:00, \u015broda 9:00-13:00<\/li><\/ul>\n\n\n\n<p><strong>Poradnia czynna:<\/strong> poniedzia\u0142ek, \u015broda , czwartek<\/p>\n\n\n\n<p><strong>Lokalizacja:<\/strong>&nbsp;Przychodnia gab. nr.104, 103,&nbsp; I pi\u0119tro<\/p>\n\n\n\n<p><strong>Kontakt:<\/strong><br>Centrala tel.: 23&nbsp;661 34 00<br>Rejestracja wew. 391<\/p>\n\n\n\n<p><strong>Na wizyt\u0119 nale\u017cy zabra\u0107 ze sob\u0105:<\/strong><\/p>\n\n\n\n<ul class=\"wp-block-list\"><li>dow\u00f3d osobisty,<\/li><li>aktualn\u0105 legitymacj\u0119 ubezpieczeniow\u0105,<\/li><li>NIP zak\u0142adu pracy<\/li><li>skierowanie do poradni (1 x w roku)<\/li><\/ul>\n\n\n\n<div class=\"wp-block-buttons is-content-justification-right is-layout-flex wp-container-core-buttons-is-layout-765c4724 wp-block-buttons-is-layout-flex\">\n<div class=\"wp-block-button has-custom-width wp-block-button__width-100 is-style-primary\"><a class=\"wp-block-button__link\" href=\"http:\/\/new.szpitalplonsk.pl\/index.php\/uslugi-szpitalne\/poradnie\/\">Wr\u00f3\u0107<\/a><\/div>\n<\/div>\n\n\n\n<div style=\"height:100px\" aria-hidden=\"true\" class=\"wp-block-spacer\"><\/div>\n","protected":false},"excerpt":{"rendered":"<p>Lekarze: lek. Hanna Dul \u2013 specjalista reumatolog \u2013 czwartek 10:00-14:00 lek. Bartosz Fia\u0142ek \u2013 specjalista reumatolog \u2013 poniedzia\u0142ek 15:00-19:00 Lek. Tomasz Wysocki \u2013 specjalista reumatolog \u2013 poniedzia\u0142ek 15:00-19:00, \u015broda 9:00-13:00 Poradnia czynna: poniedzia\u0142ek, \u015broda , czwartek Lokalizacja:&nbsp;Przychodnia gab. nr.104, 103,&nbsp; I pi\u0119tro Kontakt:Centrala tel.: 23&nbsp;661 34 00Rejestracja wew. 391 Na wizyt\u0119 nale\u017cy zabra\u0107 ze sob\u0105:&hellip;&nbsp;<a href=\"http:\/\/new.szpitalplonsk.pl\/index.php\/uslugi-szpitalne\/poradnie\/poradnia-reumatologi\/\" class=\"\" rel=\"bookmark\">Czytaj dalej &raquo;<span class=\"screen-reader-text\">Poradnia reumatologi<\/span><\/a><\/p>\n","protected":false},"author":1,"featured_media":0,"parent":842,"menu_order":0,"comment_status":"closed","ping_status":"closed","template":"","meta":{"neve_meta_sidebar":"","neve_meta_container":"","neve_meta_enable_content_width":"","neve_meta_content_width":0,"neve_meta_title_alignment":"","neve_meta_author_avatar":"","neve_post_elements_order":"","neve_meta_disable_header":"","neve_meta_disable_footer":"","neve_meta_disable_title":"","footnotes":""},"class_list":["post-883","page","type-page","status-publish","hentry"],"_links":{"self":[{"href":"http:\/\/new.szpitalplonsk.pl\/index.php\/wp-json\/wp\/v2\/pages\/883","targetHints":{"allow":["GET"]}}],"collection":[{"href":"http:\/\/new.szpitalplonsk.pl\/index.php\/wp-json\/wp\/v2\/pages"}],"about":[{"href":"http:\/\/new.szpitalplonsk.pl\/index.php\/wp-json\/wp\/v2\/types\/page"}],"author":[{"embeddable":true,"href":"http:\/\/new.szpitalplonsk.pl\/index.php\/wp-json\/wp\/v2\/users\/1"}],"replies":[{"embeddable":true,"href":"http:\/\/new.szpitalplonsk.pl\/index.php\/wp-json\/wp\/v2\/comments?post=883"}],"version-history":[{"count":4,"href":"http:\/\/new.szpitalplonsk.pl\/index.php\/wp-json\/wp\/v2\/pages\/883\/revisions"}],"predecessor-version":[{"id":2297,"href":"http:\/\/new.szpitalplonsk.pl\/index.php\/wp-json\/wp\/v2\/pages\/883\/revisions\/2297"}],"up":[{"embeddable":true,"href":"http:\/\/new.szpitalplonsk.pl\/index.php\/wp-json\/wp\/v2\/pages\/842"}],"wp:attachment":[{"href":"http:\/\/new.szpitalplonsk.pl\/index.php\/wp-json\/wp\/v2\/media?parent=883"}],"curies":[{"name":"wp","href":"https:\/\/api.w.org\/{rel}","templated":true}]}}