{"id":886,"date":"2022-09-13T07:28:38","date_gmt":"2022-09-13T07:28:38","guid":{"rendered":"http:\/\/new.szpitalplonsk.pl\/?page_id=886"},"modified":"2022-09-16T07:30:28","modified_gmt":"2022-09-16T07:30:28","slug":"poradnia-zdrowia-psychicznego","status":"publish","type":"page","link":"http:\/\/new.szpitalplonsk.pl\/index.php\/uslugi-szpitalne\/poradnie\/poradnia-zdrowia-psychicznego\/","title":{"rendered":"Poradnia zdrowia psychicznego"},"content":{"rendered":"\n<p><strong>Lekarze:<\/strong><\/p>\n\n\n\n<ul class=\"wp-block-list\"><li>Krystyna Gajewska \u2013 specjalista w dziedzinie psychiatrii<\/li><li>Edyta Walczak \u2013 specjalista w dziedzinie psychiatrii<\/li><li>mgr Marta Ga\u0142ecka \u2013 psycholog<\/li><li>mgr Joanna Rojek \u2013 psychoterapeuta<\/li><\/ul>\n\n\n\n<p><strong>Poradnia czynna:<\/strong>&nbsp;codziennie<\/p>\n\n\n\n<p><strong>Lokalizacja:<\/strong>&nbsp;Poradnia Zdrowia Psychicznego znajduje si\u0119 w Przychodni gabinet 108, I pi\u0119tro<\/p>\n\n\n\n<p><strong>Kontakt:<\/strong><br>Rejestracja tel.: 23&nbsp;661 77 98<\/p>\n\n\n\n<p><strong>Na wizyt\u0119 nale\u017cy zabra\u0107 ze sob\u0105:<\/strong><\/p>\n\n\n\n<ul class=\"wp-block-list\"><li>dow\u00f3d osobisty,<\/li><li>aktualn\u0105 legitymacj\u0119 ubezpieczeniow\u0105,<\/li><li>NIP zak\u0142adu pracy<\/li><li>skierowanie (wymagane jest tylko do poradni psychologicznej)<\/li><\/ul>\n\n\n\n<div class=\"wp-block-buttons is-content-justification-right is-layout-flex wp-container-core-buttons-is-layout-765c4724 wp-block-buttons-is-layout-flex\">\n<div class=\"wp-block-button has-custom-width wp-block-button__width-100 is-style-primary\"><a class=\"wp-block-button__link\" href=\"http:\/\/new.szpitalplonsk.pl\/index.php\/uslugi-szpitalne\/poradnie\/\">Wr\u00f3\u0107<\/a><\/div>\n<\/div>\n\n\n\n<div style=\"height:100px\" aria-hidden=\"true\" class=\"wp-block-spacer\"><\/div>\n","protected":false},"excerpt":{"rendered":"<p>Lekarze: Krystyna Gajewska \u2013 specjalista w dziedzinie psychiatrii Edyta Walczak \u2013 specjalista w dziedzinie psychiatrii mgr Marta Ga\u0142ecka \u2013 psycholog mgr Joanna Rojek \u2013 psychoterapeuta Poradnia czynna:&nbsp;codziennie Lokalizacja:&nbsp;Poradnia Zdrowia Psychicznego znajduje si\u0119 w Przychodni gabinet 108, I pi\u0119tro Kontakt:Rejestracja tel.: 23&nbsp;661 77 98 Na wizyt\u0119 nale\u017cy zabra\u0107 ze sob\u0105: dow\u00f3d osobisty, aktualn\u0105 legitymacj\u0119 ubezpieczeniow\u0105, NIP&hellip;&nbsp;<a href=\"http:\/\/new.szpitalplonsk.pl\/index.php\/uslugi-szpitalne\/poradnie\/poradnia-zdrowia-psychicznego\/\" class=\"\" rel=\"bookmark\">Czytaj dalej &raquo;<span class=\"screen-reader-text\">Poradnia zdrowia psychicznego<\/span><\/a><\/p>\n","protected":false},"author":1,"featured_media":0,"parent":842,"menu_order":0,"comment_status":"closed","ping_status":"closed","template":"","meta":{"neve_meta_sidebar":"","neve_meta_container":"","neve_meta_enable_content_width":"","neve_meta_content_width":0,"neve_meta_title_alignment":"","neve_meta_author_avatar":"","neve_post_elements_order":"","neve_meta_disable_header":"","neve_meta_disable_footer":"","neve_meta_disable_title":"","footnotes":""},"class_list":["post-886","page","type-page","status-publish","hentry"],"_links":{"self":[{"href":"http:\/\/new.szpitalplonsk.pl\/index.php\/wp-json\/wp\/v2\/pages\/886","targetHints":{"allow":["GET"]}}],"collection":[{"href":"http:\/\/new.szpitalplonsk.pl\/index.php\/wp-json\/wp\/v2\/pages"}],"about":[{"href":"http:\/\/new.szpitalplonsk.pl\/index.php\/wp-json\/wp\/v2\/types\/page"}],"author":[{"embeddable":true,"href":"http:\/\/new.szpitalplonsk.pl\/index.php\/wp-json\/wp\/v2\/users\/1"}],"replies":[{"embeddable":true,"href":"http:\/\/new.szpitalplonsk.pl\/index.php\/wp-json\/wp\/v2\/comments?post=886"}],"version-history":[{"count":2,"href":"http:\/\/new.szpitalplonsk.pl\/index.php\/wp-json\/wp\/v2\/pages\/886\/revisions"}],"predecessor-version":[{"id":1664,"href":"http:\/\/new.szpitalplonsk.pl\/index.php\/wp-json\/wp\/v2\/pages\/886\/revisions\/1664"}],"up":[{"embeddable":true,"href":"http:\/\/new.szpitalplonsk.pl\/index.php\/wp-json\/wp\/v2\/pages\/842"}],"wp:attachment":[{"href":"http:\/\/new.szpitalplonsk.pl\/index.php\/wp-json\/wp\/v2\/media?parent=886"}],"curies":[{"name":"wp","href":"https:\/\/api.w.org\/{rel}","templated":true}]}}