{"id":912,"date":"2022-09-13T08:01:54","date_gmt":"2022-09-13T08:01:54","guid":{"rendered":"http:\/\/new.szpitalplonsk.pl\/?page_id=912"},"modified":"2022-09-16T07:32:59","modified_gmt":"2022-09-16T07:32:59","slug":"pracownia-badan-bronchoskopowych","status":"publish","type":"page","link":"http:\/\/new.szpitalplonsk.pl\/index.php\/uslugi-szpitalne\/pracownie-diagnostyczne\/pracownia-badan-bronchoskopowych\/","title":{"rendered":"Pracownia bada\u0144 bronchoskopowych"},"content":{"rendered":"\n<p><strong>Bronchoskopia<\/strong>&nbsp;\u2013 diagnostyczne badanie endoskopowe dr\u00f3g oddechowych, wykonywane za pomoc\u0105 bronchoskopu, specjalnego urz\u0105dzenia wprowadzonego przez nos lub usta. Zabieg najcz\u0119\u015bciej wykonuje si\u0119 w celach diagnostycznych, g\u0142\u00f3wnie rozpoznania ewentualnego procesu nowotworowego, ale niekiedy r\u00f3wnie\u017c ze wskaza\u0144 terapeutycznych (usuni\u0119cie cia\u0142a obcego, odessanie zalegaj\u0105cej wydzieliny).<\/p>\n\n\n\n<p>Pracownia jest wyposa\u017cona w fiberoskopy z torem wizyjnym. Pracownia wykonuje dla potrzeb szpitala w p\u0142o\u0144sku oraz posiada umowy z s\u0105siednimi szpitalami, sk\u0105d przywo\u017ceni s\u0105 pacjenci na badania. Rocznie wykonujemy 500 bada\u0144.<\/p>\n\n\n\n<p><strong>W trakcie bronchoskopii wykonujemy w zale\u017cno\u015bci od potrzeby:<\/strong><\/p>\n\n\n\n<ul class=\"wp-block-list\"><li>biopsja ze stwierdzonych zmian w oskrzelach,<\/li><li>pobieramy pop\u0142uczyny oskrzelowe do bada\u0144 cytologicznych, bakteriologicznych w tym kierunku pr\u0105tk\u00f3w gru\u017alicy,<\/li><li>pobieramy wymazy szczoteczkowe,<\/li><li>biopsje przez oskrzelowe,<\/li><li>zabiegi terapeutyczne.<\/li><\/ul>\n\n\n\n<p><strong>Wskazania do bronchoskopii:<\/strong><\/p>\n\n\n\n<ul class=\"wp-block-list\"><li>Uporczywy kaszel<\/li><li>Krwioplucie<\/li><li>Duszno\u015b\u0107, kt\u00f3rej nie t\u0142umacz\u0105 inne badania uk\u0142adu oddechowego<\/li><li>Objawy zw\u0119\u017cenia oskrzeli<\/li><li>Nawracaj\u0105ce zapalenie p\u0142uc<\/li><li>Kontrola po przeprowadzonym zabiegu torakochirurgicznym<\/li><li>Podejrzenie p\u0119kniecie oskrzela<\/li><li>Podejrzenie procesu nowotworowego<\/li><li>Niedodma mi\u0105\u017cszu p\u0142ucnego<\/li><li>Powi\u0119kszenie w\u0119z\u0142\u00f3w ch\u0142onnych \u015br\u00f3dpiersia<\/li><li>Guz p\u0142uca<\/li><li>Pobranie materia\u0142u do bada\u0144 bakteriologicznych i mikroskopowych<\/li><\/ul>\n\n\n\n<p><strong>Najcz\u0119stsze wskazania lecznicze:<\/strong><\/p>\n\n\n\n<ul class=\"wp-block-list\"><li>Oczyszczenie z zalegaj\u0105cej wydzieliny<\/li><li>Niedodma pooperacyjna<\/li><li>Usuniecie cia\u0142a obcego<\/li><li>Tamowanie krwawienia<\/li><li>Udro\u017cnienie oskrzeli<\/li><li>Protezownie drzewa oskrzelowego<\/li><\/ul>\n\n\n\n<p><strong>Przeciwwskazania do bronchoskopii:<\/strong><\/p>\n\n\n\n<ul class=\"wp-block-list\"><li>Ci\u0119\u017cka niewydolno\u015b\u0107 oddechowa<\/li><li>Ci\u0119\u017cka niewydolno\u015b\u0107 oddechowa<\/li><li>Zaburzenia rytmu serca<\/li><li>\u015awierzy zawa\u0142 serca, zw\u0142aszcza powik\u0142any zaburzeniami rytmu<\/li><li>Astma oskrzelowa w okresie zaostrzenia<\/li><li>Zaburzenia krzepni\u0119cia krwi<\/li><li>Brak zgody chorego<\/li><\/ul>\n\n\n\n<p>Nale\u017cy jednak pami\u0119ta\u0107, \u017ce przy dobrze wyposa\u017conej pracowni nie s\u0105 to przeciwwskazania bezwzgl\u0119dne i przy odpowiednim przygotowaniu i zabezpieczeniu pacjenta mo\u017cna je w wi\u0119kszo\u015bci przypadk\u00f3w przeprowadzi\u0107.<\/p>\n\n\n\n<p>Pracownia jest czynna: wtroki i pi\u0105tki<\/p>\n\n\n\n<p><strong>Kontakt:<br><\/strong>Centrala tel.: 23&nbsp;661 34 00<br>Rejestracja wew. 389<\/p>\n\n\n\n<div class=\"wp-block-buttons is-content-justification-right is-layout-flex wp-container-core-buttons-is-layout-765c4724 wp-block-buttons-is-layout-flex\">\n<div class=\"wp-block-button has-custom-width wp-block-button__width-100 is-style-primary\"><a class=\"wp-block-button__link\" href=\"http:\/\/new.szpitalplonsk.pl\/index.php\/uslugi-szpitalne\/pracownie-diagnostyczne\/\">Wr\u00f3\u0107<\/a><\/div>\n<\/div>\n\n\n\n<div style=\"height:100px\" aria-hidden=\"true\" class=\"wp-block-spacer\"><\/div>\n","protected":false},"excerpt":{"rendered":"<p>Bronchoskopia&nbsp;\u2013 diagnostyczne badanie endoskopowe dr\u00f3g oddechowych, wykonywane za pomoc\u0105 bronchoskopu, specjalnego urz\u0105dzenia wprowadzonego przez nos lub usta. Zabieg najcz\u0119\u015bciej wykonuje si\u0119 w celach diagnostycznych, g\u0142\u00f3wnie rozpoznania ewentualnego procesu nowotworowego, ale niekiedy r\u00f3wnie\u017c ze wskaza\u0144 terapeutycznych (usuni\u0119cie cia\u0142a obcego, odessanie zalegaj\u0105cej wydzieliny). Pracownia jest wyposa\u017cona w fiberoskopy z torem wizyjnym. Pracownia wykonuje dla potrzeb szpitala w&hellip;&nbsp;<a href=\"http:\/\/new.szpitalplonsk.pl\/index.php\/uslugi-szpitalne\/pracownie-diagnostyczne\/pracownia-badan-bronchoskopowych\/\" class=\"\" rel=\"bookmark\">Czytaj dalej &raquo;<span class=\"screen-reader-text\">Pracownia bada\u0144 bronchoskopowych<\/span><\/a><\/p>\n","protected":false},"author":1,"featured_media":0,"parent":896,"menu_order":0,"comment_status":"closed","ping_status":"closed","template":"","meta":{"neve_meta_sidebar":"","neve_meta_container":"","neve_meta_enable_content_width":"","neve_meta_content_width":0,"neve_meta_title_alignment":"","neve_meta_author_avatar":"","neve_post_elements_order":"","neve_meta_disable_header":"","neve_meta_disable_footer":"","neve_meta_disable_title":"","footnotes":""},"class_list":["post-912","page","type-page","status-publish","hentry"],"_links":{"self":[{"href":"http:\/\/new.szpitalplonsk.pl\/index.php\/wp-json\/wp\/v2\/pages\/912","targetHints":{"allow":["GET"]}}],"collection":[{"href":"http:\/\/new.szpitalplonsk.pl\/index.php\/wp-json\/wp\/v2\/pages"}],"about":[{"href":"http:\/\/new.szpitalplonsk.pl\/index.php\/wp-json\/wp\/v2\/types\/page"}],"author":[{"embeddable":true,"href":"http:\/\/new.szpitalplonsk.pl\/index.php\/wp-json\/wp\/v2\/users\/1"}],"replies":[{"embeddable":true,"href":"http:\/\/new.szpitalplonsk.pl\/index.php\/wp-json\/wp\/v2\/comments?post=912"}],"version-history":[{"count":2,"href":"http:\/\/new.szpitalplonsk.pl\/index.php\/wp-json\/wp\/v2\/pages\/912\/revisions"}],"predecessor-version":[{"id":1669,"href":"http:\/\/new.szpitalplonsk.pl\/index.php\/wp-json\/wp\/v2\/pages\/912\/revisions\/1669"}],"up":[{"embeddable":true,"href":"http:\/\/new.szpitalplonsk.pl\/index.php\/wp-json\/wp\/v2\/pages\/896"}],"wp:attachment":[{"href":"http:\/\/new.szpitalplonsk.pl\/index.php\/wp-json\/wp\/v2\/media?parent=912"}],"curies":[{"name":"wp","href":"https:\/\/api.w.org\/{rel}","templated":true}]}}