{"id":915,"date":"2022-09-13T08:04:17","date_gmt":"2022-09-13T08:04:17","guid":{"rendered":"http:\/\/new.szpitalplonsk.pl\/?page_id=915"},"modified":"2022-09-16T07:12:40","modified_gmt":"2022-09-16T07:12:40","slug":"medyczne-laboratorium-diagnostyczne","status":"publish","type":"page","link":"http:\/\/new.szpitalplonsk.pl\/index.php\/uslugi-szpitalne\/medyczne-laboratorium-diagnostyczne\/","title":{"rendered":"Medyczne laboratorium diagnostyczne"},"content":{"rendered":"\n<p><strong>Medyczne Laboratorium Diagnostyczne <\/strong>pracuje ca\u0142odobowo (24h), 7 dni w tygodniu \u015bwiadcz\u0105c us\u0142ugi z zakresu medycznej diagnostyki laboratoryjnej.<\/p>\n\n\n\n<p>Laboratorium wykonuje badania zar\u00f3wno dla potrzeb pacjent\u00f3w szpitala jak i pacjent\u00f3w ambulatoryjnych w tym poradni podstawowej opieki zdrowotnej. Nasze Medyczne Laboratorium Diagnostyczne jest wpisane w rejestr prowadzony przez Krajow\u0105 Rad\u0105 Diagnost\u00f3w Laboratoryjnych (nr 1967).<\/p>\n\n\n\n<p>Zapraszamy Pa\u0144stwa do korzystania z us\u0142ug Medycznego Laboratorium Diagnostycznego Szpitala w P\u0142o\u0144sku. Polecamy Pa\u0144stwu nasz panel bada\u0144, kt\u00f3ry obejmuje zar\u00f3wno badania podstawowe jak i specjalistyczne. 98% wynik\u00f3w mog\u0105 Pa\u0144stwo odebra\u0107 w dniu pobrania pr\u00f3bek tj. w dniu pobrania krwi.<\/p>\n\n\n\n<p>Laboratorium wyposa\u017cone jest w nowy, wysokiej klasy zautomatyzowany sprz\u0119t. \u017baden z pracuj\u0105cych w naszym laboratorium g\u0142\u00f3wnych analizator\u00f3w nie jest starszy ni\u017c 5 lat. Wszystkie g\u0142\u00f3wne analizatory (biochemiczny, hematologiczny, do bada\u0144 immunochemicznych) pochodz\u0105 od znanych i renomowanych producent\u00f3w sprz\u0119tu do diagnostyki laboratoryjnej. Sprz\u0119t na kt\u00f3rym wykonujemy badania podlega co rocznym testom technicznym. Obowi\u0105zkowe przegl\u0105dy techniczne s\u0105 wykonywane r\u00f3wnie\u017c dla innego sprz\u0119tu pomocniczego takiego jak mikroskopy laboratoryjne, automatyczne pipety laboratoryjne, ch\u0142odnie i cieplarki. Odczynniki oraz pr\u00f3bki surowic, kt\u00f3re musz\u0105 by\u0107 oznaczone w p\u00f3\u017aniejszym terminie s\u0105 przechowywane w ch\u0142odniach laboratoryjnych z monitorowan\u0105 temperatur\u0105.<\/p>\n\n\n\n<p>W grudniu 2010 roku w laboratorium wdro\u017cono centralny laboratoryjny system informatyczny. Centralne rejestrowanie pr\u00f3bek, oznakowanie pr\u00f3bek kodami kreskowymi znacznie u\u0142atwi\u0142y nadz\u00f3r i funkcjonowanie laboratorium.<\/p>\n\n\n\n<p>Krew w naszym laboratorium pobieramy przy pomocy pr\u00f3\u017cniowego system pobierania krwi. Pr\u00f3\u017cniowe pobierania krwi jest bardziej komfortowe ni\u017c w systemie otwartym (przy pomocy strzykawek) zar\u00f3wno dla pracownika jak i dla pacjenta.<\/p>\n\n\n\n<p>W laboratorium prowadzony jest system kontroli jako\u015bci wewn\u0105trzlaboratoryjnej i zewn\u0105trzlaboratoryjnej. Laboratorium bierze udzia\u0142 w programie kontroli zewn\u0105trzlaboratoryjnej prowadzonej przez Centralny O\u015brodek Bada\u0144 Jako\u015bci w Diagnostyce Laboratoryjnej z \u0141odzi. Jako\u015b\u0107 naszych bada\u0144 kontrolujemy r\u00f3wnie\u017c dodatkowo w programie fi\u0144skiej kontroli mi\u0119dzynarodowej LabQuality (w zakresie parametr\u00f3w biochemicznych) oraz programie hematologicznym IQAS (Sysmex International Quality Assurance System). Od 2013 roku nasze laboratorium bierze r\u00f3wnie\u017c udzia\u0142 w Programie Zewn\u0119trznej Oceny Jako\u015bci w Zakresie Badania Mikroskopowego Rozmazu Krwi Obwodowej (EQAhem).<\/p>\n\n\n\n<p>Nasze laboratorium spe\u0142nia standardy jako\u015bci okre\u015blone dla medycznych laboratori\u00f3w diagnostycznych zgodnie z Rozporz\u0105dzeniem Ministra Zdrowia z dnia 23 marca 2006 (Dz.U.06.61.435). Wymogi te dotycz\u0105 zar\u00f3wno wyposa\u017cenia, warunk\u00f3w technicznych oraz kwalifikacji pracownik\u00f3w. W naszym laboratorium posiadamy kierownika posiadaj\u0105cego tytu\u0142 specjalisty w dziedzinie Laboratoryjnej Diagnostyki Medycznej oraz stopie\u0144 naukowy doktora nauk medycznych. Laboratorium posiada wdro\u017cony laboratoryjny system informatyczny, system kontroli jako\u015bci oraz dobrej klasy wyposa\u017cenie analityczne. W 2010 roku laboratorium zosta\u0142o ca\u0142kowicie zmodernizowane i przeniesione do nowych pomieszcze\u0144. Nowe pomieszczenia laboratorium wyposa\u017cone s\u0105 w systemy mechanicznej wentylacji, klimatyzacji, system monitoringu oraz system przeciwpo\u017carowy. Opr\u00f3cz nowych analizator\u00f3w zostali\u015bmy wyposa\u017ceni w nowe meble laboratoryjne, dygestorium, cieplarki, komor\u0119 laminarn\u0105 oraz wiele innego sprz\u0119tu pomocniczego.<\/p>\n\n\n\n<div class=\"wp-block-buttons is-content-justification-right is-layout-flex wp-container-core-buttons-is-layout-765c4724 wp-block-buttons-is-layout-flex\">\n<div class=\"wp-block-button has-custom-width wp-block-button__width-100 is-style-primary\"><a class=\"wp-block-button__link\" href=\"http:\/\/new.szpitalplonsk.pl\/index.php\/uslugi-szpitalne\/\">Wr\u00f3\u0107<\/a><\/div>\n<\/div>\n\n\n\n<div style=\"height:100px\" aria-hidden=\"true\" class=\"wp-block-spacer\"><\/div>\n","protected":false},"excerpt":{"rendered":"<p>Medyczne Laboratorium Diagnostyczne pracuje ca\u0142odobowo (24h), 7 dni w tygodniu \u015bwiadcz\u0105c us\u0142ugi z zakresu medycznej diagnostyki laboratoryjnej. Laboratorium wykonuje badania zar\u00f3wno dla potrzeb pacjent\u00f3w szpitala jak i pacjent\u00f3w ambulatoryjnych w tym poradni podstawowej opieki zdrowotnej. Nasze Medyczne Laboratorium Diagnostyczne jest wpisane w rejestr prowadzony przez Krajow\u0105 Rad\u0105 Diagnost\u00f3w Laboratoryjnych (nr 1967). Zapraszamy Pa\u0144stwa do korzystania&hellip;&nbsp;<a href=\"http:\/\/new.szpitalplonsk.pl\/index.php\/uslugi-szpitalne\/medyczne-laboratorium-diagnostyczne\/\" class=\"\" rel=\"bookmark\">Czytaj dalej &raquo;<span class=\"screen-reader-text\">Medyczne laboratorium diagnostyczne<\/span><\/a><\/p>\n","protected":false},"author":1,"featured_media":0,"parent":59,"menu_order":0,"comment_status":"closed","ping_status":"closed","template":"","meta":{"neve_meta_sidebar":"","neve_meta_container":"","neve_meta_enable_content_width":"","neve_meta_content_width":0,"neve_meta_title_alignment":"","neve_meta_author_avatar":"","neve_post_elements_order":"","neve_meta_disable_header":"","neve_meta_disable_footer":"","neve_meta_disable_title":"","footnotes":""},"class_list":["post-915","page","type-page","status-publish","hentry"],"_links":{"self":[{"href":"http:\/\/new.szpitalplonsk.pl\/index.php\/wp-json\/wp\/v2\/pages\/915","targetHints":{"allow":["GET"]}}],"collection":[{"href":"http:\/\/new.szpitalplonsk.pl\/index.php\/wp-json\/wp\/v2\/pages"}],"about":[{"href":"http:\/\/new.szpitalplonsk.pl\/index.php\/wp-json\/wp\/v2\/types\/page"}],"author":[{"embeddable":true,"href":"http:\/\/new.szpitalplonsk.pl\/index.php\/wp-json\/wp\/v2\/users\/1"}],"replies":[{"embeddable":true,"href":"http:\/\/new.szpitalplonsk.pl\/index.php\/wp-json\/wp\/v2\/comments?post=915"}],"version-history":[{"count":2,"href":"http:\/\/new.szpitalplonsk.pl\/index.php\/wp-json\/wp\/v2\/pages\/915\/revisions"}],"predecessor-version":[{"id":1633,"href":"http:\/\/new.szpitalplonsk.pl\/index.php\/wp-json\/wp\/v2\/pages\/915\/revisions\/1633"}],"up":[{"embeddable":true,"href":"http:\/\/new.szpitalplonsk.pl\/index.php\/wp-json\/wp\/v2\/pages\/59"}],"wp:attachment":[{"href":"http:\/\/new.szpitalplonsk.pl\/index.php\/wp-json\/wp\/v2\/media?parent=915"}],"curies":[{"name":"wp","href":"https:\/\/api.w.org\/{rel}","templated":true}]}}