{"id":919,"date":"2022-09-13T08:13:22","date_gmt":"2022-09-13T08:13:22","guid":{"rendered":"http:\/\/new.szpitalplonsk.pl\/?page_id=919"},"modified":"2022-09-16T07:36:01","modified_gmt":"2022-09-16T07:36:01","slug":"zaklad-diagnostyki-obrazowej","status":"publish","type":"page","link":"http:\/\/new.szpitalplonsk.pl\/index.php\/uslugi-szpitalne\/zaklad-diagnostyki-obrazowej\/","title":{"rendered":"Zak\u0142ad diagnostyki obrazowej"},"content":{"rendered":"\n<p><strong>W sk\u0142ad Zak\u0142adu Diagnostyki Obrazowej wchodz\u0105:<\/strong><\/p>\n\n\n\n<ol class=\"wp-block-list\"><li>Pracownia rentgenodiagnostyczna na terenie szpitala:<br>\u2013 2 gabinety RTG wyposa\u017cone w 2 aparaty: og\u00f3lnodiagnostyczny ucyfrowiony z 2016 oraz cyfrowy z roku 2019.<\/li><li>Pracownia rentgenodiagnostyczna na terenie przychodni wyposa\u017cona w aparat og\u00f3lnodiagnostyczny cyfrowy z &nbsp; 2019 roku<\/li><li>Pracownia Tomografii Komputerowej wyposa\u017cona w spiralny 16-rzedowy aparat firmy GE z 2016 roku<\/li><li>Pracowni ultrasonograficzna:<br>\u2013 gabinet USG wyposa\u017cony w aparat z kolorowym Dopperem Logiq S7 z 2020 roku.<br>\u2013 gabinet USG og\u00f3lnodiagnostyczny firmy Aloka z 2016 roku.<\/li><li>Pracownia Mammograficzna na terenie przychodni wyposa\u017cona w aparat cyfrowy z 2019 roku.<\/li><\/ol>\n\n\n\n<p>Badania w Zak\u0142adzie Diagnostyki Obrazowej wykonywane s\u0105 w systemie cyfrowym.<\/p>\n\n\n\n<p><strong>Personel:<br><\/strong>Kierownik Zak\u0142adu Diagnostyki Obrazowej \u2013 dr n. med. Przemys\u0142aw Dul<br>Kierownik Zespo\u0142u Technik\u00f3w \u2013 Jolanta Stepek<br>Inspektor Ochrony Radiologicznej \u2013 Ma\u0142gorzata Wronka<\/p>\n\n\n\n<p>W Zak\u0142adzie Diagnostyki Obrazowej istnieje mo\u017cliwo\u015b\u0107 szkolenia w ramach specjalizacji pod nadzorem kierownika dr n. med. Przemys\u0142awa Dula<\/p>\n\n\n\n<p><strong>Kontakt:<\/strong><\/p>\n\n\n\n<p><strong>Rejestracja Tomografia komputerowa, RTG i USG szpital:<br><\/strong>Centrala tel.: 23 661 34 00 wew. 417<br>Bezpo\u015brednio 23&nbsp;661 77 81<\/p>\n\n\n\n<p><strong>Tomografia komputerowa:<br><\/strong>Centrala tel.: 23 661 34 00 wew. 408<br>Bezpo\u015brednio 23&nbsp;662 43 62<\/p>\n\n\n\n<p><strong>Rejestracja RTG i Mammografii na terenie przychodni:<br><\/strong>Bezpo\u015brednio 23&nbsp;661 77 84<\/p>\n\n\n\n<div class=\"wp-block-buttons is-content-justification-right is-layout-flex wp-container-core-buttons-is-layout-765c4724 wp-block-buttons-is-layout-flex\">\n<div class=\"wp-block-button has-custom-width wp-block-button__width-100 is-style-primary\"><a class=\"wp-block-button__link\" href=\"http:\/\/new.szpitalplonsk.pl\/index.php\/uslugi-szpitalne\/\">Wr\u00f3\u0107<\/a><\/div>\n<\/div>\n\n\n\n<div style=\"height:100px\" aria-hidden=\"true\" class=\"wp-block-spacer\"><\/div>\n","protected":false},"excerpt":{"rendered":"<p>W sk\u0142ad Zak\u0142adu Diagnostyki Obrazowej wchodz\u0105: Pracownia rentgenodiagnostyczna na terenie szpitala:\u2013 2 gabinety RTG wyposa\u017cone w 2 aparaty: og\u00f3lnodiagnostyczny ucyfrowiony z 2016 oraz cyfrowy z roku 2019. Pracownia rentgenodiagnostyczna na terenie przychodni wyposa\u017cona w aparat og\u00f3lnodiagnostyczny cyfrowy z &nbsp; 2019 roku Pracownia Tomografii Komputerowej wyposa\u017cona w spiralny 16-rzedowy aparat firmy GE z 2016 roku Pracowni&hellip;&nbsp;<a href=\"http:\/\/new.szpitalplonsk.pl\/index.php\/uslugi-szpitalne\/zaklad-diagnostyki-obrazowej\/\" class=\"\" rel=\"bookmark\">Czytaj dalej &raquo;<span class=\"screen-reader-text\">Zak\u0142ad diagnostyki obrazowej<\/span><\/a><\/p>\n","protected":false},"author":1,"featured_media":0,"parent":59,"menu_order":0,"comment_status":"closed","ping_status":"closed","template":"","meta":{"neve_meta_sidebar":"","neve_meta_container":"","neve_meta_enable_content_width":"","neve_meta_content_width":0,"neve_meta_title_alignment":"","neve_meta_author_avatar":"","neve_post_elements_order":"","neve_meta_disable_header":"","neve_meta_disable_footer":"","neve_meta_disable_title":"","footnotes":""},"class_list":["post-919","page","type-page","status-publish","hentry"],"_links":{"self":[{"href":"http:\/\/new.szpitalplonsk.pl\/index.php\/wp-json\/wp\/v2\/pages\/919","targetHints":{"allow":["GET"]}}],"collection":[{"href":"http:\/\/new.szpitalplonsk.pl\/index.php\/wp-json\/wp\/v2\/pages"}],"about":[{"href":"http:\/\/new.szpitalplonsk.pl\/index.php\/wp-json\/wp\/v2\/types\/page"}],"author":[{"embeddable":true,"href":"http:\/\/new.szpitalplonsk.pl\/index.php\/wp-json\/wp\/v2\/users\/1"}],"replies":[{"embeddable":true,"href":"http:\/\/new.szpitalplonsk.pl\/index.php\/wp-json\/wp\/v2\/comments?post=919"}],"version-history":[{"count":2,"href":"http:\/\/new.szpitalplonsk.pl\/index.php\/wp-json\/wp\/v2\/pages\/919\/revisions"}],"predecessor-version":[{"id":1676,"href":"http:\/\/new.szpitalplonsk.pl\/index.php\/wp-json\/wp\/v2\/pages\/919\/revisions\/1676"}],"up":[{"embeddable":true,"href":"http:\/\/new.szpitalplonsk.pl\/index.php\/wp-json\/wp\/v2\/pages\/59"}],"wp:attachment":[{"href":"http:\/\/new.szpitalplonsk.pl\/index.php\/wp-json\/wp\/v2\/media?parent=919"}],"curies":[{"name":"wp","href":"https:\/\/api.w.org\/{rel}","templated":true}]}}