{"id":935,"date":"2022-09-13T08:42:43","date_gmt":"2022-09-13T08:42:43","guid":{"rendered":"http:\/\/new.szpitalplonsk.pl\/?page_id=935"},"modified":"2022-09-16T07:12:20","modified_gmt":"2022-09-16T07:12:20","slug":"dzial-pomocy-doraznej","status":"publish","type":"page","link":"http:\/\/new.szpitalplonsk.pl\/index.php\/uslugi-szpitalne\/dzial-pomocy-doraznej\/","title":{"rendered":"Dzia\u0142 pomocy dora\u017anej"},"content":{"rendered":"\n<p><strong>\u015awiadczenie us\u0142ugi<\/strong>&nbsp;Dzia\u0142 Pomocy Dora\u017anej SPZZOZ w P\u0142o\u0144sku jest w ci\u0105g\u0142ej gotowo\u015bci do udzielania \u015bwiadcze\u0144 zdrowotnych w przypadku stanu zagro\u017cenia \u017cycia lub zdrowia ka\u017cdego cz\u0142owieka.<\/p>\n\n\n\n<p><strong>Teren dzia\u0142ania<\/strong>&nbsp;Terenem dzia\u0142ania jest&nbsp;<strong>rejon operacyjny nr 14-02<\/strong>&nbsp;z miejscami wyczekiwania zespo\u0142\u00f3w ratownictwa medycznego w: \u2013 P\u0142o\u0144sku \u2013 stacjonuj\u0105 dwa zespo\u0142y: specjalistyczny i podstawowy, \u2013 Raci\u0105\u017cu \u2013 stacjonuje jeden zesp\u00f3\u0142: specjalistyczny, \u2013 Glinojecku \u2013 stacjonuje jeden zesp\u00f3\u0142 podstawowy(pe\u0142ni dy\u017cur codzienne ca\u0142\u0105 dob\u0119), \u2013 Nowym Mie\u015bcie \u2013 stacjonuje jeden zesp\u00f3\u0142 podstawowy w godzinach 10:00 \u2013 22:00.<\/p>\n\n\n\n<p><strong>Baza<\/strong>&nbsp;Dzia\u0142 Pomocy Dora\u017anej dysponuje dwoma specjalistycznymi zespo\u0142ami ratownictwa medycznego, w sk\u0142ad kt\u00f3rych wchodzi lekarz, ratownik medyczny i ratownik kierowca oraz trzema podstawowymi zespo\u0142ami ratownictwa medycznego, w sk\u0142ad kt\u00f3rych wchodzi piel\u0119gniarka, ratownik medyczny, kierowca. Karetki ratownicze s\u0105 bardzo dobrze wyposa\u017cone w niezb\u0119dny, specjalistyczny sprz\u0119t s\u0142u\u017c\u0105cy ratowaniu \u017cycia, zgodnie z wymogami NFZ.<\/p>\n\n\n\n<p><strong>Personel<\/strong>&nbsp;Personel DPD stanowi do\u015bwiadczona kadra: lekarze, ratownicy medyczni, ratownicy medyczni &#8211; kierowcy,  piel\u0119gniarki i piel\u0119gniarze,  personel pomocniczy. Ca\u0142o\u015b\u0107 pracy koordynuj\u0105: \u2013 Kierownik DPD mgr Grzegorz Gaworek.<\/p>\n\n\n\n<p><strong>Wsp\u00f3\u0142praca<\/strong>&nbsp;DPD w P\u0142o\u0144sku wsp\u00f3\u0142pracuje z dwoma bazami Lotniczego Pogotowia Ratunkowego w Warszawie i P\u0142ocku. Na terenie Szpitala jest o\u015bwietlone l\u0105dowisko dla \u015bmig\u0142owc\u00f3w ratowniczych co u\u0142atwia nam udzielanie pomocy w powa\u017cnych stanach zagro\u017cenia \u017cycia. Dzia\u0142 Pomocy Dora\u017anej \u015bci\u015ble wsp\u00f3\u0142pracuje ze Szpitalnym Oddzia\u0142em Ratunkowym jak r\u00f3wnie\u017c z s\u0105siednimi stacjami Pogotowia Ratunkowego.<\/p>\n\n\n\n<p>Kontakt Telefony:&nbsp;<strong>999<\/strong>&nbsp;\u2013 alarmowy lub&nbsp;<strong>112<\/strong><\/p>\n\n\n\n<p>Adres:&nbsp;<strong>SPZZOZ P\u0142o\u0144sk Dzia\u0142 Pomocy Dora\u017anej ul. Sienkiewicza 7 09-100 P\u0142o\u0144sk<\/strong><\/p>\n\n\n\n<div class=\"wp-block-buttons is-content-justification-right is-layout-flex wp-container-core-buttons-is-layout-765c4724 wp-block-buttons-is-layout-flex\">\n<div class=\"wp-block-button has-custom-width wp-block-button__width-100 is-style-primary\"><a class=\"wp-block-button__link\" href=\"http:\/\/new.szpitalplonsk.pl\/index.php\/uslugi-szpitalne\/\">Wr\u00f3\u0107<\/a><\/div>\n<\/div>\n\n\n\n<div style=\"height:100px\" aria-hidden=\"true\" class=\"wp-block-spacer\"><\/div>\n","protected":false},"excerpt":{"rendered":"<p>\u015awiadczenie us\u0142ugi&nbsp;Dzia\u0142 Pomocy Dora\u017anej SPZZOZ w P\u0142o\u0144sku jest w ci\u0105g\u0142ej gotowo\u015bci do udzielania \u015bwiadcze\u0144 zdrowotnych w przypadku stanu zagro\u017cenia \u017cycia lub zdrowia ka\u017cdego cz\u0142owieka. Teren dzia\u0142ania&nbsp;Terenem dzia\u0142ania jest&nbsp;rejon operacyjny nr 14-02&nbsp;z miejscami wyczekiwania zespo\u0142\u00f3w ratownictwa medycznego w: \u2013 P\u0142o\u0144sku \u2013 stacjonuj\u0105 dwa zespo\u0142y: specjalistyczny i podstawowy, \u2013 Raci\u0105\u017cu \u2013 stacjonuje jeden zesp\u00f3\u0142: specjalistyczny, \u2013 Glinojecku&hellip;&nbsp;<a href=\"http:\/\/new.szpitalplonsk.pl\/index.php\/uslugi-szpitalne\/dzial-pomocy-doraznej\/\" class=\"\" rel=\"bookmark\">Czytaj dalej &raquo;<span class=\"screen-reader-text\">Dzia\u0142 pomocy dora\u017anej<\/span><\/a><\/p>\n","protected":false},"author":1,"featured_media":0,"parent":59,"menu_order":0,"comment_status":"closed","ping_status":"closed","template":"","meta":{"neve_meta_sidebar":"","neve_meta_container":"","neve_meta_enable_content_width":"","neve_meta_content_width":0,"neve_meta_title_alignment":"","neve_meta_author_avatar":"","neve_post_elements_order":"","neve_meta_disable_header":"","neve_meta_disable_footer":"","neve_meta_disable_title":"","footnotes":""},"class_list":["post-935","page","type-page","status-publish","hentry"],"_links":{"self":[{"href":"http:\/\/new.szpitalplonsk.pl\/index.php\/wp-json\/wp\/v2\/pages\/935","targetHints":{"allow":["GET"]}}],"collection":[{"href":"http:\/\/new.szpitalplonsk.pl\/index.php\/wp-json\/wp\/v2\/pages"}],"about":[{"href":"http:\/\/new.szpitalplonsk.pl\/index.php\/wp-json\/wp\/v2\/types\/page"}],"author":[{"embeddable":true,"href":"http:\/\/new.szpitalplonsk.pl\/index.php\/wp-json\/wp\/v2\/users\/1"}],"replies":[{"embeddable":true,"href":"http:\/\/new.szpitalplonsk.pl\/index.php\/wp-json\/wp\/v2\/comments?post=935"}],"version-history":[{"count":3,"href":"http:\/\/new.szpitalplonsk.pl\/index.php\/wp-json\/wp\/v2\/pages\/935\/revisions"}],"predecessor-version":[{"id":1632,"href":"http:\/\/new.szpitalplonsk.pl\/index.php\/wp-json\/wp\/v2\/pages\/935\/revisions\/1632"}],"up":[{"embeddable":true,"href":"http:\/\/new.szpitalplonsk.pl\/index.php\/wp-json\/wp\/v2\/pages\/59"}],"wp:attachment":[{"href":"http:\/\/new.szpitalplonsk.pl\/index.php\/wp-json\/wp\/v2\/media?parent=935"}],"curies":[{"name":"wp","href":"https:\/\/api.w.org\/{rel}","templated":true}]}}